{"id":4383,"date":"2024-10-10T20:32:20","date_gmt":"2024-10-10T20:32:20","guid":{"rendered":"https:\/\/www.vaisenhus-apotek.dk\/farmaci\/?post_type=product&#038;p=4383"},"modified":"2024-10-12T18:29:29","modified_gmt":"2024-10-12T18:29:29","slug":"nuvialab-sugar-control","status":"publish","type":"product","link":"https:\/\/www.vaisenhus-apotek.dk\/farmaci\/supp\/nuvialab-sugar-control\/","title":{"rendered":"NuviaLab Sugar Control"},"content":{"rendered":"\n<h2 class=\"wp-block-heading\">Hvad er NuviaLab Sugar Control, og hvordan virker det?<\/h2>\n\n\n\n<p><b>NuviaLab<\/b> Sugar Control er et <b>kosttilskud<\/b>, der er udviklet til personer, som har sv\u00e6rt ved at regulere sukkerniveauet. Man kan se forbedringer ved at bruge dette produkt, is\u00e6r for dem, der k\u00e6mper med usunde kostvaner, der er rige p\u00e5 sukker og kulhydrater.<\/p>\n\n\n\n<p><b>Hvordan virker<\/b> dette produkt? <b>NuviaLab<\/b> Sugar Control indeholder n\u00f8je udvalgte ingredienser som Gurmar og kanel, der underst\u00f8tter reguleringen af blodsukkerniveauet. Gurmar, ogs\u00e5 kendt som en &#8220;sukkerdr\u00e6ber&#8221;, arbejder for at reducere trangen til s\u00f8de sager. Kanel hj\u00e6lper p\u00e5 den anden side med at \u00f8ge insulinf\u00f8lsomheden, som er afg\u00f8rende for korrekt glukoseoptagelse. Ved regelm\u00e6ssig brug af dette tilskud stabiliseres <b>glukoseniveauet<\/b>, hvilket har en betydelig indvirkning p\u00e5 kroppens metaboliske <b>sundhed<\/b>.<\/p>\n\n\n\n<blockquote class=\"wp-block-quote is-layout-flow wp-block-quote-is-layout-flow\">\n<p>&#8220;NuviaLab Sugar Control er et produkt, der giver enest\u00e5ende sundhedsm\u00e6ssige fordele, underst\u00f8tter det generelle immunforsvar og hj\u00e6lper med at bek\u00e6mpe oxidativt stress.&#8221;<\/p>\n<\/blockquote>\n\n\n\n<p>Tilskuddet f\u00e5s i kapsler, der er lette at sluge, hvilket g\u00f8r det praktisk til daglig brug. Det er vigtigt at f\u00f8lge producentens anbefalinger for at opn\u00e5 optimale resultater. At st\u00f8tte sukkerreguleringen er ikke kun vigtigt for at opretholde en sund v\u00e6gt, men ogs\u00e5 for at forbedre livskvaliteten.<\/p>\n\n\n\n<figure class=\"wp-block-table\"><table class=\"has-fixed-layout\"><tbody><tr><th>Komponent<\/th><th>Funktion<\/th><\/tr><tr><td>Gurmar<\/td><td>Reducerer trangen til s\u00f8de sager<\/td><\/tr><tr><td>Kanel<\/td><td>Forbedret insulinf\u00f8lsomhed<\/td><\/tr><tr><td>Antioxidanter<\/td><td>St\u00f8tte til immunforsvaret og bek\u00e6mpelse af oxidativ stress<\/td><\/tr><\/tbody><\/table><\/figure>\n\n\n\n<p><b>NuviaLab<\/b> Sugar Control er et produkt af h\u00f8j kvalitet, der er udviklet til voksne, som \u00f8nsker at forbedre deres <b>sundhed<\/b> og opretholde et stabilt <b>blodsukkerniveau<\/b>. Takket v\u00e6re fordelagtige kampagner bliver tilbuddet endnu mere attraktivt. Regelm\u00e6ssig brug af kosttilskuddet bidrager til en bedre regulering af sukkerniveauet, hvilket utvivlsomt underst\u00f8tter kroppens generelle sundhed.<\/p>\n\n\n\n<h2 class=\"wp-block-heading\">Virkninger af NuviaLab Sugar Control<\/h2>\n\n\n\n<p>Brugen af NuviaLab Sugar Control har betydelige <b>effekter<\/b> p\u00e5 reguleringen af glukoseniveauet. Takket v\u00e6re de omhyggeligt udvalgte ingredienser underst\u00f8tter dette tilskud sundheden hos mennesker, der er udsat for problemet med forh\u00f8jet blodsukker. Ekstrakter af kanel, hvid morb\u00e6r og ginseng hj\u00e6lper med at forbedre insulinf\u00f8lsomheden.<\/p>\n\n\n\n<p>Regelm\u00e6ssig indtagelse af NuviaLab Sugar Control kan resultere i en stabilisering af glukoseniveauet, hvilket er n\u00f8glen til forebyggelse af diabetes. <b>Virkningerne<\/b> af dette tilskud omfatter ogs\u00e5 appetitkontrol og st\u00f8tte til fedtstofskiftet, hvilket kan f\u00f8re til v\u00e6gttab. Brugere af dette produkt rapporterer om et fald i risikoen for diabetiske komplikationer som neuropati og retinopati.<\/p>\n\n\n\n<figure class=\"wp-block-table\"><table class=\"has-fixed-layout\"><tbody><tr><th>Sundhedsm\u00e6ssige fordele<\/th><th>Effekter<\/th><\/tr><tr><td><b>Regulering af glukose<\/b><\/td><td>Stabilisering af blodsukkerniveauet<\/td><\/tr><tr><td><b>St\u00f8tte til sundhed<\/b><\/td><td>Forbedret insulinf\u00f8lsomhed<\/td><\/tr><tr><td>Kontrol af appetit<\/td><td>V\u00e6gtreduktion<\/td><\/tr><tr><td>Reducerer risikoen for komplikationer<\/td><td>Reducerer risikoen for neuropati og retinopati<\/td><\/tr><\/tbody><\/table><\/figure>\n\n\n\n<p>NuviaLab Sugar Control er ved at blive en v\u00e6rdifuld st\u00f8tte i sundhedsstrategien for dem, der bekymrer sig om normale <b>glukoseniveauer<\/b>. Dens <b>virkning<\/b> kan hj\u00e6lpe med at forbedre <b>brugernes<\/b> generelle velbefindende og livskvalitet.<\/p>\n\n\n\n<h2 class=\"wp-block-heading\">Hvordan bruges NuviaLab Sugar Control? &#8211; Dosering og anbefalinger<\/h2>\n\n\n\n<p>NuviaLab Sugar Control er et <em>kosttilskud<\/em>, som bliver mere og mere popul\u00e6rt blandt dem, der \u00f8nsker at opretholde et sundt blodsukkerniveau. For at opn\u00e5 optimale resultater anbefaler producenten <em>dosering<\/em> i to portioner om dagen, helst i forbindelse med m\u00e5ltider. Indtagelse af tilskuddet med rigeligt vand underst\u00f8tter optagelsen.<\/p>\n\n\n\n<p>For at undg\u00e5 potentielle bivirkninger som s\u00f8vnproblemer anbefales det at undg\u00e5 at tage produktet om aftenen. Nogle af ingredienserne, f.eks. kanel, kan p\u00e5virke s\u00f8vnen, hvilket er v\u00e6rd at huske p\u00e5. Et vigtigt aspekt ved brugen er ogs\u00e5 at skr\u00e6ddersy <em>doseringen<\/em> til individuelle behov og at f\u00f8lge l\u00e6gens <em>anbefalinger<\/em>.<\/p>\n\n\n\n<p>F\u00f8r du begynder at tage NuviaLab Sugar Control, er det en god id\u00e9 at konsultere en sundhedsperson for at sikre, at produktet er egnet til en bestemt person. Hvis man tager tilskuddet regelm\u00e6ssigt i mindst 2-3 m\u00e5neder, kan det give m\u00e6rkbare <b>resultater<\/b>, hvilket g\u00f8r det til en interessant l\u00f8sning for dem, der er bekymrede for deres helbred.<\/p>\n\n\n\n<figure class=\"wp-block-table\"><table class=\"has-fixed-layout\"><tbody><tr><th>Aspekt<\/th><th>Information<\/th><\/tr><tr><td><b>Dosering<\/b><\/td><td>2 kapsler dagligt<\/td><\/tr><tr><td>Brug af<\/td><td>Under m\u00e5ltider, med vand<\/td><\/tr><tr><td>Behandlingsperiode<\/td><td>2-3 m\u00e5neder for m\u00e6rkbar effekt<\/td><\/tr><tr><td>Konsultation<\/td><td>Tal med en l\u00e6ge, f\u00f8r du begynder<\/td><\/tr><tr><td>Potentielle <b>bivirkninger<\/b><\/td><td>Gastrointestinale problemer, allergier<\/td><\/tr><\/tbody><\/table><\/figure>\n\n\n\n<h2 class=\"wp-block-heading\">Anmeldelser og meninger om NuviaLab Sugar Control<\/h2>\n\n\n\n<p>Mange <b>brugere<\/b> af NuviaLab Sugar Control deler deres <em>positive erfaringer med at<\/em> bruge dette tilskud. Der er mange <em>anmeldelser<\/em> p\u00e5 popul\u00e6re platforme, som bekr\u00e6fter, at det er effektivt til at regulere glukoseniveauet. Et eksempel er Eve, som p\u00e5peger, at selv om hun oprindeligt var skeptisk, bem\u00e6rkede hun en betydelig forbedring af sit helbred efter bare en m\u00e5neds brug.<\/p>\n\n\n\n<p>En anden bruger, Marcin, p\u00e5peger: &#8220;Jeg har det bedre, har mere energi, og mit blodsukker er stabilt.&#8221; S\u00e5danne <em>anmeldelser<\/em> vidner om tilliden til dette tilskud og dets fantastiske virkninger. Anna, som har brugt produktet i flere uger, har bem\u00e6rket, at hendes appetit p\u00e5 s\u00f8de sager er faldet betydeligt, hvilket har hjulpet p\u00e5 v\u00e6gttabet.<\/p>\n\n\n\n<ul class=\"wp-block-list\">\n<li><em>Samlet score:<\/em> 4,8<\/li>\n\n\n\n<li><em>Brugerfeedback:<\/em><pre>Polylang pladsholder m\u00e5 ikke \u00e6ndres<\/pre><\/li>\n<\/ul>\n\n\n\n<p>Disse <em>erfaringer<\/em> viser, hvordan NuviaLab Sugar Control vinder stigende anerkendelse blandt mennesker, der bekymrer sig om deres helbred og blodsukker. Kunderne fremh\u00e6ver ogs\u00e5 ofte de positive aspekter vedr\u00f8rende kundeservice og gennemsigtigheden i k\u00f8bsprocessen, hvilket kan p\u00e5virke deres fremtidige anbefalinger til andre potentielle <b>brugere<\/b>.<\/p>\n\n\n\n<h2 class=\"wp-block-heading\">NuviaLab Sugar Control &#8211; Sammens\u00e6tning &#8211; Analyse af ingredienser<\/h2>\n\n\n\n<p><b>Sammens\u00e6tningen<\/b> af NuviaLab Sugar Control er baseret p\u00e5 <em>naturlige ingredienser<\/em>, der har til form\u00e5l at underst\u00f8tte normale blodsukkerniveauer. Blandt de vigtigste elementer kan vi finde:<\/p>\n\n\n\n<ul class=\"wp-block-list\">\n<li><em>Gurmar<\/em> &#8211; \u00f8ger insulinf\u00f8lsomheden og hj\u00e6lper med at reducere appetitten.<\/li>\n\n\n\n<li><em>Kanel<\/em> &#8211; underst\u00f8tter stofskiftet og stabiliserer sukkerniveauet i kroppen.<\/li>\n\n\n\n<li><em>Hvid morb\u00e6r<\/em> &#8211; h\u00e6mmer glukoseoptagelsen i tarmen.<\/li>\n\n\n\n<li><em>Ekstrakt af gr\u00f8n te<\/em> &#8211; hj\u00e6lper med at afgifte kroppen.<\/li>\n<\/ul>\n\n\n\n<p>Derudover indeholder NuviaLab Sugar Control ogs\u00e5 vitaminer og mineraler som f.eks:<\/p>\n\n\n\n<figure class=\"wp-block-table\"><table class=\"has-fixed-layout\"><tbody><tr><th>Komponent<\/th><th>Den rolle, som<\/th><\/tr><tr><td>ALA (alfa-liponsyre)<\/td><td>Underst\u00f8tter metabolisk energi.<\/td><\/tr><tr><td>Krom<\/td><td>Hj\u00e6lper med at regulere blodsukkerniveauet.<\/td><\/tr><tr><td>Vitamin B6<\/td><td>St\u00f8tter immunforsvaret.<\/td><\/tr><tr><td>Zink<\/td><td>Underst\u00f8tter kroppens korrekte funktion.<\/td><\/tr><\/tbody><\/table><\/figure>\n\n\n\n<p><b>Analyser af<\/b> NuviaLabs <b>ingredienser<\/b> viser, at kombinationen af disse <em>naturlige ingredienser<\/em> skaber en synergistisk effekt, der ikke kun stabiliserer sukkerniveauet, men ogs\u00e5 underst\u00f8tter kroppens daglige stofskiftefunktioner. Dette kosttilskud giver vigtige n\u00e6ringsstoffer, som kan bidrage til bedre velv\u00e6re og generel sundhed.<\/p>\n\n\n\n<h2 class=\"wp-block-heading\">Hvor kan man k\u00f8be, og hvad er prisen p\u00e5 NuviaLab Sugar Control?<\/h2>\n\n\n\n<p>NuviaLab Sugar Control tilbyder sine kosttilskud udelukkende p\u00e5 <em>producentens officielle hjemmeside<\/em>. De, der er interesserede i at k\u00f8be, skal bem\u00e6rke, at dette produkt ikke er tilg\u00e6ngeligt p\u00e5 station\u00e6re apoteker eller generelle onlinebutikker, hvilket \u00f8ger vigtigheden af direkte k\u00f8b. Producentens officielle hjemmeside tilbyder ofte attraktive kampagner, som kan reducere prisen med op til 50%.<\/p>\n\n\n\n<p>Det anbefales kun at k\u00f8be fra den officielle producent, som sikrer produktets \u00e6gthed og kvalitet. P\u00e5 grund af den begr\u00e6nsede tilg\u00e6ngelighed p\u00e5 markedet b\u00f8r kunderne v\u00e6re forsigtige, n\u00e5r de v\u00e6lger en k\u00f8bskilde for at undg\u00e5 forfalskninger.<\/p>\n\n\n\n<h2 class=\"wp-block-heading\">NuviaLab Sugar Control &#8211; Bivirkninger og kontraindikationer &#8211; Sikkerhed ved brug<\/h2>\n\n\n\n<p>NuviaLab Sugar Control betragtes som et sikkert <b>kosttilskud<\/b>, men det er v\u00e6rd at kende dets potentielle <b>bivirkninger<\/b> og <b>kontraindikationer<\/b>. Dette kosttilskud anbefales ikke til gravide eller ammende kvinder, eller til dem, der har en overf\u00f8lsomhed over for nogen af ingredienserne. For at sikre maksimal sikkerhed er det tilr\u00e5deligt at konsultere din l\u00e6ge, f\u00f8r du tager det, is\u00e6r hvis du har eksisterende medicinske tilstande.<\/p>\n\n\n\n<p>Selvom bivirkninger er sj\u00e6ldne, kan der forekomme allergiske reaktioner eller ford\u00f8jelsesproblemer. Derfor b\u00f8r alle, der begynder at bruge NuviaLab Sugar Control, v\u00e6re opm\u00e6rksomme p\u00e5 de potentielle kropslige reaktioner, der kan opst\u00e5. <b>Brugssikkerhed<\/b> er et vigtigt aspekt af sundhed, som b\u00f8r overvejes, n\u00e5r man beslutter sig for at tage et tilskud.<\/p>\n\n\n\n<p>Eksempler p\u00e5 <b>kontraindikationer<\/b> og <b>bivirkninger<\/b>, som f.eks. ubehag i maven, kan variere afh\u00e6ngigt af den enkelte krops reaktion p\u00e5 kosttilskuddets ingredienser. Derfor er det altid tilr\u00e5deligt at overv\u00e5ge sit velbefindende og s\u00f8ge sundhedsr\u00e5dgivning, hvis det er n\u00f8dvendigt. For dit helbreds skyld anbefales det at udvise forsigtighed ved brug af kosttilskud. At v\u00e6re i stand til at genkende kroppens signaler kan hj\u00e6lpe med at undg\u00e5 bivirkninger.<\/p>\n","protected":false},"excerpt":{"rendered":"<p><strong><span style=\"vertical-align: inherit;\"><span style=\"vertical-align: inherit;\">[date_countdown]<\/span><\/span><\/strong><\/p>\n<p><img decoding=\"async\" class=\"alignnone wp-image-4422\" src=\"https:\/\/www.vaisenhus-apotek.dk\/farmaci\/wp-content\/uploads\/2024\/10\/SAFE-PAY-300x88.png\" alt=\"SAFE PAY\" width=\"198\" height=\"58\" srcset=\"https:\/\/www.vaisenhus-apotek.dk\/farmaci\/wp-content\/uploads\/2024\/10\/SAFE-PAY-300x88.png 300w, https:\/\/www.vaisenhus-apotek.dk\/farmaci\/wp-content\/uploads\/2024\/10\/SAFE-PAY-1024x302.png 1024w, https:\/\/www.vaisenhus-apotek.dk\/farmaci\/wp-content\/uploads\/2024\/10\/SAFE-PAY-768x226.png 768w, https:\/\/www.vaisenhus-apotek.dk\/farmaci\/wp-content\/uploads\/2024\/10\/SAFE-PAY-600x177.png 600w, https:\/\/www.vaisenhus-apotek.dk\/farmaci\/wp-content\/uploads\/2024\/10\/SAFE-PAY.png 1038w\" sizes=\"(max-width: 198px) 100vw, 198px\" \/><\/p>\n","protected":false},"featured_media":4031,"comment_status":"open","ping_status":"closed","template":"","meta":{"neve_meta_sidebar":"","neve_meta_container":"","neve_meta_enable_content_width":"","neve_meta_content_width":0,"neve_meta_title_alignment":"","neve_meta_author_avatar":"","neve_post_elements_order":"","neve_meta_disable_header":"","neve_meta_disable_footer":"","neve_meta_disable_title":"","neve_meta_reading_time":""},"product_brand":[],"product_cat":[18],"product_tag":[],"class_list":{"0":"post-4383","1":"product","2":"type-product","3":"status-publish","4":"has-post-thumbnail","6":"product_cat-sundhed","8":"first","9":"instock","10":"sale","11":"shipping-taxable","12":"product-type-external"},"yoast_head":"<!-- This site is optimized with the Yoast SEO plugin v27.4 - https:\/\/yoast.com\/product\/yoast-seo-wordpress\/ -->\n<title>NuviaLab Sugar Control - Anmeldelse, Forum, Apotek, Pris, Effekter | -50%<\/title>\n<meta name=\"robots\" content=\"index, follow, max-snippet:-1, max-image-preview:large, max-video-preview:-1\" \/>\n<link rel=\"canonical\" href=\"https:\/\/www.vaisenhus-apotek.dk\/farmaci\/supp\/nuvialab-sugar-control\/\" \/>\n<meta property=\"og:locale\" content=\"da_DK\" \/>\n<meta property=\"og:type\" content=\"article\" \/>\n<meta property=\"og:title\" content=\"NuviaLab Sugar Control - Anmeldelse, Forum, Apotek, Pris, Effekter | -50%\" \/>\n<meta property=\"og:url\" content=\"https:\/\/www.vaisenhus-apotek.dk\/farmaci\/supp\/nuvialab-sugar-control\/\" \/>\n<meta property=\"og:site_name\" content=\"Vaisenhus-Apotek\" \/>\n<meta property=\"article:modified_time\" content=\"2024-10-12T18:29:29+00:00\" \/>\n<meta property=\"og:image\" content=\"https:\/\/www.vaisenhus-apotek.dk\/farmaci\/wp-content\/uploads\/2024\/10\/NuviaLab-Sugar-Control.jpg\" \/>\n\t<meta property=\"og:image:width\" content=\"768\" \/>\n\t<meta property=\"og:image:height\" content=\"768\" \/>\n\t<meta property=\"og:image:type\" content=\"image\/jpeg\" \/>\n<meta name=\"twitter:card\" content=\"summary_large_image\" \/>\n<meta name=\"twitter:description\" content=\"[date_countdown]\" \/>\n<meta name=\"twitter:label1\" content=\"Estimeret l\u00e6setid\" \/>\n\t<meta name=\"twitter:data1\" content=\"7 minutter\" \/>\n<script type=\"application\/ld+json\" class=\"yoast-schema-graph\">{\"@context\":\"https:\\\/\\\/schema.org\",\"@graph\":[{\"@type\":\"WebPage\",\"@id\":\"https:\\\/\\\/www.vaisenhus-apotek.dk\\\/farmaci\\\/supp\\\/nuvialab-sugar-control\\\/\",\"url\":\"https:\\\/\\\/www.vaisenhus-apotek.dk\\\/farmaci\\\/supp\\\/nuvialab-sugar-control\\\/\",\"name\":\"NuviaLab Sugar Control - Anmeldelse, Forum, Apotek, Pris, Effekter | -50%\",\"isPartOf\":{\"@id\":\"https:\\\/\\\/www.vaisenhus-apotek.dk\\\/farmaci\\\/#website\"},\"primaryImageOfPage\":{\"@id\":\"https:\\\/\\\/www.vaisenhus-apotek.dk\\\/farmaci\\\/supp\\\/nuvialab-sugar-control\\\/#primaryimage\"},\"image\":{\"@id\":\"https:\\\/\\\/www.vaisenhus-apotek.dk\\\/farmaci\\\/supp\\\/nuvialab-sugar-control\\\/#primaryimage\"},\"thumbnailUrl\":\"https:\\\/\\\/www.vaisenhus-apotek.dk\\\/farmaci\\\/wp-content\\\/uploads\\\/2024\\\/10\\\/NuviaLab-Sugar-Control.jpg\",\"datePublished\":\"2024-10-10T20:32:20+00:00\",\"dateModified\":\"2024-10-12T18:29:29+00:00\",\"breadcrumb\":{\"@id\":\"https:\\\/\\\/www.vaisenhus-apotek.dk\\\/farmaci\\\/supp\\\/nuvialab-sugar-control\\\/#breadcrumb\"},\"inLanguage\":\"da-DK\",\"potentialAction\":[{\"@type\":\"ReadAction\",\"target\":[\"https:\\\/\\\/www.vaisenhus-apotek.dk\\\/farmaci\\\/supp\\\/nuvialab-sugar-control\\\/\"]}]},{\"@type\":\"ImageObject\",\"inLanguage\":\"da-DK\",\"@id\":\"https:\\\/\\\/www.vaisenhus-apotek.dk\\\/farmaci\\\/supp\\\/nuvialab-sugar-control\\\/#primaryimage\",\"url\":\"https:\\\/\\\/www.vaisenhus-apotek.dk\\\/farmaci\\\/wp-content\\\/uploads\\\/2024\\\/10\\\/NuviaLab-Sugar-Control.jpg\",\"contentUrl\":\"https:\\\/\\\/www.vaisenhus-apotek.dk\\\/farmaci\\\/wp-content\\\/uploads\\\/2024\\\/10\\\/NuviaLab-Sugar-Control.jpg\",\"width\":768,\"height\":768},{\"@type\":\"BreadcrumbList\",\"@id\":\"https:\\\/\\\/www.vaisenhus-apotek.dk\\\/farmaci\\\/supp\\\/nuvialab-sugar-control\\\/#breadcrumb\",\"itemListElement\":[{\"@type\":\"ListItem\",\"position\":1,\"name\":\"Strona g\u0142\u00f3wna\",\"item\":\"https:\\\/\\\/www.vaisenhus-apotek.dk\\\/farmaci\\\/\"},{\"@type\":\"ListItem\",\"position\":2,\"name\":\"farmaci\",\"item\":\"https:\\\/\\\/www.vaisenhus-apotek.dk\\\/farmaci\\\/\"},{\"@type\":\"ListItem\",\"position\":3,\"name\":\"NuviaLab Sugar Control\"}]},{\"@type\":\"WebSite\",\"@id\":\"https:\\\/\\\/www.vaisenhus-apotek.dk\\\/farmaci\\\/#website\",\"url\":\"https:\\\/\\\/www.vaisenhus-apotek.dk\\\/farmaci\\\/\",\"name\":\"vaisenhus-apotek.dk\",\"description\":\"\",\"potentialAction\":[{\"@type\":\"SearchAction\",\"target\":{\"@type\":\"EntryPoint\",\"urlTemplate\":\"https:\\\/\\\/www.vaisenhus-apotek.dk\\\/farmaci\\\/?s={search_term_string}\"},\"query-input\":{\"@type\":\"PropertyValueSpecification\",\"valueRequired\":true,\"valueName\":\"search_term_string\"}}],\"inLanguage\":\"da-DK\"}]}<\/script>\n<!-- \/ Yoast SEO plugin. -->","yoast_head_json":{"title":"NuviaLab Sugar Control - Anmeldelse, Forum, Apotek, Pris, Effekter | -50%","robots":{"index":"index","follow":"follow","max-snippet":"max-snippet:-1","max-image-preview":"max-image-preview:large","max-video-preview":"max-video-preview:-1"},"canonical":"https:\/\/www.vaisenhus-apotek.dk\/farmaci\/supp\/nuvialab-sugar-control\/","og_locale":"da_DK","og_type":"article","og_title":"NuviaLab Sugar Control - Anmeldelse, Forum, Apotek, Pris, Effekter | -50%","og_url":"https:\/\/www.vaisenhus-apotek.dk\/farmaci\/supp\/nuvialab-sugar-control\/","og_site_name":"Vaisenhus-Apotek","article_modified_time":"2024-10-12T18:29:29+00:00","og_image":[{"width":768,"height":768,"url":"https:\/\/www.vaisenhus-apotek.dk\/farmaci\/wp-content\/uploads\/2024\/10\/NuviaLab-Sugar-Control.jpg","type":"image\/jpeg"}],"twitter_card":"summary_large_image","twitter_description":"[date_countdown]","twitter_misc":{"Estimeret l\u00e6setid":"7 minutter"},"schema":{"@context":"https:\/\/schema.org","@graph":[{"@type":"WebPage","@id":"https:\/\/www.vaisenhus-apotek.dk\/farmaci\/supp\/nuvialab-sugar-control\/","url":"https:\/\/www.vaisenhus-apotek.dk\/farmaci\/supp\/nuvialab-sugar-control\/","name":"NuviaLab Sugar Control - Anmeldelse, Forum, Apotek, Pris, Effekter | -50%","isPartOf":{"@id":"https:\/\/www.vaisenhus-apotek.dk\/farmaci\/#website"},"primaryImageOfPage":{"@id":"https:\/\/www.vaisenhus-apotek.dk\/farmaci\/supp\/nuvialab-sugar-control\/#primaryimage"},"image":{"@id":"https:\/\/www.vaisenhus-apotek.dk\/farmaci\/supp\/nuvialab-sugar-control\/#primaryimage"},"thumbnailUrl":"https:\/\/www.vaisenhus-apotek.dk\/farmaci\/wp-content\/uploads\/2024\/10\/NuviaLab-Sugar-Control.jpg","datePublished":"2024-10-10T20:32:20+00:00","dateModified":"2024-10-12T18:29:29+00:00","breadcrumb":{"@id":"https:\/\/www.vaisenhus-apotek.dk\/farmaci\/supp\/nuvialab-sugar-control\/#breadcrumb"},"inLanguage":"da-DK","potentialAction":[{"@type":"ReadAction","target":["https:\/\/www.vaisenhus-apotek.dk\/farmaci\/supp\/nuvialab-sugar-control\/"]}]},{"@type":"ImageObject","inLanguage":"da-DK","@id":"https:\/\/www.vaisenhus-apotek.dk\/farmaci\/supp\/nuvialab-sugar-control\/#primaryimage","url":"https:\/\/www.vaisenhus-apotek.dk\/farmaci\/wp-content\/uploads\/2024\/10\/NuviaLab-Sugar-Control.jpg","contentUrl":"https:\/\/www.vaisenhus-apotek.dk\/farmaci\/wp-content\/uploads\/2024\/10\/NuviaLab-Sugar-Control.jpg","width":768,"height":768},{"@type":"BreadcrumbList","@id":"https:\/\/www.vaisenhus-apotek.dk\/farmaci\/supp\/nuvialab-sugar-control\/#breadcrumb","itemListElement":[{"@type":"ListItem","position":1,"name":"Strona g\u0142\u00f3wna","item":"https:\/\/www.vaisenhus-apotek.dk\/farmaci\/"},{"@type":"ListItem","position":2,"name":"farmaci","item":"https:\/\/www.vaisenhus-apotek.dk\/farmaci\/"},{"@type":"ListItem","position":3,"name":"NuviaLab Sugar Control"}]},{"@type":"WebSite","@id":"https:\/\/www.vaisenhus-apotek.dk\/farmaci\/#website","url":"https:\/\/www.vaisenhus-apotek.dk\/farmaci\/","name":"vaisenhus-apotek.dk","description":"","potentialAction":[{"@type":"SearchAction","target":{"@type":"EntryPoint","urlTemplate":"https:\/\/www.vaisenhus-apotek.dk\/farmaci\/?s={search_term_string}"},"query-input":{"@type":"PropertyValueSpecification","valueRequired":true,"valueName":"search_term_string"}}],"inLanguage":"da-DK"}]}},"_links":{"self":[{"href":"https:\/\/www.vaisenhus-apotek.dk\/farmaci\/wp-json\/wp\/v2\/product\/4383","targetHints":{"allow":["GET"]}}],"collection":[{"href":"https:\/\/www.vaisenhus-apotek.dk\/farmaci\/wp-json\/wp\/v2\/product"}],"about":[{"href":"https:\/\/www.vaisenhus-apotek.dk\/farmaci\/wp-json\/wp\/v2\/types\/product"}],"replies":[{"embeddable":true,"href":"https:\/\/www.vaisenhus-apotek.dk\/farmaci\/wp-json\/wp\/v2\/comments?post=4383"}],"wp:featuredmedia":[{"embeddable":true,"href":"https:\/\/www.vaisenhus-apotek.dk\/farmaci\/wp-json\/wp\/v2\/media\/4031"}],"wp:attachment":[{"href":"https:\/\/www.vaisenhus-apotek.dk\/farmaci\/wp-json\/wp\/v2\/media?parent=4383"}],"wp:term":[{"taxonomy":"product_brand","embeddable":true,"href":"https:\/\/www.vaisenhus-apotek.dk\/farmaci\/wp-json\/wp\/v2\/product_brand?post=4383"},{"taxonomy":"product_cat","embeddable":true,"href":"https:\/\/www.vaisenhus-apotek.dk\/farmaci\/wp-json\/wp\/v2\/product_cat?post=4383"},{"taxonomy":"product_tag","embeddable":true,"href":"https:\/\/www.vaisenhus-apotek.dk\/farmaci\/wp-json\/wp\/v2\/product_tag?post=4383"}],"curies":[{"name":"wp","href":"https:\/\/api.w.org\/{rel}","templated":true}]}}