{"id":4366,"date":"2024-10-10T20:32:01","date_gmt":"2024-10-10T20:32:01","guid":{"rendered":"https:\/\/www.vaisenhus-apotek.dk\/farmaci\/?post_type=product&#038;p=4366"},"modified":"2024-10-12T16:35:48","modified_gmt":"2024-10-12T16:35:48","slug":"restilen","status":"publish","type":"product","link":"https:\/\/www.vaisenhus-apotek.dk\/farmaci\/supp\/restilen\/","title":{"rendered":"Restilen"},"content":{"rendered":"\n<h2 class=\"wp-block-heading\">Hvad er Restilen, og hvordan virker det?<\/h2>\n\n\n\n<p><b>Restilen<\/b> er et <em>kosttilskud<\/em>, der er formuleret til at reducere symptomer p\u00e5 <em>stress<\/em> og forbedre det generelle velbefindende. Dets <em>virkning<\/em> er baseret p\u00e5 en unik formel, der indeholder <b>naturlige ingredienser<\/b> som ekstrakt af ashwagandha-rod, ekstrakt af kinesiske teblade og eksklusive kropsunderst\u00f8ttende forbindelser. <b>Sammens\u00e6tningen<\/b> af denne unikke blanding bidrager til at lindre symptomer relateret til nerv\u00f8sitet, irritabilitet og koncentrationsproblemer.<\/p>\n\n\n\n<p>Restilens virkningsmekanisme fokuserer p\u00e5 stabilisering af hum\u00f8ret. Ashwagandha, som er den vigtigste ingrediens, er kendt for sine egenskaber, der reducerer niveauet af kortisol, det hormon, der er ansvarligt for <b>stress<\/b>. Som f\u00f8lge heraf underst\u00f8tter <b>kosttilskuddet<\/b> ikke kun den mentale <b>sundhed<\/b>, men ogs\u00e5 den fysiske <b>sundhed<\/b> og hj\u00e6lper med at bek\u00e6mpe daglige udfordringer.<\/p>\n\n\n\n<p>Restilen indeholder ogs\u00e5 B-vitaminer og magnesium, som forbedrer nervesystemets funktion. Regelm\u00e6ssig <b>brug<\/b> bidrager til \u00f8get energi og en forbedret evne til at klare hverdagens <em>stress<\/em>.<\/p>\n\n\n\n<h2 class=\"wp-block-heading\">Fordele ved Restilen &#8211; Virkninger<\/h2>\n\n\n\n<p>Der er mange <b>fordele for<\/b> mental sundhed og velv\u00e6re ved at <b>tage<\/b> <b>Restilen<\/b>. Mange brugere af dette kosttilskud bem\u00e6rker en forbedring af s\u00f8vnkvaliteten, hvilket f\u00f8rer til bedre hvile og \u00f8get vitalitet. De langsigtede <b>virkninger<\/b> omfatter stabilisering af hum\u00f8ret, hvilket er s\u00e6rligt vigtigt for dem, der k\u00e6mper med daglig stress og f\u00f8lelsesm\u00e6ssige sp\u00e6ndinger.<\/p>\n\n\n\n<p>Restilen arbejder holistisk og tilbyder st\u00f8tte til at reducere stresssymptomer som f.eks:<\/p>\n\n\n\n<ul class=\"wp-block-list\">\n<li>en reduktion i kortisolniveauet, hvilket har den effekt, at det reducerer oplevet stress<\/li>\n\n\n\n<li>lindrer nerv\u00f8se sp\u00e6ndinger, hvilket fremmer en bedre f\u00f8lelse af velbefindende<\/li>\n\n\n\n<li>forbedre s\u00f8vnkvaliteten, hvilket bidrager til den generelle regenerering af kroppen<\/li>\n\n\n\n<li>styrke nervesystemet, som er afg\u00f8rende for mental sundhed<\/li>\n\n\n\n<li>forbedret hum\u00f8r gennem den synergistiske virkning af ingredienser som ashwagandha og kinesisk teekstrakt<\/li>\n<\/ul>\n\n\n\n<p>Regelm\u00e6ssig <b>brug<\/b> af Restilen har positive <b>effekter<\/b> i hele kroppen, hvilket bekr\u00e6ftes af unders\u00f8gelser og <b>brugerfeedback<\/b>. Tilskuddet underst\u00f8tter kroppens afslapning, hvilket igen har en betydelig indvirkning p\u00e5 den daglige funktion og livskvaliteten. Restilen er derfor den perfekte l\u00f8sning for dem, der \u00f8nsker at tage vare p\u00e5 deres <b>mentale sundhed<\/b> og forbedre deres <b>velbefindende<\/b> i forhold til hverdagens udfordringer.<\/p>\n\n\n\n<h2 class=\"wp-block-heading\">S\u00e5dan bruges Restilen &#8211; brugsanvisning og dosering<\/h2>\n\n\n\n<p>Brugen af Restilen er enkel og ubesv\u00e6ret. Det anbefales at <em>tage<\/em> to kapsler om dagen &#8211; en om morgenen og en om aftenen. Det tilr\u00e5des at drikke et stort glas vand til hver kapsel, hvilket fremmer en bedre optagelse af de aktive ingredienser. P\u00e5 grund af den forskellige medicin, som nogle mennesker tager, er det en god id\u00e9 at konsultere en l\u00e6ge for at sikre, at der ikke er nogen interaktioner mellem stofferne. Dette vil sikre, at brugen af Restilene er sikker, hvilket g\u00f8r det til en velovervejet l\u00f8sning for dem, der leder efter naturlige metoder til at h\u00e5ndtere stress.<\/p>\n\n\n\n<p><strong>Vejledning i brug af Restilen:<\/strong><\/p>\n\n\n\n<ul class=\"wp-block-list\">\n<li>Tag 2 kapsler dagligt.<\/li>\n\n\n\n<li>En kapsel om morgenen og en om aftenen.<\/li>\n\n\n\n<li>Drik et stort glas vand.<\/li>\n<\/ul>\n\n\n\n<p>Regelm\u00e6ssig <em>brug<\/em> over en periode p\u00e5 mindst en m\u00e5ned kan resultere i betydelige forbedringer med hensyn til at reducere stresssymptomer og forbedre det generelle velbefindende. Hvis du <b>doserer<\/b> som anvist og undg\u00e5r at overskride den anbefalede dosis, kan du f\u00e5 fuld gl\u00e6de af fordelene ved Restilen-tilskud.<\/p>\n\n\n\n<h2 class=\"wp-block-heading\">Restilen anmeldelser &#8211; Hvad siger brugerne i forummet?<\/h2>\n\n\n\n<p><b>Anmeldelser<\/b> af Restilen er blevet et popul\u00e6rt emne p\u00e5 onlinefora, der handler om mental sundhed og velv\u00e6re. <b>Brugerne<\/b> deler deres erfaringer og effekterne af at bruge tilskuddet, som har givet dem stresslindring og forbedret deres livskvalitet.<\/p>\n\n\n\n<p>I foraene kan man finde mange udsagn, hvor <b>brugerne<\/b> understreger vigtigheden af Restilen til at h\u00e5ndtere arbejdsrelaterede sp\u00e6ndinger. Folk, der k\u00e6mper med arbejdsrelateret stress, n\u00e6vner dette tilskud som en effektiv metode til st\u00f8tte. Blandt anmeldelserne er der ogs\u00e5 forslag om at kombinere brugen af Restilen med andre metoder, s\u00e5som terapi, afslapning eller hobbyer.<\/p>\n\n\n\n<p>Mange anmeldelser fremh\u00e6ver, at brugen af Restilen hj\u00e6lper med at forbedre hum\u00f8ret og reducere stress. <b>Brugere<\/b> p\u00e5peger, at <b>virkningerne<\/b> af dette tilskud kan ses efter blot et par dage. Som f\u00f8lge heraf er produktet blevet genstand for mange diskussioner i fora, hvor brugerne udveksler erfaringer samt tips om den korrekte dosering.<\/p>\n\n\n\n<figure class=\"wp-block-table\"><table class=\"has-fixed-layout\"><tbody><tr><th>Bruger<\/th><th>Erfaring<\/th><\/tr><tr><td>Ania<\/td><td>Betydelig forbedring af s\u00f8vnkvaliteten og reduktion af stress.<\/td><\/tr><tr><td>Tom<\/td><td>Hurtig <b>virkning af<\/b> produktet, lindring efter f\u00e5 dages brug.<\/td><\/tr><tr><td>Marta<\/td><td>Effektiv h\u00e5ndtering af sp\u00e6ndinger p\u00e5 arbejdet, bedre personlige relationer.<\/td><\/tr><\/tbody><\/table><\/figure>\n\n\n\n<p>I en by med et stigende antal mennesker, der k\u00e6mper med fedme og overv\u00e6gt, bliver <b>anmeldelserne<\/b> af Restilen og dens virkninger i bek\u00e6mpelsen af stress endnu mere betydningsfulde. Brugerne p\u00e5 <b>foraene<\/b> anerkender behovet for at finde effektive l\u00f8sninger til at p\u00e5virke deres <b>mentale<\/b> og fysiske <b>sundhed<\/b>. Gennem s\u00e5danne diskussioner vinder Restilen popularitet som et <b>kosttilskud<\/b>, der kan st\u00f8tte brugerne i deres daglige kamp.<\/p>\n\n\n\n<h2 class=\"wp-block-heading\">Restilens sammens\u00e6tning &#8211; Analyse af ingredienser<\/h2>\n\n\n\n<p>Restilen har en n\u00f8je udvalgt formulering baseret p\u00e5 <em>naturlige ingredienser<\/em>, der hj\u00e6lper kroppen med at h\u00e5ndtere stress. En vigtig komponent er ekstrakt af ashwagandha-rod, der er kendt for sine adaptogene virkninger, som hj\u00e6lper med at reducere stressniveauet og mindske kortisol.<\/p>\n\n\n\n<p>Formuleringen omfatter ogs\u00e5:<\/p>\n\n\n\n<ul class=\"wp-block-list\">\n<li><em>Ekstrakt af kinesiske teblade<\/em> &#8211; forbedrer koncentrationen og energiniveauet.<\/li>\n\n\n\n<li><em>Safranpistil-ekstrakt<\/em> &#8211; gavnligt for hum\u00f8ret og s\u00f8vnkvaliteten.<\/li>\n\n\n\n<li><em>Ekstrakt af cantaloupemelonsaft<\/em> &#8211; reducerer f\u00f8lelsen af stress og \u00f8ger energien.<\/li>\n<\/ul>\n\n\n\n<p>En yderligere fordel ved Restilen er mineraler og vitaminer som magnesium, thiamin, riboflavin og B12-vitamin, som underst\u00f8tter <em>sikkerhed<\/em> og korrekt psykologisk funktion i kroppen. <em>En analyse af<\/em> virkningerne af brugen viser, at de har en positiv indvirkning p\u00e5 hum\u00f8ret og virker hurtigt efter 1-2 ugers brug.<\/p>\n\n\n\n<figure class=\"wp-block-table\"><table class=\"has-fixed-layout\"><tbody><tr><th>Komponent<\/th><th>Effekter<\/th><th>Sikkerhed<\/th><\/tr><tr><td>Ekstrakt af ashwagandha-rod<\/td><td>Stressreduktion, s\u00e6nkning af kortisol<\/td><td>En naturlig, testet ingrediens<\/td><\/tr><tr><td>Ekstrakt af kinesiske teblade<\/td><td>Forbedret koncentration, \u00f8get energi<\/td><td>Ingen kendte bivirkninger<\/td><\/tr><tr><td>Safran pistil ekstrakt<\/td><td>Forbedret hum\u00f8r, bedre s\u00f8vnkvalitet<\/td><td>Baseret p\u00e5 naturlige ingredienser<\/td><\/tr><tr><td>Ekstrakt af cantaloupemelonsaft<\/td><td>Stressreduktion, forbedring af energi<\/td><td>Sikkert for helbredet<\/td><\/tr><tr><td>Vitaminer og mineraler<\/td><td>St\u00f8tte til psykologiske funktioner<\/td><td>Sundhedsm\u00e6ssig stabilitet i kroppen<\/td><\/tr><\/tbody><\/table><\/figure>\n\n\n\n<p>Brugen af Restilen er baseret p\u00e5 naturlige ingredienser, hvilket ikke kun sikrer dets effektivitet, men ogs\u00e5 dets fuldst\u00e6ndige <em>sikkerhed<\/em> for brugerne.<\/p>\n\n\n\n<h2 class=\"wp-block-heading\">Hvor kan jeg k\u00f8be, og hvad er prisen p\u00e5 Restilen?<\/h2>\n\n\n\n<p>Restilen er kun tilg\u00e6ngelig for salg online. For at sikre, at du f\u00e5r det originale produkt, anbefales det at k\u00f8be fra <em>producentens officielle hjemmeside.<\/em> Der kan du ofte finde attraktive <em>kampagner<\/em>, der er gode for din tegnebog.<\/p>\n\n\n\n<p>De, der er interesserede i at k\u00f8be, skal v\u00e6re opm\u00e6rksomme p\u00e5, at der kan v\u00e6re prisforskelle afh\u00e6ngigt af aktuelle tilbud. Det er ikke muligt at k\u00f8be fra station\u00e6re apoteker, og der findes en r\u00e6kke leveringsmuligheder, som tager mellem 1 og 3 arbejdsdage. Desuden er der mulighed for betaling ved levering, hvilket \u00f8ger bekvemmeligheden og sikkerheden.<\/p>\n\n\n\n<p>Der skal udvises forsigtighed ved k\u00f8b fra eksterne platforme, hvilket er afg\u00f8rende for at sikre produktets \u00e6gthed. Takket v\u00e6re Restilens naturlige sammens\u00e6tning kan du nyde godt af de sundhedsm\u00e6ssige fordele ved at bruge dette kosttilskud.<\/p>\n\n\n\n<h2 class=\"wp-block-heading\">Restilen &#8211; Bivirkninger og kontraindikationer &#8211; Er det sikkert?<\/h2>\n\n\n\n<p>Restilen bruges ofte som kosttilskud til at st\u00f8tte den mentale sundhed og \u00f8ge modstandskraften mod <b>stress<\/b>. Selvom det af mange betragtes som sikkert, er der nogle potentielle <b>bivirkninger<\/b>, man skal v\u00e6re opm\u00e6rksom p\u00e5. De mest almindelige symptomer, der opst\u00e5r, p\u00e5virker dem med overf\u00f8lsomhed over for ingredienserne i produktet. Det er derfor vigtigt at s\u00f8ge l\u00e6gehj\u00e6lp, f\u00f8r behandlingen p\u00e5begyndes, is\u00e6r hvis man tager anden medicin.<\/p>\n\n\n\n<p>Der er selvf\u00f8lgelig ogs\u00e5 <b>kontraindikationer<\/b> for brugen af Restilen. Tilskuddet anbefales ikke til gravide eller ammende kvinder eller til dem, der er allergiske over for nogen af ingredienserne. Forsigtighed er n\u00f8glen til at minimere risikoen for potentielle sundhedsproblemer. Regelm\u00e6ssig konsultation med din l\u00e6ge kan hj\u00e6lpe med at sikre maksimal sikkerhed ved brug af kosttilskuddet.<\/p>\n\n\n\n<p>Sammenfattende viser Restilen h\u00f8j effektivitet med lav risiko for alvorlige bivirkninger, men en ansvarlig tilgang til brug af kosttilskud kan p\u00e5virke resultaterne betydeligt. Brugere b\u00f8r fokusere p\u00e5 at opretholde balance i deres liv og bruge yderligere afslapningsmetoder for at st\u00f8tte deres <b>mentale sundhed<\/b> uden at p\u00e5virke deres krop negativt.<\/p>\n","protected":false},"excerpt":{"rendered":"<p><strong><span style=\"vertical-align: inherit;\"><span style=\"vertical-align: inherit;\">[date_countdown]<\/span><\/span><\/strong><\/p>\n<p><img decoding=\"async\" class=\"alignnone wp-image-4422\" src=\"https:\/\/www.vaisenhus-apotek.dk\/farmaci\/wp-content\/uploads\/2024\/10\/SAFE-PAY-300x88.png\" alt=\"SAFE PAY\" width=\"198\" height=\"58\" srcset=\"https:\/\/www.vaisenhus-apotek.dk\/farmaci\/wp-content\/uploads\/2024\/10\/SAFE-PAY-300x88.png 300w, https:\/\/www.vaisenhus-apotek.dk\/farmaci\/wp-content\/uploads\/2024\/10\/SAFE-PAY-1024x302.png 1024w, https:\/\/www.vaisenhus-apotek.dk\/farmaci\/wp-content\/uploads\/2024\/10\/SAFE-PAY-768x226.png 768w, https:\/\/www.vaisenhus-apotek.dk\/farmaci\/wp-content\/uploads\/2024\/10\/SAFE-PAY-600x177.png 600w, https:\/\/www.vaisenhus-apotek.dk\/farmaci\/wp-content\/uploads\/2024\/10\/SAFE-PAY.png 1038w\" sizes=\"(max-width: 198px) 100vw, 198px\" \/><\/p>\n","protected":false},"featured_media":4027,"comment_status":"open","ping_status":"closed","template":"","meta":{"neve_meta_sidebar":"","neve_meta_container":"","neve_meta_enable_content_width":"","neve_meta_content_width":0,"neve_meta_title_alignment":"","neve_meta_author_avatar":"","neve_post_elements_order":"","neve_meta_disable_header":"","neve_meta_disable_footer":"","neve_meta_disable_title":"","neve_meta_reading_time":""},"product_brand":[],"product_cat":[18],"product_tag":[],"class_list":{"0":"post-4366","1":"product","2":"type-product","3":"status-publish","4":"has-post-thumbnail","6":"product_cat-sundhed","8":"first","9":"instock","10":"sale","11":"shipping-taxable","12":"product-type-external"},"yoast_head":"<!-- This site is optimized with the Yoast SEO plugin v27.4 - https:\/\/yoast.com\/product\/yoast-seo-wordpress\/ -->\n<title>Restilen - Anmeldelse, Forum, Apotek, Pris, Effekter | -50%<\/title>\n<meta name=\"robots\" content=\"index, follow, max-snippet:-1, max-image-preview:large, max-video-preview:-1\" \/>\n<link rel=\"canonical\" href=\"https:\/\/www.vaisenhus-apotek.dk\/farmaci\/supp\/restilen\/\" \/>\n<meta property=\"og:locale\" content=\"da_DK\" \/>\n<meta property=\"og:type\" content=\"article\" \/>\n<meta property=\"og:title\" content=\"Restilen - Anmeldelse, Forum, Apotek, Pris, Effekter | -50%\" \/>\n<meta property=\"og:url\" content=\"https:\/\/www.vaisenhus-apotek.dk\/farmaci\/supp\/restilen\/\" \/>\n<meta property=\"og:site_name\" content=\"Vaisenhus-Apotek\" \/>\n<meta property=\"article:modified_time\" content=\"2024-10-12T16:35:48+00:00\" \/>\n<meta property=\"og:image\" content=\"https:\/\/www.vaisenhus-apotek.dk\/farmaci\/wp-content\/uploads\/2024\/10\/Restilen.jpg\" \/>\n\t<meta property=\"og:image:width\" content=\"768\" \/>\n\t<meta property=\"og:image:height\" content=\"768\" \/>\n\t<meta property=\"og:image:type\" content=\"image\/jpeg\" \/>\n<meta name=\"twitter:card\" content=\"summary_large_image\" \/>\n<meta name=\"twitter:description\" content=\"[date_countdown]\" \/>\n<meta name=\"twitter:label1\" content=\"Estimeret l\u00e6setid\" \/>\n\t<meta name=\"twitter:data1\" content=\"7 minutter\" \/>\n<script type=\"application\/ld+json\" class=\"yoast-schema-graph\">{\"@context\":\"https:\\\/\\\/schema.org\",\"@graph\":[{\"@type\":\"WebPage\",\"@id\":\"https:\\\/\\\/www.vaisenhus-apotek.dk\\\/farmaci\\\/supp\\\/restilen\\\/\",\"url\":\"https:\\\/\\\/www.vaisenhus-apotek.dk\\\/farmaci\\\/supp\\\/restilen\\\/\",\"name\":\"Restilen - Anmeldelse, Forum, Apotek, Pris, Effekter | -50%\",\"isPartOf\":{\"@id\":\"https:\\\/\\\/www.vaisenhus-apotek.dk\\\/farmaci\\\/#website\"},\"primaryImageOfPage\":{\"@id\":\"https:\\\/\\\/www.vaisenhus-apotek.dk\\\/farmaci\\\/supp\\\/restilen\\\/#primaryimage\"},\"image\":{\"@id\":\"https:\\\/\\\/www.vaisenhus-apotek.dk\\\/farmaci\\\/supp\\\/restilen\\\/#primaryimage\"},\"thumbnailUrl\":\"https:\\\/\\\/www.vaisenhus-apotek.dk\\\/farmaci\\\/wp-content\\\/uploads\\\/2024\\\/10\\\/Restilen.jpg\",\"datePublished\":\"2024-10-10T20:32:01+00:00\",\"dateModified\":\"2024-10-12T16:35:48+00:00\",\"breadcrumb\":{\"@id\":\"https:\\\/\\\/www.vaisenhus-apotek.dk\\\/farmaci\\\/supp\\\/restilen\\\/#breadcrumb\"},\"inLanguage\":\"da-DK\",\"potentialAction\":[{\"@type\":\"ReadAction\",\"target\":[\"https:\\\/\\\/www.vaisenhus-apotek.dk\\\/farmaci\\\/supp\\\/restilen\\\/\"]}]},{\"@type\":\"ImageObject\",\"inLanguage\":\"da-DK\",\"@id\":\"https:\\\/\\\/www.vaisenhus-apotek.dk\\\/farmaci\\\/supp\\\/restilen\\\/#primaryimage\",\"url\":\"https:\\\/\\\/www.vaisenhus-apotek.dk\\\/farmaci\\\/wp-content\\\/uploads\\\/2024\\\/10\\\/Restilen.jpg\",\"contentUrl\":\"https:\\\/\\\/www.vaisenhus-apotek.dk\\\/farmaci\\\/wp-content\\\/uploads\\\/2024\\\/10\\\/Restilen.jpg\",\"width\":768,\"height\":768},{\"@type\":\"BreadcrumbList\",\"@id\":\"https:\\\/\\\/www.vaisenhus-apotek.dk\\\/farmaci\\\/supp\\\/restilen\\\/#breadcrumb\",\"itemListElement\":[{\"@type\":\"ListItem\",\"position\":1,\"name\":\"Strona g\u0142\u00f3wna\",\"item\":\"https:\\\/\\\/www.vaisenhus-apotek.dk\\\/farmaci\\\/\"},{\"@type\":\"ListItem\",\"position\":2,\"name\":\"farmaci\",\"item\":\"https:\\\/\\\/www.vaisenhus-apotek.dk\\\/farmaci\\\/\"},{\"@type\":\"ListItem\",\"position\":3,\"name\":\"Restilen\"}]},{\"@type\":\"WebSite\",\"@id\":\"https:\\\/\\\/www.vaisenhus-apotek.dk\\\/farmaci\\\/#website\",\"url\":\"https:\\\/\\\/www.vaisenhus-apotek.dk\\\/farmaci\\\/\",\"name\":\"vaisenhus-apotek.dk\",\"description\":\"\",\"potentialAction\":[{\"@type\":\"SearchAction\",\"target\":{\"@type\":\"EntryPoint\",\"urlTemplate\":\"https:\\\/\\\/www.vaisenhus-apotek.dk\\\/farmaci\\\/?s={search_term_string}\"},\"query-input\":{\"@type\":\"PropertyValueSpecification\",\"valueRequired\":true,\"valueName\":\"search_term_string\"}}],\"inLanguage\":\"da-DK\"}]}<\/script>\n<!-- \/ Yoast SEO plugin. -->","yoast_head_json":{"title":"Restilen - Anmeldelse, Forum, Apotek, Pris, Effekter | -50%","robots":{"index":"index","follow":"follow","max-snippet":"max-snippet:-1","max-image-preview":"max-image-preview:large","max-video-preview":"max-video-preview:-1"},"canonical":"https:\/\/www.vaisenhus-apotek.dk\/farmaci\/supp\/restilen\/","og_locale":"da_DK","og_type":"article","og_title":"Restilen - Anmeldelse, Forum, Apotek, Pris, Effekter | -50%","og_url":"https:\/\/www.vaisenhus-apotek.dk\/farmaci\/supp\/restilen\/","og_site_name":"Vaisenhus-Apotek","article_modified_time":"2024-10-12T16:35:48+00:00","og_image":[{"width":768,"height":768,"url":"https:\/\/www.vaisenhus-apotek.dk\/farmaci\/wp-content\/uploads\/2024\/10\/Restilen.jpg","type":"image\/jpeg"}],"twitter_card":"summary_large_image","twitter_description":"[date_countdown]","twitter_misc":{"Estimeret l\u00e6setid":"7 minutter"},"schema":{"@context":"https:\/\/schema.org","@graph":[{"@type":"WebPage","@id":"https:\/\/www.vaisenhus-apotek.dk\/farmaci\/supp\/restilen\/","url":"https:\/\/www.vaisenhus-apotek.dk\/farmaci\/supp\/restilen\/","name":"Restilen - Anmeldelse, Forum, Apotek, Pris, Effekter | -50%","isPartOf":{"@id":"https:\/\/www.vaisenhus-apotek.dk\/farmaci\/#website"},"primaryImageOfPage":{"@id":"https:\/\/www.vaisenhus-apotek.dk\/farmaci\/supp\/restilen\/#primaryimage"},"image":{"@id":"https:\/\/www.vaisenhus-apotek.dk\/farmaci\/supp\/restilen\/#primaryimage"},"thumbnailUrl":"https:\/\/www.vaisenhus-apotek.dk\/farmaci\/wp-content\/uploads\/2024\/10\/Restilen.jpg","datePublished":"2024-10-10T20:32:01+00:00","dateModified":"2024-10-12T16:35:48+00:00","breadcrumb":{"@id":"https:\/\/www.vaisenhus-apotek.dk\/farmaci\/supp\/restilen\/#breadcrumb"},"inLanguage":"da-DK","potentialAction":[{"@type":"ReadAction","target":["https:\/\/www.vaisenhus-apotek.dk\/farmaci\/supp\/restilen\/"]}]},{"@type":"ImageObject","inLanguage":"da-DK","@id":"https:\/\/www.vaisenhus-apotek.dk\/farmaci\/supp\/restilen\/#primaryimage","url":"https:\/\/www.vaisenhus-apotek.dk\/farmaci\/wp-content\/uploads\/2024\/10\/Restilen.jpg","contentUrl":"https:\/\/www.vaisenhus-apotek.dk\/farmaci\/wp-content\/uploads\/2024\/10\/Restilen.jpg","width":768,"height":768},{"@type":"BreadcrumbList","@id":"https:\/\/www.vaisenhus-apotek.dk\/farmaci\/supp\/restilen\/#breadcrumb","itemListElement":[{"@type":"ListItem","position":1,"name":"Strona g\u0142\u00f3wna","item":"https:\/\/www.vaisenhus-apotek.dk\/farmaci\/"},{"@type":"ListItem","position":2,"name":"farmaci","item":"https:\/\/www.vaisenhus-apotek.dk\/farmaci\/"},{"@type":"ListItem","position":3,"name":"Restilen"}]},{"@type":"WebSite","@id":"https:\/\/www.vaisenhus-apotek.dk\/farmaci\/#website","url":"https:\/\/www.vaisenhus-apotek.dk\/farmaci\/","name":"vaisenhus-apotek.dk","description":"","potentialAction":[{"@type":"SearchAction","target":{"@type":"EntryPoint","urlTemplate":"https:\/\/www.vaisenhus-apotek.dk\/farmaci\/?s={search_term_string}"},"query-input":{"@type":"PropertyValueSpecification","valueRequired":true,"valueName":"search_term_string"}}],"inLanguage":"da-DK"}]}},"_links":{"self":[{"href":"https:\/\/www.vaisenhus-apotek.dk\/farmaci\/wp-json\/wp\/v2\/product\/4366","targetHints":{"allow":["GET"]}}],"collection":[{"href":"https:\/\/www.vaisenhus-apotek.dk\/farmaci\/wp-json\/wp\/v2\/product"}],"about":[{"href":"https:\/\/www.vaisenhus-apotek.dk\/farmaci\/wp-json\/wp\/v2\/types\/product"}],"replies":[{"embeddable":true,"href":"https:\/\/www.vaisenhus-apotek.dk\/farmaci\/wp-json\/wp\/v2\/comments?post=4366"}],"wp:featuredmedia":[{"embeddable":true,"href":"https:\/\/www.vaisenhus-apotek.dk\/farmaci\/wp-json\/wp\/v2\/media\/4027"}],"wp:attachment":[{"href":"https:\/\/www.vaisenhus-apotek.dk\/farmaci\/wp-json\/wp\/v2\/media?parent=4366"}],"wp:term":[{"taxonomy":"product_brand","embeddable":true,"href":"https:\/\/www.vaisenhus-apotek.dk\/farmaci\/wp-json\/wp\/v2\/product_brand?post=4366"},{"taxonomy":"product_cat","embeddable":true,"href":"https:\/\/www.vaisenhus-apotek.dk\/farmaci\/wp-json\/wp\/v2\/product_cat?post=4366"},{"taxonomy":"product_tag","embeddable":true,"href":"https:\/\/www.vaisenhus-apotek.dk\/farmaci\/wp-json\/wp\/v2\/product_tag?post=4366"}],"curies":[{"name":"wp","href":"https:\/\/api.w.org\/{rel}","templated":true}]}}