{"id":4357,"date":"2024-10-10T20:32:00","date_gmt":"2024-10-10T20:32:00","guid":{"rendered":"https:\/\/www.vaisenhus-apotek.dk\/farmaci\/?post_type=product&#038;p=4357"},"modified":"2024-10-12T18:37:08","modified_gmt":"2024-10-12T18:37:08","slug":"meltamin","status":"publish","type":"product","link":"https:\/\/www.vaisenhus-apotek.dk\/farmaci\/supp\/meltamin\/","title":{"rendered":"Meltamin"},"content":{"rendered":"\n<h2 class=\"wp-block-heading\">Hvad er Meltamin, og hvordan virker det?<\/h2>\n\n\n\n<p><b>Meltamin<\/b> er et innovativt <b>kosttilskud<\/b>, der underst\u00f8tter v\u00e6gttabsprocesser. Dette produkt indeholder 11 <b>v\u00e6gttabsingredienser<\/b>, som bidrager til at \u00f8ge kroppens ydeevne og fremskynde stofskiftet. Meltamins <b>virkning<\/b> er baseret p\u00e5 naturlige ingredienser som figenkaktusfrugtekstrakt, guarana, vandfri koffein og gr\u00f8n te, som tilsammen stimulerer termogenese og fedtforbr\u00e6nding.<\/p>\n\n\n\n<p><b>Tilskuddet<\/b> kan bruges af personer over 18 \u00e5r, uanset k\u00f8n. Indtagelse af Meltamine bidrager ikke kun til et effektivt v\u00e6gttab, men ogs\u00e5 til afgiftning af kroppen. Dets egenskaber omfatter accelereret stofskifte, appetitkontrol og \u00f8get energiniveau, hvilket g\u00f8r det til en attraktiv mulighed for dem, der \u00f8nsker at reducere v\u00e6gten.<\/p>\n\n\n\n<blockquote class=\"wp-block-quote is-layout-flow wp-block-quote-is-layout-flow\">\n<p><b>Anmeldelserne<\/b> af Meltamin er overv\u00e6ldende positive og peger p\u00e5 dens effektivitet og brugervenlighed.<\/p>\n<\/blockquote>\n\n\n\n<p>Meltamin er et <b>kosttilskud<\/b>, der kun kan k\u00f8bes fra producentens hjemmeside, hvilket garanterer dets \u00e6gthed og kvalitet. Med den nuv\u00e6rende kampagne kan du f\u00e5 20% rabat p\u00e5 den f\u00f8rste pakke.<\/p>\n\n\n\n<h2 class=\"wp-block-heading\">Fordele ved Meltamin &#8211; Effekter<\/h2>\n\n\n\n<p><b>Brugen<\/b> af Meltamin har mange <b>fordele<\/b>, der forbedrer livskvaliteten og den fysiske form. Regelm\u00e6ssig indtagelse af dette kosttilskud \u00f8ger stofskiftet og stimulerer termogenesen. Som f\u00f8lge heraf kan du forbr\u00e6nde 500 kcal ekstra under din tr\u00e6ning, hvilket underst\u00f8tter v\u00e6gttab. Folk, der bruger Meltamin, bem\u00e6rker en betydelig reduktion af kropsfedt og en forbedring af de overordnede metaboliske processer.<\/p>\n\n\n\n<p>\u00d8get styrke og energi er en anden effekt, der motiverer til fysisk aktivitet. <b>Tilskuddet<\/b> har en positiv effekt p\u00e5 kroppens evne til at pr\u00e6stere bedre under tr\u00e6ning. En yderligere fordel er en reduktion af appetitten, hvilket f\u00f8rer til en naturlig reduktion af kalorieindtaget.<\/p>\n\n\n\n<p>Meltamins naturlige <b>sammens\u00e6tning<\/b>, der er baseret p\u00e5 ekstrakter af figenkaktus, tamarind, hindb\u00e6r, koffein og gr\u00f8n te, garanterer <b>resultater<\/b> uden bivirkninger. Brugerne understreger, at Meltamin ikke kun underst\u00f8tter v\u00e6gttab, men ogs\u00e5 forbedrer hum\u00f8ret, giver mere energi og forbedrer hudens tilstand. Takket v\u00e6re disse effekter vinder Meltamin popularitet blandt dem, der \u00f8nsker at kontrollere deres figur.<\/p>\n\n\n\n<h2 class=\"wp-block-heading\">Hvordan bruges Meltamin? &#8211; Dosering<\/h2>\n\n\n\n<p><b>Doseringen<\/b> af Meltamin er meget enkel. En passende portion er <em>5 gram<\/em> pulver, hvilket svarer til et scoop. Pulveret skal blandes med <em>300 ml<\/em> vand. Korrekt <em>brug af<\/em> tilskuddet kr\u00e6ver regelm\u00e6ssighed og t\u00e5lmodighed. L\u00e6ngere tids <b>brug<\/b> anbefales for at opn\u00e5 optimale <b>resultater<\/b>.<\/p>\n\n\n\n<p>Meltamin indeholder 11 aktive <b>ingredienser af<\/b> naturlig oprindelse, hvilket g\u00f8r det til et passende supplement til den daglige kost. Det gode ved dette tilskud er, at det er let at tilberede, hvilket g\u00f8r det til et ideelt valg til mange forskellige lejligheder, herunder tr\u00e6ning i fitnesscenteret.<\/p>\n\n\n\n<p>Ved brug af Meltamin oplevede 96 % et betydeligt v\u00e6gttab uden yo-yo-effekt. Modtagere af dette tilskud roser ikke kun dets effektivitet, men ogs\u00e5 dets <em>brugervenlighed<\/em>. Det er v\u00e6rd at huske, at <em>dosering<\/em> og regelm\u00e6ssighed er n\u00f8glen til at opn\u00e5 de \u00f8nskede resultater. Meltamin giver resultater, som v\u00e6rds\u00e6ttes af folk, der bekymrer sig om deres figur og helbred.<\/p>\n\n\n\n<h2 class=\"wp-block-heading\">Brugeroplevelser og anmeldelser af Meltamin &#8211; hvad er anmeldelserne?<\/h2>\n\n\n\n<p>Brugere af Meltamin deler positive erfaringer p\u00e5 forskellige platforme. Med en rating p\u00e5 <em>4,95 ud af 5 stjerner<\/em> er produktet meget efterspurgt. Talrige <b>anmeldelser<\/b> og udtalelser fremh\u00e6ver dets effektivitet i forbindelse med v\u00e6gttab.<\/p>\n\n\n\n<blockquote class=\"wp-block-quote is-layout-flow wp-block-quote-is-layout-flow\">\n<p>&#8220;Meltamin b\u00f8r v\u00e6re et must-have-tilskud for alle, der tr\u00e6ner. Virkningerne er synlige efter bare en m\u00e5neds brug!&#8221; &#8211; siger en entusiast af produktet.<\/p>\n<\/blockquote>\n\n\n\n<p>Mange mennesker m\u00e6rker et betydeligt v\u00e6gttab. En klient fort\u00e6ller: &#8220;Mit st\u00f8rste problem har altid v\u00e6ret min mave. Det lykkedes mig at reducere min taljeomkreds med n\u00e6sten 10 cm p\u00e5 to m\u00e5neder. Resultaterne er fremragende!&#8221;<\/p>\n\n\n\n<p><b>Brugeranmeldelser<\/b> tyder p\u00e5, at Meltamin er en effektiv st\u00f8tte i jagten p\u00e5 en sund v\u00e6gt. De resultater, de opn\u00e5r, beviser, at den metaboliske st\u00f8tte fra dette tilskud har h\u00e5ndgribelige <b>fordele<\/b>.<\/p>\n\n\n\n<p>Selv om <b>anmeldelserne<\/b> for det meste er positive, er det altid tilr\u00e5deligt at konsultere en l\u00e6ge, f\u00f8r man begynder at tage tilskud, is\u00e6r hvis man har kroniske lidelser eller allergier.<\/p>\n\n\n\n<h2 class=\"wp-block-heading\">Meltamin &#8211; Sammens\u00e6tning &#8211; Analyse af ingredienser<\/h2>\n\n\n\n<p>Meltamin er et <b>kosttilskud<\/b>, der er kendetegnet ved sin n\u00f8je udvalgte <em>sammens\u00e6tning<\/em>. <em>Analysen af ingredienserne<\/em> afsl\u00f8rer naturlige ekstrakter, der underst\u00f8tter v\u00e6gttabsprocessen og bidrager til en intensiv v\u00e6gtreduktion. Hovedingredienserne i Meltamin er:<\/p>\n\n\n\n<ul class=\"wp-block-list\">\n<li>Figenkaktusfrugtekstrakt &#8211; fremskynder <em>v\u00e6gttab<\/em><\/li>\n\n\n\n<li>Malabar tamarindfrugtekstrakt &#8211; virker appetitneds\u00e6ttende og reducerer fedtophobning<\/li>\n\n\n\n<li>Koffein &#8211; forbedrer fysisk ydeevne og koncentration<\/li>\n\n\n\n<li>Krom &#8211; underst\u00f8tter v\u00e6gtkontrol og stabiliserer blodsukkerniveauet<\/li>\n<\/ul>\n\n\n\n<p>Alle de anf\u00f8rte ingredienser er pr\u00e6cist formuleret for at sikre maksimalt <b>udbytte<\/b> af deres anvendelse. Ved at analysere <em>sammens\u00e6tningen<\/em> af Meltamin er det muligt at se, hvordan disse ingredienser kombinerer deres <b>handling<\/b> for at tilbyde omfattende st\u00f8tte p\u00e5 vejen til at opn\u00e5 den \u00f8nskede figur.<\/p>\n\n\n\n<figure class=\"wp-block-table\"><table class=\"has-fixed-layout\"><tbody><tr><th>Komponent<\/th><th>Handling<\/th><\/tr><tr><td>Ekstrakt af figenkaktusfrugt<\/td><td>Fremskynder v\u00e6gttab<\/td><\/tr><tr><td>Malabar tamarind-frugtekstrakt<\/td><td>Mindsker appetitten, reducerer fedtophobning<\/td><\/tr><tr><td>Koffein<\/td><td>\u00d8ger den fysiske ydeevne, forbedrer koncentrationen<\/td><\/tr><tr><td>Krom<\/td><td>Underst\u00f8tter v\u00e6gtkontrol<\/td><\/tr><\/tbody><\/table><\/figure>\n\n\n\n<p>Takket v\u00e6re sine omhyggeligt udvalgte ingredienser tilbyder Meltamin effektiv st\u00f8tte til dem, der \u00f8nsker at tabe sig. I kombination med en passende kost og fysisk aktivitet kan det bidrage til at opn\u00e5 de \u00f8nskede resultater i forbindelse med v\u00e6gttab.<\/p>\n\n\n\n<h2 class=\"wp-block-heading\">Hvor kan man k\u00f8be og hvor meget koster Meltamin &#8211; pris<\/h2>\n\n\n\n<p>Meltamin f\u00e5s i en r\u00e6kke forskellige pakker, hvilket g\u00f8r det muligt at k\u00f8be det p\u00e5 den bedste m\u00e5de til dine egne behov. <b>K\u00f8bet<\/b> foretages fortrinsvis p\u00e5 <em>producentens officielle<\/em> hjemmeside, hvilket garanterer produktets \u00e6gthed og muligheden for at drage fordel af attraktive kampagner.<\/p>\n\n\n\n<p>Meltamin har en h\u00f8j virkningsgrad, hvilket bekr\u00e6ftes af 96% af dem, der har brugt det. De forskellige pakker er den perfekte l\u00f8sning for dem, der \u00f8nsker at starte en v\u00e6gttabsbehandling p\u00e5 en m\u00e5de, der er skr\u00e6ddersyet til deres behov og budget. Desuden er oplysninger om aktuelle priser og kampagner kun tilg\u00e6ngelige p\u00e5 <em>producentens officielle<\/em> hjemmeside.<\/p>\n\n\n\n<h2 class=\"wp-block-heading\">Meltamin &#8211; Bivirkninger og kontraindikationer &#8211; Er det sikkert?<\/h2>\n\n\n\n<p>Meltamin betragtes som et sikkert kosttilskud, n\u00e5r det bruges i henhold til producentens anbefalinger. Det er vigtigt, at personer med allergi over for nogen af ingredienserne i produktet afholder sig fra at tage det. Det er ogs\u00e5 v\u00e6rd at bem\u00e6rke, at Meltamin ikke anbefales til gravide eller ammende kvinder, hvilket er en v\u00e6sentlig <strong>kontraindikation<\/strong> for brugen af det.<\/p>\n\n\n\n<p>Der skal udvises s\u00e6rlig forsigtighed ved kombination med andre stoffer, is\u00e6r koffeinkilder. Et ukontrolleret forbrug af koffein kan f\u00f8re til et overskud af denne forbindelse i kroppen, hvilket kan resultere i u\u00f8nskede <strong>bivirkninger<\/strong>. Unders\u00f8gelser og brugerfeedback til dato tyder dog ikke p\u00e5 nogen alvorlig kropsreaktion p\u00e5 Meltamin.<\/p>\n\n\n\n<p>Konklusionen er, at passende brug af Meltamin er n\u00f8glen til at sikre sikkerheden. Langt de fleste forbrugere rapporterer ingen bivirkninger efter at have p\u00e5begyndt behandling med dette tilskud, hvilket understreger dets h\u00f8je kvalitet og effektivitet til at underst\u00f8tte v\u00e6gttab.<\/p>\n","protected":false},"excerpt":{"rendered":"<p><strong><span style=\"vertical-align: inherit;\"><span style=\"vertical-align: inherit;\">[date_countdown]<\/span><\/span><\/strong><\/p>\n<p><img decoding=\"async\" class=\"alignnone wp-image-4422\" src=\"https:\/\/www.vaisenhus-apotek.dk\/farmaci\/wp-content\/uploads\/2024\/10\/SAFE-PAY-300x88.png\" alt=\"SAFE PAY\" width=\"198\" height=\"58\" srcset=\"https:\/\/www.vaisenhus-apotek.dk\/farmaci\/wp-content\/uploads\/2024\/10\/SAFE-PAY-300x88.png 300w, https:\/\/www.vaisenhus-apotek.dk\/farmaci\/wp-content\/uploads\/2024\/10\/SAFE-PAY-1024x302.png 1024w, https:\/\/www.vaisenhus-apotek.dk\/farmaci\/wp-content\/uploads\/2024\/10\/SAFE-PAY-768x226.png 768w, https:\/\/www.vaisenhus-apotek.dk\/farmaci\/wp-content\/uploads\/2024\/10\/SAFE-PAY-600x177.png 600w, https:\/\/www.vaisenhus-apotek.dk\/farmaci\/wp-content\/uploads\/2024\/10\/SAFE-PAY.png 1038w\" sizes=\"(max-width: 198px) 100vw, 198px\" \/><\/p>\n","protected":false},"featured_media":3999,"comment_status":"open","ping_status":"closed","template":"","meta":{"neve_meta_sidebar":"","neve_meta_container":"","neve_meta_enable_content_width":"","neve_meta_content_width":0,"neve_meta_title_alignment":"","neve_meta_author_avatar":"","neve_post_elements_order":"","neve_meta_disable_header":"","neve_meta_disable_footer":"","neve_meta_disable_title":"","neve_meta_reading_time":""},"product_brand":[],"product_cat":[15],"product_tag":[],"class_list":{"0":"post-4357","1":"product","2":"type-product","3":"status-publish","4":"has-post-thumbnail","6":"product_cat-vaegttab","8":"first","9":"instock","10":"sale","11":"shipping-taxable","12":"product-type-external"},"yoast_head":"<!-- This site is optimized with the Yoast SEO plugin v27.4 - https:\/\/yoast.com\/product\/yoast-seo-wordpress\/ -->\n<title>Meltamin - Anmeldelse, Forum, Apotek, Pris, Effekter | -50%<\/title>\n<meta name=\"robots\" content=\"index, follow, max-snippet:-1, max-image-preview:large, max-video-preview:-1\" \/>\n<link rel=\"canonical\" href=\"https:\/\/www.vaisenhus-apotek.dk\/farmaci\/supp\/meltamin\/\" \/>\n<meta property=\"og:locale\" content=\"da_DK\" \/>\n<meta property=\"og:type\" content=\"article\" \/>\n<meta property=\"og:title\" content=\"Meltamin - Anmeldelse, Forum, Apotek, Pris, Effekter | -50%\" \/>\n<meta property=\"og:url\" content=\"https:\/\/www.vaisenhus-apotek.dk\/farmaci\/supp\/meltamin\/\" \/>\n<meta property=\"og:site_name\" content=\"Vaisenhus-Apotek\" \/>\n<meta property=\"article:modified_time\" content=\"2024-10-12T18:37:08+00:00\" \/>\n<meta property=\"og:image\" content=\"https:\/\/www.vaisenhus-apotek.dk\/farmaci\/wp-content\/uploads\/2024\/10\/Meltamin.jpg\" \/>\n\t<meta property=\"og:image:width\" content=\"768\" \/>\n\t<meta property=\"og:image:height\" content=\"768\" \/>\n\t<meta property=\"og:image:type\" content=\"image\/jpeg\" \/>\n<meta name=\"twitter:card\" content=\"summary_large_image\" \/>\n<meta name=\"twitter:description\" content=\"[date_countdown]\" \/>\n<meta name=\"twitter:label1\" content=\"Estimeret l\u00e6setid\" \/>\n\t<meta name=\"twitter:data1\" content=\"6 minutter\" \/>\n<script type=\"application\/ld+json\" class=\"yoast-schema-graph\">{\"@context\":\"https:\\\/\\\/schema.org\",\"@graph\":[{\"@type\":\"WebPage\",\"@id\":\"https:\\\/\\\/www.vaisenhus-apotek.dk\\\/farmaci\\\/supp\\\/meltamin\\\/\",\"url\":\"https:\\\/\\\/www.vaisenhus-apotek.dk\\\/farmaci\\\/supp\\\/meltamin\\\/\",\"name\":\"Meltamin - Anmeldelse, Forum, Apotek, Pris, Effekter | -50%\",\"isPartOf\":{\"@id\":\"https:\\\/\\\/www.vaisenhus-apotek.dk\\\/farmaci\\\/#website\"},\"primaryImageOfPage\":{\"@id\":\"https:\\\/\\\/www.vaisenhus-apotek.dk\\\/farmaci\\\/supp\\\/meltamin\\\/#primaryimage\"},\"image\":{\"@id\":\"https:\\\/\\\/www.vaisenhus-apotek.dk\\\/farmaci\\\/supp\\\/meltamin\\\/#primaryimage\"},\"thumbnailUrl\":\"https:\\\/\\\/www.vaisenhus-apotek.dk\\\/farmaci\\\/wp-content\\\/uploads\\\/2024\\\/10\\\/Meltamin.jpg\",\"datePublished\":\"2024-10-10T20:32:00+00:00\",\"dateModified\":\"2024-10-12T18:37:08+00:00\",\"breadcrumb\":{\"@id\":\"https:\\\/\\\/www.vaisenhus-apotek.dk\\\/farmaci\\\/supp\\\/meltamin\\\/#breadcrumb\"},\"inLanguage\":\"da-DK\",\"potentialAction\":[{\"@type\":\"ReadAction\",\"target\":[\"https:\\\/\\\/www.vaisenhus-apotek.dk\\\/farmaci\\\/supp\\\/meltamin\\\/\"]}]},{\"@type\":\"ImageObject\",\"inLanguage\":\"da-DK\",\"@id\":\"https:\\\/\\\/www.vaisenhus-apotek.dk\\\/farmaci\\\/supp\\\/meltamin\\\/#primaryimage\",\"url\":\"https:\\\/\\\/www.vaisenhus-apotek.dk\\\/farmaci\\\/wp-content\\\/uploads\\\/2024\\\/10\\\/Meltamin.jpg\",\"contentUrl\":\"https:\\\/\\\/www.vaisenhus-apotek.dk\\\/farmaci\\\/wp-content\\\/uploads\\\/2024\\\/10\\\/Meltamin.jpg\",\"width\":768,\"height\":768},{\"@type\":\"BreadcrumbList\",\"@id\":\"https:\\\/\\\/www.vaisenhus-apotek.dk\\\/farmaci\\\/supp\\\/meltamin\\\/#breadcrumb\",\"itemListElement\":[{\"@type\":\"ListItem\",\"position\":1,\"name\":\"Strona g\u0142\u00f3wna\",\"item\":\"https:\\\/\\\/www.vaisenhus-apotek.dk\\\/farmaci\\\/\"},{\"@type\":\"ListItem\",\"position\":2,\"name\":\"farmaci\",\"item\":\"https:\\\/\\\/www.vaisenhus-apotek.dk\\\/farmaci\\\/\"},{\"@type\":\"ListItem\",\"position\":3,\"name\":\"Meltamin\"}]},{\"@type\":\"WebSite\",\"@id\":\"https:\\\/\\\/www.vaisenhus-apotek.dk\\\/farmaci\\\/#website\",\"url\":\"https:\\\/\\\/www.vaisenhus-apotek.dk\\\/farmaci\\\/\",\"name\":\"vaisenhus-apotek.dk\",\"description\":\"\",\"potentialAction\":[{\"@type\":\"SearchAction\",\"target\":{\"@type\":\"EntryPoint\",\"urlTemplate\":\"https:\\\/\\\/www.vaisenhus-apotek.dk\\\/farmaci\\\/?s={search_term_string}\"},\"query-input\":{\"@type\":\"PropertyValueSpecification\",\"valueRequired\":true,\"valueName\":\"search_term_string\"}}],\"inLanguage\":\"da-DK\"}]}<\/script>\n<!-- \/ Yoast SEO plugin. -->","yoast_head_json":{"title":"Meltamin - Anmeldelse, Forum, Apotek, Pris, Effekter | -50%","robots":{"index":"index","follow":"follow","max-snippet":"max-snippet:-1","max-image-preview":"max-image-preview:large","max-video-preview":"max-video-preview:-1"},"canonical":"https:\/\/www.vaisenhus-apotek.dk\/farmaci\/supp\/meltamin\/","og_locale":"da_DK","og_type":"article","og_title":"Meltamin - Anmeldelse, Forum, Apotek, Pris, Effekter | -50%","og_url":"https:\/\/www.vaisenhus-apotek.dk\/farmaci\/supp\/meltamin\/","og_site_name":"Vaisenhus-Apotek","article_modified_time":"2024-10-12T18:37:08+00:00","og_image":[{"width":768,"height":768,"url":"https:\/\/www.vaisenhus-apotek.dk\/farmaci\/wp-content\/uploads\/2024\/10\/Meltamin.jpg","type":"image\/jpeg"}],"twitter_card":"summary_large_image","twitter_description":"[date_countdown]","twitter_misc":{"Estimeret l\u00e6setid":"6 minutter"},"schema":{"@context":"https:\/\/schema.org","@graph":[{"@type":"WebPage","@id":"https:\/\/www.vaisenhus-apotek.dk\/farmaci\/supp\/meltamin\/","url":"https:\/\/www.vaisenhus-apotek.dk\/farmaci\/supp\/meltamin\/","name":"Meltamin - Anmeldelse, Forum, Apotek, Pris, Effekter | -50%","isPartOf":{"@id":"https:\/\/www.vaisenhus-apotek.dk\/farmaci\/#website"},"primaryImageOfPage":{"@id":"https:\/\/www.vaisenhus-apotek.dk\/farmaci\/supp\/meltamin\/#primaryimage"},"image":{"@id":"https:\/\/www.vaisenhus-apotek.dk\/farmaci\/supp\/meltamin\/#primaryimage"},"thumbnailUrl":"https:\/\/www.vaisenhus-apotek.dk\/farmaci\/wp-content\/uploads\/2024\/10\/Meltamin.jpg","datePublished":"2024-10-10T20:32:00+00:00","dateModified":"2024-10-12T18:37:08+00:00","breadcrumb":{"@id":"https:\/\/www.vaisenhus-apotek.dk\/farmaci\/supp\/meltamin\/#breadcrumb"},"inLanguage":"da-DK","potentialAction":[{"@type":"ReadAction","target":["https:\/\/www.vaisenhus-apotek.dk\/farmaci\/supp\/meltamin\/"]}]},{"@type":"ImageObject","inLanguage":"da-DK","@id":"https:\/\/www.vaisenhus-apotek.dk\/farmaci\/supp\/meltamin\/#primaryimage","url":"https:\/\/www.vaisenhus-apotek.dk\/farmaci\/wp-content\/uploads\/2024\/10\/Meltamin.jpg","contentUrl":"https:\/\/www.vaisenhus-apotek.dk\/farmaci\/wp-content\/uploads\/2024\/10\/Meltamin.jpg","width":768,"height":768},{"@type":"BreadcrumbList","@id":"https:\/\/www.vaisenhus-apotek.dk\/farmaci\/supp\/meltamin\/#breadcrumb","itemListElement":[{"@type":"ListItem","position":1,"name":"Strona g\u0142\u00f3wna","item":"https:\/\/www.vaisenhus-apotek.dk\/farmaci\/"},{"@type":"ListItem","position":2,"name":"farmaci","item":"https:\/\/www.vaisenhus-apotek.dk\/farmaci\/"},{"@type":"ListItem","position":3,"name":"Meltamin"}]},{"@type":"WebSite","@id":"https:\/\/www.vaisenhus-apotek.dk\/farmaci\/#website","url":"https:\/\/www.vaisenhus-apotek.dk\/farmaci\/","name":"vaisenhus-apotek.dk","description":"","potentialAction":[{"@type":"SearchAction","target":{"@type":"EntryPoint","urlTemplate":"https:\/\/www.vaisenhus-apotek.dk\/farmaci\/?s={search_term_string}"},"query-input":{"@type":"PropertyValueSpecification","valueRequired":true,"valueName":"search_term_string"}}],"inLanguage":"da-DK"}]}},"_links":{"self":[{"href":"https:\/\/www.vaisenhus-apotek.dk\/farmaci\/wp-json\/wp\/v2\/product\/4357","targetHints":{"allow":["GET"]}}],"collection":[{"href":"https:\/\/www.vaisenhus-apotek.dk\/farmaci\/wp-json\/wp\/v2\/product"}],"about":[{"href":"https:\/\/www.vaisenhus-apotek.dk\/farmaci\/wp-json\/wp\/v2\/types\/product"}],"replies":[{"embeddable":true,"href":"https:\/\/www.vaisenhus-apotek.dk\/farmaci\/wp-json\/wp\/v2\/comments?post=4357"}],"wp:featuredmedia":[{"embeddable":true,"href":"https:\/\/www.vaisenhus-apotek.dk\/farmaci\/wp-json\/wp\/v2\/media\/3999"}],"wp:attachment":[{"href":"https:\/\/www.vaisenhus-apotek.dk\/farmaci\/wp-json\/wp\/v2\/media?parent=4357"}],"wp:term":[{"taxonomy":"product_brand","embeddable":true,"href":"https:\/\/www.vaisenhus-apotek.dk\/farmaci\/wp-json\/wp\/v2\/product_brand?post=4357"},{"taxonomy":"product_cat","embeddable":true,"href":"https:\/\/www.vaisenhus-apotek.dk\/farmaci\/wp-json\/wp\/v2\/product_cat?post=4357"},{"taxonomy":"product_tag","embeddable":true,"href":"https:\/\/www.vaisenhus-apotek.dk\/farmaci\/wp-json\/wp\/v2\/product_tag?post=4357"}],"curies":[{"name":"wp","href":"https:\/\/api.w.org\/{rel}","templated":true}]}}