{"id":4355,"date":"2024-10-10T20:32:00","date_gmt":"2024-10-10T20:32:00","guid":{"rendered":"https:\/\/www.vaisenhus-apotek.dk\/farmaci\/?post_type=product&#038;p=4355"},"modified":"2024-10-12T18:39:56","modified_gmt":"2024-10-12T18:39:56","slug":"mass-extreme","status":"publish","type":"product","link":"https:\/\/www.vaisenhus-apotek.dk\/farmaci\/supp\/mass-extreme\/","title":{"rendered":"Mass Extreme"},"content":{"rendered":"\n<h2 class=\"wp-block-heading\">Hvad er Mass Extreme, og hvordan virker det?<\/h2>\n\n\n\n<p><b>Mass Extreme<\/b> er et <b>kosttilskud<\/b>, der er skabt til folk, der \u00f8nsker at \u00f8ge deres muskelmasse. <b>Ingredienserne<\/b> er n\u00f8je udvalgt til at underst\u00f8tte <em>anabolske processer<\/em> i kroppen. N\u00f8gleelementerne i formlen er \u03b2-alanin, d-asparaginsyre, kreatin, L-arginin og alfa-liponsyre.<\/p>\n\n\n\n<p>Mass Extreme fokuserer <b>p\u00e5<\/b> at stimulere proteinsyntesen, hvilket giver mulighed for hurtigere <em>muskelopbygning<\/em>. <b>Tilskuddet<\/b> underst\u00f8tter ogs\u00e5 udholdenhed, hvilket betyder mere intensiv tr\u00e6ning og fremskynder muskelregenerering. Regelm\u00e6ssig brug af formlen kan give m\u00e6rkbare <b>effekter<\/b> p\u00e5 kort tid.<\/p>\n\n\n\n<figure class=\"wp-block-table\"><table class=\"has-fixed-layout\"><tbody><tr><th>De vigtigste komponenter<\/th><th>Handling<\/th><\/tr><tr><td>Vegetabilsk te-ekstrakt<\/td><td>St\u00f8tte til stofskiftet<\/td><\/tr><tr><td>Koffein<\/td><td>\u00d8get energi<\/td><\/tr><tr><td>Cayennepeber<\/td><td>Accelererende stofskifte<\/td><\/tr><tr><td>Ekstrakt af olivenblade<\/td><td>Stimulering af immunsystemet<\/td><\/tr><tr><td>Krom<\/td><td>Regulering af blodsukkerniveauet<\/td><\/tr><tr><td>B-vitaminer<\/td><td>St\u00f8tte til nervesystemet<\/td><\/tr><\/tbody><\/table><\/figure>\n\n\n\n<p>Den anbefalede <b>dosis af<\/b> Mass Extreme er en portion, dvs. tre kapsler om dagen. Regelm\u00e6ssig brug kan resultere i forbedret fysisk pr\u00e6station, hurtigere restitution og st\u00f8rre motivation til at tr\u00e6ne.<\/p>\n\n\n\n<h2 class=\"wp-block-heading\">Mass Extreme &#8211; effekter<\/h2>\n\n\n\n<p>Regelm\u00e6ssig brug af <em>Mass Extreme<\/em> f\u00f8rer til mange positive <em>effekter<\/em> med hensyn til opbygning af muskelmasse. De, der bruger dette kosttilskud, kan m\u00e6rke <strong>en stigning i muskelmasse<\/strong> og <strong>styrke<\/strong>, hvilket bidrager til en bedre pr\u00e6station under tr\u00e6ning. <b>Tilskuddet<\/b> giver 1070 kcal pr. portion, hvilket er et solidt energiboost, og indeholder 30 g protein <b>af<\/b> h\u00f8j kvalitet.<\/p>\n\n\n\n<p><em>Mass Extreme<\/em> <strong>forbedrer<\/strong> ogs\u00e5 <strong>udholdenheden<\/strong>. Takket v\u00e6re den unikke kombination af proteiner og kulhydrater underst\u00f8tter produktet regenerering af organismen, hvilket giver en mere effektiv restitution efter intensiv tr\u00e6ning. Derudover f\u00e5r det lave sukkerniveau (kun 4 g pr. portion) <b>tilskuddet<\/b> til at skille sig ud fra andre produkter af samme type.<\/p>\n\n\n\n<p>Brugere af <em>Mass Extreme<\/em> angiver ofte, at de opn\u00e5r deres sportslige m\u00e5l hurtigere. Tilskuddet anbefales til personer over 18 \u00e5r, som \u00f8nsker at forbedre deres fysik og pr\u00e6stationer, og et regelm\u00e6ssigt forbrug kan give m\u00e5lbare resultater i form af bedre sportsresultater.<\/p>\n\n\n\n<h2 class=\"wp-block-heading\">Hvordan bruges Mass Extreme? &#8211; Dosering og anbefalinger<\/h2>\n\n\n\n<p>Mass Extreme er et <b>kosttilskud<\/b>, som skal tages i henhold til producentens anbefalinger for at opn\u00e5 de bedste <b>resultater<\/b> med hensyn til at opbygge muskelmasse. Den anbefalede <b>dosis<\/b> er 4 kapsler om dagen &#8211; ideelt set 2 kapsler om morgenen, 30 minutter f\u00f8r tr\u00e6ning, og 2 kapsler om aftenen efter tr\u00e6ning. Det er vigtigt at bruge tilskuddet regelm\u00e6ssigt i mindst 2 m\u00e5neder for at se tilfredsstillende resultater.<\/p>\n\n\n\n<p>Indtagelse af Mass Extreme kr\u00e6ver ogs\u00e5 en passende tilberedningsmetode. Kapslerne skal tages med 480 ml fedtfattig m\u00e6lk eller vand. <em>Doseringen<\/em> af produktet skal skr\u00e6ddersys til individuelle behov, s\u00e5 det anbefales at konsultere en l\u00e6ge eller specialist, f\u00f8r man begynder at tage tilskud.<\/p>\n\n\n\n<p>Det er v\u00e6rd at huske, at den anbefalede dosis ikke b\u00f8r overskrides. At f\u00f8lge disse regler bidrager til \u00f8get energi, udholdenhed og hurtigere v\u00e6kst af muskelmasse.<\/p>\n\n\n\n<figure class=\"wp-block-table\"><table class=\"has-fixed-layout\"><tbody><tr><th>Dosering<\/th><th>Tid til modtagelse<\/th><th>Produktform<\/th><th>Anbefalinger<\/th><\/tr><tr><td>4 kapsler om dagen<\/td><td>2 gange om dagen (f\u00f8r og efter tr\u00e6ning)<\/td><td>Kapsler<\/td><td>Kontakt en l\u00e6ge f\u00f8r brug<\/td><\/tr><\/tbody><\/table><\/figure>\n\n\n\n<h2 class=\"wp-block-heading\">Anmeldelser og udtalelser om Mass Extreme<\/h2>\n\n\n\n<p><b>Anmeldelser af<\/b> Mass Extreme er overv\u00e6ldende positive. Brugerne roser dette supplement for dets effektivitet i opbygningen af muskelmasse og \u00f8get styrke. <b>Anmeldelser<\/b> p\u00e5 tematiske fora viser, at mange mennesker bem\u00e6rker betydelige \u00e6ndringer i deres tr\u00e6ningsresultater.<\/p>\n\n\n\n<blockquote class=\"wp-block-quote is-layout-flow wp-block-quote-is-layout-flow\">\n<p>&#8220;Jeg har brugt Mass Extreme i en m\u00e5ned og har bem\u00e6rket en betydelig <b>stigning i muskelmassen<\/b>. Min tr\u00e6ning er blevet mere intens, og min restitutionstid er faldet betydeligt.&#8221; &#8211; Marek<\/p>\n<\/blockquote>\n\n\n\n<blockquote class=\"wp-block-quote is-layout-flow wp-block-quote-is-layout-flow\">\n<p>&#8220;Takket v\u00e6re Mass Extreme er mine muskler blevet mere skulpturelle, og <b>resultaterne<\/b> er synlige efter blot et par ugers brug. Jeg anbefaler personligt dette tilskud til alle, der \u00f8nsker at forbedre deres tr\u00e6ningspr\u00e6station.&#8221; &#8211; Aneta<\/p>\n<\/blockquote>\n\n\n\n<blockquote class=\"wp-block-quote is-layout-flow wp-block-quote-is-layout-flow\">\n<p>&#8220;Mass Extreme har helt sikkert \u00f8get min styrke. Min tr\u00e6ning er blevet mere effektiv, og jeg f\u00f8ler mig bedre tilpas b\u00e5de fysisk og mentalt.&#8221; &#8211; James<\/p>\n<\/blockquote>\n\n\n\n<p>Mange <b>brugere<\/b> understreger, at tilskuddets effektivitet er m\u00e6rkbar fra den allerf\u00f8rste brugsdag. Mass Extreme fokuserer p\u00e5 at levere de vigtigste ingredienser til at underst\u00f8tte <b>muskelmassev\u00e6kst<\/b>, hvilket g\u00f8r det til et unikt produkt p\u00e5 markedet. <b>Forumanmeldelser<\/b> er enige om, at denne formel kan v\u00e6re s\u00e6rlig gavnlig for folk, der tr\u00e6ner intensivt og sigter mod at forbedre deres pr\u00e6stationer.<\/p>\n\n\n\n<figure class=\"wp-block-table\"><table class=\"has-fixed-layout\"><tbody><tr><th>Bruger<\/th><th>Udtalelser<\/th><\/tr><tr><td>Marek<\/td><td>Betydelig <b>for\u00f8gelse af muskelmassen<\/b> og forbedret restitution.<\/td><\/tr><tr><td>Aneta<\/td><td>Synlige resultater p\u00e5 kort tid og forbedret muskelformning.<\/td><\/tr><tr><td>James<\/td><td>Betydelig <b>for\u00f8gelse af styrke<\/b> og tr\u00e6ningseffektivitet.<\/td><\/tr><\/tbody><\/table><\/figure>\n\n\n\n<p>Sammenfattende modtager Mass Extreme positiv <em>feedback<\/em> og <em>anmeldelser<\/em> om dets effektivitet, hvilket styrker dets position i kosttilskudsindustrien. Den endelige vurdering afh\u00e6nger af den enkelte <b>brugers<\/b> erfaringer og forventninger.<\/p>\n\n\n\n<h2 class=\"wp-block-heading\">Sammens\u00e6tning af Mass Extreme &#8211; Hvad indeholder den?<\/h2>\n\n\n\n<p>Mass Extreme er et kosttilskud, der er kendetegnet ved sin omhyggeligt udvalgte sammens\u00e6tning, som underst\u00f8tter opbygningen af muskelmasse. <em>Ingredienserne<\/em> spiller en n\u00f8glerolle i kroppens anabolske og regenerative processer.<\/p>\n\n\n\n<p>Mass Extreme <b>inkluderer:<\/b> <\/p>\n\n\n\n<ul class=\"wp-block-list\">\n<li><strong>Valleprotein<\/strong>: Valleproteinkoncentrat og valleproteinisolat \u00f8ger muskelmassen og giver 30 g protein pr. portion p\u00e5 285 g.<\/li>\n\n\n\n<li><strong>Aminosyrer<\/strong>: Vigtige <b>aminosyrer<\/b> som L-leucin (3,1 g), L-glutamin og glutaminsyre (5,0 g) spiller en n\u00f8glerolle i muskelregenerering.<\/li>\n\n\n\n<li><strong>Kulhydrater<\/strong>: Ca. 231 g kulhydrater pr. portion underst\u00f8tter kroppens energibehov, hvilket er vigtigt under intensiv tr\u00e6ning.<\/li>\n\n\n\n<li><strong>Ford\u00f8jelsesenzymer<\/strong>: Tilstedev\u00e6relsen af enzymer som laktase og protease (25 mg) sikrer en bedre optagelse af n\u00e6ringsstoffer.<\/li>\n<\/ul>\n\n\n\n<p>Mass Extreme giver 1070 kcal pr. portion, hvilket g\u00f8r det til et attraktivt valg for dem, der \u00f8nsker at opbygge muskelmasse. Det lave sukkerniveau (4 g) og tilstedev\u00e6relsen af fibre (3 g &#8211; 6 g) \u00f8ger hele produktets n\u00e6ringsv\u00e6rdi. En s\u00e5dan <em>sammens\u00e6tning<\/em> af h\u00f8j kvalitet g\u00f8r Mass Extreme til et popul\u00e6rt valg for atleter og fysisk aktive mennesker.<\/p>\n\n\n\n<h2 class=\"wp-block-heading\">Mass Extreme pris &#8211; Hvor kan man k\u00f8be?<\/h2>\n\n\n\n<p>Hvis du vil k\u00f8be Mass Extreme, skal du bes\u00f8ge producentens officielle hjemmeside, da det ikke er tilg\u00e6ngeligt p\u00e5 noget apotek eller anden station\u00e6r butik. Onlinehandel er den eneste mulighed, men det giver kunderne adgang til adskillige kampagner, der kan reducere prisen med op til 50 %. Brugernes feedback har v\u00e6ret meget positiv, og mange har oplevet betydelige forbedringer i deres helbred og energi.<\/p>\n\n\n\n<h2 class=\"wp-block-heading\">Mass Extreme &#8211; Bivirkninger og kontraindikationer<\/h2>\n\n\n\n<p>Mass Extreme betragtes som et sikkert kosttilskud, men det er altid tilr\u00e5deligt at konsultere din l\u00e6ge, f\u00f8r du begynder p\u00e5 det. Personer med allergi over for nogen af <strong>ingredienserne<\/strong> i formlen b\u00f8r undg\u00e5 at tage det for at forhindre mulige allergiske reaktioner. I sj\u00e6ldne tilf\u00e6lde kan der forekomme <b>bivirkninger<\/b> som udsl\u00e6t, kl\u00f8e eller h\u00e6velse, hvilket er en vigtig faktor at tage i betragtning.<\/p>\n\n\n\n<p>Personer med alvorlige helbredsproblemer, s\u00e5som hjertesygdomme, forh\u00f8jet blodtryk og nyre- eller leverdysfunktion, b\u00f8r ogs\u00e5 udvise forsigtighed, n\u00e5r de bruger Mass Extreme. Det er altid tilr\u00e5deligt at konsultere din l\u00e6ge, is\u00e6r hvis du tager andre kosttilskud eller medicin, der kan p\u00e5virke hormonniveauerne. Desuden b\u00f8r gravide og ammende kvinder undg\u00e5 dette kosttilskud p\u00e5 grund af manglen p\u00e5 tilstr\u00e6kkelige unders\u00f8gelser, der bekr\u00e6fter dets <b>sikkerhed<\/b>.<\/p>\n\n\n\n<p>Det er v\u00e6rd at huske p\u00e5, at nogle brugere kan opleve maveproblemer som kvalme eller oppustethed, is\u00e6r i begyndelsen af tilskuddet. Hvis man tager tilskuddet sent om aftenen, kan det desuden f\u00f8re til s\u00f8vnforstyrrelser p\u00e5 grund af det \u00f8gede energiniveau. Derfor er det vigtigt at overv\u00e5ge kroppens reaktion for at undg\u00e5 potentielle bivirkninger.<\/p>\n","protected":false},"excerpt":{"rendered":"<p><strong><span style=\"vertical-align: inherit;\"><span style=\"vertical-align: inherit;\">[date_countdown]<\/span><\/span><\/strong><\/p>\n<p><img decoding=\"async\" class=\"alignnone wp-image-4422\" src=\"https:\/\/www.vaisenhus-apotek.dk\/farmaci\/wp-content\/uploads\/2024\/10\/SAFE-PAY-300x88.png\" alt=\"SAFE PAY\" width=\"198\" height=\"58\" srcset=\"https:\/\/www.vaisenhus-apotek.dk\/farmaci\/wp-content\/uploads\/2024\/10\/SAFE-PAY-300x88.png 300w, https:\/\/www.vaisenhus-apotek.dk\/farmaci\/wp-content\/uploads\/2024\/10\/SAFE-PAY-1024x302.png 1024w, https:\/\/www.vaisenhus-apotek.dk\/farmaci\/wp-content\/uploads\/2024\/10\/SAFE-PAY-768x226.png 768w, https:\/\/www.vaisenhus-apotek.dk\/farmaci\/wp-content\/uploads\/2024\/10\/SAFE-PAY-600x177.png 600w, https:\/\/www.vaisenhus-apotek.dk\/farmaci\/wp-content\/uploads\/2024\/10\/SAFE-PAY.png 1038w\" sizes=\"(max-width: 198px) 100vw, 198px\" \/><\/p>\n","protected":false},"featured_media":4374,"comment_status":"open","ping_status":"closed","template":"","meta":{"neve_meta_sidebar":"","neve_meta_container":"","neve_meta_enable_content_width":"","neve_meta_content_width":0,"neve_meta_title_alignment":"","neve_meta_author_avatar":"","neve_post_elements_order":"","neve_meta_disable_header":"","neve_meta_disable_footer":"","neve_meta_disable_title":"","neve_meta_reading_time":""},"product_brand":[],"product_cat":[15],"product_tag":[],"class_list":{"0":"post-4355","1":"product","2":"type-product","3":"status-publish","4":"has-post-thumbnail","6":"product_cat-vaegttab","8":"first","9":"instock","10":"sale","11":"shipping-taxable","12":"product-type-external"},"yoast_head":"<!-- This site is optimized with the Yoast SEO plugin v27.4 - https:\/\/yoast.com\/product\/yoast-seo-wordpress\/ -->\n<title>Mass Extreme - Anmeldelse, Forum, Apotek, Pris, Effekter | -50%<\/title>\n<meta name=\"robots\" content=\"index, follow, max-snippet:-1, max-image-preview:large, max-video-preview:-1\" \/>\n<link rel=\"canonical\" href=\"https:\/\/www.vaisenhus-apotek.dk\/farmaci\/supp\/mass-extreme\/\" \/>\n<meta property=\"og:locale\" content=\"da_DK\" \/>\n<meta property=\"og:type\" content=\"article\" \/>\n<meta property=\"og:title\" content=\"Mass Extreme - Anmeldelse, Forum, Apotek, Pris, Effekter | -50%\" \/>\n<meta property=\"og:url\" content=\"https:\/\/www.vaisenhus-apotek.dk\/farmaci\/supp\/mass-extreme\/\" \/>\n<meta property=\"og:site_name\" content=\"Vaisenhus-Apotek\" \/>\n<meta property=\"article:modified_time\" content=\"2024-10-12T18:39:56+00:00\" \/>\n<meta property=\"og:image\" content=\"https:\/\/www.vaisenhus-apotek.dk\/farmaci\/wp-content\/uploads\/2024\/10\/Mass-Extreme.jpg\" \/>\n\t<meta property=\"og:image:width\" content=\"768\" \/>\n\t<meta property=\"og:image:height\" content=\"768\" \/>\n\t<meta property=\"og:image:type\" content=\"image\/jpeg\" \/>\n<meta name=\"twitter:card\" content=\"summary_large_image\" \/>\n<meta name=\"twitter:description\" content=\"[date_countdown]\" \/>\n<meta name=\"twitter:label1\" content=\"Estimeret l\u00e6setid\" \/>\n\t<meta name=\"twitter:data1\" content=\"1 minut\" \/>\n<script type=\"application\/ld+json\" class=\"yoast-schema-graph\">{\"@context\":\"https:\\\/\\\/schema.org\",\"@graph\":[{\"@type\":\"WebPage\",\"@id\":\"https:\\\/\\\/www.vaisenhus-apotek.dk\\\/farmaci\\\/supp\\\/mass-extreme\\\/\",\"url\":\"https:\\\/\\\/www.vaisenhus-apotek.dk\\\/farmaci\\\/supp\\\/mass-extreme\\\/\",\"name\":\"Mass Extreme - Anmeldelse, Forum, Apotek, Pris, Effekter | -50%\",\"isPartOf\":{\"@id\":\"https:\\\/\\\/www.vaisenhus-apotek.dk\\\/farmaci\\\/#website\"},\"primaryImageOfPage\":{\"@id\":\"https:\\\/\\\/www.vaisenhus-apotek.dk\\\/farmaci\\\/supp\\\/mass-extreme\\\/#primaryimage\"},\"image\":{\"@id\":\"https:\\\/\\\/www.vaisenhus-apotek.dk\\\/farmaci\\\/supp\\\/mass-extreme\\\/#primaryimage\"},\"thumbnailUrl\":\"https:\\\/\\\/www.vaisenhus-apotek.dk\\\/farmaci\\\/wp-content\\\/uploads\\\/2024\\\/10\\\/Mass-Extreme.jpg\",\"datePublished\":\"2024-10-10T20:32:00+00:00\",\"dateModified\":\"2024-10-12T18:39:56+00:00\",\"breadcrumb\":{\"@id\":\"https:\\\/\\\/www.vaisenhus-apotek.dk\\\/farmaci\\\/supp\\\/mass-extreme\\\/#breadcrumb\"},\"inLanguage\":\"da-DK\",\"potentialAction\":[{\"@type\":\"ReadAction\",\"target\":[\"https:\\\/\\\/www.vaisenhus-apotek.dk\\\/farmaci\\\/supp\\\/mass-extreme\\\/\"]}]},{\"@type\":\"ImageObject\",\"inLanguage\":\"da-DK\",\"@id\":\"https:\\\/\\\/www.vaisenhus-apotek.dk\\\/farmaci\\\/supp\\\/mass-extreme\\\/#primaryimage\",\"url\":\"https:\\\/\\\/www.vaisenhus-apotek.dk\\\/farmaci\\\/wp-content\\\/uploads\\\/2024\\\/10\\\/Mass-Extreme.jpg\",\"contentUrl\":\"https:\\\/\\\/www.vaisenhus-apotek.dk\\\/farmaci\\\/wp-content\\\/uploads\\\/2024\\\/10\\\/Mass-Extreme.jpg\",\"width\":768,\"height\":768},{\"@type\":\"BreadcrumbList\",\"@id\":\"https:\\\/\\\/www.vaisenhus-apotek.dk\\\/farmaci\\\/supp\\\/mass-extreme\\\/#breadcrumb\",\"itemListElement\":[{\"@type\":\"ListItem\",\"position\":1,\"name\":\"Strona g\u0142\u00f3wna\",\"item\":\"https:\\\/\\\/www.vaisenhus-apotek.dk\\\/farmaci\\\/\"},{\"@type\":\"ListItem\",\"position\":2,\"name\":\"farmaci\",\"item\":\"https:\\\/\\\/www.vaisenhus-apotek.dk\\\/farmaci\\\/\"},{\"@type\":\"ListItem\",\"position\":3,\"name\":\"Mass Extreme\"}]},{\"@type\":\"WebSite\",\"@id\":\"https:\\\/\\\/www.vaisenhus-apotek.dk\\\/farmaci\\\/#website\",\"url\":\"https:\\\/\\\/www.vaisenhus-apotek.dk\\\/farmaci\\\/\",\"name\":\"vaisenhus-apotek.dk\",\"description\":\"\",\"potentialAction\":[{\"@type\":\"SearchAction\",\"target\":{\"@type\":\"EntryPoint\",\"urlTemplate\":\"https:\\\/\\\/www.vaisenhus-apotek.dk\\\/farmaci\\\/?s={search_term_string}\"},\"query-input\":{\"@type\":\"PropertyValueSpecification\",\"valueRequired\":true,\"valueName\":\"search_term_string\"}}],\"inLanguage\":\"da-DK\"}]}<\/script>\n<!-- \/ Yoast SEO plugin. -->","yoast_head_json":{"title":"Mass Extreme - Anmeldelse, Forum, Apotek, Pris, Effekter | -50%","robots":{"index":"index","follow":"follow","max-snippet":"max-snippet:-1","max-image-preview":"max-image-preview:large","max-video-preview":"max-video-preview:-1"},"canonical":"https:\/\/www.vaisenhus-apotek.dk\/farmaci\/supp\/mass-extreme\/","og_locale":"da_DK","og_type":"article","og_title":"Mass Extreme - Anmeldelse, Forum, Apotek, Pris, Effekter | -50%","og_url":"https:\/\/www.vaisenhus-apotek.dk\/farmaci\/supp\/mass-extreme\/","og_site_name":"Vaisenhus-Apotek","article_modified_time":"2024-10-12T18:39:56+00:00","og_image":[{"width":768,"height":768,"url":"https:\/\/www.vaisenhus-apotek.dk\/farmaci\/wp-content\/uploads\/2024\/10\/Mass-Extreme.jpg","type":"image\/jpeg"}],"twitter_card":"summary_large_image","twitter_description":"[date_countdown]","twitter_misc":{"Estimeret l\u00e6setid":"1 minut"},"schema":{"@context":"https:\/\/schema.org","@graph":[{"@type":"WebPage","@id":"https:\/\/www.vaisenhus-apotek.dk\/farmaci\/supp\/mass-extreme\/","url":"https:\/\/www.vaisenhus-apotek.dk\/farmaci\/supp\/mass-extreme\/","name":"Mass Extreme - Anmeldelse, Forum, Apotek, Pris, Effekter | -50%","isPartOf":{"@id":"https:\/\/www.vaisenhus-apotek.dk\/farmaci\/#website"},"primaryImageOfPage":{"@id":"https:\/\/www.vaisenhus-apotek.dk\/farmaci\/supp\/mass-extreme\/#primaryimage"},"image":{"@id":"https:\/\/www.vaisenhus-apotek.dk\/farmaci\/supp\/mass-extreme\/#primaryimage"},"thumbnailUrl":"https:\/\/www.vaisenhus-apotek.dk\/farmaci\/wp-content\/uploads\/2024\/10\/Mass-Extreme.jpg","datePublished":"2024-10-10T20:32:00+00:00","dateModified":"2024-10-12T18:39:56+00:00","breadcrumb":{"@id":"https:\/\/www.vaisenhus-apotek.dk\/farmaci\/supp\/mass-extreme\/#breadcrumb"},"inLanguage":"da-DK","potentialAction":[{"@type":"ReadAction","target":["https:\/\/www.vaisenhus-apotek.dk\/farmaci\/supp\/mass-extreme\/"]}]},{"@type":"ImageObject","inLanguage":"da-DK","@id":"https:\/\/www.vaisenhus-apotek.dk\/farmaci\/supp\/mass-extreme\/#primaryimage","url":"https:\/\/www.vaisenhus-apotek.dk\/farmaci\/wp-content\/uploads\/2024\/10\/Mass-Extreme.jpg","contentUrl":"https:\/\/www.vaisenhus-apotek.dk\/farmaci\/wp-content\/uploads\/2024\/10\/Mass-Extreme.jpg","width":768,"height":768},{"@type":"BreadcrumbList","@id":"https:\/\/www.vaisenhus-apotek.dk\/farmaci\/supp\/mass-extreme\/#breadcrumb","itemListElement":[{"@type":"ListItem","position":1,"name":"Strona g\u0142\u00f3wna","item":"https:\/\/www.vaisenhus-apotek.dk\/farmaci\/"},{"@type":"ListItem","position":2,"name":"farmaci","item":"https:\/\/www.vaisenhus-apotek.dk\/farmaci\/"},{"@type":"ListItem","position":3,"name":"Mass Extreme"}]},{"@type":"WebSite","@id":"https:\/\/www.vaisenhus-apotek.dk\/farmaci\/#website","url":"https:\/\/www.vaisenhus-apotek.dk\/farmaci\/","name":"vaisenhus-apotek.dk","description":"","potentialAction":[{"@type":"SearchAction","target":{"@type":"EntryPoint","urlTemplate":"https:\/\/www.vaisenhus-apotek.dk\/farmaci\/?s={search_term_string}"},"query-input":{"@type":"PropertyValueSpecification","valueRequired":true,"valueName":"search_term_string"}}],"inLanguage":"da-DK"}]}},"_links":{"self":[{"href":"https:\/\/www.vaisenhus-apotek.dk\/farmaci\/wp-json\/wp\/v2\/product\/4355","targetHints":{"allow":["GET"]}}],"collection":[{"href":"https:\/\/www.vaisenhus-apotek.dk\/farmaci\/wp-json\/wp\/v2\/product"}],"about":[{"href":"https:\/\/www.vaisenhus-apotek.dk\/farmaci\/wp-json\/wp\/v2\/types\/product"}],"replies":[{"embeddable":true,"href":"https:\/\/www.vaisenhus-apotek.dk\/farmaci\/wp-json\/wp\/v2\/comments?post=4355"}],"wp:featuredmedia":[{"embeddable":true,"href":"https:\/\/www.vaisenhus-apotek.dk\/farmaci\/wp-json\/wp\/v2\/media\/4374"}],"wp:attachment":[{"href":"https:\/\/www.vaisenhus-apotek.dk\/farmaci\/wp-json\/wp\/v2\/media?parent=4355"}],"wp:term":[{"taxonomy":"product_brand","embeddable":true,"href":"https:\/\/www.vaisenhus-apotek.dk\/farmaci\/wp-json\/wp\/v2\/product_brand?post=4355"},{"taxonomy":"product_cat","embeddable":true,"href":"https:\/\/www.vaisenhus-apotek.dk\/farmaci\/wp-json\/wp\/v2\/product_cat?post=4355"},{"taxonomy":"product_tag","embeddable":true,"href":"https:\/\/www.vaisenhus-apotek.dk\/farmaci\/wp-json\/wp\/v2\/product_tag?post=4355"}],"curies":[{"name":"wp","href":"https:\/\/api.w.org\/{rel}","templated":true}]}}