{"id":4349,"date":"2024-10-10T20:32:00","date_gmt":"2024-10-10T20:32:00","guid":{"rendered":"https:\/\/www.vaisenhus-apotek.dk\/farmaci\/?post_type=product&#038;p=4349"},"modified":"2024-10-12T16:05:07","modified_gmt":"2024-10-12T16:05:07","slug":"goat-stamina","status":"publish","type":"product","link":"https:\/\/www.vaisenhus-apotek.dk\/farmaci\/supp\/goat-stamina\/","title":{"rendered":"GOAT Stamina"},"content":{"rendered":"\n<h2 class=\"wp-block-heading\">Hvad er GOAT Stamina, og hvordan virker det?<\/h2>\n\n\n\n<p><b>GOAT Stamina<\/b> er et <em>kosttilskud<\/em>, der giver kompleks st\u00f8tte til kognitiv funktion og koncentration. Dets <em>virkning<\/em> er baseret p\u00e5 en synergistisk kombination af flere <em>ingredienser<\/em>, der underst\u00f8tter b\u00e5de \u00f8get <b>\u00e5rv\u00e5genhed<\/b> og forbedret pr\u00e6station. N\u00f8gleelementerne i denne formel er koffein, L-theanin og taurin. Koffein forbedrer reaktionstiden og den generelle mentale ydeevne, mens L-theanin fremmer stressreduktion og forbedrer koncentrationen.<\/p>\n\n\n\n<p>Formlen <b>indeholder<\/b> ogs\u00e5 unikke <b>ingredienser<\/b> som EnXtra\u2122 og Cognivia\u2122, som har vist sig at have en st\u00e6rk <em>effekt<\/em> i forhold til at \u00f8ge \u00e5rv\u00e5genhed og lette langvarig vedvarende opm\u00e6rksomhed. EnXtra\u2122, der stammer fra vild kardemomme, forl\u00e6nger effektivt <b>effekten af<\/b> koffein og \u00f8ger koncentrationen i op til 5 timer uden at p\u00e5virke hjertefrekvens eller blodtryk. Det g\u00f8r GOAT Stamina ideel til gamere og dem, der har brug for h\u00f8j pr\u00e6cision i opgaver, der kr\u00e6ver langvarigt fokus.<\/p>\n\n\n\n<ul class=\"wp-block-list\">\n<li>Koffein &#8211; forbedrer koncentrationen og den kognitive funktion.<\/li>\n\n\n\n<li>L-theanin &#8211; reducerer stress og forbedrer s\u00f8vnkvaliteten.<\/li>\n\n\n\n<li>EnXtra\u2122 &#8211; forl\u00e6nger <b>effekten af<\/b> koffein og underst\u00f8tter <b>\u00e5rv\u00e5genhed<\/b>.<\/li>\n\n\n\n<li>Cognivia\u2122 &#8211; underst\u00f8tter den kognitive ydeevne ved langvarig tr\u00e6ning.<\/li>\n<\/ul>\n\n\n\n<p>Brugen af GOAT Stamina er et skridt i retning af \u00f8get effektivitet i alle aktiviteter, der kr\u00e6ver fuld koncentration og mentalt og fysisk velbefindende.<\/p>\n\n\n\n<h2 class=\"wp-block-heading\">Effekter af GOAT Stamina<\/h2>\n\n\n\n<p>Regelm\u00e6ssig <b>brug<\/b> af GOAT Stamina giver synlige effekter, der cementerer dets position som et effektivt kosttilskud. <b>Brugerne<\/b> oplever en betydelig <em>stigning i koncentration<\/em> og <em>opm\u00e6rksomhed<\/em>, hvilket er vigtigt i forbindelse med arbejde og studier. <b>Tilskuddet<\/b> anbefales is\u00e6r til dem, der deltager i intense sessioner, der kr\u00e6ver h\u00f8j grad af opm\u00e6rksomhed.<\/p>\n\n\n\n<ul class=\"wp-block-list\">\n<li>F\u00f8lelse af en b\u00f8lge af energi i op til 6 timer efter p\u00e5f\u00f8ring.<\/li>\n\n\n\n<li>Reduktion af tr\u00e6thed og udmattelse, som p\u00e5virker det generelle velbefindende.<\/li>\n\n\n\n<li>Forbedret hukommelse og reduceret reaktionstid, hvilket er uvurderligt, n\u00e5r man tilbringer mange timer foran en computer.<\/li>\n\n\n\n<li>Fokusst\u00f8tte med naturlige ingredienser som ekstrakt af vild kardemomme.<\/li>\n<\/ul>\n\n\n\n<p><b>Brugeranmeldelser<\/b> viser, at virkningerne af GOAT Stamina kan have en positiv indvirkning p\u00e5 forskellige omr\u00e5der af livet, fra en arbejdsopgave til akademisk pr\u00e6station. Troen p\u00e5 dette kosttilskuds egenskaber underst\u00f8ttes af adskillige unders\u00f8gelser, der dokumenterer dets effektivitet til at \u00f8ge energiniveauet og koncentrationen. S\u00e5danne resultater g\u00f8r GOAT Stamina stadig mere popul\u00e6rt p\u00e5 markedet for kosttilskud.<\/p>\n\n\n\n<h2 class=\"wp-block-heading\">Dosering af GOAT Stamina &#8211; Hvordan bruges det?<\/h2>\n\n\n\n<p><b>Brug af<\/b> GOAT Stamina-tilskud skal ske i henhold til producentens anbefalinger. Den optimale dosis er en eller to kapsler om dagen. Valget af dosis afh\u00e6nger af intensiteten af den mentale indsats og kroppens individuelle behov. Det er v\u00e6rd at huske at undg\u00e5 dosering om aftenen, da det kan forstyrre s\u00f8vnen.<\/p>\n\n\n\n<p>N\u00e5r man tager tilskuddet, er det ogs\u00e5 vigtigt at give kroppen tilstr\u00e6kkeligt med vand, som underst\u00f8tter dets effektive <b>virkning<\/b>. F\u00f8r du begynder at tage tilskud, er det v\u00e6rd at l\u00e6se r\u00e5d om det bedste tidspunkt at tage kapslerne og deres mulige interaktioner med andre stoffer.<\/p>\n\n\n\n<p>Her er nogle <em>tips til<\/em> dosering:<\/p>\n\n\n\n<ul class=\"wp-block-list\">\n<li>Start med \u00e9n kapsel for at vurdere kroppens tolerance.<\/li>\n\n\n\n<li>Hvis virkningen er tilfredsstillende, kan du \u00f8ge dosis til to kapsler.<\/li>\n\n\n\n<li>Tag <b>tilskuddet<\/b> dagligt for at maksimere resultaterne.<\/li>\n\n\n\n<li>Den forventede virkningstid for tilskuddet kan variere, s\u00e5 det er v\u00e6rd at v\u00e6re t\u00e5lmodig med at observere virkningerne.<\/li>\n<\/ul>\n\n\n\n<p>Ved korrekt <em>dosering<\/em> og <em>brug af<\/em> GOAT Stamina kan der ses betydelige forbedringer i koncentration og \u00e5rv\u00e5genhed, hvilket resulterer i bedre pr\u00e6station i daglige opgaver.<\/p>\n\n\n\n<h2 class=\"wp-block-heading\">GOAT Stamina &#8211; Anmeldelser og udtalelser &#8211; Hvad siger brugerne?<\/h2>\n\n\n\n<p>Brugernes <b>feedback<\/b> p\u00e5 GOAT Stamina har v\u00e6ret overv\u00e6ldende positiv. De, der har brugt tilskuddet, har bem\u00e6rket en betydelig forbedring i effektiviteten af deres daglige aktiviteter. Mange anmeldelser fremh\u00e6ver, hvordan tilskuddet har p\u00e5virket deres koncentration og generelle velbefindende.<\/p>\n\n\n\n<ul class=\"wp-block-list\">\n<li><em>Kasia:<\/em> &#8220;Efter et par ugers brug har jeg bem\u00e6rket en dramatisk forbedring af min koncentration. Takket v\u00e6re GOAT Stamina kan jeg fokusere p\u00e5 mit arbejde i l\u00e6ngere tid, hvilket har haft en betydelig indvirkning p\u00e5 min pr\u00e6station. Jeg kan helt klart anbefale det!&#8221;<\/li>\n\n\n\n<li><em>Tom:<\/em> &#8220;Siden jeg har brugt GOAT Stamina, er min pr\u00e6station i kampene blevet bedre. Jeg f\u00f8ler helt klart mere energi og beslutsomhed i l\u00f8bet af de mange timers spil.&#8221;<\/li>\n\n\n\n<li><em>Ania:<\/em> &#8220;GOAT Stamina har vist sig at v\u00e6re et hit for mig. F\u00f8r havde jeg problemer med at holde min opm\u00e6rksomhed, og nu er jeg meget mere effektiv b\u00e5de p\u00e5 arbejdet og i min dagligdag.&#8221;<\/li>\n<\/ul>\n\n\n\n<p><b>Anmeldelser fra<\/b> disse brugere peger p\u00e5 de positive effekter af GOAT Stamina, som bidrager til en bedre livskvalitet og \u00f8get ydeevne. Troen p\u00e5 effektiviteten af dette tilskud bliver mere udbredt, hvilket fremg\u00e5r af adskillige <b>anmeldelser<\/b> online.<\/p>\n\n\n\n<h2 class=\"wp-block-heading\">Sammens\u00e6tning af GOAT Stamina &#8211; Hvad indeholder det?<\/h2>\n\n\n\n<p>GOAT Stamina indeholder en r\u00e6kke n\u00f8je udvalgte ingredienser, der underst\u00f8tter den kognitive funktion og forbedrer kroppens samlede <b>ydeevne<\/b> under intens tr\u00e6ning. Nedenfor er en oversigt over de vigtigste ingredienser og deres virkning p\u00e5 kroppen:<\/p>\n\n\n\n<figure class=\"wp-block-table\"><table class=\"has-fixed-layout\"><tbody><tr><th>Komponent<\/th><th>Handling<\/th><\/tr><tr><td>Koffein vandfri<\/td><td>\u00d8ger \u00e5rv\u00e5genhed og energi, fjerner tegn p\u00e5 tr\u00e6thed.<\/td><\/tr><tr><td>L-Taurin<\/td><td>Underst\u00f8tter den kognitive funktion og reducerer tr\u00e6thed.<\/td><\/tr><tr><td>EnXtra\u2122<\/td><td>Forbedrer opm\u00e6rksomheden i op til 5 timer uden at h\u00e6ve blodtrykket.<\/td><\/tr><tr><td>Cognivia\u2122<\/td><td>St\u00f8tte til langsigtet fokus og stressreduktion.<\/td><\/tr><tr><td>B-vitaminer (B1, B2, B6, B12)<\/td><td>Korrekt funktion af nervesystemet og stofskiftet.<\/td><\/tr><tr><td>Vitamin A og E<\/td><td>Underst\u00f8tter cellul\u00e6r sundhed og beskyttelse.<\/td><\/tr><tr><td>Acetyl-L-carnitin<\/td><td>Forbedrer hjernens funktion og beskytter mod energiforringelse.<\/td><\/tr><tr><td>Ginkgo Biloba<\/td><td>Regulering af blodtryk og iltning af hjerneceller.<\/td><\/tr><\/tbody><\/table><\/figure>\n\n\n\n<p>De n\u00f8je udvalgte <em>ingredienser<\/em> i GOAT Stamina er designet til at give effektiv og langvarig st\u00f8tte til at opretholde et h\u00f8jt energiniveau og fokus, hvilket er ekstremt vigtigt for professionelle e-sportsspillere.<\/p>\n\n\n\n<h2 class=\"wp-block-heading\">Hvor kan man k\u00f8be, og hvad er prisen p\u00e5 GOAT Stamina?<\/h2>\n\n\n\n<p>GOAT Stamina kan kun k\u00f8bes fra producentens officielle hjemmeside. K\u00f8b fra andre steder kan indeb\u00e6re risiko for at erhverve forfalskninger. For at sikre, at du f\u00e5r et originalt produkt, anbefales det at v\u00e6lge p\u00e5lidelige kilder.<br>Prisen p\u00e5 GOAT Stamina kan variere afh\u00e6ngigt af producentens kampagner. Tilg\u00e6ngelige rabatter kan g\u00f8re dit k\u00f8b mere fordelagtigt. Ved at holde \u00f8je med tilbuddet kan du f\u00e5 bedre priser.<\/p>\n\n\n\n<p>Bes\u00f8g producentens hjemmeside for at f\u00e5 de nyeste tilbud og priser. Det er den bedste m\u00e5de at k\u00f8be et autentisk produkt p\u00e5.<\/p>\n\n\n\n<h2 class=\"wp-block-heading\">GOAT Stamina &#8211; Bivirkninger og kontraindikationer &#8211; Sikkerhed ved brug<\/h2>\n\n\n\n<p>Selvom GOAT Stamina betragtes som et sikkert kosttilskud, kan det v\u00e6re forbundet med nogle <strong>bivirkninger<\/strong>. <b>Brugere<\/b> har rapporteret om klager som s\u00f8vnproblemer, nerv\u00f8sitet og hovedpine. Disse reaktioner kan v\u00e6re s\u00e6rligt m\u00e6rkbare hos personer, der er f\u00f8lsomme over for <b>de<\/b> aktive ingredienser, herunder koffein. Derfor er det vigtigt, at alle kender deres krop og dens behov rigtig godt.<\/p>\n\n\n\n<p><b>Kontraindikationer<\/b> til GOAT Stamina omfatter prim\u00e6rt personer med overf\u00f8lsomhed over for koffein, gravide kvinder og ammende m\u00f8dre. Det anbefales at konsultere en l\u00e6ge, f\u00f8r man begynder at tage tilskud. Det er ikke kun tilr\u00e5deligt, men faktisk n\u00f8dvendigt at tilpasse doseringen til individuelle behov for at minimere risikoen for bivirkninger.<\/p>\n\n\n\n<p><b>Sikkerheden<\/b> ved kosttilskud som GOAT Stamina b\u00f8r v\u00e6re en prioritet for alle brugere. Det er v\u00e6rd at f\u00f8lge din egen krops reaktioner og s\u00f8ge professionel r\u00e5dgivning, hvis du har nogen bekymringer. Husk altid at bruge kosttilskud som anvist for at hj\u00e6lpe dig med at opn\u00e5 optimale resultater og samtidig bevare dit helbred.<\/p>\n","protected":false},"excerpt":{"rendered":"<p><strong><span style=\"vertical-align: inherit;\"><span style=\"vertical-align: inherit;\">[date_countdown]<\/span><\/span><\/strong><\/p>\n<p><img decoding=\"async\" class=\"alignnone wp-image-4422\" src=\"https:\/\/www.vaisenhus-apotek.dk\/farmaci\/wp-content\/uploads\/2024\/10\/SAFE-PAY-300x88.png\" alt=\"SAFE PAY\" width=\"198\" height=\"58\" srcset=\"https:\/\/www.vaisenhus-apotek.dk\/farmaci\/wp-content\/uploads\/2024\/10\/SAFE-PAY-300x88.png 300w, https:\/\/www.vaisenhus-apotek.dk\/farmaci\/wp-content\/uploads\/2024\/10\/SAFE-PAY-1024x302.png 1024w, https:\/\/www.vaisenhus-apotek.dk\/farmaci\/wp-content\/uploads\/2024\/10\/SAFE-PAY-768x226.png 768w, https:\/\/www.vaisenhus-apotek.dk\/farmaci\/wp-content\/uploads\/2024\/10\/SAFE-PAY-600x177.png 600w, https:\/\/www.vaisenhus-apotek.dk\/farmaci\/wp-content\/uploads\/2024\/10\/SAFE-PAY.png 1038w\" sizes=\"(max-width: 198px) 100vw, 198px\" \/><\/p>\n","protected":false},"featured_media":4372,"comment_status":"open","ping_status":"closed","template":"","meta":{"neve_meta_sidebar":"","neve_meta_container":"","neve_meta_enable_content_width":"","neve_meta_content_width":0,"neve_meta_title_alignment":"","neve_meta_author_avatar":"","neve_post_elements_order":"","neve_meta_disable_header":"","neve_meta_disable_footer":"","neve_meta_disable_title":"","neve_meta_reading_time":""},"product_brand":[],"product_cat":[18],"product_tag":[],"class_list":{"0":"post-4349","1":"product","2":"type-product","3":"status-publish","4":"has-post-thumbnail","6":"product_cat-sundhed","8":"first","9":"instock","10":"sale","11":"shipping-taxable","12":"product-type-external"},"yoast_head":"<!-- This site is optimized with the Yoast SEO plugin v27.4 - https:\/\/yoast.com\/product\/yoast-seo-wordpress\/ -->\n<title>GOAT Stamina - Anmeldelse, Forum, Apotek, Pris, Effekter | -50%<\/title>\n<meta name=\"robots\" content=\"index, follow, max-snippet:-1, max-image-preview:large, max-video-preview:-1\" \/>\n<link rel=\"canonical\" href=\"https:\/\/www.vaisenhus-apotek.dk\/farmaci\/supp\/goat-stamina\/\" \/>\n<meta property=\"og:locale\" content=\"da_DK\" \/>\n<meta property=\"og:type\" content=\"article\" \/>\n<meta property=\"og:title\" content=\"GOAT Stamina - Anmeldelse, Forum, Apotek, Pris, Effekter | -50%\" \/>\n<meta property=\"og:url\" content=\"https:\/\/www.vaisenhus-apotek.dk\/farmaci\/supp\/goat-stamina\/\" \/>\n<meta property=\"og:site_name\" content=\"Vaisenhus-Apotek\" \/>\n<meta property=\"article:modified_time\" content=\"2024-10-12T16:05:07+00:00\" \/>\n<meta property=\"og:image\" content=\"https:\/\/www.vaisenhus-apotek.dk\/farmaci\/wp-content\/uploads\/2024\/10\/GOAT-Stamina.jpg\" \/>\n\t<meta property=\"og:image:width\" content=\"768\" \/>\n\t<meta property=\"og:image:height\" content=\"768\" \/>\n\t<meta property=\"og:image:type\" content=\"image\/jpeg\" \/>\n<meta name=\"twitter:card\" content=\"summary_large_image\" \/>\n<meta name=\"twitter:description\" content=\"[date_countdown]\" \/>\n<meta name=\"twitter:label1\" content=\"Estimeret l\u00e6setid\" \/>\n\t<meta name=\"twitter:data1\" content=\"7 minutter\" \/>\n<script type=\"application\/ld+json\" class=\"yoast-schema-graph\">{\"@context\":\"https:\\\/\\\/schema.org\",\"@graph\":[{\"@type\":\"WebPage\",\"@id\":\"https:\\\/\\\/www.vaisenhus-apotek.dk\\\/farmaci\\\/supp\\\/goat-stamina\\\/\",\"url\":\"https:\\\/\\\/www.vaisenhus-apotek.dk\\\/farmaci\\\/supp\\\/goat-stamina\\\/\",\"name\":\"GOAT Stamina - Anmeldelse, Forum, Apotek, Pris, Effekter | -50%\",\"isPartOf\":{\"@id\":\"https:\\\/\\\/www.vaisenhus-apotek.dk\\\/farmaci\\\/#website\"},\"primaryImageOfPage\":{\"@id\":\"https:\\\/\\\/www.vaisenhus-apotek.dk\\\/farmaci\\\/supp\\\/goat-stamina\\\/#primaryimage\"},\"image\":{\"@id\":\"https:\\\/\\\/www.vaisenhus-apotek.dk\\\/farmaci\\\/supp\\\/goat-stamina\\\/#primaryimage\"},\"thumbnailUrl\":\"https:\\\/\\\/www.vaisenhus-apotek.dk\\\/farmaci\\\/wp-content\\\/uploads\\\/2024\\\/10\\\/GOAT-Stamina.jpg\",\"datePublished\":\"2024-10-10T20:32:00+00:00\",\"dateModified\":\"2024-10-12T16:05:07+00:00\",\"breadcrumb\":{\"@id\":\"https:\\\/\\\/www.vaisenhus-apotek.dk\\\/farmaci\\\/supp\\\/goat-stamina\\\/#breadcrumb\"},\"inLanguage\":\"da-DK\",\"potentialAction\":[{\"@type\":\"ReadAction\",\"target\":[\"https:\\\/\\\/www.vaisenhus-apotek.dk\\\/farmaci\\\/supp\\\/goat-stamina\\\/\"]}]},{\"@type\":\"ImageObject\",\"inLanguage\":\"da-DK\",\"@id\":\"https:\\\/\\\/www.vaisenhus-apotek.dk\\\/farmaci\\\/supp\\\/goat-stamina\\\/#primaryimage\",\"url\":\"https:\\\/\\\/www.vaisenhus-apotek.dk\\\/farmaci\\\/wp-content\\\/uploads\\\/2024\\\/10\\\/GOAT-Stamina.jpg\",\"contentUrl\":\"https:\\\/\\\/www.vaisenhus-apotek.dk\\\/farmaci\\\/wp-content\\\/uploads\\\/2024\\\/10\\\/GOAT-Stamina.jpg\",\"width\":768,\"height\":768},{\"@type\":\"BreadcrumbList\",\"@id\":\"https:\\\/\\\/www.vaisenhus-apotek.dk\\\/farmaci\\\/supp\\\/goat-stamina\\\/#breadcrumb\",\"itemListElement\":[{\"@type\":\"ListItem\",\"position\":1,\"name\":\"Strona g\u0142\u00f3wna\",\"item\":\"https:\\\/\\\/www.vaisenhus-apotek.dk\\\/farmaci\\\/\"},{\"@type\":\"ListItem\",\"position\":2,\"name\":\"farmaci\",\"item\":\"https:\\\/\\\/www.vaisenhus-apotek.dk\\\/farmaci\\\/\"},{\"@type\":\"ListItem\",\"position\":3,\"name\":\"GOAT Stamina\"}]},{\"@type\":\"WebSite\",\"@id\":\"https:\\\/\\\/www.vaisenhus-apotek.dk\\\/farmaci\\\/#website\",\"url\":\"https:\\\/\\\/www.vaisenhus-apotek.dk\\\/farmaci\\\/\",\"name\":\"vaisenhus-apotek.dk\",\"description\":\"\",\"potentialAction\":[{\"@type\":\"SearchAction\",\"target\":{\"@type\":\"EntryPoint\",\"urlTemplate\":\"https:\\\/\\\/www.vaisenhus-apotek.dk\\\/farmaci\\\/?s={search_term_string}\"},\"query-input\":{\"@type\":\"PropertyValueSpecification\",\"valueRequired\":true,\"valueName\":\"search_term_string\"}}],\"inLanguage\":\"da-DK\"}]}<\/script>\n<!-- \/ Yoast SEO plugin. -->","yoast_head_json":{"title":"GOAT Stamina - Anmeldelse, Forum, Apotek, Pris, Effekter | -50%","robots":{"index":"index","follow":"follow","max-snippet":"max-snippet:-1","max-image-preview":"max-image-preview:large","max-video-preview":"max-video-preview:-1"},"canonical":"https:\/\/www.vaisenhus-apotek.dk\/farmaci\/supp\/goat-stamina\/","og_locale":"da_DK","og_type":"article","og_title":"GOAT Stamina - Anmeldelse, Forum, Apotek, Pris, Effekter | -50%","og_url":"https:\/\/www.vaisenhus-apotek.dk\/farmaci\/supp\/goat-stamina\/","og_site_name":"Vaisenhus-Apotek","article_modified_time":"2024-10-12T16:05:07+00:00","og_image":[{"width":768,"height":768,"url":"https:\/\/www.vaisenhus-apotek.dk\/farmaci\/wp-content\/uploads\/2024\/10\/GOAT-Stamina.jpg","type":"image\/jpeg"}],"twitter_card":"summary_large_image","twitter_description":"[date_countdown]","twitter_misc":{"Estimeret l\u00e6setid":"7 minutter"},"schema":{"@context":"https:\/\/schema.org","@graph":[{"@type":"WebPage","@id":"https:\/\/www.vaisenhus-apotek.dk\/farmaci\/supp\/goat-stamina\/","url":"https:\/\/www.vaisenhus-apotek.dk\/farmaci\/supp\/goat-stamina\/","name":"GOAT Stamina - Anmeldelse, Forum, Apotek, Pris, Effekter | -50%","isPartOf":{"@id":"https:\/\/www.vaisenhus-apotek.dk\/farmaci\/#website"},"primaryImageOfPage":{"@id":"https:\/\/www.vaisenhus-apotek.dk\/farmaci\/supp\/goat-stamina\/#primaryimage"},"image":{"@id":"https:\/\/www.vaisenhus-apotek.dk\/farmaci\/supp\/goat-stamina\/#primaryimage"},"thumbnailUrl":"https:\/\/www.vaisenhus-apotek.dk\/farmaci\/wp-content\/uploads\/2024\/10\/GOAT-Stamina.jpg","datePublished":"2024-10-10T20:32:00+00:00","dateModified":"2024-10-12T16:05:07+00:00","breadcrumb":{"@id":"https:\/\/www.vaisenhus-apotek.dk\/farmaci\/supp\/goat-stamina\/#breadcrumb"},"inLanguage":"da-DK","potentialAction":[{"@type":"ReadAction","target":["https:\/\/www.vaisenhus-apotek.dk\/farmaci\/supp\/goat-stamina\/"]}]},{"@type":"ImageObject","inLanguage":"da-DK","@id":"https:\/\/www.vaisenhus-apotek.dk\/farmaci\/supp\/goat-stamina\/#primaryimage","url":"https:\/\/www.vaisenhus-apotek.dk\/farmaci\/wp-content\/uploads\/2024\/10\/GOAT-Stamina.jpg","contentUrl":"https:\/\/www.vaisenhus-apotek.dk\/farmaci\/wp-content\/uploads\/2024\/10\/GOAT-Stamina.jpg","width":768,"height":768},{"@type":"BreadcrumbList","@id":"https:\/\/www.vaisenhus-apotek.dk\/farmaci\/supp\/goat-stamina\/#breadcrumb","itemListElement":[{"@type":"ListItem","position":1,"name":"Strona g\u0142\u00f3wna","item":"https:\/\/www.vaisenhus-apotek.dk\/farmaci\/"},{"@type":"ListItem","position":2,"name":"farmaci","item":"https:\/\/www.vaisenhus-apotek.dk\/farmaci\/"},{"@type":"ListItem","position":3,"name":"GOAT Stamina"}]},{"@type":"WebSite","@id":"https:\/\/www.vaisenhus-apotek.dk\/farmaci\/#website","url":"https:\/\/www.vaisenhus-apotek.dk\/farmaci\/","name":"vaisenhus-apotek.dk","description":"","potentialAction":[{"@type":"SearchAction","target":{"@type":"EntryPoint","urlTemplate":"https:\/\/www.vaisenhus-apotek.dk\/farmaci\/?s={search_term_string}"},"query-input":{"@type":"PropertyValueSpecification","valueRequired":true,"valueName":"search_term_string"}}],"inLanguage":"da-DK"}]}},"_links":{"self":[{"href":"https:\/\/www.vaisenhus-apotek.dk\/farmaci\/wp-json\/wp\/v2\/product\/4349","targetHints":{"allow":["GET"]}}],"collection":[{"href":"https:\/\/www.vaisenhus-apotek.dk\/farmaci\/wp-json\/wp\/v2\/product"}],"about":[{"href":"https:\/\/www.vaisenhus-apotek.dk\/farmaci\/wp-json\/wp\/v2\/types\/product"}],"replies":[{"embeddable":true,"href":"https:\/\/www.vaisenhus-apotek.dk\/farmaci\/wp-json\/wp\/v2\/comments?post=4349"}],"wp:featuredmedia":[{"embeddable":true,"href":"https:\/\/www.vaisenhus-apotek.dk\/farmaci\/wp-json\/wp\/v2\/media\/4372"}],"wp:attachment":[{"href":"https:\/\/www.vaisenhus-apotek.dk\/farmaci\/wp-json\/wp\/v2\/media?parent=4349"}],"wp:term":[{"taxonomy":"product_brand","embeddable":true,"href":"https:\/\/www.vaisenhus-apotek.dk\/farmaci\/wp-json\/wp\/v2\/product_brand?post=4349"},{"taxonomy":"product_cat","embeddable":true,"href":"https:\/\/www.vaisenhus-apotek.dk\/farmaci\/wp-json\/wp\/v2\/product_cat?post=4349"},{"taxonomy":"product_tag","embeddable":true,"href":"https:\/\/www.vaisenhus-apotek.dk\/farmaci\/wp-json\/wp\/v2\/product_tag?post=4349"}],"curies":[{"name":"wp","href":"https:\/\/api.w.org\/{rel}","templated":true}]}}