{"id":4345,"date":"2024-10-10T20:32:00","date_gmt":"2024-10-10T20:32:00","guid":{"rendered":"https:\/\/www.vaisenhus-apotek.dk\/farmaci\/?post_type=product&#038;p=4345"},"modified":"2024-10-12T16:23:28","modified_gmt":"2024-10-12T16:23:28","slug":"flexomore","status":"publish","type":"product","link":"https:\/\/www.vaisenhus-apotek.dk\/farmaci\/supp\/flexomore\/","title":{"rendered":"Flexomore"},"content":{"rendered":"\n<h2 class=\"wp-block-heading\">Hvad er Flexomore, og hvordan virker det?<\/h2>\n\n\n\n<p><b>Flexomore<\/b> er et <em>kosttilskud<\/em>, hvis hovedform\u00e5l er at st\u00f8tte leddenes sundhed. <b>Tilskuddet virker<\/b> ved at regenerere beskadiget v\u00e6v og \u00f8ge leddenes fleksibilitet. Takket v\u00e6re den anvendte formel st\u00f8tter Flexomore effektivt kroppen i forebyggelsen af ledsygdomme. Derudover reducerer produktet smerter forbundet med ledsygdomme, hvilket har en betydelig indvirkning p\u00e5 det daglige velbefindende og livskvaliteten.<\/p>\n\n\n\n<p><b>Brugen<\/b> af Flexomore fremmer kroppens naturlige processer for at hj\u00e6lpe med at bek\u00e6mpe problemer i bev\u00e6geapparatet. De, der k\u00e6mper med ubehag i leddene, m\u00e6rker en forbedring af mobilitet og funktion. Tilskuddet fremskynder restitutionsprocesserne, hvilket er vigtigt for fysisk aktive mennesker s\u00e5vel som for dem med begr\u00e6nset mobilitet.<\/p>\n\n\n\n<ul class=\"wp-block-list\">\n<li>Underst\u00f8ttelse af v\u00e6vsregenerering<\/li>\n\n\n\n<li>\u00d8get fleksibilitet i leddene<\/li>\n\n\n\n<li>Reduktion af ledsmerter<\/li>\n\n\n\n<li>Forbedring af livskvaliteten<\/li>\n\n\n\n<li><b>Virker<\/b> til at st\u00f8tte kroppens naturlige processer<\/li>\n<\/ul>\n\n\n\n<h2 class=\"wp-block-heading\">Fordele ved Flexomore &#8211; Effekter<\/h2>\n\n\n\n<p>Regelm\u00e6ssig <b>brug af<\/b> <em>Flexomore<\/em> har en r\u00e6kke gavnlige virkninger, som har stor betydning for <b>leddenes sundhed<\/b>. Brugerne m\u00e6rker en reduktion af smerter, hvilket giver en bedre f\u00f8lelse af velv\u00e6re. Disse <b>effekter<\/b> er is\u00e6r tydelige i forbedringen af leddenes mobilitet, hvilket er afg\u00f8rende for fysisk aktive mennesker og atleter.<\/p>\n\n\n\n<p>Tilskuddet underst\u00f8tter ikke kun <b>leddenes sundhed<\/b>, men fremskynder ogs\u00e5 restitutionen efter tr\u00e6ning. Brugere af <em>Flexomore<\/em> rapporterer om betydelige forbedringer i mobilitet og daglige aktiviteter efter blot et par uger. Takket v\u00e6re den holistiske tilgang er dette produkt det ideelle kosttilskud til alle, der \u00f8nsker at tage sig af deres <b>leds sundhed<\/b>.<\/p>\n\n\n\n<figure class=\"wp-block-table\"><table class=\"has-fixed-layout\"><tbody><tr><th>Effekt<\/th><th>Beskrivelse<\/th><\/tr><tr><td>Reduktion af smerter<\/td><td>Brugerne oplever mindre ubehag i deres led.<\/td><\/tr><tr><td>Forbedring af mobiliteten<\/td><td>Den \u00f8gede fleksibilitet i leddene g\u00f8r de daglige aktiviteter lettere.<\/td><\/tr><tr><td>Regenerering<\/td><td>Hurtigere restitution efter tr\u00e6ning, ideel til sportsfolk.<\/td><\/tr><tr><td>Generelt velbefindende<\/td><td>Forbedret fysisk og psykisk velbefindende gennem smertefri aktivitet.<\/td><\/tr><\/tbody><\/table><\/figure>\n\n\n\n<h2 class=\"wp-block-heading\">Hvordan bruges Flexomore? &#8211; Dosering<\/h2>\n\n\n\n<p>For at opn\u00e5 maksimal <b>effekt<\/b> anbefales det at <b>bruge<\/b> Flexomore i henhold til retningslinjerne i <em>indl\u00e6gssedlen<\/em>. I gennemsnit er den passende <b>dosis<\/b> en tablet om dagen, som drikkes med vand. N\u00f8glen til sikkerhed er n\u00f8je at f\u00f8lge producentens anbefalinger. P\u00e5 den m\u00e5de kan man undg\u00e5 potentielle bivirkninger og sikre, at kosttilskuddet er effektivt.<\/p>\n\n\n\n<p>Her er detaljerne om Flexomores dosering:<\/p>\n\n\n\n<figure class=\"wp-block-table\"><table class=\"has-fixed-layout\"><tbody><tr><th>Dosering<\/th><th>Tid til modtagelse<\/th><th>Kommentarer<\/th><\/tr><tr><td>1 tablet om dagen<\/td><td>I l\u00f8bet af dagen, helst i forbindelse med et m\u00e5ltid<\/td><td>Indtag med tilstr\u00e6kkeligt vand<\/td><\/tr><\/tbody><\/table><\/figure>\n\n\n\n<p>Korrekt <em>brug af<\/em> Flexomore fremmer langvarige effekter og underst\u00f8tter <b>leddenes sundhed<\/b>. Regelm\u00e6ssig brug af produktet \u00f8ger dets effektivitet. N\u00e5r den etablerede behandling er afsluttet, kan yderligere brug overvejes som en forebyggende foranstaltning for sunde led.<\/p>\n\n\n\n<h2 class=\"wp-block-heading\">Flexomore-anmeldelser &#8211; Hvad siger brugerne i forummet?<\/h2>\n\n\n\n<p>Flexomore vinder anerkendelse blandt brugere, som deler deres positive <em>feedback<\/em> p\u00e5 forskellige <em>fora.<\/em> Mange anmeldelser viser, at tilskuddet forbedrer bev\u00e6gelseskomforten betydeligt og underst\u00f8tter <b>leddenes sundhed<\/b>. Flexomore-tilh\u00e6ngere omfatter mennesker i alle aldre, der har oplevet de positive <em>virkninger af<\/em> dette tilskud.<\/p>\n\n\n\n<p>Eksempler p\u00e5 brugeroplevelser viser, hvor meget Flexomore har p\u00e5virket deres hverdag:<\/p>\n\n\n\n<ul class=\"wp-block-list\">\n<li><em>Eve<\/em> understreger, at hun efter flere m\u00e5neders brug oplevede en markant forbedring af ledbev\u00e6gelserne og frav\u00e6ret af smerter.<\/li>\n\n\n\n<li><em>Jan<\/em> har set hurtige resultater og f\u00f8lte en betydelig lettelse efter bare en uges intensiv tr\u00e6ning.<\/li>\n\n\n\n<li><em>Natalia<\/em> satte pris p\u00e5 Flexomores naturlige ingredienser, som hjalp hende med at bek\u00e6mpe kroniske ledsmerter.<\/li>\n<\/ul>\n\n\n\n<p>Disse <b>anmeldelser<\/b> kommenteres ofte i <em>fora<\/em>, hvor andre brugere deler deres erfaringer, hvilket kan indikere, at produktet er meget effektivt. Den f\u00e6lles informationsudveksling giver fremtidige brugere et godt grundlag for at beslutte at starte behandling med Flexomore. Det er v\u00e6rd at bem\u00e6rke de positive <em>effekter<\/em>, som regelm\u00e6ssig brug af dette supplement kan medf\u00f8re.<\/p>\n\n\n\n<h2 class=\"wp-block-heading\">Flexomore &#8211; Sammens\u00e6tning &#8211; Hvad indeholder det?<\/h2>\n\n\n\n<p>Som <b>kosttilskud<\/b> udm\u00e6rker Flexomore sig ved sin omhyggeligt udvalgte sammens\u00e6tning, der underst\u00f8tter <b>leddenes sundhed<\/b> og funktion. De vigtigste aktive ingredienser i produktet er:<\/p>\n\n\n\n<ul class=\"wp-block-list\">\n<li><em>Glucosamin<\/em> &#8211; kendt for sine regenererende og bruskunderst\u00f8ttende egenskaber.<\/li>\n\n\n\n<li><em>Chondroitin<\/em> &#8211; har en beroligende effekt og hj\u00e6lper med at forbedre leddenes fleksibilitet.<\/li>\n\n\n\n<li><em>C-vitamin<\/em> &#8211; underst\u00f8tter kollagenproduktionen, som er afg\u00f8rende for leddenes sundhed.<\/li>\n\n\n\n<li><em>Boswellia Serrata<\/em> &#8211; har antiinflammatoriske <b>virkninger<\/b>, som kan hj\u00e6lpe med at reducere ledsmerter.<\/li>\n<\/ul>\n\n\n\n<p><b>Sammens\u00e6tningen<\/b> af Flexomore er baseret p\u00e5 den nyeste videnskabelige forskning, hvilket sikrer, at det virker effektivt. <b>Kosttilskuddet<\/b> er til gavn for mennesker, der k\u00e6mper med bev\u00e6gelsesproblemer og ledsmerter. Det er v\u00e6rd at bem\u00e6rke, at Flexomore er designet til at st\u00f8tte kroppen naturligt, hvilket betyder, at det ikke har nogen bivirkninger og er tilg\u00e6ngeligt uden recept.<\/p>\n\n\n\n<p>Med denne sammens\u00e6tning giver Flexomore et solidt grundlag for at forbedre leddenes sundhed og ydeevne i hverdagen.<\/p>\n\n\n\n<h2 class=\"wp-block-heading\">Hvor kan man k\u00f8be og hvor meget koster Flexomore &#8211; pris<\/h2>\n\n\n\n<p>Flexomore kan kun k\u00f8bes fra <em>producentens officielle hjemmeside<\/em>. Kun der kan kunderne v\u00e6re sikre p\u00e5, at de modtager et autentisk produkt. Der er i \u00f8jeblikket forskellige kampagner, der reducerer <em>prisen p\u00e5<\/em> tilskuddet, hvilket g\u00f8r det endnu mere tilg\u00e6ngeligt for alle, der er interesserede i at st\u00f8tte leddenes sundhed.<\/p>\n\n\n\n<p>Hvis du regelm\u00e6ssigt tjekker <em>producentens officielle<\/em> hjemmeside, kan du finde de bedste tilbud og kampagner.<\/p>\n\n\n\n<h2 class=\"wp-block-heading\">Potentielle bivirkninger og kontraindikationer ved Flexomore<\/h2>\n\n\n\n<p>Flexomore betragtes som et sikkert kosttilskud, men nogle <strong>bivirkninger<\/strong> er mulige og b\u00f8r tages i betragtning, f\u00f8r man begynder at bruge det. Omkring 15 % af brugerne kan opleve gastrointestinale problemer som kvalme, oppustethed eller mavesmerter, is\u00e6r i begyndelsen af tilskuddet. Derfor er det en god id\u00e9 at v\u00e6re opm\u00e6rksom p\u00e5 potentielle kropslige reaktioner for at kunne reagere i overensstemmelse hermed.<\/p>\n\n\n\n<p>Vigtige <strong>kontraindikationer<\/strong> for brugen af Flexomore er helbredstilstande, der kr\u00e6ver l\u00e6gekonsultation. Personer med autoimmune sygdomme, som udg\u00f8r ca. 5 % af befolkningen, og gravide og ammende kvinder (ca. 20 % af befolkningen) b\u00f8r undg\u00e5 tilskud uden f\u00f8rst at tale med deres l\u00e6ge. Derudover kan l\u00e6gemiddelinteraktioner, is\u00e6r med antikoagulantia, p\u00e5virke omkring 10 % af de brugere, der regelm\u00e6ssigt tager anden medicin.<\/p>\n\n\n\n<p>Selvom allergiske reaktioner p\u00e5 Flexomore-ingredienser er sj\u00e6ldne, kan de forekomme hos 3-5 % af brugere med overf\u00f8lsomhed. P\u00e5 grund af disse mulige <strong>bivirkninger<\/strong> og <strong>kontraindikationer<\/strong> er det vigtigt at s\u00f8ge professionel l\u00e6gehj\u00e6lp, f\u00f8r man begynder at tage tilskud.<\/p>\n","protected":false},"excerpt":{"rendered":"<p><strong><span style=\"vertical-align: inherit;\"><span style=\"vertical-align: inherit;\">[date_countdown]<\/span><\/span><\/strong><\/p>\n<p><img decoding=\"async\" class=\"alignnone wp-image-4422\" src=\"https:\/\/www.vaisenhus-apotek.dk\/farmaci\/wp-content\/uploads\/2024\/10\/SAFE-PAY-300x88.png\" alt=\"SAFE PAY\" width=\"198\" height=\"58\" srcset=\"https:\/\/www.vaisenhus-apotek.dk\/farmaci\/wp-content\/uploads\/2024\/10\/SAFE-PAY-300x88.png 300w, https:\/\/www.vaisenhus-apotek.dk\/farmaci\/wp-content\/uploads\/2024\/10\/SAFE-PAY-1024x302.png 1024w, https:\/\/www.vaisenhus-apotek.dk\/farmaci\/wp-content\/uploads\/2024\/10\/SAFE-PAY-768x226.png 768w, https:\/\/www.vaisenhus-apotek.dk\/farmaci\/wp-content\/uploads\/2024\/10\/SAFE-PAY-600x177.png 600w, https:\/\/www.vaisenhus-apotek.dk\/farmaci\/wp-content\/uploads\/2024\/10\/SAFE-PAY.png 1038w\" sizes=\"(max-width: 198px) 100vw, 198px\" \/><\/p>\n","protected":false},"featured_media":4370,"comment_status":"open","ping_status":"closed","template":"","meta":{"neve_meta_sidebar":"","neve_meta_container":"","neve_meta_enable_content_width":"","neve_meta_content_width":0,"neve_meta_title_alignment":"","neve_meta_author_avatar":"","neve_post_elements_order":"","neve_meta_disable_header":"","neve_meta_disable_footer":"","neve_meta_disable_title":"","neve_meta_reading_time":""},"product_brand":[],"product_cat":[18],"product_tag":[],"class_list":{"0":"post-4345","1":"product","2":"type-product","3":"status-publish","4":"has-post-thumbnail","6":"product_cat-sundhed","8":"first","9":"instock","10":"sale","11":"shipping-taxable","12":"product-type-external"},"yoast_head":"<!-- This site is optimized with the Yoast SEO plugin v27.4 - https:\/\/yoast.com\/product\/yoast-seo-wordpress\/ -->\n<title>Flexomore - Anmeldelse, Forum, Apotek, Pris, Effekter | -50%<\/title>\n<meta name=\"robots\" content=\"index, follow, max-snippet:-1, max-image-preview:large, max-video-preview:-1\" \/>\n<link rel=\"canonical\" href=\"https:\/\/www.vaisenhus-apotek.dk\/farmaci\/supp\/flexomore\/\" \/>\n<meta property=\"og:locale\" content=\"da_DK\" \/>\n<meta property=\"og:type\" content=\"article\" \/>\n<meta property=\"og:title\" content=\"Flexomore - Anmeldelse, Forum, Apotek, Pris, Effekter | -50%\" \/>\n<meta property=\"og:url\" content=\"https:\/\/www.vaisenhus-apotek.dk\/farmaci\/supp\/flexomore\/\" \/>\n<meta property=\"og:site_name\" content=\"Vaisenhus-Apotek\" \/>\n<meta property=\"article:modified_time\" content=\"2024-10-12T16:23:28+00:00\" \/>\n<meta property=\"og:image\" content=\"https:\/\/www.vaisenhus-apotek.dk\/farmaci\/wp-content\/uploads\/2024\/10\/Flexomore.png\" \/>\n\t<meta property=\"og:image:width\" content=\"768\" \/>\n\t<meta property=\"og:image:height\" content=\"768\" \/>\n\t<meta property=\"og:image:type\" content=\"image\/png\" \/>\n<meta name=\"twitter:card\" content=\"summary_large_image\" \/>\n<meta name=\"twitter:description\" content=\"[date_countdown]\" \/>\n<meta name=\"twitter:label1\" content=\"Estimeret l\u00e6setid\" \/>\n\t<meta name=\"twitter:data1\" content=\"6 minutter\" \/>\n<script type=\"application\/ld+json\" class=\"yoast-schema-graph\">{\"@context\":\"https:\\\/\\\/schema.org\",\"@graph\":[{\"@type\":\"WebPage\",\"@id\":\"https:\\\/\\\/www.vaisenhus-apotek.dk\\\/farmaci\\\/supp\\\/flexomore\\\/\",\"url\":\"https:\\\/\\\/www.vaisenhus-apotek.dk\\\/farmaci\\\/supp\\\/flexomore\\\/\",\"name\":\"Flexomore - Anmeldelse, Forum, Apotek, Pris, Effekter | -50%\",\"isPartOf\":{\"@id\":\"https:\\\/\\\/www.vaisenhus-apotek.dk\\\/farmaci\\\/#website\"},\"primaryImageOfPage\":{\"@id\":\"https:\\\/\\\/www.vaisenhus-apotek.dk\\\/farmaci\\\/supp\\\/flexomore\\\/#primaryimage\"},\"image\":{\"@id\":\"https:\\\/\\\/www.vaisenhus-apotek.dk\\\/farmaci\\\/supp\\\/flexomore\\\/#primaryimage\"},\"thumbnailUrl\":\"https:\\\/\\\/www.vaisenhus-apotek.dk\\\/farmaci\\\/wp-content\\\/uploads\\\/2024\\\/10\\\/Flexomore.png\",\"datePublished\":\"2024-10-10T20:32:00+00:00\",\"dateModified\":\"2024-10-12T16:23:28+00:00\",\"breadcrumb\":{\"@id\":\"https:\\\/\\\/www.vaisenhus-apotek.dk\\\/farmaci\\\/supp\\\/flexomore\\\/#breadcrumb\"},\"inLanguage\":\"da-DK\",\"potentialAction\":[{\"@type\":\"ReadAction\",\"target\":[\"https:\\\/\\\/www.vaisenhus-apotek.dk\\\/farmaci\\\/supp\\\/flexomore\\\/\"]}]},{\"@type\":\"ImageObject\",\"inLanguage\":\"da-DK\",\"@id\":\"https:\\\/\\\/www.vaisenhus-apotek.dk\\\/farmaci\\\/supp\\\/flexomore\\\/#primaryimage\",\"url\":\"https:\\\/\\\/www.vaisenhus-apotek.dk\\\/farmaci\\\/wp-content\\\/uploads\\\/2024\\\/10\\\/Flexomore.png\",\"contentUrl\":\"https:\\\/\\\/www.vaisenhus-apotek.dk\\\/farmaci\\\/wp-content\\\/uploads\\\/2024\\\/10\\\/Flexomore.png\",\"width\":768,\"height\":768},{\"@type\":\"BreadcrumbList\",\"@id\":\"https:\\\/\\\/www.vaisenhus-apotek.dk\\\/farmaci\\\/supp\\\/flexomore\\\/#breadcrumb\",\"itemListElement\":[{\"@type\":\"ListItem\",\"position\":1,\"name\":\"Strona g\u0142\u00f3wna\",\"item\":\"https:\\\/\\\/www.vaisenhus-apotek.dk\\\/farmaci\\\/\"},{\"@type\":\"ListItem\",\"position\":2,\"name\":\"farmaci\",\"item\":\"https:\\\/\\\/www.vaisenhus-apotek.dk\\\/farmaci\\\/\"},{\"@type\":\"ListItem\",\"position\":3,\"name\":\"Flexomore\"}]},{\"@type\":\"WebSite\",\"@id\":\"https:\\\/\\\/www.vaisenhus-apotek.dk\\\/farmaci\\\/#website\",\"url\":\"https:\\\/\\\/www.vaisenhus-apotek.dk\\\/farmaci\\\/\",\"name\":\"vaisenhus-apotek.dk\",\"description\":\"\",\"potentialAction\":[{\"@type\":\"SearchAction\",\"target\":{\"@type\":\"EntryPoint\",\"urlTemplate\":\"https:\\\/\\\/www.vaisenhus-apotek.dk\\\/farmaci\\\/?s={search_term_string}\"},\"query-input\":{\"@type\":\"PropertyValueSpecification\",\"valueRequired\":true,\"valueName\":\"search_term_string\"}}],\"inLanguage\":\"da-DK\"}]}<\/script>\n<!-- \/ Yoast SEO plugin. -->","yoast_head_json":{"title":"Flexomore - Anmeldelse, Forum, Apotek, Pris, Effekter | -50%","robots":{"index":"index","follow":"follow","max-snippet":"max-snippet:-1","max-image-preview":"max-image-preview:large","max-video-preview":"max-video-preview:-1"},"canonical":"https:\/\/www.vaisenhus-apotek.dk\/farmaci\/supp\/flexomore\/","og_locale":"da_DK","og_type":"article","og_title":"Flexomore - Anmeldelse, Forum, Apotek, Pris, Effekter | -50%","og_url":"https:\/\/www.vaisenhus-apotek.dk\/farmaci\/supp\/flexomore\/","og_site_name":"Vaisenhus-Apotek","article_modified_time":"2024-10-12T16:23:28+00:00","og_image":[{"width":768,"height":768,"url":"https:\/\/www.vaisenhus-apotek.dk\/farmaci\/wp-content\/uploads\/2024\/10\/Flexomore.png","type":"image\/png"}],"twitter_card":"summary_large_image","twitter_description":"[date_countdown]","twitter_misc":{"Estimeret l\u00e6setid":"6 minutter"},"schema":{"@context":"https:\/\/schema.org","@graph":[{"@type":"WebPage","@id":"https:\/\/www.vaisenhus-apotek.dk\/farmaci\/supp\/flexomore\/","url":"https:\/\/www.vaisenhus-apotek.dk\/farmaci\/supp\/flexomore\/","name":"Flexomore - Anmeldelse, Forum, Apotek, Pris, Effekter | -50%","isPartOf":{"@id":"https:\/\/www.vaisenhus-apotek.dk\/farmaci\/#website"},"primaryImageOfPage":{"@id":"https:\/\/www.vaisenhus-apotek.dk\/farmaci\/supp\/flexomore\/#primaryimage"},"image":{"@id":"https:\/\/www.vaisenhus-apotek.dk\/farmaci\/supp\/flexomore\/#primaryimage"},"thumbnailUrl":"https:\/\/www.vaisenhus-apotek.dk\/farmaci\/wp-content\/uploads\/2024\/10\/Flexomore.png","datePublished":"2024-10-10T20:32:00+00:00","dateModified":"2024-10-12T16:23:28+00:00","breadcrumb":{"@id":"https:\/\/www.vaisenhus-apotek.dk\/farmaci\/supp\/flexomore\/#breadcrumb"},"inLanguage":"da-DK","potentialAction":[{"@type":"ReadAction","target":["https:\/\/www.vaisenhus-apotek.dk\/farmaci\/supp\/flexomore\/"]}]},{"@type":"ImageObject","inLanguage":"da-DK","@id":"https:\/\/www.vaisenhus-apotek.dk\/farmaci\/supp\/flexomore\/#primaryimage","url":"https:\/\/www.vaisenhus-apotek.dk\/farmaci\/wp-content\/uploads\/2024\/10\/Flexomore.png","contentUrl":"https:\/\/www.vaisenhus-apotek.dk\/farmaci\/wp-content\/uploads\/2024\/10\/Flexomore.png","width":768,"height":768},{"@type":"BreadcrumbList","@id":"https:\/\/www.vaisenhus-apotek.dk\/farmaci\/supp\/flexomore\/#breadcrumb","itemListElement":[{"@type":"ListItem","position":1,"name":"Strona g\u0142\u00f3wna","item":"https:\/\/www.vaisenhus-apotek.dk\/farmaci\/"},{"@type":"ListItem","position":2,"name":"farmaci","item":"https:\/\/www.vaisenhus-apotek.dk\/farmaci\/"},{"@type":"ListItem","position":3,"name":"Flexomore"}]},{"@type":"WebSite","@id":"https:\/\/www.vaisenhus-apotek.dk\/farmaci\/#website","url":"https:\/\/www.vaisenhus-apotek.dk\/farmaci\/","name":"vaisenhus-apotek.dk","description":"","potentialAction":[{"@type":"SearchAction","target":{"@type":"EntryPoint","urlTemplate":"https:\/\/www.vaisenhus-apotek.dk\/farmaci\/?s={search_term_string}"},"query-input":{"@type":"PropertyValueSpecification","valueRequired":true,"valueName":"search_term_string"}}],"inLanguage":"da-DK"}]}},"_links":{"self":[{"href":"https:\/\/www.vaisenhus-apotek.dk\/farmaci\/wp-json\/wp\/v2\/product\/4345","targetHints":{"allow":["GET"]}}],"collection":[{"href":"https:\/\/www.vaisenhus-apotek.dk\/farmaci\/wp-json\/wp\/v2\/product"}],"about":[{"href":"https:\/\/www.vaisenhus-apotek.dk\/farmaci\/wp-json\/wp\/v2\/types\/product"}],"replies":[{"embeddable":true,"href":"https:\/\/www.vaisenhus-apotek.dk\/farmaci\/wp-json\/wp\/v2\/comments?post=4345"}],"wp:featuredmedia":[{"embeddable":true,"href":"https:\/\/www.vaisenhus-apotek.dk\/farmaci\/wp-json\/wp\/v2\/media\/4370"}],"wp:attachment":[{"href":"https:\/\/www.vaisenhus-apotek.dk\/farmaci\/wp-json\/wp\/v2\/media?parent=4345"}],"wp:term":[{"taxonomy":"product_brand","embeddable":true,"href":"https:\/\/www.vaisenhus-apotek.dk\/farmaci\/wp-json\/wp\/v2\/product_brand?post=4345"},{"taxonomy":"product_cat","embeddable":true,"href":"https:\/\/www.vaisenhus-apotek.dk\/farmaci\/wp-json\/wp\/v2\/product_cat?post=4345"},{"taxonomy":"product_tag","embeddable":true,"href":"https:\/\/www.vaisenhus-apotek.dk\/farmaci\/wp-json\/wp\/v2\/product_tag?post=4345"}],"curies":[{"name":"wp","href":"https:\/\/api.w.org\/{rel}","templated":true}]}}