{"id":4344,"date":"2024-10-10T20:32:00","date_gmt":"2024-10-10T20:32:00","guid":{"rendered":"https:\/\/www.vaisenhus-apotek.dk\/farmaci\/?post_type=product&#038;p=4344"},"modified":"2024-10-12T18:18:38","modified_gmt":"2024-10-12T18:18:38","slug":"fat-burn-active","status":"publish","type":"product","link":"https:\/\/www.vaisenhus-apotek.dk\/farmaci\/supp\/fat-burn-active\/","title":{"rendered":"Fat Burn Active"},"content":{"rendered":"\n<h2 class=\"wp-block-heading\">Hvad er Fat Burn Active, og hvordan virker det?<\/h2>\n\n\n\n<p><b>Fat Burn Active<\/b> er et banebrydende <b>kosttilskud<\/b>, som er udviklet til dem, der \u00f8nsker at reducere kropsfedt effektivt. Dets <b>virkning<\/b> fokuserer p\u00e5 at aktivere enzymet adenylatcyklase, hvilket f\u00f8rer til en stigning i niveauet af cyklisk adenosinmonofosfat (cAMP) i kroppen. Som f\u00f8lge heraf bliver de processer, der er involveret i at forbr\u00e6nde fedt, mere effektive.<\/p>\n\n\n\n<p>Ingredienserne i dette kosttilskud arbejder sammen med kroppens naturlige mekanismer for at bidrage til:<\/p>\n\n\n\n<ul class=\"wp-block-list\">\n<li>stimulering af termogenese,<\/li>\n\n\n\n<li>\u00f8ge energiniveauet,<\/li>\n\n\n\n<li>effektiv fedtreduktion.<\/li>\n<\/ul>\n\n\n\n<p>Det er v\u00e6rd at n\u00e6vne, at <b>Fat Burn Active<\/b> har f\u00e5et h\u00f8je karakterer i anmeldelser, hvilket vidner om dets effektivitet. Dette tilskud er ikke kun designet til at underst\u00f8tte v\u00e6gttabsprocesser, men ogs\u00e5 til at forbedre brugernes generelle velbefindende. Takket v\u00e6re dets naturlige ingredienser er dets <b>virkning<\/b> sikker og skr\u00e6ddersyet til behovene hos dem, der str\u00e6ber efter at opn\u00e5 deres dr\u00f8mmefigur.<\/p>\n\n\n\n<h2 class=\"wp-block-heading\">Hvad er virkningen af Fat Burn Active?<\/h2>\n\n\n\n<p><b>Brugen<\/b> af Fat Burn Active har en r\u00e6kke positive <em>effekter<\/em>, der kan st\u00f8tte <em>v\u00e6gttabsprocessen<\/em> betydeligt. Takket v\u00e6re ingredienserne bidrager tilskuddet til en mere effektiv <em>fedtforbr\u00e6nding<\/em>, hvilket helt sikkert tiltr\u00e6kker sig opm\u00e6rksomhed fra dem, der k\u00e6mper med overv\u00e6gt.<\/p>\n\n\n\n<p>De vigtigste fordele omfatter:<\/p>\n\n\n\n<ul class=\"wp-block-list\">\n<li>Accelererer stofskiftet, hvilket fremmer en hurtigere <em>fedtforbr\u00e6nding<\/em> b\u00e5de under tr\u00e6ning og i hvile.<\/li>\n\n\n\n<li>Reducerer f\u00f8lelsen af tr\u00e6thed, hvilket resulterer i bedre pr\u00e6stationer under tr\u00e6ning.<\/li>\n\n\n\n<li>Forbedret velv\u00e6re og \u00f8get motivation til at f\u00f8re en sund livsstil.<\/li>\n<\/ul>\n\n\n\n<p>Det er v\u00e6rd at bem\u00e6rke, at Fat Burn Active indeholder mikroindkapslet phenylcapsaicin, som giver 4 gange st\u00f8rre biotilg\u00e6ngelighed end standardcapsaicin, hvilket fremmer en endnu mere effektiv <em>v\u00e6gttabsproces<\/em>. Med ingredienser som guarani-ekstrakt, koffein og gr\u00f8n te kan <b>brugerne<\/b> se en betydelig forbedring af ydeevnen under tr\u00e6ning. Det g\u00f8r det muligt at opn\u00e5 betydelige <em>v\u00e6gttabsresultater<\/em>.<\/p>\n\n\n\n<p>Fat Burn Active virker synergistisk ved at st\u00f8tte kroppen i <em>fedtforbr\u00e6ndingsprocessen<\/em> og forbedre effektiviteten af kosten og den fysiske aktivitet.<\/p>\n\n\n\n<h2 class=\"wp-block-heading\">Dosering af Fat Burn Active &#8211; Hvordan bruges det?<\/h2>\n\n\n\n<p>Fat Burn Active skal anvendes i henhold til producentens anbefalinger for at opn\u00e5 optimale resultater. <b>Dosering<\/b> er n\u00f8glen til produktets effektivitet i forbindelse med v\u00e6gtkontrol og fedtforbr\u00e6nding. Det anbefales normalt at tage en bestemt dosis af kosttilskuddet for at maksimere dets potentiale.<\/p>\n\n\n\n<p>Fat Burn Active-tilskud er mest fordelagtige, n\u00e5r de <b>tages<\/b> i kombination med en sund kost og fysisk aktivitet. Hvis man tager produktet sammen med et m\u00e5ltid, fremmer det optagelsen og \u00f8ger effektiviteten. Overskrid ikke den anbefalede dosis for at undg\u00e5 mulige bivirkninger, der kan opst\u00e5 som f\u00f8lge af et overskud af aktive stoffer.<\/p>\n\n\n\n<ul class=\"wp-block-list\">\n<li>Produktet skal<b>anvendes<\/b> regelm\u00e6ssigt, helst dagligt.<\/li>\n\n\n\n<li>Optimal <b>dosering<\/b> underst\u00f8tter metaboliske processer og forbedrer sportspr\u00e6stationer.<\/li>\n\n\n\n<li>En sund livsstil anbefales for at opn\u00e5 langsigtede resultater.<\/li>\n<\/ul>\n\n\n\n<p>Det er v\u00e6rd at huske, at alle kroppe reagerer forskelligt p\u00e5 kosttilskud, s\u00e5 det kan kr\u00e6ve en individuel tilgang at v\u00e6lge den rigtige dosis af Fat Burn Active. Personer med helbredsproblemer b\u00f8r r\u00e5df\u00f8re sig med en l\u00e6ge om brugen af kosttilskuddet.<\/p>\n\n\n\n<h2 class=\"wp-block-heading\">Fat Burn Active &#8211; Anmeldelser og udtalelser &#8211; Hvad siger brugerne?<\/h2>\n\n\n\n<p>Fat Burn Active er meget popul\u00e6rt i Polen, hvilket afspejles i mange <b>brugeranmeldelser<\/b> og <b>udtalelser<\/b>. Mange af dem understreger den betydelige forbedring af produktets velbefindende og effektivitet. De rapporterede positive <b>effekter<\/b> omfatter en fremskyndelse af stofskiftet, som muligg\u00f8r en mere effektiv fedtreduktion.<\/p>\n\n\n\n<blockquote class=\"wp-block-quote is-layout-flow wp-block-quote-is-layout-flow\">\n<p>&#8220;Fat Burn Active har virkelig hjulpet mig i min v\u00e6gttabsproces. Jeg har ikke oplevet nogen bivirkninger, hvilket jeg synes er en stor fordel.&#8221; &#8211; bruger af sundhedsforum<\/p>\n<\/blockquote>\n\n\n\n<p>Her er nogle af de mest gentagne brugerindtryk i anmeldelserne:<\/p>\n\n\n\n<ul class=\"wp-block-list\">\n<li><em>\u00d8get energi:<\/em> Mange mennesker oplevede en stigning i energiniveauet, hvilket havde en positiv indvirkning p\u00e5 deres fysiske aktivitet.<\/li>\n\n\n\n<li><em>Kontrol af appetitten:<\/em> Fat Burn Active ser ud til effektivt at undertrykke sultf\u00f8lelsen, hvilket fremmer sundere madvalg.<\/li>\n\n\n\n<li><em>Naturlige ingredienser:<\/em> <b>Brugerne<\/b> roser komponenternes naturlige oprindelse, som giver dem en f\u00f8lelse af sikkerhed under brug.<\/li>\n<\/ul>\n\n\n\n<p>Afslutningsvis er st\u00f8rstedelen af Fat Burn Active-anmeldelserne positive. <b>Brugerne<\/b> bem\u00e6rker ofte den omfattende virkning, som ikke kun underst\u00f8tter fedtreduktion, men ogs\u00e5 forbedrer det generelle velbefindende og energiniveau.<\/p>\n\n\n\n<h2 class=\"wp-block-heading\">Sammens\u00e6tning af Fat Burn Active &#8211; Hvad indeholder det?<\/h2>\n\n\n\n<p>Fat Burn Active er et <em>kosttilskud<\/em>, der udm\u00e6rker sig ved sin n\u00f8je udvalgte <em>sammens\u00e6tning<\/em>. N\u00f8gleingredienserne underst\u00f8tter fedtforbr\u00e6ndingsprocessen og forbedrer stofskiftet. I en 15 ml portion af produktet finder du:<\/p>\n\n\n\n<figure class=\"wp-block-table\"><table class=\"has-fixed-layout\"><tbody><tr><th>Komponent<\/th><th>M\u00e6ngde pr. portion (15 ml)<\/th><\/tr><tr><td>L-carnitin<\/td><td>300 mg<\/td><\/tr><tr><td>Ekstrakt af bitter appelsinskal<\/td><td>600 mg<\/td><\/tr><tr><td>Ekstrakt af guaranafr\u00f8<\/td><td>600 mg<\/td><\/tr><tr><td>Centella asiatica urteekstrakt<\/td><td>400 mg<\/td><\/tr><tr><td>Ekstrakt af lakridsrod<\/td><td>400 mg<\/td><\/tr><tr><td>Ekstrakt af m\u00e6lkeb\u00f8tterod<\/td><td>400 mg<\/td><\/tr><tr><td>Ekstrakt af kulmule-skaller<\/td><td>200 mg<\/td><\/tr><tr><td>Bioflavonoider fra tropiske frugter<\/td><td>75 mg<\/td><\/tr><\/tbody><\/table><\/figure>\n\n\n\n<p>Den omfattende <em>sammens\u00e6tning<\/em> af Fat Burn Active giver holistisk st\u00f8tte til kroppen, og regelm\u00e6ssig brug af produktet kan bidrage til at opn\u00e5 de \u00f8nskede resultater i forbindelse med v\u00e6gttab.<\/p>\n\n\n\n<h2 class=\"wp-block-heading\">Pris p\u00e5 Fat Burn Active &#8211; Hvor kan man k\u00f8be?<\/h2>\n\n\n\n<p>K\u00f8b af Fat Burn Active er kun muligt via producentens officielle hjemmeside, som garanterer originalitet og de bedste priser. Produktet er ikke tilg\u00e6ngeligt p\u00e5 station\u00e6re apoteker, s\u00e5 bestilling online er den eneste form for k\u00f8b. Producenten arrangerer ofte kampagner, der giver besparelser p\u00e5 op til 50%. Kunderne er meget tilfredse med resultaterne, hvilket bekr\u00e6ftes af mange positive anmeldelser.<\/p>\n\n\n\n<h2 class=\"wp-block-heading\">Fat Burn Active &#8211; Bivirkninger og kontraindikationer &#8211; Sikkerhed ved brug<\/h2>\n\n\n\n<p>Fat Burn Active er et produkt, som de fleste brugere anser for at v\u00e6re sikkert. Det er dog tilr\u00e5deligt at konsultere en l\u00e6ge, f\u00f8r man begynder at bruge det, is\u00e6r hvis man har en eksisterende sygdom eller tager anden medicin. Forst\u00e5else af potentielle bivirkninger og kontraindikationer er n\u00f8glen til at sikre den h\u00f8jeste sikkerhed ved brug.<\/p>\n\n\n\n<p>Blandt de mulige bivirkninger har nogle brugere rapporteret om mindre ubehageligheder som svimmelhed eller ford\u00f8jelsesbesv\u00e6r, is\u00e6r i de f\u00f8rste dage efter brug af kapslerne. Brug af Fat Burn Active i henhold til doseringsanbefalingerne og n\u00f8je overv\u00e5gning af kroppens reaktion kan hj\u00e6lpe med at minimere risikoen for s\u00e5danne virkninger.<\/p>\n\n\n\n<p>Det er v\u00e6rd at huske, at selvom Fat Burn Active generelt tolereres godt af de fleste mennesker, kan der v\u00e6re <b>kontraindikationer<\/b> for brugen i specifikke situationer, f.eks. graviditet. Endelige beslutninger b\u00f8r tr\u00e6ffes p\u00e5 baggrund af en personlig sundhedsvurdering og eventuel konsultation med l\u00e6ger.<\/p>\n","protected":false},"excerpt":{"rendered":"<p><strong><span style=\"vertical-align: inherit;\"><span style=\"vertical-align: inherit;\">[date_countdown]<\/span><\/span><\/strong><\/p>\n<p><img decoding=\"async\" class=\"alignnone wp-image-4422\" src=\"https:\/\/www.vaisenhus-apotek.dk\/farmaci\/wp-content\/uploads\/2024\/10\/SAFE-PAY-300x88.png\" alt=\"SAFE PAY\" width=\"198\" height=\"58\" srcset=\"https:\/\/www.vaisenhus-apotek.dk\/farmaci\/wp-content\/uploads\/2024\/10\/SAFE-PAY-300x88.png 300w, https:\/\/www.vaisenhus-apotek.dk\/farmaci\/wp-content\/uploads\/2024\/10\/SAFE-PAY-1024x302.png 1024w, https:\/\/www.vaisenhus-apotek.dk\/farmaci\/wp-content\/uploads\/2024\/10\/SAFE-PAY-768x226.png 768w, https:\/\/www.vaisenhus-apotek.dk\/farmaci\/wp-content\/uploads\/2024\/10\/SAFE-PAY-600x177.png 600w, https:\/\/www.vaisenhus-apotek.dk\/farmaci\/wp-content\/uploads\/2024\/10\/SAFE-PAY.png 1038w\" sizes=\"(max-width: 198px) 100vw, 198px\" \/><\/p>\n","protected":false},"featured_media":3991,"comment_status":"open","ping_status":"closed","template":"","meta":{"neve_meta_sidebar":"","neve_meta_container":"","neve_meta_enable_content_width":"","neve_meta_content_width":0,"neve_meta_title_alignment":"","neve_meta_author_avatar":"","neve_post_elements_order":"","neve_meta_disable_header":"","neve_meta_disable_footer":"","neve_meta_disable_title":"","neve_meta_reading_time":""},"product_brand":[],"product_cat":[15],"product_tag":[],"class_list":{"0":"post-4344","1":"product","2":"type-product","3":"status-publish","4":"has-post-thumbnail","6":"product_cat-vaegttab","8":"first","9":"instock","10":"sale","11":"shipping-taxable","12":"product-type-external"},"yoast_head":"<!-- This site is optimized with the Yoast SEO plugin v27.4 - https:\/\/yoast.com\/product\/yoast-seo-wordpress\/ -->\n<title>Fat Burn Active - Anmeldelse, Forum, Apotek, Pris, Effekter | -50%<\/title>\n<meta name=\"robots\" content=\"index, follow, max-snippet:-1, max-image-preview:large, max-video-preview:-1\" \/>\n<link rel=\"canonical\" href=\"https:\/\/www.vaisenhus-apotek.dk\/farmaci\/supp\/fat-burn-active\/\" \/>\n<meta property=\"og:locale\" content=\"da_DK\" \/>\n<meta property=\"og:type\" content=\"article\" \/>\n<meta property=\"og:title\" content=\"Fat Burn Active - Anmeldelse, Forum, Apotek, Pris, Effekter | -50%\" \/>\n<meta property=\"og:url\" content=\"https:\/\/www.vaisenhus-apotek.dk\/farmaci\/supp\/fat-burn-active\/\" \/>\n<meta property=\"og:site_name\" content=\"Vaisenhus-Apotek\" \/>\n<meta property=\"article:modified_time\" content=\"2024-10-12T18:18:38+00:00\" \/>\n<meta property=\"og:image\" content=\"https:\/\/www.vaisenhus-apotek.dk\/farmaci\/wp-content\/uploads\/2024\/10\/Fat-Burn-Active.jpg\" \/>\n\t<meta property=\"og:image:width\" content=\"768\" \/>\n\t<meta property=\"og:image:height\" content=\"768\" \/>\n\t<meta property=\"og:image:type\" content=\"image\/jpeg\" \/>\n<meta name=\"twitter:card\" content=\"summary_large_image\" \/>\n<meta name=\"twitter:description\" content=\"[date_countdown]\" \/>\n<meta name=\"twitter:label1\" content=\"Estimeret l\u00e6setid\" \/>\n\t<meta name=\"twitter:data1\" content=\"6 minutter\" \/>\n<script type=\"application\/ld+json\" class=\"yoast-schema-graph\">{\"@context\":\"https:\\\/\\\/schema.org\",\"@graph\":[{\"@type\":\"WebPage\",\"@id\":\"https:\\\/\\\/www.vaisenhus-apotek.dk\\\/farmaci\\\/supp\\\/fat-burn-active\\\/\",\"url\":\"https:\\\/\\\/www.vaisenhus-apotek.dk\\\/farmaci\\\/supp\\\/fat-burn-active\\\/\",\"name\":\"Fat Burn Active - Anmeldelse, Forum, Apotek, Pris, Effekter | -50%\",\"isPartOf\":{\"@id\":\"https:\\\/\\\/www.vaisenhus-apotek.dk\\\/farmaci\\\/#website\"},\"primaryImageOfPage\":{\"@id\":\"https:\\\/\\\/www.vaisenhus-apotek.dk\\\/farmaci\\\/supp\\\/fat-burn-active\\\/#primaryimage\"},\"image\":{\"@id\":\"https:\\\/\\\/www.vaisenhus-apotek.dk\\\/farmaci\\\/supp\\\/fat-burn-active\\\/#primaryimage\"},\"thumbnailUrl\":\"https:\\\/\\\/www.vaisenhus-apotek.dk\\\/farmaci\\\/wp-content\\\/uploads\\\/2024\\\/10\\\/Fat-Burn-Active.jpg\",\"datePublished\":\"2024-10-10T20:32:00+00:00\",\"dateModified\":\"2024-10-12T18:18:38+00:00\",\"breadcrumb\":{\"@id\":\"https:\\\/\\\/www.vaisenhus-apotek.dk\\\/farmaci\\\/supp\\\/fat-burn-active\\\/#breadcrumb\"},\"inLanguage\":\"da-DK\",\"potentialAction\":[{\"@type\":\"ReadAction\",\"target\":[\"https:\\\/\\\/www.vaisenhus-apotek.dk\\\/farmaci\\\/supp\\\/fat-burn-active\\\/\"]}]},{\"@type\":\"ImageObject\",\"inLanguage\":\"da-DK\",\"@id\":\"https:\\\/\\\/www.vaisenhus-apotek.dk\\\/farmaci\\\/supp\\\/fat-burn-active\\\/#primaryimage\",\"url\":\"https:\\\/\\\/www.vaisenhus-apotek.dk\\\/farmaci\\\/wp-content\\\/uploads\\\/2024\\\/10\\\/Fat-Burn-Active.jpg\",\"contentUrl\":\"https:\\\/\\\/www.vaisenhus-apotek.dk\\\/farmaci\\\/wp-content\\\/uploads\\\/2024\\\/10\\\/Fat-Burn-Active.jpg\",\"width\":768,\"height\":768},{\"@type\":\"BreadcrumbList\",\"@id\":\"https:\\\/\\\/www.vaisenhus-apotek.dk\\\/farmaci\\\/supp\\\/fat-burn-active\\\/#breadcrumb\",\"itemListElement\":[{\"@type\":\"ListItem\",\"position\":1,\"name\":\"Strona g\u0142\u00f3wna\",\"item\":\"https:\\\/\\\/www.vaisenhus-apotek.dk\\\/farmaci\\\/\"},{\"@type\":\"ListItem\",\"position\":2,\"name\":\"farmaci\",\"item\":\"https:\\\/\\\/www.vaisenhus-apotek.dk\\\/farmaci\\\/\"},{\"@type\":\"ListItem\",\"position\":3,\"name\":\"Fat Burn Active\"}]},{\"@type\":\"WebSite\",\"@id\":\"https:\\\/\\\/www.vaisenhus-apotek.dk\\\/farmaci\\\/#website\",\"url\":\"https:\\\/\\\/www.vaisenhus-apotek.dk\\\/farmaci\\\/\",\"name\":\"vaisenhus-apotek.dk\",\"description\":\"\",\"potentialAction\":[{\"@type\":\"SearchAction\",\"target\":{\"@type\":\"EntryPoint\",\"urlTemplate\":\"https:\\\/\\\/www.vaisenhus-apotek.dk\\\/farmaci\\\/?s={search_term_string}\"},\"query-input\":{\"@type\":\"PropertyValueSpecification\",\"valueRequired\":true,\"valueName\":\"search_term_string\"}}],\"inLanguage\":\"da-DK\"}]}<\/script>\n<!-- \/ Yoast SEO plugin. -->","yoast_head_json":{"title":"Fat Burn Active - Anmeldelse, Forum, Apotek, Pris, Effekter | -50%","robots":{"index":"index","follow":"follow","max-snippet":"max-snippet:-1","max-image-preview":"max-image-preview:large","max-video-preview":"max-video-preview:-1"},"canonical":"https:\/\/www.vaisenhus-apotek.dk\/farmaci\/supp\/fat-burn-active\/","og_locale":"da_DK","og_type":"article","og_title":"Fat Burn Active - Anmeldelse, Forum, Apotek, Pris, Effekter | -50%","og_url":"https:\/\/www.vaisenhus-apotek.dk\/farmaci\/supp\/fat-burn-active\/","og_site_name":"Vaisenhus-Apotek","article_modified_time":"2024-10-12T18:18:38+00:00","og_image":[{"width":768,"height":768,"url":"https:\/\/www.vaisenhus-apotek.dk\/farmaci\/wp-content\/uploads\/2024\/10\/Fat-Burn-Active.jpg","type":"image\/jpeg"}],"twitter_card":"summary_large_image","twitter_description":"[date_countdown]","twitter_misc":{"Estimeret l\u00e6setid":"6 minutter"},"schema":{"@context":"https:\/\/schema.org","@graph":[{"@type":"WebPage","@id":"https:\/\/www.vaisenhus-apotek.dk\/farmaci\/supp\/fat-burn-active\/","url":"https:\/\/www.vaisenhus-apotek.dk\/farmaci\/supp\/fat-burn-active\/","name":"Fat Burn Active - Anmeldelse, Forum, Apotek, Pris, Effekter | -50%","isPartOf":{"@id":"https:\/\/www.vaisenhus-apotek.dk\/farmaci\/#website"},"primaryImageOfPage":{"@id":"https:\/\/www.vaisenhus-apotek.dk\/farmaci\/supp\/fat-burn-active\/#primaryimage"},"image":{"@id":"https:\/\/www.vaisenhus-apotek.dk\/farmaci\/supp\/fat-burn-active\/#primaryimage"},"thumbnailUrl":"https:\/\/www.vaisenhus-apotek.dk\/farmaci\/wp-content\/uploads\/2024\/10\/Fat-Burn-Active.jpg","datePublished":"2024-10-10T20:32:00+00:00","dateModified":"2024-10-12T18:18:38+00:00","breadcrumb":{"@id":"https:\/\/www.vaisenhus-apotek.dk\/farmaci\/supp\/fat-burn-active\/#breadcrumb"},"inLanguage":"da-DK","potentialAction":[{"@type":"ReadAction","target":["https:\/\/www.vaisenhus-apotek.dk\/farmaci\/supp\/fat-burn-active\/"]}]},{"@type":"ImageObject","inLanguage":"da-DK","@id":"https:\/\/www.vaisenhus-apotek.dk\/farmaci\/supp\/fat-burn-active\/#primaryimage","url":"https:\/\/www.vaisenhus-apotek.dk\/farmaci\/wp-content\/uploads\/2024\/10\/Fat-Burn-Active.jpg","contentUrl":"https:\/\/www.vaisenhus-apotek.dk\/farmaci\/wp-content\/uploads\/2024\/10\/Fat-Burn-Active.jpg","width":768,"height":768},{"@type":"BreadcrumbList","@id":"https:\/\/www.vaisenhus-apotek.dk\/farmaci\/supp\/fat-burn-active\/#breadcrumb","itemListElement":[{"@type":"ListItem","position":1,"name":"Strona g\u0142\u00f3wna","item":"https:\/\/www.vaisenhus-apotek.dk\/farmaci\/"},{"@type":"ListItem","position":2,"name":"farmaci","item":"https:\/\/www.vaisenhus-apotek.dk\/farmaci\/"},{"@type":"ListItem","position":3,"name":"Fat Burn Active"}]},{"@type":"WebSite","@id":"https:\/\/www.vaisenhus-apotek.dk\/farmaci\/#website","url":"https:\/\/www.vaisenhus-apotek.dk\/farmaci\/","name":"vaisenhus-apotek.dk","description":"","potentialAction":[{"@type":"SearchAction","target":{"@type":"EntryPoint","urlTemplate":"https:\/\/www.vaisenhus-apotek.dk\/farmaci\/?s={search_term_string}"},"query-input":{"@type":"PropertyValueSpecification","valueRequired":true,"valueName":"search_term_string"}}],"inLanguage":"da-DK"}]}},"_links":{"self":[{"href":"https:\/\/www.vaisenhus-apotek.dk\/farmaci\/wp-json\/wp\/v2\/product\/4344","targetHints":{"allow":["GET"]}}],"collection":[{"href":"https:\/\/www.vaisenhus-apotek.dk\/farmaci\/wp-json\/wp\/v2\/product"}],"about":[{"href":"https:\/\/www.vaisenhus-apotek.dk\/farmaci\/wp-json\/wp\/v2\/types\/product"}],"replies":[{"embeddable":true,"href":"https:\/\/www.vaisenhus-apotek.dk\/farmaci\/wp-json\/wp\/v2\/comments?post=4344"}],"wp:featuredmedia":[{"embeddable":true,"href":"https:\/\/www.vaisenhus-apotek.dk\/farmaci\/wp-json\/wp\/v2\/media\/3991"}],"wp:attachment":[{"href":"https:\/\/www.vaisenhus-apotek.dk\/farmaci\/wp-json\/wp\/v2\/media?parent=4344"}],"wp:term":[{"taxonomy":"product_brand","embeddable":true,"href":"https:\/\/www.vaisenhus-apotek.dk\/farmaci\/wp-json\/wp\/v2\/product_brand?post=4344"},{"taxonomy":"product_cat","embeddable":true,"href":"https:\/\/www.vaisenhus-apotek.dk\/farmaci\/wp-json\/wp\/v2\/product_cat?post=4344"},{"taxonomy":"product_tag","embeddable":true,"href":"https:\/\/www.vaisenhus-apotek.dk\/farmaci\/wp-json\/wp\/v2\/product_tag?post=4344"}],"curies":[{"name":"wp","href":"https:\/\/api.w.org\/{rel}","templated":true}]}}