{"id":4343,"date":"2024-10-10T20:32:00","date_gmt":"2024-10-10T20:32:00","guid":{"rendered":"https:\/\/www.vaisenhus-apotek.dk\/farmaci\/?post_type=product&#038;p=4343"},"modified":"2024-10-12T18:41:50","modified_gmt":"2024-10-12T18:41:50","slug":"fast-burn-extreme","status":"publish","type":"product","link":"https:\/\/www.vaisenhus-apotek.dk\/farmaci\/supp\/fast-burn-extreme\/","title":{"rendered":"Fast Burn Extreme"},"content":{"rendered":"\n<h2 class=\"wp-block-heading\">Hvad er Fast Burn Extreme, og hvordan virker det?<\/h2>\n\n\n\n<p><b>Fast Burn Extreme<\/b> er et <b>kosttilskud<\/b> med flere ingredienser, der underst\u00f8tter fedtreduktionsprocessen. Tilskuddet fungerer som en effektiv <b>fedtforbr\u00e6nder<\/b> takket v\u00e6re en formel, der indeholder aktive ingredienser som essens af gr\u00f8n te og cayennepeber. Takket v\u00e6re disse ingredienser er <b>virkningen<\/b> af Fast Burn Extreme fokuseret p\u00e5 at \u00f8ge termogenesen og fremskynde stofskiftet, s\u00e5 du kan forbr\u00e6nde kalorier mere effektivt.<\/p>\n\n\n\n<p>Formlen p\u00e5virker kroppen p\u00e5 tre m\u00e5der: Den fremskynder fedt- og <b>kulhydratstofskiftet<\/b>, h\u00e6mmer fedtdannelsen og \u00f8ger tr\u00e6ningspr\u00e6stationen. Brugerne oplever ogs\u00e5 appetitregulering, hvilket resulterer i bedre kontrol med kalorieindtaget.<\/p>\n\n\n\n<p>Tilskuddet er velegnet til b\u00e5de fysisk aktive mennesker og dem, der lige er begyndt p\u00e5 deres v\u00e6gttabseventyr. Ved regelm\u00e6ssig brug af Fast Burn Extreme vil du bem\u00e6rke en betydelig acceleration af stofskiftet, hvilket giver hurtige og effektive <b>resultater<\/b>.<\/p>\n\n\n\n<figure class=\"wp-block-table\"><table class=\"has-fixed-layout\"><tbody><tr><th>Komponent<\/th><th>Handling<\/th><\/tr><tr><td>Ekstrakt af gr\u00f8n te<\/td><td>Accelererer <b>stofskiftet<\/b> og \u00f8ger termogenesen<\/td><\/tr><tr><td>Cayennepeber<\/td><td>Underst\u00f8tter fedtforbr\u00e6ndingsprocesser<\/td><\/tr><tr><td>Garcinia cambogia<\/td><td>Regulerer appetitten og underst\u00f8tter v\u00e6gttabsprocesser<\/td><\/tr><tr><td>Koffein<\/td><td>\u00d8ger energi og fysisk ydeevne<\/td><\/tr><tr><td>Krom<\/td><td>Hj\u00e6lper med at opretholde et normalt blodsukkerniveau<\/td><\/tr><tr><td>Vitamin B6<\/td><td>St\u00f8tte til energimetabolisme<\/td><\/tr><\/tbody><\/table><\/figure>\n\n\n\n<p>Samlet set skiller Fast Burn Extreme sig ud med sin unikke formel og effektivitet, hvilket g\u00f8r det til et f\u00f8rende tilskud inden for fedtforbr\u00e6ndere.<\/p>\n\n\n\n<h2 class=\"wp-block-heading\">Virkninger af Fast Burn Extreme<\/h2>\n\n\n\n<p>Regelm\u00e6ssig <b>brug<\/b> af Fast Burn Extreme giver en r\u00e6kke <b>effekter<\/b>, som uden tvivl tiltr\u00e6kker sig opm\u00e6rksomhed fra dem, der \u00f8nsker at reducere v\u00e6gten og forbedre konditionen. Mange bem\u00e6rker, at formlen fremskynder stofskiftet med op til <em>40 %<\/em>, s\u00e5 de kan forbr\u00e6nde flere kalorier, op til <em>500 kcal om dagen<\/em>. Brugerne rapporterer om <em>en reduktion af kropsfedt<\/em> p\u00e5 op til <em>15 %<\/em>, hvilket bidrager til en dr\u00f8mmefigur.<\/p>\n\n\n\n<ul class=\"wp-block-list\">\n<li>Synlige <b>resultater<\/b> efter kun <em>2 ugers<\/em> brug.<\/li>\n\n\n\n<li>96% af brugerne anbefaler Fast Burn Extreme.<\/li>\n\n\n\n<li>\u00d8get fysisk ydeevne og forbedret muskeldefinition.<\/li>\n<\/ul>\n\n\n\n<p>Aktive ingredienser som L-carnitin og krom har en appetitregulerende effekt, s\u00e5 du lettere kan f\u00f8lge din di\u00e6t. Fast Burn Extreme underst\u00f8tter <em>fedtforbr\u00e6ndingsprocessen<\/em>, ikke kun for fysisk aktive mennesker, men ogs\u00e5 for dem, der \u00f8nsker at forbedre deres spisevaner.<\/p>\n\n\n\n<p>Virkningerne af produktet afh\u00e6nger af den enkeltes foruds\u00e6tninger, men mange fremh\u00e6ver en betydelig forbedring af deres velbefindende og synlige \u00e6ndringer i deres kropsomkreds.<\/p>\n\n\n\n<h2 class=\"wp-block-heading\">Dosering af Fast Burn Extreme &#8211; Hvordan bruges det?<\/h2>\n\n\n\n<p>Den korrekte <b>dosering af<\/b> kosttilskuddet Fast Burn Extreme er n\u00f8glen til at opn\u00e5 optimale resultater. Det anbefales, at personer, der vejer op til 85 kg, tager 2 kapsler om dagen, mens den anbefalede <b>dosis<\/b> for personer, der vejer over 85 kg, er 2 kapsler to gange om dagen. Ved brug er det vigtigt at drikke kapslerne med rigeligt vand. Det er en god id\u00e9 at tage en kapsel om morgenen og en om aftenen.<\/p>\n\n\n\n<p>Fast Burn Extreme kan bruges p\u00e5 b\u00e5de tr\u00e6nings- og ikke-tr\u00e6ningsdage, hvilket maksimerer effekten af kosttilskuddet. Brug af dette produkt sammen med en ordentlig tr\u00e6ningsplan og en sund kost kan fremskynde v\u00e6gttabsprocessen betydeligt. F\u00f8r du bruger kosttilskuddet, anbefales det altid at l\u00e6se varedeklarationen og konsultere din l\u00e6ge, is\u00e6r hvis du har en kronisk sygdom eller tager anden medicin.<\/p>\n\n\n\n<figure class=\"wp-block-table\"><table class=\"has-fixed-layout\"><tbody><tr><th>Parameter<\/th><th>Dosering<\/th><th>Anbefalinger<\/th><\/tr><tr><td>Kropsv\u00e6gt op til 85 kg<\/td><td>2 kapsler dagligt<\/td><td>1 kapsel om morgenen, 1 kapsel om aftenen<\/td><\/tr><tr><td>Kropsv\u00e6gt over 85 kg<\/td><td>2 kapsler 2 gange om dagen<\/td><td>1 kapsel om morgenen, 1 kapsel i l\u00f8bet af dagen, 1 kapsel om aftenen<\/td><\/tr><tr><td>Vand<\/td><td>Masser af vand<\/td><td>Nip til kapslerne<\/td><\/tr><\/tbody><\/table><\/figure>\n\n\n\n<p>Ved regelm\u00e6ssig brug af Fast Burn Extreme bliver det lettere at opn\u00e5 de \u00f8nskede resultater inden for fedtreduktion. Produktet underst\u00f8tter fedtstofskiftet og \u00f8ger din ydeevne under tr\u00e6ning. At s\u00f8rge for den rigtige <b>dosering<\/b> er et n\u00f8gleelement i et effektivt tilskud.<\/p>\n\n\n\n<h2 class=\"wp-block-heading\">Anmeldelser og meninger om Fast Burn Extreme<\/h2>\n\n\n\n<p>Fast Burn Extreme vinder anerkendelse blandt brugere, der deler deres positive <em>feedback<\/em> om dette kosttilskud. Mange <em>anmeldelser<\/em> p\u00e5 fora bekr\u00e6fter, at det er effektivt til at reducere kropsfedt og forbedre ydeevnen. Brugere som Christopher fremh\u00e6ver, at produktet har hjulpet ham med at \u00f8ge sin udholdenhed under tr\u00e6ning.<\/p>\n\n\n\n<p>Ern\u00e6ringseksperten fremh\u00e6ver n\u00f8gleingredienser som gr\u00f8n te-ekstrakt og koffein til at underst\u00f8tte det naturlige stofskifte. <b>Brugeranmeldelser<\/b> viser en positiv oplevelse med minimale bivirkninger, hvilket er ekstremt vigtigt for dem, der passer p\u00e5 deres helbred.<\/p>\n\n\n\n<p><em>Forummet<\/em> indeholder historier om brugere, der har opn\u00e5et deres dr\u00f8mmeresultater p\u00e5 kort tid. Magda n\u00e6vner, hvordan hun med succes kontrollerede sin appetit ved at undg\u00e5 usunde snacks. S\u00e5danne <em>anmeldelser<\/em> giver tillid til fremtidige brugere og g\u00f8r Fast Burn Extreme til et stadig mere popul\u00e6rt valg blandt dem, der \u00f8nsker at forbedre deres figur.<\/p>\n\n\n\n<h2 class=\"wp-block-heading\">Fast Burn Extreme &#8211; Sammens\u00e6tning &#8211; Hvad indeholder det?<\/h2>\n\n\n\n<p>Fast Burn Extreme er en formel, der tiltr\u00e6kker sig opm\u00e6rksomhed takket v\u00e6re sin unikke <em>sammens\u00e6tning<\/em>. Den indeholder en r\u00e6kke <em>aktive stoffer<\/em>, der underst\u00f8tter fedtforbr\u00e6ndingsprocesser og forbedrer stofskiftet. N\u00f8gleingredienserne omfatter:<\/p>\n\n\n\n<ul class=\"wp-block-list\">\n<li><em>Ekstrakt af gr\u00f8n te<\/em> &#8211; fremskynder stofskiftet og renser kroppen.<\/li>\n\n\n\n<li><em>L-carnitin<\/em> &#8211; hj\u00e6lper med at omdanne fedt til energi.<\/li>\n\n\n\n<li><em>Krom<\/em> &#8211; regulerer blodsukkerniveauet.<\/li>\n\n\n\n<li><em>Bitter orange-ekstrakt<\/em> &#8211; underst\u00f8tter v\u00e6gttab.<\/li>\n\n\n\n<li><em>Koffein<\/em> &#8211; mobiliserer kroppen til at forbr\u00e6nde fedt intensivt.<\/li>\n\n\n\n<li><em>Ekstrakt af \u00e5rlig peber<\/em> &#8211; \u00f8ger termogenesen og fremmer forbr\u00e6ndingen.<\/li>\n\n\n\n<li><em>Garcinia cambogia-frugtekstrakt<\/em> &#8211; indeholder 60 % hydroxycitronsyre, som forst\u00e6rker virkningen.<\/li>\n\n\n\n<li><em>B6-vitamin<\/em> &#8211; underst\u00f8tter kroppens stofskifteprocesser.<\/li>\n<\/ul>\n\n\n\n<p>Fast Burn Extreme anbefales til fysisk aktive mennesker og dem, der hurtigt vil reducere overv\u00e6gt uden en stor indsats. De naturlige ingredienser sikrer sikker brug, hvilket g\u00f8r det til et af de foretrukne valg p\u00e5 markedet for kosttilskud.<\/p>\n\n\n\n<h2 class=\"wp-block-heading\">Hvor kan man k\u00f8be, og hvad er prisen p\u00e5 Fast Burn Extreme?<\/h2>\n\n\n\n<p>Fast Burn Extreme kan kun k\u00f8bes fra <em>producentens officielle hjemmeside<\/em>, hvilket sikrer produktets \u00e6gthed og adgang til aktuelle kampagner. Dette supplement er ikke tilg\u00e6ngeligt p\u00e5 station\u00e6re apoteker, hvilket \u00f8ger sikkerheden ved transaktionen.<\/p>\n\n\n\n<p>Priserne p\u00e5 Fast Burn Extreme kan variere afh\u00e6ngigt af aktuelle tilbud, s\u00e5 det er v\u00e6rd at tjekke producentens officielle hjemmeside regelm\u00e6ssigt for at f\u00e5 adgang til de mest fordelagtige k\u00f8bsbetingelser.<\/p>\n\n\n\n<p>S\u00e5danne kampagner sparer penge, is\u00e6r n\u00e5r man k\u00f8ber tre pakker til prisen for to. Fast Burn Extreme forbedrer ikke kun stofskiftet, men underst\u00f8tter ogs\u00e5 udholdenhed under tr\u00e6ning og forbedrer koncentrationen. Det er v\u00e6rd at overveje at k\u00f8be fra <em>en officiel butik<\/em> for at v\u00e6re sikker p\u00e5 produktets kvalitet og pris.<\/p>\n\n\n\n<h2 class=\"wp-block-heading\">Potentielle bivirkninger og kontraindikationer ved Fast Burn Extreme<\/h2>\n\n\n\n<p>Selvom Fast Burn Extreme betragtes som et sikkert produkt, kan det give nogle <b>bivirkninger<\/b>. Blandt de mest almindelige symptomer, der rapporteres af brugerne, er hovedpine, maveproblemer og kvalme. Tilstr\u00e6kkelig overv\u00e5gning af kroppens reaktion p\u00e5 tilskuddet er afg\u00f8rende for at minimere ubehagelige ubehageligheder og vurdere dets <b>virkninger<\/b> korrekt.<\/p>\n\n\n\n<p>Det er ogs\u00e5 v\u00e6rd at bem\u00e6rke <b>kontraindikationerne<\/b> for Fast Burn Extreme. Personer under 18 \u00e5r, gravide og ammende kvinder samt personer med alvorlige helbredsproblemer b\u00f8r undg\u00e5 dette tilskud. F\u00f8r du begynder at tage tilskuddet, er det tilr\u00e5deligt at konsultere din l\u00e6ge for at sikre, at produktet er egnet til din individuelle sundhedstilstand.<\/p>\n\n\n\n<p>Producenterne af Fast Burn Extreme er bekymrede for brugernes sikkerhed og p\u00e5peger vigtigheden af en bevidst tilgang til tilskud og overv\u00e5gning af mulige bivirkninger. Hvis man ved, hvorn\u00e5r og hvordan man skal bruge denne formel, kan man minimere risikoen for u\u00f8nskede kropsreaktioner.<\/p>\n","protected":false},"excerpt":{"rendered":"<p><strong><span style=\"vertical-align: inherit;\"><span style=\"vertical-align: inherit;\">[date_countdown]<\/span><\/span><\/strong><\/p>\n<p><img decoding=\"async\" class=\"alignnone wp-image-4422\" src=\"https:\/\/www.vaisenhus-apotek.dk\/farmaci\/wp-content\/uploads\/2024\/10\/SAFE-PAY-300x88.png\" alt=\"SAFE PAY\" width=\"198\" height=\"58\" srcset=\"https:\/\/www.vaisenhus-apotek.dk\/farmaci\/wp-content\/uploads\/2024\/10\/SAFE-PAY-300x88.png 300w, https:\/\/www.vaisenhus-apotek.dk\/farmaci\/wp-content\/uploads\/2024\/10\/SAFE-PAY-1024x302.png 1024w, https:\/\/www.vaisenhus-apotek.dk\/farmaci\/wp-content\/uploads\/2024\/10\/SAFE-PAY-768x226.png 768w, https:\/\/www.vaisenhus-apotek.dk\/farmaci\/wp-content\/uploads\/2024\/10\/SAFE-PAY-600x177.png 600w, https:\/\/www.vaisenhus-apotek.dk\/farmaci\/wp-content\/uploads\/2024\/10\/SAFE-PAY.png 1038w\" sizes=\"(max-width: 198px) 100vw, 198px\" \/><\/p>\n","protected":false},"featured_media":3990,"comment_status":"open","ping_status":"closed","template":"","meta":{"neve_meta_sidebar":"","neve_meta_container":"","neve_meta_enable_content_width":"","neve_meta_content_width":0,"neve_meta_title_alignment":"","neve_meta_author_avatar":"","neve_post_elements_order":"","neve_meta_disable_header":"","neve_meta_disable_footer":"","neve_meta_disable_title":"","neve_meta_reading_time":""},"product_brand":[],"product_cat":[15],"product_tag":[],"class_list":{"0":"post-4343","1":"product","2":"type-product","3":"status-publish","4":"has-post-thumbnail","6":"product_cat-vaegttab","8":"first","9":"instock","10":"sale","11":"shipping-taxable","12":"product-type-external"},"yoast_head":"<!-- This site is optimized with the Yoast SEO plugin v27.4 - https:\/\/yoast.com\/product\/yoast-seo-wordpress\/ -->\n<title>Fast Burn Extreme - Anmeldelse, Forum, Apotek, Pris, Effekter | -50%<\/title>\n<meta name=\"robots\" content=\"index, follow, max-snippet:-1, max-image-preview:large, max-video-preview:-1\" \/>\n<link rel=\"canonical\" href=\"https:\/\/www.vaisenhus-apotek.dk\/farmaci\/supp\/fast-burn-extreme\/\" \/>\n<meta property=\"og:locale\" content=\"da_DK\" \/>\n<meta property=\"og:type\" content=\"article\" \/>\n<meta property=\"og:title\" content=\"Fast Burn Extreme - Anmeldelse, Forum, Apotek, Pris, Effekter | -50%\" \/>\n<meta property=\"og:url\" content=\"https:\/\/www.vaisenhus-apotek.dk\/farmaci\/supp\/fast-burn-extreme\/\" \/>\n<meta property=\"og:site_name\" content=\"Vaisenhus-Apotek\" \/>\n<meta property=\"article:modified_time\" content=\"2024-10-12T18:41:50+00:00\" \/>\n<meta property=\"og:image\" content=\"https:\/\/www.vaisenhus-apotek.dk\/farmaci\/wp-content\/uploads\/2024\/10\/Fast-Burn-Extreme.jpg\" \/>\n\t<meta property=\"og:image:width\" content=\"768\" \/>\n\t<meta property=\"og:image:height\" content=\"768\" \/>\n\t<meta property=\"og:image:type\" content=\"image\/jpeg\" \/>\n<meta name=\"twitter:card\" content=\"summary_large_image\" \/>\n<meta name=\"twitter:description\" content=\"[date_countdown]\" \/>\n<meta name=\"twitter:label1\" content=\"Estimeret l\u00e6setid\" \/>\n\t<meta name=\"twitter:data1\" content=\"1 minut\" \/>\n<script type=\"application\/ld+json\" class=\"yoast-schema-graph\">{\"@context\":\"https:\\\/\\\/schema.org\",\"@graph\":[{\"@type\":\"WebPage\",\"@id\":\"https:\\\/\\\/www.vaisenhus-apotek.dk\\\/farmaci\\\/supp\\\/fast-burn-extreme\\\/\",\"url\":\"https:\\\/\\\/www.vaisenhus-apotek.dk\\\/farmaci\\\/supp\\\/fast-burn-extreme\\\/\",\"name\":\"Fast Burn Extreme - Anmeldelse, Forum, Apotek, Pris, Effekter | -50%\",\"isPartOf\":{\"@id\":\"https:\\\/\\\/www.vaisenhus-apotek.dk\\\/farmaci\\\/#website\"},\"primaryImageOfPage\":{\"@id\":\"https:\\\/\\\/www.vaisenhus-apotek.dk\\\/farmaci\\\/supp\\\/fast-burn-extreme\\\/#primaryimage\"},\"image\":{\"@id\":\"https:\\\/\\\/www.vaisenhus-apotek.dk\\\/farmaci\\\/supp\\\/fast-burn-extreme\\\/#primaryimage\"},\"thumbnailUrl\":\"https:\\\/\\\/www.vaisenhus-apotek.dk\\\/farmaci\\\/wp-content\\\/uploads\\\/2024\\\/10\\\/Fast-Burn-Extreme.jpg\",\"datePublished\":\"2024-10-10T20:32:00+00:00\",\"dateModified\":\"2024-10-12T18:41:50+00:00\",\"breadcrumb\":{\"@id\":\"https:\\\/\\\/www.vaisenhus-apotek.dk\\\/farmaci\\\/supp\\\/fast-burn-extreme\\\/#breadcrumb\"},\"inLanguage\":\"da-DK\",\"potentialAction\":[{\"@type\":\"ReadAction\",\"target\":[\"https:\\\/\\\/www.vaisenhus-apotek.dk\\\/farmaci\\\/supp\\\/fast-burn-extreme\\\/\"]}]},{\"@type\":\"ImageObject\",\"inLanguage\":\"da-DK\",\"@id\":\"https:\\\/\\\/www.vaisenhus-apotek.dk\\\/farmaci\\\/supp\\\/fast-burn-extreme\\\/#primaryimage\",\"url\":\"https:\\\/\\\/www.vaisenhus-apotek.dk\\\/farmaci\\\/wp-content\\\/uploads\\\/2024\\\/10\\\/Fast-Burn-Extreme.jpg\",\"contentUrl\":\"https:\\\/\\\/www.vaisenhus-apotek.dk\\\/farmaci\\\/wp-content\\\/uploads\\\/2024\\\/10\\\/Fast-Burn-Extreme.jpg\",\"width\":768,\"height\":768},{\"@type\":\"BreadcrumbList\",\"@id\":\"https:\\\/\\\/www.vaisenhus-apotek.dk\\\/farmaci\\\/supp\\\/fast-burn-extreme\\\/#breadcrumb\",\"itemListElement\":[{\"@type\":\"ListItem\",\"position\":1,\"name\":\"Strona g\u0142\u00f3wna\",\"item\":\"https:\\\/\\\/www.vaisenhus-apotek.dk\\\/farmaci\\\/\"},{\"@type\":\"ListItem\",\"position\":2,\"name\":\"farmaci\",\"item\":\"https:\\\/\\\/www.vaisenhus-apotek.dk\\\/farmaci\\\/\"},{\"@type\":\"ListItem\",\"position\":3,\"name\":\"Fast Burn Extreme\"}]},{\"@type\":\"WebSite\",\"@id\":\"https:\\\/\\\/www.vaisenhus-apotek.dk\\\/farmaci\\\/#website\",\"url\":\"https:\\\/\\\/www.vaisenhus-apotek.dk\\\/farmaci\\\/\",\"name\":\"vaisenhus-apotek.dk\",\"description\":\"\",\"potentialAction\":[{\"@type\":\"SearchAction\",\"target\":{\"@type\":\"EntryPoint\",\"urlTemplate\":\"https:\\\/\\\/www.vaisenhus-apotek.dk\\\/farmaci\\\/?s={search_term_string}\"},\"query-input\":{\"@type\":\"PropertyValueSpecification\",\"valueRequired\":true,\"valueName\":\"search_term_string\"}}],\"inLanguage\":\"da-DK\"}]}<\/script>\n<!-- \/ Yoast SEO plugin. -->","yoast_head_json":{"title":"Fast Burn Extreme - Anmeldelse, Forum, Apotek, Pris, Effekter | -50%","robots":{"index":"index","follow":"follow","max-snippet":"max-snippet:-1","max-image-preview":"max-image-preview:large","max-video-preview":"max-video-preview:-1"},"canonical":"https:\/\/www.vaisenhus-apotek.dk\/farmaci\/supp\/fast-burn-extreme\/","og_locale":"da_DK","og_type":"article","og_title":"Fast Burn Extreme - Anmeldelse, Forum, Apotek, Pris, Effekter | -50%","og_url":"https:\/\/www.vaisenhus-apotek.dk\/farmaci\/supp\/fast-burn-extreme\/","og_site_name":"Vaisenhus-Apotek","article_modified_time":"2024-10-12T18:41:50+00:00","og_image":[{"width":768,"height":768,"url":"https:\/\/www.vaisenhus-apotek.dk\/farmaci\/wp-content\/uploads\/2024\/10\/Fast-Burn-Extreme.jpg","type":"image\/jpeg"}],"twitter_card":"summary_large_image","twitter_description":"[date_countdown]","twitter_misc":{"Estimeret l\u00e6setid":"1 minut"},"schema":{"@context":"https:\/\/schema.org","@graph":[{"@type":"WebPage","@id":"https:\/\/www.vaisenhus-apotek.dk\/farmaci\/supp\/fast-burn-extreme\/","url":"https:\/\/www.vaisenhus-apotek.dk\/farmaci\/supp\/fast-burn-extreme\/","name":"Fast Burn Extreme - Anmeldelse, Forum, Apotek, Pris, Effekter | -50%","isPartOf":{"@id":"https:\/\/www.vaisenhus-apotek.dk\/farmaci\/#website"},"primaryImageOfPage":{"@id":"https:\/\/www.vaisenhus-apotek.dk\/farmaci\/supp\/fast-burn-extreme\/#primaryimage"},"image":{"@id":"https:\/\/www.vaisenhus-apotek.dk\/farmaci\/supp\/fast-burn-extreme\/#primaryimage"},"thumbnailUrl":"https:\/\/www.vaisenhus-apotek.dk\/farmaci\/wp-content\/uploads\/2024\/10\/Fast-Burn-Extreme.jpg","datePublished":"2024-10-10T20:32:00+00:00","dateModified":"2024-10-12T18:41:50+00:00","breadcrumb":{"@id":"https:\/\/www.vaisenhus-apotek.dk\/farmaci\/supp\/fast-burn-extreme\/#breadcrumb"},"inLanguage":"da-DK","potentialAction":[{"@type":"ReadAction","target":["https:\/\/www.vaisenhus-apotek.dk\/farmaci\/supp\/fast-burn-extreme\/"]}]},{"@type":"ImageObject","inLanguage":"da-DK","@id":"https:\/\/www.vaisenhus-apotek.dk\/farmaci\/supp\/fast-burn-extreme\/#primaryimage","url":"https:\/\/www.vaisenhus-apotek.dk\/farmaci\/wp-content\/uploads\/2024\/10\/Fast-Burn-Extreme.jpg","contentUrl":"https:\/\/www.vaisenhus-apotek.dk\/farmaci\/wp-content\/uploads\/2024\/10\/Fast-Burn-Extreme.jpg","width":768,"height":768},{"@type":"BreadcrumbList","@id":"https:\/\/www.vaisenhus-apotek.dk\/farmaci\/supp\/fast-burn-extreme\/#breadcrumb","itemListElement":[{"@type":"ListItem","position":1,"name":"Strona g\u0142\u00f3wna","item":"https:\/\/www.vaisenhus-apotek.dk\/farmaci\/"},{"@type":"ListItem","position":2,"name":"farmaci","item":"https:\/\/www.vaisenhus-apotek.dk\/farmaci\/"},{"@type":"ListItem","position":3,"name":"Fast Burn Extreme"}]},{"@type":"WebSite","@id":"https:\/\/www.vaisenhus-apotek.dk\/farmaci\/#website","url":"https:\/\/www.vaisenhus-apotek.dk\/farmaci\/","name":"vaisenhus-apotek.dk","description":"","potentialAction":[{"@type":"SearchAction","target":{"@type":"EntryPoint","urlTemplate":"https:\/\/www.vaisenhus-apotek.dk\/farmaci\/?s={search_term_string}"},"query-input":{"@type":"PropertyValueSpecification","valueRequired":true,"valueName":"search_term_string"}}],"inLanguage":"da-DK"}]}},"_links":{"self":[{"href":"https:\/\/www.vaisenhus-apotek.dk\/farmaci\/wp-json\/wp\/v2\/product\/4343","targetHints":{"allow":["GET"]}}],"collection":[{"href":"https:\/\/www.vaisenhus-apotek.dk\/farmaci\/wp-json\/wp\/v2\/product"}],"about":[{"href":"https:\/\/www.vaisenhus-apotek.dk\/farmaci\/wp-json\/wp\/v2\/types\/product"}],"replies":[{"embeddable":true,"href":"https:\/\/www.vaisenhus-apotek.dk\/farmaci\/wp-json\/wp\/v2\/comments?post=4343"}],"wp:featuredmedia":[{"embeddable":true,"href":"https:\/\/www.vaisenhus-apotek.dk\/farmaci\/wp-json\/wp\/v2\/media\/3990"}],"wp:attachment":[{"href":"https:\/\/www.vaisenhus-apotek.dk\/farmaci\/wp-json\/wp\/v2\/media?parent=4343"}],"wp:term":[{"taxonomy":"product_brand","embeddable":true,"href":"https:\/\/www.vaisenhus-apotek.dk\/farmaci\/wp-json\/wp\/v2\/product_brand?post=4343"},{"taxonomy":"product_cat","embeddable":true,"href":"https:\/\/www.vaisenhus-apotek.dk\/farmaci\/wp-json\/wp\/v2\/product_cat?post=4343"},{"taxonomy":"product_tag","embeddable":true,"href":"https:\/\/www.vaisenhus-apotek.dk\/farmaci\/wp-json\/wp\/v2\/product_tag?post=4343"}],"curies":[{"name":"wp","href":"https:\/\/api.w.org\/{rel}","templated":true}]}}