{"id":4333,"date":"2024-10-10T20:31:54","date_gmt":"2024-10-10T20:31:54","guid":{"rendered":"https:\/\/www.vaisenhus-apotek.dk\/farmaci\/?post_type=product&#038;p=4333"},"modified":"2024-10-12T16:25:47","modified_gmt":"2024-10-12T16:25:47","slug":"titanodrol","status":"publish","type":"product","link":"https:\/\/www.vaisenhus-apotek.dk\/farmaci\/supp\/titanodrol\/","title":{"rendered":"Titanodrol"},"content":{"rendered":"\n<h2 class=\"wp-block-heading\">Hvad er Titanodrol, og hvordan virker det?<\/h2>\n\n\n\n<p><b>Titanodrol<\/b> er et banebrydende <b>kosttilskud<\/b>, som st\u00f8tter folk, der \u00f8nsker at \u00f8ge muskelmassen og forbedre deres generelle atletiske pr\u00e6stationer. Dets <em>virkning<\/em> er baseret p\u00e5 den synergistiske effekt af omhyggeligt udvalgte ingredienser, som stimulerer kroppen til \u00f8get <em>testosteronproduktion<\/em>.<\/p>\n\n\n\n<p>Titanodrol <b>indeholder<\/b> en r\u00e6kke aktive ingredienser, bl.a. zink, beta-alanin, l-arginin, koffein og guarana. Zink er et n\u00f8gleelement, der bidrager til at opretholde normale <em>testosteronniveauer<\/em> i blodet. Regelm\u00e6ssig <b>brug af<\/b> tilskuddet hj\u00e6lper med at \u00f8ge muskelpr\u00e6stationen, fremskynde v\u00e6ksten af muskelv\u00e6v og forbedre tr\u00e6ningsevnen.<\/p>\n\n\n\n<p><b>Kosttilskuddet<\/b> Titanodrol indeholder 60 kapsler med et anbefalet indtag p\u00e5 2 kapsler om dagen, hvilket g\u00f8r regelm\u00e6ssig <b>brug<\/b> nem og bekvem. Folk, der bruger dette kosttilskud, m\u00e6rker ofte en stigning i energi, bedre regenerering og en reduceret f\u00f8lelse af tr\u00e6thed efter intensiv tr\u00e6ning.<\/p>\n\n\n\n<p>Titanodrols egenskaber er v\u00e6rdsat blandt atleter og fysisk aktive mennesker, der leder efter naturlige metoder til at \u00f8ge styrke og muskelmasse. Dets <em>virkning<\/em> har en positiv effekt p\u00e5 b\u00e5de sportspr\u00e6stationer og brugernes generelle velbefindende.<\/p>\n\n\n\n<h2 class=\"wp-block-heading\">Fordele ved Titanodrol &#8211; Effekter<\/h2>\n\n\n\n<p>Brugen af Titanodrol bidrager til mange positive effekter, som er s\u00e6rligt vigtige for dem, der sigter mod at \u00f8ge muskelmasse og styrke. Regelm\u00e6ssig brug af kosttilskuddet muligg\u00f8r hurtigere <b>v\u00e6gt\u00f8gning<\/b>, hvilket fremmer muskeludvikling og opn\u00e5else af tr\u00e6ningsm\u00e5l.<\/p>\n\n\n\n<p>Her er nogle af de vigtigste fordele ved at bruge Titanodrol:<\/p>\n\n\n\n<ul class=\"wp-block-list\">\n<li><em>Massefor\u00f8gelse<\/em> &#8211; Titanodrol underst\u00f8tter den naturlige produktion af testosteron og v\u00e6ksthormon, hvilket i h\u00f8j grad p\u00e5virker processen med at opbygge muskelmasse.<\/li>\n\n\n\n<li><em>Styrke<\/em> &#8211; Tilskuddet hj\u00e6lper med at \u00f8ge styrken, hvilket g\u00f8r det muligt at l\u00f8fte tungere v\u00e6gte under tr\u00e6ningen.<\/li>\n\n\n\n<li><em>Udholdenhed<\/em> &#8211; <b>Brugere<\/b> rapporterer om \u00f8get <b>udholdenhed<\/b>, hvilket giver mulighed for l\u00e6ngere intense tr\u00e6ningspas samt hurtigere muskelrestitution.<\/li>\n\n\n\n<li><em>Regeneration<\/em> &#8211; Titanodrols <b>virkning<\/b> fremskynder kroppens restitution efter tr\u00e6ning, hvilket resulterer i mere effektiv tr\u00e6ning og en lavere risiko for skader.<\/li>\n\n\n\n<li><em>Konsolidering af resultater<\/em> &#8211; Det bliver lettere at opn\u00e5 en muskul\u00f8s fysik med \u00f8get fokus og motivation under tr\u00e6ningen.<\/li>\n<\/ul>\n\n\n\n<p>Med hensyn til brug er Titanodrol praktisk, da hver dosis kun indeholder to kapsler om dagen. <b>Brugerne<\/b> bem\u00e6rker de m\u00e6rkbare <b>effekter<\/b> efter en kort periode med tilskud, hvilket g\u00f8r brugen af Titanodrol sandsynligvis gavnlig for dem, der \u00f8nsker at forbedre deres tr\u00e6ningspr\u00e6station og generelle kondition.<\/p>\n\n\n\n<p>Samlet set tilbyder Titanodrol gennem den synergistiske <b>virkning af<\/b> sine ingredienser en r\u00e6kke muligheder for at forbedre <em>tr\u00e6ningseffekterne<\/em>, hvilket bidrager til \u00f8get styrke, udholdenhed og v\u00e6gt\u00f8gning, hvilket g\u00f8r det til et interessant valg for atleter og fitnessentusiaster.<\/p>\n\n\n\n<h2 class=\"wp-block-heading\">Dosering af Titanodrol &#8211; Hvordan bruges det?<\/h2>\n\n\n\n<p>Den korrekte <b>dosering af<\/b> Titanodrol er n\u00f8glen til at opn\u00e5 de \u00f8nskede effekter. Det anbefales at tage <em>to kapsler dagligt<\/em>, som bedst tages f\u00f8r et af m\u00e5ltiderne. Kapslerne skal drikkes med rigeligt vand, hvilket fremmer en bedre optagelse. Denne <em>brug<\/em> af kosttilskuddet bidrager til at maksimere dets virkning og underst\u00f8tter kroppens naturlige anabolske processer.<\/p>\n\n\n\n<p>Korrekt <em>dosering<\/em> underst\u00f8tter ikke kun v\u00e6ksten af muskelmasse, men p\u00e5virker ogs\u00e5 <em>reduktionen af tr\u00e6thed<\/em>, som <b>brugerne<\/b> f\u00f8ler efter intensive tr\u00e6ningspas. Konstant overholdelse af anbefalingerne sikrer systematisk opn\u00e5else af resultater, s\u00e5som \u00f8get tr\u00e6ningseffektivitet og optimeret muskelrestitution.<\/p>\n\n\n\n<p>Det er vigtigt ikke at overskride den anbefalede dosis, da det kan f\u00f8re til u\u00f8nskede reaktioner i kroppen. Hver person b\u00f8r tilpasse <em>brugen<\/em> af tilskuddet til deres individuelle behov og livsstil. Det er ogs\u00e5 v\u00e6rd at huske, at Titanodrol fungerer bedst i kombination med en ordentlig kost og regelm\u00e6ssig tr\u00e6ning.<\/p>\n\n\n\n<h2 class=\"wp-block-heading\">Titanodrol &#8211; Anmeldelser og udtalelser &#8211; Hvad siger brugerne?<\/h2>\n\n\n\n<p><b>Titanodrol-anmeldelser<\/b> er varierede, selvom mange anmeldelser peger p\u00e5 de positive <b>virkninger af at<\/b> hj\u00e6lpe med at \u00f8ge muskelmasse og udholdenhed. Brugere har bem\u00e6rket synlige \u00e6ndringer i fitness efter at have taget dette supplement. If\u00f8lge forskning kan <em>negativ tr\u00e6ningsstress<\/em> reduceres betydeligt, hvilket p\u00e5virker {underst\u00f8ttende|for\u00f8gede} resultater efter 2 uger:<\/p>\n\n\n\n<ul class=\"wp-block-list\">\n<li>61% stigning i udholdenhed efter to uger<\/li>\n\n\n\n<li>32% st\u00f8rre <b>tilv\u00e6kst i muskelmasse<\/b> ved regelm\u00e6ssig tr\u00e6ning<\/li>\n\n\n\n<li>35 % stigning i testosteron efter to m\u00e5neder<\/li>\n<\/ul>\n\n\n\n<p>Mange brugere, som Michael, roser Titanodrol for at intensivere deres tr\u00e6ning. De bem\u00e6rker, at deres <b>styrke<\/b> og ydeevne er steget efter en m\u00e5neds brug. Anna tilf\u00f8jer, at restitutionen efter tr\u00e6ning er blevet hurtigere, s\u00e5 hun kan tr\u00e6ne mere intensivt. Jan bem\u00e6rker, at hans entusiasme for tr\u00e6ning er steget, og at resultaterne har overrasket ham positivt.<\/p>\n\n\n\n<p>Det b\u00f8r heller ikke glemmes, at Titanodrol kun indeholder naturlige ingredienser. Brugere s\u00e6tter pris p\u00e5 dets sikkerhed, da produktet ikke indeholder steroider. Derudover kan du finde kampagner p\u00e5 det officielle websted, der tilbyder rabatter p\u00e5 k\u00f8b.<\/p>\n\n\n\n<p>Samlet set har Titanodrol f\u00e5et positiv <b>feedback<\/b> og <b>anmeldelser<\/b>, hvilket g\u00f8r det til et interessant supplement for dem, der \u00f8nsker at forbedre tr\u00e6ningspr\u00e6stationen og \u00f8ge muskelmassen.<\/p>\n\n\n\n<h2 class=\"wp-block-heading\">Titanodrols sammens\u00e6tning &#8211; Analyse af ingredienser<\/h2>\n\n\n\n<p>Titanodrol er et <em>kosttilskud<\/em> baseret p\u00e5 naturlige ingredienser, der er n\u00f8je udvalgt til at underst\u00f8tte opbygningen af muskelmasse. N\u00f8gleingredienserne omfatter:<\/p>\n\n\n\n<ul class=\"wp-block-list\">\n<li><strong>Beta-alanin<\/strong> &#8211; \u00f8ger <b>udholdenheden<\/b><\/li>\n\n\n\n<li><strong>L-arginin<\/strong> &#8211; underst\u00f8tter pr\u00e6stationsevnen<\/li>\n\n\n\n<li><strong>D-asparaginsyre<\/strong> &#8211; p\u00e5virker testosteronproduktionen<\/li>\n\n\n\n<li><strong>Mace-ekstrakt<\/strong> &#8211; forbedrer libido<\/li>\n\n\n\n<li><strong>Bukkehorn<\/strong> &#8211; underst\u00f8tter <b>\u00f8gning af muskelmasse<\/b> <\/li>\n\n\n\n<li><strong>Ekstrakt af cayennepeber<\/strong> &#8211; stimulerer stofskiftet<\/li>\n\n\n\n<li><strong>Guarana<\/strong> &#8211; giver energi<\/li>\n\n\n\n<li><strong>Koffein<\/strong> &#8211; \u00f8ger tr\u00e6ningskapaciteten<\/li>\n\n\n\n<li><strong>Zink<\/strong> &#8211; underst\u00f8tter immunforsvaret<\/li>\n<\/ul>\n\n\n\n<p><b>Analyse af<\/b> disse ingredienser viser den omfattende <b>virkning<\/b> af Titanodrol, som bidrager til \u00f8get muskelmasse og energiniveau. Formlens h\u00f8je effektivitet skyldes ingrediensernes synergistiske effekt, som bidrager til at fremskynde restitutionen efter tr\u00e6ning.<\/p>\n\n\n\n<p>I sidste ende kombinerer Titanodrol naturlige ingredienser, der ikke kun underst\u00f8tter v\u00e6kst i muskelv\u00e6v, men ogs\u00e5 effektivitet og genopretning. <b>Analyse af<\/b> sammens\u00e6tningen fremh\u00e6ver dens succes blandt brugerne.<\/p>\n\n\n\n<h2 class=\"wp-block-heading\">Hvor kan man k\u00f8be Titanodrol &#8211; pris<\/h2>\n\n\n\n<p>Titanodrol kan kun k\u00f8bes via producentens officielle hjemmeside. Priserne kan \u00e6ndres, s\u00e5 hold \u00f8je med tilg\u00e6ngelige kampagner. N\u00e5r du v\u00e6lger Titanodrol fra en autoriseret forhandler, er du sikret et produkt af h\u00f8jeste kvalitet og omfattende kundeservice. Kunderne roser ogs\u00e5 den enkle k\u00f8bsproces og levering lige til d\u00f8ren.<\/p>\n\n\n\n<h2 class=\"wp-block-heading\">Titanodrol &#8211; Potentielle bivirkninger og kontraindikationer for brug<\/h2>\n\n\n\n<p>Som med alle andre kosttilskud kan Titanodrol ogs\u00e5 give <b>bivirkninger<\/b>, selv om de er relativt sj\u00e6ldne. Blandt de hyppigst rapporterede reaktioner er ubehag i maven, som kan forekomme hos nogle brugere. Det er derfor vigtigt at bruge produktet i henhold til producentens anbefalinger og at holde \u00f8je med sit eget velbefindende.<\/p>\n\n\n\n<p>Det er v\u00e6rd at huske p\u00e5 <strong>kontraindikationerne<\/strong> for brugen af Titanodrol. Personer med helbredsproblemer, s\u00e5som nyre- eller leversygdom, b\u00f8r konsultere deres l\u00e6ge, f\u00f8r de begynder at tage tilskud. Desuden b\u00f8r personer, der tager anden medicin, v\u00e6re s\u00e6rligt opm\u00e6rksomme p\u00e5 at undg\u00e5 potentielle interaktioner, der kan p\u00e5virke behandlingens effektivitet.<\/p>\n\n\n\n<p>Det er derfor altid tilr\u00e5deligt at konsultere en l\u00e6ge, f\u00f8r du beslutter dig for at tage Titanodrol. Det er ekstremt vigtigt at tage vare p\u00e5 dit eget helbred for at undg\u00e5 mulige bivirkninger og for at sikre, at de kosttilskud, du tager, er effektive.<\/p>\n","protected":false},"excerpt":{"rendered":"<p><strong><span style=\"vertical-align: inherit;\"><span style=\"vertical-align: inherit;\">[date_countdown]<\/span><\/span><\/strong><\/p>\n<p><img decoding=\"async\" class=\"alignnone wp-image-4422\" src=\"https:\/\/www.vaisenhus-apotek.dk\/farmaci\/wp-content\/uploads\/2024\/10\/SAFE-PAY-300x88.png\" alt=\"SAFE PAY\" width=\"198\" height=\"58\" srcset=\"https:\/\/www.vaisenhus-apotek.dk\/farmaci\/wp-content\/uploads\/2024\/10\/SAFE-PAY-300x88.png 300w, https:\/\/www.vaisenhus-apotek.dk\/farmaci\/wp-content\/uploads\/2024\/10\/SAFE-PAY-1024x302.png 1024w, https:\/\/www.vaisenhus-apotek.dk\/farmaci\/wp-content\/uploads\/2024\/10\/SAFE-PAY-768x226.png 768w, https:\/\/www.vaisenhus-apotek.dk\/farmaci\/wp-content\/uploads\/2024\/10\/SAFE-PAY-600x177.png 600w, https:\/\/www.vaisenhus-apotek.dk\/farmaci\/wp-content\/uploads\/2024\/10\/SAFE-PAY.png 1038w\" sizes=\"(max-width: 198px) 100vw, 198px\" \/><\/p>\n","protected":false},"featured_media":3985,"comment_status":"open","ping_status":"closed","template":"","meta":{"neve_meta_sidebar":"","neve_meta_container":"","neve_meta_enable_content_width":"","neve_meta_content_width":0,"neve_meta_title_alignment":"","neve_meta_author_avatar":"","neve_post_elements_order":"","neve_meta_disable_header":"","neve_meta_disable_footer":"","neve_meta_disable_title":"","neve_meta_reading_time":""},"product_brand":[],"product_cat":[15],"product_tag":[],"class_list":{"0":"post-4333","1":"product","2":"type-product","3":"status-publish","4":"has-post-thumbnail","6":"product_cat-vaegttab","8":"first","9":"instock","10":"sale","11":"shipping-taxable","12":"product-type-external"},"yoast_head":"<!-- This site is optimized with the Yoast SEO plugin v27.4 - https:\/\/yoast.com\/product\/yoast-seo-wordpress\/ -->\n<title>Titanodrol - Anmeldelse, Forum, Apotek, Pris, Effekter | -50%<\/title>\n<meta name=\"robots\" content=\"index, follow, max-snippet:-1, max-image-preview:large, max-video-preview:-1\" \/>\n<link rel=\"canonical\" href=\"https:\/\/www.vaisenhus-apotek.dk\/farmaci\/supp\/titanodrol\/\" \/>\n<meta property=\"og:locale\" content=\"da_DK\" \/>\n<meta property=\"og:type\" content=\"article\" \/>\n<meta property=\"og:title\" content=\"Titanodrol - Anmeldelse, Forum, Apotek, Pris, Effekter | -50%\" \/>\n<meta property=\"og:url\" content=\"https:\/\/www.vaisenhus-apotek.dk\/farmaci\/supp\/titanodrol\/\" \/>\n<meta property=\"og:site_name\" content=\"Vaisenhus-Apotek\" \/>\n<meta property=\"article:modified_time\" content=\"2024-10-12T16:25:47+00:00\" \/>\n<meta property=\"og:image\" content=\"https:\/\/www.vaisenhus-apotek.dk\/farmaci\/wp-content\/uploads\/2024\/10\/Titanodrol.jpg\" \/>\n\t<meta property=\"og:image:width\" content=\"768\" \/>\n\t<meta property=\"og:image:height\" content=\"768\" \/>\n\t<meta property=\"og:image:type\" content=\"image\/jpeg\" \/>\n<meta name=\"twitter:card\" content=\"summary_large_image\" \/>\n<meta name=\"twitter:description\" content=\"[date_countdown]\" \/>\n<meta name=\"twitter:label1\" content=\"Estimeret l\u00e6setid\" \/>\n\t<meta name=\"twitter:data1\" content=\"1 minut\" \/>\n<script type=\"application\/ld+json\" class=\"yoast-schema-graph\">{\"@context\":\"https:\\\/\\\/schema.org\",\"@graph\":[{\"@type\":\"WebPage\",\"@id\":\"https:\\\/\\\/www.vaisenhus-apotek.dk\\\/farmaci\\\/supp\\\/titanodrol\\\/\",\"url\":\"https:\\\/\\\/www.vaisenhus-apotek.dk\\\/farmaci\\\/supp\\\/titanodrol\\\/\",\"name\":\"Titanodrol - Anmeldelse, Forum, Apotek, Pris, Effekter | -50%\",\"isPartOf\":{\"@id\":\"https:\\\/\\\/www.vaisenhus-apotek.dk\\\/farmaci\\\/#website\"},\"primaryImageOfPage\":{\"@id\":\"https:\\\/\\\/www.vaisenhus-apotek.dk\\\/farmaci\\\/supp\\\/titanodrol\\\/#primaryimage\"},\"image\":{\"@id\":\"https:\\\/\\\/www.vaisenhus-apotek.dk\\\/farmaci\\\/supp\\\/titanodrol\\\/#primaryimage\"},\"thumbnailUrl\":\"https:\\\/\\\/www.vaisenhus-apotek.dk\\\/farmaci\\\/wp-content\\\/uploads\\\/2024\\\/10\\\/Titanodrol.jpg\",\"datePublished\":\"2024-10-10T20:31:54+00:00\",\"dateModified\":\"2024-10-12T16:25:47+00:00\",\"breadcrumb\":{\"@id\":\"https:\\\/\\\/www.vaisenhus-apotek.dk\\\/farmaci\\\/supp\\\/titanodrol\\\/#breadcrumb\"},\"inLanguage\":\"da-DK\",\"potentialAction\":[{\"@type\":\"ReadAction\",\"target\":[\"https:\\\/\\\/www.vaisenhus-apotek.dk\\\/farmaci\\\/supp\\\/titanodrol\\\/\"]}]},{\"@type\":\"ImageObject\",\"inLanguage\":\"da-DK\",\"@id\":\"https:\\\/\\\/www.vaisenhus-apotek.dk\\\/farmaci\\\/supp\\\/titanodrol\\\/#primaryimage\",\"url\":\"https:\\\/\\\/www.vaisenhus-apotek.dk\\\/farmaci\\\/wp-content\\\/uploads\\\/2024\\\/10\\\/Titanodrol.jpg\",\"contentUrl\":\"https:\\\/\\\/www.vaisenhus-apotek.dk\\\/farmaci\\\/wp-content\\\/uploads\\\/2024\\\/10\\\/Titanodrol.jpg\",\"width\":768,\"height\":768},{\"@type\":\"BreadcrumbList\",\"@id\":\"https:\\\/\\\/www.vaisenhus-apotek.dk\\\/farmaci\\\/supp\\\/titanodrol\\\/#breadcrumb\",\"itemListElement\":[{\"@type\":\"ListItem\",\"position\":1,\"name\":\"Strona g\u0142\u00f3wna\",\"item\":\"https:\\\/\\\/www.vaisenhus-apotek.dk\\\/farmaci\\\/\"},{\"@type\":\"ListItem\",\"position\":2,\"name\":\"farmaci\",\"item\":\"https:\\\/\\\/www.vaisenhus-apotek.dk\\\/farmaci\\\/\"},{\"@type\":\"ListItem\",\"position\":3,\"name\":\"Titanodrol\"}]},{\"@type\":\"WebSite\",\"@id\":\"https:\\\/\\\/www.vaisenhus-apotek.dk\\\/farmaci\\\/#website\",\"url\":\"https:\\\/\\\/www.vaisenhus-apotek.dk\\\/farmaci\\\/\",\"name\":\"vaisenhus-apotek.dk\",\"description\":\"\",\"potentialAction\":[{\"@type\":\"SearchAction\",\"target\":{\"@type\":\"EntryPoint\",\"urlTemplate\":\"https:\\\/\\\/www.vaisenhus-apotek.dk\\\/farmaci\\\/?s={search_term_string}\"},\"query-input\":{\"@type\":\"PropertyValueSpecification\",\"valueRequired\":true,\"valueName\":\"search_term_string\"}}],\"inLanguage\":\"da-DK\"}]}<\/script>\n<!-- \/ Yoast SEO plugin. -->","yoast_head_json":{"title":"Titanodrol - Anmeldelse, Forum, Apotek, Pris, Effekter | -50%","robots":{"index":"index","follow":"follow","max-snippet":"max-snippet:-1","max-image-preview":"max-image-preview:large","max-video-preview":"max-video-preview:-1"},"canonical":"https:\/\/www.vaisenhus-apotek.dk\/farmaci\/supp\/titanodrol\/","og_locale":"da_DK","og_type":"article","og_title":"Titanodrol - Anmeldelse, Forum, Apotek, Pris, Effekter | -50%","og_url":"https:\/\/www.vaisenhus-apotek.dk\/farmaci\/supp\/titanodrol\/","og_site_name":"Vaisenhus-Apotek","article_modified_time":"2024-10-12T16:25:47+00:00","og_image":[{"width":768,"height":768,"url":"https:\/\/www.vaisenhus-apotek.dk\/farmaci\/wp-content\/uploads\/2024\/10\/Titanodrol.jpg","type":"image\/jpeg"}],"twitter_card":"summary_large_image","twitter_description":"[date_countdown]","twitter_misc":{"Estimeret l\u00e6setid":"1 minut"},"schema":{"@context":"https:\/\/schema.org","@graph":[{"@type":"WebPage","@id":"https:\/\/www.vaisenhus-apotek.dk\/farmaci\/supp\/titanodrol\/","url":"https:\/\/www.vaisenhus-apotek.dk\/farmaci\/supp\/titanodrol\/","name":"Titanodrol - Anmeldelse, Forum, Apotek, Pris, Effekter | -50%","isPartOf":{"@id":"https:\/\/www.vaisenhus-apotek.dk\/farmaci\/#website"},"primaryImageOfPage":{"@id":"https:\/\/www.vaisenhus-apotek.dk\/farmaci\/supp\/titanodrol\/#primaryimage"},"image":{"@id":"https:\/\/www.vaisenhus-apotek.dk\/farmaci\/supp\/titanodrol\/#primaryimage"},"thumbnailUrl":"https:\/\/www.vaisenhus-apotek.dk\/farmaci\/wp-content\/uploads\/2024\/10\/Titanodrol.jpg","datePublished":"2024-10-10T20:31:54+00:00","dateModified":"2024-10-12T16:25:47+00:00","breadcrumb":{"@id":"https:\/\/www.vaisenhus-apotek.dk\/farmaci\/supp\/titanodrol\/#breadcrumb"},"inLanguage":"da-DK","potentialAction":[{"@type":"ReadAction","target":["https:\/\/www.vaisenhus-apotek.dk\/farmaci\/supp\/titanodrol\/"]}]},{"@type":"ImageObject","inLanguage":"da-DK","@id":"https:\/\/www.vaisenhus-apotek.dk\/farmaci\/supp\/titanodrol\/#primaryimage","url":"https:\/\/www.vaisenhus-apotek.dk\/farmaci\/wp-content\/uploads\/2024\/10\/Titanodrol.jpg","contentUrl":"https:\/\/www.vaisenhus-apotek.dk\/farmaci\/wp-content\/uploads\/2024\/10\/Titanodrol.jpg","width":768,"height":768},{"@type":"BreadcrumbList","@id":"https:\/\/www.vaisenhus-apotek.dk\/farmaci\/supp\/titanodrol\/#breadcrumb","itemListElement":[{"@type":"ListItem","position":1,"name":"Strona g\u0142\u00f3wna","item":"https:\/\/www.vaisenhus-apotek.dk\/farmaci\/"},{"@type":"ListItem","position":2,"name":"farmaci","item":"https:\/\/www.vaisenhus-apotek.dk\/farmaci\/"},{"@type":"ListItem","position":3,"name":"Titanodrol"}]},{"@type":"WebSite","@id":"https:\/\/www.vaisenhus-apotek.dk\/farmaci\/#website","url":"https:\/\/www.vaisenhus-apotek.dk\/farmaci\/","name":"vaisenhus-apotek.dk","description":"","potentialAction":[{"@type":"SearchAction","target":{"@type":"EntryPoint","urlTemplate":"https:\/\/www.vaisenhus-apotek.dk\/farmaci\/?s={search_term_string}"},"query-input":{"@type":"PropertyValueSpecification","valueRequired":true,"valueName":"search_term_string"}}],"inLanguage":"da-DK"}]}},"_links":{"self":[{"href":"https:\/\/www.vaisenhus-apotek.dk\/farmaci\/wp-json\/wp\/v2\/product\/4333","targetHints":{"allow":["GET"]}}],"collection":[{"href":"https:\/\/www.vaisenhus-apotek.dk\/farmaci\/wp-json\/wp\/v2\/product"}],"about":[{"href":"https:\/\/www.vaisenhus-apotek.dk\/farmaci\/wp-json\/wp\/v2\/types\/product"}],"replies":[{"embeddable":true,"href":"https:\/\/www.vaisenhus-apotek.dk\/farmaci\/wp-json\/wp\/v2\/comments?post=4333"}],"wp:featuredmedia":[{"embeddable":true,"href":"https:\/\/www.vaisenhus-apotek.dk\/farmaci\/wp-json\/wp\/v2\/media\/3985"}],"wp:attachment":[{"href":"https:\/\/www.vaisenhus-apotek.dk\/farmaci\/wp-json\/wp\/v2\/media?parent=4333"}],"wp:term":[{"taxonomy":"product_brand","embeddable":true,"href":"https:\/\/www.vaisenhus-apotek.dk\/farmaci\/wp-json\/wp\/v2\/product_brand?post=4333"},{"taxonomy":"product_cat","embeddable":true,"href":"https:\/\/www.vaisenhus-apotek.dk\/farmaci\/wp-json\/wp\/v2\/product_cat?post=4333"},{"taxonomy":"product_tag","embeddable":true,"href":"https:\/\/www.vaisenhus-apotek.dk\/farmaci\/wp-json\/wp\/v2\/product_tag?post=4333"}],"curies":[{"name":"wp","href":"https:\/\/api.w.org\/{rel}","templated":true}]}}