{"id":4331,"date":"2024-10-10T20:31:54","date_gmt":"2024-10-10T20:31:54","guid":{"rendered":"https:\/\/www.vaisenhus-apotek.dk\/farmaci\/?post_type=product&#038;p=4331"},"modified":"2024-10-12T16:15:51","modified_gmt":"2024-10-12T16:15:51","slug":"prostoxalen","status":"publish","type":"product","link":"https:\/\/www.vaisenhus-apotek.dk\/farmaci\/supp\/prostoxalen\/","title":{"rendered":"Prostoxalen"},"content":{"rendered":"\n<h2 class=\"wp-block-heading\">Hvad er Prostoxalen, og hvordan virker det?<\/h2>\n\n\n\n<p><b>Prostoxalen<\/b> er et <em>kosttilskud<\/em>, der er udviklet til at st\u00f8tte <em>prostatasundheden<\/em>. Det best\u00e5r af seks planteekstrakter, herunder sabelpalme, br\u00e6nden\u00e6lde og sm\u00e5blomstret pil. <b>Virkningen<\/b> af Prostoxalen er baseret p\u00e5 naturlige ingredienser, der underst\u00f8tter hormonbalancen og hj\u00e6lper med at reducere bet\u00e6ndelse i prostata.<\/p>\n\n\n\n<p>Hver dagsdosis af Prostoxalen, som indeholder to kapsler, giver 320 mg sabalpalmeekstrakt og 320 mg gr\u00e6skarkerneekstrakt. Derudover er produktet beriget med E-vitamin, zink, mangan og B6-vitamin, som forbedrer dets effektivitet og st\u00f8tter kroppen i dens daglige funktion.<\/p>\n\n\n\n<p>Prostoxalen virker ved at regulere udskillelsen af hormoner, der er ansvarlige for prostatahypertrofi, hvilket kan give lindring af generende urinvejsklager. Brugere af kosttilskuddet m\u00e6rker ofte en forbedring af vandladningskomforten og en reduktion af smerter i prostataomr\u00e5det.<\/p>\n\n\n\n<ul class=\"wp-block-list\">\n<li>Lindring af symptomer p\u00e5 kronisk prostatitis<\/li>\n\n\n\n<li>Reduktion af smerter og ubehag i prostataomr\u00e5det<\/li>\n\n\n\n<li>St\u00f8tte til generel prostatasundhed<\/li>\n\n\n\n<li>Minimering af risikoen for komplikationer i forbindelse med prostataproblemer<\/li>\n<\/ul>\n\n\n\n<p>Prostoxalen-tilskud kan f\u00f8re til en forbedret livskvalitet for m\u00e6nd i alle aldre, der oplever symptomer i forbindelse med prostatitis. Brugere rapporterer ofte om forbedret hum\u00f8r og \u00f8get energi, hvilket viser, at dette produkt er effektivt til at st\u00f8tte <em>prostatasundheden<\/em>.<\/p>\n\n\n\n<h2 class=\"wp-block-heading\">Fordele ved Prostoxalen &#8211; Effekter<\/h2>\n\n\n\n<p>At tage Prostoxalen som kosttilskud har en r\u00e6kke <em>fordele<\/em> for prostatasundheden. Regelm\u00e6ssig brug af dette kosttilskud kan forbedre livskvaliteten betydeligt for m\u00e6nd, is\u00e6r dem i den modne alder. Omkring 70 % af m\u00e6nd i denne alder k\u00e6mper med forskellige urinvejslidelser, og Prostoxalen best\u00e5r af naturlige ingredienser, der underst\u00f8tter <b>prostatasundheden<\/b>.<\/p>\n\n\n\n<p>Blandt de positive <em>virkninger af<\/em> Prostoxalen er:<\/p>\n\n\n\n<ul class=\"wp-block-list\">\n<li>Reduktion i hyppigheden af toiletbes\u00f8g<\/li>\n\n\n\n<li>Lindring af smerter under vandladning<\/li>\n\n\n\n<li>Forbedring af kvaliteten af seksuallivet<\/li>\n\n\n\n<li>St\u00f8tte til den generelle sundhed i urinvejene<\/li>\n\n\n\n<li>Forbedret urinflow og reduceret prostatast\u00f8rrelse<\/li>\n\n\n\n<li>Hormonbalance og generelt velbefindende<\/li>\n<\/ul>\n\n\n\n<p>Prostoxalen er et af landets bedst s\u00e6lgende kosttilskud, hvilket afspejler dets popularitet blandt m\u00e6nd med prostataproblemer. Takket v\u00e6re omhyggeligt udvalgte ingredienser som ekstrakter af fyrretr\u00e6, traneb\u00e6r, kamille og br\u00e6nden\u00e6lde har Prostoxalen antiinflammatoriske <b>virkninger<\/b> og underst\u00f8tter den urogenitale sundhed.<\/p>\n\n\n\n<figure class=\"wp-block-table\"><table class=\"has-fixed-layout\"><tbody><tr><th>Fordele ved Prostoxalen<\/th><th>Effekter<\/th><\/tr><tr><td>Reduktion i antallet af toiletbes\u00f8g<\/td><td>\u00d8get livskvalitet<\/td><\/tr><tr><td>Lindring af smerter<\/td><td>Forbedring af s\u00f8vnkvaliteten<\/td><\/tr><tr><td>Forbedret seksuel pr\u00e6station<\/td><td>Hormonbalance<\/td><\/tr><tr><td>St\u00f8tte til urinvejene<\/td><td>Normalisering af prostatast\u00f8rrelse<\/td><\/tr><\/tbody><\/table><\/figure>\n\n\n\n<p>Brugen af Prostoxalen anbefales is\u00e6r til m\u00e6nd over 50 \u00e5r p\u00e5 grund af de gavnlige virkninger p\u00e5 <b>prostatasundheden<\/b>. Det er dog v\u00e6rd at huske, at et <b>kosttilskud<\/b> ikke er en erstatning for en sund livsstil eller regelm\u00e6ssige l\u00e6geunders\u00f8gelser. Hvert enkelt tilf\u00e6lde b\u00f8r vurderes individuelt og i samr\u00e5d med en l\u00e6ge, f\u00f8r behandlingen p\u00e5begyndes.<\/p>\n\n\n\n<h2 class=\"wp-block-heading\">Dosering af Prostoxalen &#8211; Hvordan bruges det?<\/h2>\n\n\n\n<p>Den anbefalede <b>dosis af<\/b> Prostoxalen er <em>\u00e9n kapsel om dagen<\/em>, som tages sammen med et m\u00e5ltid. Regelm\u00e6ssighed i indtagelsen af kosttilskuddet er afg\u00f8rende for at opn\u00e5 de bedste resultater. En passende <em>dosering<\/em> giver mulighed for effektiv brug af de naturlige ingredienser i Prostoxalen, f.eks. sabalpalme, br\u00e6nden\u00e6lde og lycopen fra tomater.<\/p>\n\n\n\n<p>Det anbefales at l\u00e6se indl\u00e6gssedlen, f\u00f8r du tager Prostoxalen. Det b\u00f8r fremg\u00e5 tydeligt, <em>hvordan<\/em> pr\u00e6paratet skal <em>bruges<\/em>, men du b\u00f8r altid r\u00e5df\u00f8re dig med din l\u00e6ge, is\u00e6r hvis du har eksisterende medicinske tilstande eller tager anden medicin samtidig. Dette vil hj\u00e6lpe med at undg\u00e5 potentielle interaktioner og sikre, at brugen af kosttilskuddet er sikker.<\/p>\n\n\n\n<figure class=\"wp-block-table\"><table class=\"has-fixed-layout\"><tbody><tr><th>Element<\/th><th>Detaljer<\/th><\/tr><tr><td><b>Dosering<\/b><\/td><td>1 kapsel om dagen sammen med et m\u00e5ltid<\/td><\/tr><tr><td>Emballage<\/td><td>60 kapsler<\/td><\/tr><tr><td>Aktive ingredienser<\/td><td>Sabelpalme, br\u00e6nden\u00e6lde, lycopen, E-vitamin, zink<\/td><\/tr><tr><td><b>Kontraindikationer<\/b><\/td><td>Overf\u00f8lsomhed over for ingredienser, eksisterende helbredsproblemer<\/td><\/tr><tr><td>Potentielle skadelige virkninger<\/td><td>Maveproblemer, kvalme, luft i maven<\/td><\/tr><\/tbody><\/table><\/figure>\n\n\n\n<h2 class=\"wp-block-heading\">Anmeldelser og meninger om Prostoxalen<\/h2>\n\n\n\n<p><b>Prostoxalen-anmeldelser<\/b> viser en varieret respons fra brugerne, men det overv\u00e6ldende flertal af anmeldelser er positive. Mange kunder understreger, at <b>kosttilskuddet<\/b> har medf\u00f8rt forbedringer i deres daglige funktion. For eksempel bem\u00e6rkede en bruger en forbedring af kvaliteten af sit sexliv og en reduktion af prostataklager efter at have taget kapslerne regelm\u00e6ssigt.<\/p>\n\n\n\n<p>Nogle brugere bem\u00e6rker en forskel i varigheden af brugen af Prostoxalen. I evalueringsprogrammet rapporterede mange m\u00e6nd om betydelig symptomlindring efter flere ugers brug, hvilket resulterede i mindre hyppige f\u00f8lelser af at skulle lade vandet ofte. Is\u00e6r m\u00e6nd i alle aldre, der k\u00e6mper med prostataproblemer, angav <em>en betydelig forbedring af<\/em> deres generelle velbefindende.<\/p>\n\n\n\n<blockquote class=\"wp-block-quote is-layout-flow wp-block-quote-is-layout-flow\">\n<p>&#8220;Efter en uges brug har jeg bem\u00e6rket en betydelig forbedring, jeg l\u00f8ber sj\u00e6ldnere p\u00e5 toilettet.&#8221;<\/p>\n<\/blockquote>\n\n\n\n<p>Selv om de fleste anmeldelser er positive, har en r\u00e6kke brugere udtrykt deres skuffelse. Til tider var der kommentarer, der indikerede, at der ikke var nogen m\u00e6rkbare resultater, selv efter en m\u00e5neds brug. Kritikere rejste sp\u00f8rgsm\u00e5let om manglende gennemsigtighed i supplementets sammens\u00e6tning, hvilket gav anledning til skepsis. P\u00e5 trods af disse negative anmeldelser fik Prostoxalen en h\u00f8j vurdering fra brugerne.<\/p>\n\n\n\n<figure class=\"wp-block-table\"><table class=\"has-fixed-layout\"><tbody><tr><th>Kategori<\/th><th>Resultat<\/th><\/tr><tr><td>Overordnet tilfredshed<\/td><td>5 stjerner<\/td><\/tr><tr><td>Effektivt til at forbedre prostatasundheden<\/td><td>M\u00e6rkbar hos 70 % af brugerne<\/td><\/tr><tr><td><b>Bivirkninger<\/b> <\/td><td>Ingen ans\u00f8gninger<\/td><\/tr><tr><td><b>Pris<\/b> pr. m\u00e5nedlig behandling<\/td><td>PLN 139<\/td><\/tr><\/tbody><\/table><\/figure>\n\n\n\n<p>Det er ogs\u00e5 v\u00e6rd at huske, at mange brugere anbefaler at konsultere en l\u00e6ge, f\u00f8r behandlingen p\u00e5begyndes, i stedet for at investere i kosttilskud, hvis effektivitet kan v\u00e6re tvivlsom. S\u00e5danne forskellige <b>meninger<\/b> om Prostoxalen g\u00f8r dens komplekse opfattelse blandt forbrugerne til stede, og <b>anmeldelserne<\/b> er en interessant stemme i diskussionen om prostatasundhed.<\/p>\n\n\n\n<h2 class=\"wp-block-heading\">Prostoxalen &#8211; Sammens\u00e6tning &#8211; Analyse af ingredienser<\/h2>\n\n\n\n<p>Prostoxalen er et kosttilskud, der underst\u00f8tter prostataens sundhed gennem n\u00f8je udvalgte ingredienser. Det <em>indeholder<\/em> naturlige ekstrakter, der er af dokumenteret v\u00e6rdi for <b>den<\/b> mandlige krop. De vigtigste ingredienser i Prostoxalen er:<\/p>\n\n\n\n<figure class=\"wp-block-table\"><table class=\"has-fixed-layout\"><tbody><tr><th>Komponent<\/th><th>Fordele<\/th><\/tr><tr><td>Sabalpalme-ekstrakt<\/td><td>Afslapning af prostatamusklerne<\/td><\/tr><tr><td>Traneb\u00e6r<\/td><td>St\u00f8tte til urinvejene, antibakteriel virkning<\/td><\/tr><tr><td>Gr\u00e6skarkerner<\/td><td>Anti-inflammatorisk og antibakteriel virkning<\/td><\/tr><tr><td>Almindelig br\u00e6nden\u00e6lde<\/td><td>St\u00f8tte til prostatasundhed<\/td><\/tr><tr><td>Lycopen<\/td><td>St\u00e6rk antioxidant-aktivitet<\/td><\/tr><tr><td>E-vitamin<\/td><td>St\u00f8tte til behandling af urinvejsinfektioner<\/td><\/tr><tr><td>Zink<\/td><td>Et vigtigt mineral i behandlingen af urininkontinens<\/td><\/tr><tr><td>Vitamin B6<\/td><td>Anti-inflammatorisk virkning<\/td><\/tr><\/tbody><\/table><\/figure>\n\n\n\n<p><b>Analyser af<\/b> disse ingredienser viser, at de hver is\u00e6r har en betydelig indvirkning p\u00e5 prostatasundheden og den hormonelle regulering. Sabalpalmeekstrakt bidrager for eksempel til at afslappe musklerne i prostatakirtlen, hvilket kan hj\u00e6lpe med at bek\u00e6mpe symptomer forbundet med inkontinens. Derudover har gr\u00e6skarkerner antiinflammatoriske og antibakterielle egenskaber, som underst\u00f8tter urinvejenes generelle funktion.<\/p>\n\n\n\n<p>Lycopen fra tomater virker som en kraftig antioxidant, der gavner prostatasundheden, mens vitamin E og B6 hj\u00e6lper med at fjerne inflammation og forbedrer urinfunktionen.<\/p>\n\n\n\n<p>Som <em>kosttilskud<\/em> har Prostoxalen til form\u00e5l at st\u00f8tte m\u00e6nds sundhed holistisk ved at bek\u00e6mpe symptomerne p\u00e5 prostatahypertrofi og forbedre livskvaliteten. Regelm\u00e6ssig brug af dette produkt kan give h\u00e5ndgribelige <b>fordele for<\/b> den daglige funktion og det generelle velbefindende.<\/p>\n\n\n\n<h2 class=\"wp-block-heading\">Hvor kan man k\u00f8be og hvor meget koster Prostoxalen &#8211; pris<\/h2>\n\n\n\n<p>Prostoxalen kan kun k\u00f8bes via producentens officielle hjemmeside. K\u00f8b fra andre butikker kan indeb\u00e6re risiko for at k\u00f8be ikke-originale produkter. Af hensyn til kundernes sikkerhed anbefales det kun at bruge verificerede kilder.<br>Prisen p\u00e5 Prostoxalen kan svinge afh\u00e6ngigt af aktuelle kampagner, der tilbydes af producenten. Hyppige rabatter kan g\u00f8re k\u00f8bet mere \u00f8konomisk fordelagtigt, hvilket er v\u00e6rd at overv\u00e5ge regelm\u00e6ssigt.<\/p>\n\n\n\n<p>Bes\u00f8g producentens hjemmeside for at f\u00e5 de seneste prisoplysninger og kampagner. Det er den eneste m\u00e5de at v\u00e6re sikker p\u00e5, at produktet er \u00e6gte.<\/p>\n\n\n\n<h2 class=\"wp-block-heading\">Prostoxalen &#8211; Bivirkninger og kontraindikationer &#8211; Sikkerhed ved brug<\/h2>\n\n\n\n<p>Som et naturligt kosttilskud anses Prostoxalen for at v\u00e6re et sikkert valg for m\u00e6nd, der \u00f8nsker at st\u00f8tte prostatasundheden. Det indeholder kun naturlige ingredienser, hvilket i h\u00f8j grad minimerer risikoen for bivirkninger. Men som med alle andre kosttilskud er det vigtigt at v\u00e6re forsigtig, is\u00e6r hvis man tager anden medicin: Det er tilr\u00e5deligt at konsultere en l\u00e6ge, f\u00f8r man begynder p\u00e5 Prostoxalen.<\/p>\n\n\n\n<p><b>Kontraindikationer<\/b> for brugen af Prostoxalen omfatter m\u00e6nd, der er allergiske over for nogen af ingredienserne i pr\u00e6paratet. Desuden b\u00f8r personer med alvorlige urinvejssygdomme v\u00e6re s\u00e6rligt forsigtige og konsultere en specialist. Denne tilgang hj\u00e6lper med at <b>sikre sikker brug<\/b> og undg\u00e5 negative sundhedsm\u00e6ssige konsekvenser.<\/p>\n\n\n\n<p>Selvom Prostoxalen generelt tolereres godt, kan nogle mennesker opleve lejlighedsvise bivirkninger s\u00e5som mavesmerter, opkastning eller migr\u00e6ne. Hvis der opst\u00e5r alvorlige symptomer, er det vigtigt at konsultere en l\u00e6ge med det samme. P\u00e5 grund af disse aspekter er Prostoxalen fortsat et popul\u00e6rt valg blandt m\u00e6nd, der leder efter naturlige metoder til at st\u00f8tte prostatasundheden, og det giver fremragende <b>fordele<\/b>, n\u00e5r det bruges korrekt og f\u00f8lger sikkerhedsanvisningerne.<\/p>\n","protected":false},"excerpt":{"rendered":"<p><strong><span style=\"vertical-align: inherit;\"><span style=\"vertical-align: inherit;\">[date_countdown]<\/span><\/span><\/strong><\/p>\n<p><img decoding=\"async\" class=\"alignnone wp-image-4422\" src=\"https:\/\/www.vaisenhus-apotek.dk\/farmaci\/wp-content\/uploads\/2024\/10\/SAFE-PAY-300x88.png\" alt=\"SAFE PAY\" width=\"198\" height=\"58\" srcset=\"https:\/\/www.vaisenhus-apotek.dk\/farmaci\/wp-content\/uploads\/2024\/10\/SAFE-PAY-300x88.png 300w, https:\/\/www.vaisenhus-apotek.dk\/farmaci\/wp-content\/uploads\/2024\/10\/SAFE-PAY-1024x302.png 1024w, https:\/\/www.vaisenhus-apotek.dk\/farmaci\/wp-content\/uploads\/2024\/10\/SAFE-PAY-768x226.png 768w, https:\/\/www.vaisenhus-apotek.dk\/farmaci\/wp-content\/uploads\/2024\/10\/SAFE-PAY-600x177.png 600w, https:\/\/www.vaisenhus-apotek.dk\/farmaci\/wp-content\/uploads\/2024\/10\/SAFE-PAY.png 1038w\" sizes=\"(max-width: 198px) 100vw, 198px\" \/><\/p>\n","protected":false},"featured_media":3983,"comment_status":"open","ping_status":"closed","template":"","meta":{"neve_meta_sidebar":"","neve_meta_container":"","neve_meta_enable_content_width":"","neve_meta_content_width":0,"neve_meta_title_alignment":"","neve_meta_author_avatar":"","neve_post_elements_order":"","neve_meta_disable_header":"","neve_meta_disable_footer":"","neve_meta_disable_title":"","neve_meta_reading_time":""},"product_brand":[],"product_cat":[18],"product_tag":[],"class_list":{"0":"post-4331","1":"product","2":"type-product","3":"status-publish","4":"has-post-thumbnail","6":"product_cat-sundhed","8":"first","9":"instock","10":"sale","11":"shipping-taxable","12":"product-type-external"},"yoast_head":"<!-- This site is optimized with the Yoast SEO plugin v27.4 - https:\/\/yoast.com\/product\/yoast-seo-wordpress\/ -->\n<title>Prostoxalen - Anmeldelse, Forum, Apotek, Pris, Effekter | -50%<\/title>\n<meta name=\"robots\" content=\"index, follow, max-snippet:-1, max-image-preview:large, max-video-preview:-1\" \/>\n<link rel=\"canonical\" href=\"https:\/\/www.vaisenhus-apotek.dk\/farmaci\/supp\/prostoxalen\/\" \/>\n<meta property=\"og:locale\" content=\"da_DK\" \/>\n<meta property=\"og:type\" content=\"article\" \/>\n<meta property=\"og:title\" content=\"Prostoxalen - Anmeldelse, Forum, Apotek, Pris, Effekter | -50%\" \/>\n<meta property=\"og:url\" content=\"https:\/\/www.vaisenhus-apotek.dk\/farmaci\/supp\/prostoxalen\/\" \/>\n<meta property=\"og:site_name\" content=\"Vaisenhus-Apotek\" \/>\n<meta property=\"article:modified_time\" content=\"2024-10-12T16:15:51+00:00\" \/>\n<meta property=\"og:image\" content=\"https:\/\/www.vaisenhus-apotek.dk\/farmaci\/wp-content\/uploads\/2024\/10\/PROSTOXALEN.jpg\" \/>\n\t<meta property=\"og:image:width\" content=\"768\" \/>\n\t<meta property=\"og:image:height\" content=\"768\" \/>\n\t<meta property=\"og:image:type\" content=\"image\/jpeg\" \/>\n<meta name=\"twitter:card\" content=\"summary_large_image\" \/>\n<meta name=\"twitter:description\" content=\"[date_countdown]\" \/>\n<meta name=\"twitter:label1\" content=\"Estimeret l\u00e6setid\" \/>\n\t<meta name=\"twitter:data1\" content=\"1 minut\" \/>\n<script type=\"application\/ld+json\" class=\"yoast-schema-graph\">{\"@context\":\"https:\\\/\\\/schema.org\",\"@graph\":[{\"@type\":\"WebPage\",\"@id\":\"https:\\\/\\\/www.vaisenhus-apotek.dk\\\/farmaci\\\/supp\\\/prostoxalen\\\/\",\"url\":\"https:\\\/\\\/www.vaisenhus-apotek.dk\\\/farmaci\\\/supp\\\/prostoxalen\\\/\",\"name\":\"Prostoxalen - Anmeldelse, Forum, Apotek, Pris, Effekter | -50%\",\"isPartOf\":{\"@id\":\"https:\\\/\\\/www.vaisenhus-apotek.dk\\\/farmaci\\\/#website\"},\"primaryImageOfPage\":{\"@id\":\"https:\\\/\\\/www.vaisenhus-apotek.dk\\\/farmaci\\\/supp\\\/prostoxalen\\\/#primaryimage\"},\"image\":{\"@id\":\"https:\\\/\\\/www.vaisenhus-apotek.dk\\\/farmaci\\\/supp\\\/prostoxalen\\\/#primaryimage\"},\"thumbnailUrl\":\"https:\\\/\\\/www.vaisenhus-apotek.dk\\\/farmaci\\\/wp-content\\\/uploads\\\/2024\\\/10\\\/PROSTOXALEN.jpg\",\"datePublished\":\"2024-10-10T20:31:54+00:00\",\"dateModified\":\"2024-10-12T16:15:51+00:00\",\"breadcrumb\":{\"@id\":\"https:\\\/\\\/www.vaisenhus-apotek.dk\\\/farmaci\\\/supp\\\/prostoxalen\\\/#breadcrumb\"},\"inLanguage\":\"da-DK\",\"potentialAction\":[{\"@type\":\"ReadAction\",\"target\":[\"https:\\\/\\\/www.vaisenhus-apotek.dk\\\/farmaci\\\/supp\\\/prostoxalen\\\/\"]}]},{\"@type\":\"ImageObject\",\"inLanguage\":\"da-DK\",\"@id\":\"https:\\\/\\\/www.vaisenhus-apotek.dk\\\/farmaci\\\/supp\\\/prostoxalen\\\/#primaryimage\",\"url\":\"https:\\\/\\\/www.vaisenhus-apotek.dk\\\/farmaci\\\/wp-content\\\/uploads\\\/2024\\\/10\\\/PROSTOXALEN.jpg\",\"contentUrl\":\"https:\\\/\\\/www.vaisenhus-apotek.dk\\\/farmaci\\\/wp-content\\\/uploads\\\/2024\\\/10\\\/PROSTOXALEN.jpg\",\"width\":768,\"height\":768},{\"@type\":\"BreadcrumbList\",\"@id\":\"https:\\\/\\\/www.vaisenhus-apotek.dk\\\/farmaci\\\/supp\\\/prostoxalen\\\/#breadcrumb\",\"itemListElement\":[{\"@type\":\"ListItem\",\"position\":1,\"name\":\"Strona g\u0142\u00f3wna\",\"item\":\"https:\\\/\\\/www.vaisenhus-apotek.dk\\\/farmaci\\\/\"},{\"@type\":\"ListItem\",\"position\":2,\"name\":\"farmaci\",\"item\":\"https:\\\/\\\/www.vaisenhus-apotek.dk\\\/farmaci\\\/\"},{\"@type\":\"ListItem\",\"position\":3,\"name\":\"Prostoxalen\"}]},{\"@type\":\"WebSite\",\"@id\":\"https:\\\/\\\/www.vaisenhus-apotek.dk\\\/farmaci\\\/#website\",\"url\":\"https:\\\/\\\/www.vaisenhus-apotek.dk\\\/farmaci\\\/\",\"name\":\"vaisenhus-apotek.dk\",\"description\":\"\",\"potentialAction\":[{\"@type\":\"SearchAction\",\"target\":{\"@type\":\"EntryPoint\",\"urlTemplate\":\"https:\\\/\\\/www.vaisenhus-apotek.dk\\\/farmaci\\\/?s={search_term_string}\"},\"query-input\":{\"@type\":\"PropertyValueSpecification\",\"valueRequired\":true,\"valueName\":\"search_term_string\"}}],\"inLanguage\":\"da-DK\"}]}<\/script>\n<!-- \/ Yoast SEO plugin. -->","yoast_head_json":{"title":"Prostoxalen - Anmeldelse, Forum, Apotek, Pris, Effekter | -50%","robots":{"index":"index","follow":"follow","max-snippet":"max-snippet:-1","max-image-preview":"max-image-preview:large","max-video-preview":"max-video-preview:-1"},"canonical":"https:\/\/www.vaisenhus-apotek.dk\/farmaci\/supp\/prostoxalen\/","og_locale":"da_DK","og_type":"article","og_title":"Prostoxalen - Anmeldelse, Forum, Apotek, Pris, Effekter | -50%","og_url":"https:\/\/www.vaisenhus-apotek.dk\/farmaci\/supp\/prostoxalen\/","og_site_name":"Vaisenhus-Apotek","article_modified_time":"2024-10-12T16:15:51+00:00","og_image":[{"width":768,"height":768,"url":"https:\/\/www.vaisenhus-apotek.dk\/farmaci\/wp-content\/uploads\/2024\/10\/PROSTOXALEN.jpg","type":"image\/jpeg"}],"twitter_card":"summary_large_image","twitter_description":"[date_countdown]","twitter_misc":{"Estimeret l\u00e6setid":"1 minut"},"schema":{"@context":"https:\/\/schema.org","@graph":[{"@type":"WebPage","@id":"https:\/\/www.vaisenhus-apotek.dk\/farmaci\/supp\/prostoxalen\/","url":"https:\/\/www.vaisenhus-apotek.dk\/farmaci\/supp\/prostoxalen\/","name":"Prostoxalen - Anmeldelse, Forum, Apotek, Pris, Effekter | -50%","isPartOf":{"@id":"https:\/\/www.vaisenhus-apotek.dk\/farmaci\/#website"},"primaryImageOfPage":{"@id":"https:\/\/www.vaisenhus-apotek.dk\/farmaci\/supp\/prostoxalen\/#primaryimage"},"image":{"@id":"https:\/\/www.vaisenhus-apotek.dk\/farmaci\/supp\/prostoxalen\/#primaryimage"},"thumbnailUrl":"https:\/\/www.vaisenhus-apotek.dk\/farmaci\/wp-content\/uploads\/2024\/10\/PROSTOXALEN.jpg","datePublished":"2024-10-10T20:31:54+00:00","dateModified":"2024-10-12T16:15:51+00:00","breadcrumb":{"@id":"https:\/\/www.vaisenhus-apotek.dk\/farmaci\/supp\/prostoxalen\/#breadcrumb"},"inLanguage":"da-DK","potentialAction":[{"@type":"ReadAction","target":["https:\/\/www.vaisenhus-apotek.dk\/farmaci\/supp\/prostoxalen\/"]}]},{"@type":"ImageObject","inLanguage":"da-DK","@id":"https:\/\/www.vaisenhus-apotek.dk\/farmaci\/supp\/prostoxalen\/#primaryimage","url":"https:\/\/www.vaisenhus-apotek.dk\/farmaci\/wp-content\/uploads\/2024\/10\/PROSTOXALEN.jpg","contentUrl":"https:\/\/www.vaisenhus-apotek.dk\/farmaci\/wp-content\/uploads\/2024\/10\/PROSTOXALEN.jpg","width":768,"height":768},{"@type":"BreadcrumbList","@id":"https:\/\/www.vaisenhus-apotek.dk\/farmaci\/supp\/prostoxalen\/#breadcrumb","itemListElement":[{"@type":"ListItem","position":1,"name":"Strona g\u0142\u00f3wna","item":"https:\/\/www.vaisenhus-apotek.dk\/farmaci\/"},{"@type":"ListItem","position":2,"name":"farmaci","item":"https:\/\/www.vaisenhus-apotek.dk\/farmaci\/"},{"@type":"ListItem","position":3,"name":"Prostoxalen"}]},{"@type":"WebSite","@id":"https:\/\/www.vaisenhus-apotek.dk\/farmaci\/#website","url":"https:\/\/www.vaisenhus-apotek.dk\/farmaci\/","name":"vaisenhus-apotek.dk","description":"","potentialAction":[{"@type":"SearchAction","target":{"@type":"EntryPoint","urlTemplate":"https:\/\/www.vaisenhus-apotek.dk\/farmaci\/?s={search_term_string}"},"query-input":{"@type":"PropertyValueSpecification","valueRequired":true,"valueName":"search_term_string"}}],"inLanguage":"da-DK"}]}},"_links":{"self":[{"href":"https:\/\/www.vaisenhus-apotek.dk\/farmaci\/wp-json\/wp\/v2\/product\/4331","targetHints":{"allow":["GET"]}}],"collection":[{"href":"https:\/\/www.vaisenhus-apotek.dk\/farmaci\/wp-json\/wp\/v2\/product"}],"about":[{"href":"https:\/\/www.vaisenhus-apotek.dk\/farmaci\/wp-json\/wp\/v2\/types\/product"}],"replies":[{"embeddable":true,"href":"https:\/\/www.vaisenhus-apotek.dk\/farmaci\/wp-json\/wp\/v2\/comments?post=4331"}],"wp:featuredmedia":[{"embeddable":true,"href":"https:\/\/www.vaisenhus-apotek.dk\/farmaci\/wp-json\/wp\/v2\/media\/3983"}],"wp:attachment":[{"href":"https:\/\/www.vaisenhus-apotek.dk\/farmaci\/wp-json\/wp\/v2\/media?parent=4331"}],"wp:term":[{"taxonomy":"product_brand","embeddable":true,"href":"https:\/\/www.vaisenhus-apotek.dk\/farmaci\/wp-json\/wp\/v2\/product_brand?post=4331"},{"taxonomy":"product_cat","embeddable":true,"href":"https:\/\/www.vaisenhus-apotek.dk\/farmaci\/wp-json\/wp\/v2\/product_cat?post=4331"},{"taxonomy":"product_tag","embeddable":true,"href":"https:\/\/www.vaisenhus-apotek.dk\/farmaci\/wp-json\/wp\/v2\/product_tag?post=4331"}],"curies":[{"name":"wp","href":"https:\/\/api.w.org\/{rel}","templated":true}]}}