{"id":4312,"date":"2024-10-10T20:31:53","date_gmt":"2024-10-10T20:31:53","guid":{"rendered":"https:\/\/www.vaisenhus-apotek.dk\/farmaci\/?post_type=product&#038;p=4312"},"modified":"2024-10-12T16:22:17","modified_gmt":"2024-10-12T16:22:17","slug":"relixen-oil","status":"publish","type":"product","link":"https:\/\/www.vaisenhus-apotek.dk\/farmaci\/supp\/relixen-oil\/","title":{"rendered":"Relixen Oil"},"content":{"rendered":"\n<h2 class=\"wp-block-heading\">Hvad er Relixen Oil, og hvordan virker det?<\/h2>\n\n\n\n<p><b>Relixen Oil<\/b> er en multifunktionel <em>olie<\/em>, der er formuleret til lindring af muskel- og ledsmerter. Takket v\u00e6re den synergistiske kombination af naturlige ingredienser er dens <em>virkning<\/em> rettet mod b\u00e5de at reducere smerter og st\u00f8tte terapeutiske processer i kroppen. Produktets effektivitet skyldes dets unikke sammens\u00e6tning, som omfatter arganolie, <b>citrongr\u00e6solie<\/b> og ekstrakter af myrra og vejbred.<\/p>\n\n\n\n<p>De vigtigste egenskaber ved Relixen Oil omfatter:<\/p>\n\n\n\n<ul class=\"wp-block-list\">\n<li>En smertestillende <b>virkning<\/b>, der giver lindring af <em>muskel-<\/em> og <em>ledsmerter<\/em>.<\/li>\n\n\n\n<li>Reduktion af inflammation, hvilket fremskynder v\u00e6vsregenerering.<\/li>\n\n\n\n<li>Underst\u00f8tter mikrocirkulationen, hvilket forbedrer iltningen og ern\u00e6ringen af cellerne.<\/li>\n<\/ul>\n\n\n\n<p>Produktet kan bruges b\u00e5de profylaktisk og terapeutisk, hvilket g\u00f8r det til en alsidig l\u00f8sning for mennesker, der k\u00e6mper med led- og muskelsygdomme. Relixen Oil er ikke kun designet til at give midlertidig lindring, men ogs\u00e5 til at forbedre brugernes generelle velbefindende og livskvalitet.<\/p>\n\n\n\n<h2 class=\"wp-block-heading\">Hvad er virkningerne af Relixen Oil?<\/h2>\n\n\n\n<p><b>Brugen<\/b> af Relixen Oil har en r\u00e6kke positive effekter p\u00e5 brugernes generelle sundhed og <b>komfort<\/b>. Takket v\u00e6re sin unikke formel virker denne <b>olie<\/b> prim\u00e6rt til at <em>lindre<\/em> muskel- og <em>ledsmerter<\/em>, hvilket resulterer i en forbedret livskvalitet. Mange mennesker oplever en betydelig reduktion af smerter, hvilket \u00f8ger deres mobilitet og daglige velbefindende.<\/p>\n\n\n\n<p>En af de vigtigste virkninger er hurtig <em>regenerering<\/em> af v\u00e6v efter skader og reduktion af sp\u00e6ndinger og stivhed, hvilket g\u00f8r det lettere og mere behageligt at udf\u00f8re daglige aktiviteter. Regelm\u00e6ssig <b>brug af<\/b> Relixen Oil f\u00f8rer til \u00f8get ledmobilitet og forbedret generel komfort. Derfor er det v\u00e6rd at inkludere dette produkt i din daglige pleje for at nyde godt af dets positive virkninger p\u00e5 dit <b>helbred<\/b>.<\/p>\n\n\n\n<figure class=\"wp-block-table\"><table class=\"has-fixed-layout\"><tbody><tr><th>Effekt<\/th><th>Beskrivelse<\/th><\/tr><tr><td><b>Lindring af smerter<\/b><\/td><td>Reduktion af muskel- og ledsmerter, forbedring af komforten.<\/td><\/tr><tr><td><b>Regenerering<\/b><\/td><td>Fremskynder v\u00e6vsregenerering og reducerer sp\u00e6ndinger.<\/td><\/tr><tr><td>Forbedring af mobiliteten<\/td><td>\u00d8ger bev\u00e6gelsesfriheden og letter de daglige aktiviteter.<\/td><\/tr><tr><td><b>Komfort<\/b><\/td><td>Generel forbedring af velbefindende og fysisk komfort.<\/td><\/tr><\/tbody><\/table><\/figure>\n\n\n\n<h2 class=\"wp-block-heading\">Dosering af Relixen Oil &#8211; Hvordan bruges det?<\/h2>\n\n\n\n<p>Relixen Oil skal anvendes i overensstemmelse med <em>producentens<\/em> anvisninger, som er inkluderet i indl\u00e6gssedlen. Den ideelle doseringsmetode er at p\u00e5f\u00f8re en lille m\u00e6ngde af olien p\u00e5 det ber\u00f8rte omr\u00e5de. Derefter masseres den forsigtigt ind i huden. Denne p\u00e5f\u00f8ringsmetode sikrer optimale resultater og fremskynder helingsprocessen.<\/p>\n\n\n\n<p>Kontakt med \u00f8jne og slimhinder b\u00f8r undg\u00e5s for at opn\u00e5 maksimal <b>effekt<\/b>. Regelm\u00e6ssig <b>brug af<\/b> Relixen Oil giver m\u00e6rkbare resultater efter blot et par dage, hvilket g\u00f8r det til en effektiv l\u00f8sning for dem, der har problemer med \u00f8regangen.<\/p>\n\n\n\n<p>Ud over en god dosering er det ogs\u00e5 vigtigt at bruge denne type pr\u00e6parat som anvist. Brugen af Relixen Oil vil gavne b\u00e5de hygiejne og pleje for at bevare h\u00f8reapparatets sundhed.<\/p>\n\n\n\n<h2 class=\"wp-block-heading\">Relixen Oil anmeldelser &#8211; Hvad siger brugerne i forummet?<\/h2>\n\n\n\n<p>Relixen Oil er blevet rost af brugere, der deler deres <em>erfaringer<\/em> p\u00e5 forskellige <em>fora.<\/em> <b>Kundeanmeldelser<\/b> fremh\u00e6ver effektiviteten og de naturlige egenskaber ved denne olie, som lindrer smerterelaterede klager. Mange bem\u00e6rker, at produktet fungerer s\u00e6rligt godt ved ledproblemer.<\/p>\n\n\n\n<ul class=\"wp-block-list\">\n<li><em>Kamil, 37 \u00e5r gammel<\/em>: &#8220;Relixen Oil l\u00f8ste effektivt mit smerteproblem efter en intens tr\u00e6ning. Efter mindre end en uges brug f\u00f8lte jeg en betydelig lindring.&#8221;<\/li>\n\n\n\n<li><em>Joanna, 45 \u00e5r,<\/em> sagde: &#8220;Min <b>erfaring<\/b> er, at Relixen Oil er det produkt, jeg har ledt efter i \u00e5revis. Min familie bruger det regelm\u00e6ssigt, og den smertelindrende effekt er m\u00e6rkbar.&#8221;<\/li>\n\n\n\n<li><em>Dagmara, 51 \u00e5r gammel<\/em>: &#8220;Jeg kan uden t\u00f8ven anbefale denne olie, den giver lindring og er sikker at bruge. Jeg har ikke l\u00e6ngere problemer med allergi.&#8221;<\/li>\n<\/ul>\n\n\n\n<p>Disse <b>anmeldelser<\/b> bekr\u00e6fter, at Relixen Oil er en reel st\u00f8tte i kampen mod smerter, og dens naturlige <b>sammens\u00e6tning<\/b> f\u00e5r godkendelse af brugere i onlinefora. Takket v\u00e6re den enkle anvendelse og brugervenlighed vinder olien hjerterne hos folk, der leder efter effektive og p\u00e5lidelige l\u00f8sninger i deres daglige sundhedspleje.<\/p>\n\n\n\n<h2 class=\"wp-block-heading\">Relixen Oil &#8211; Sammens\u00e6tning &#8211; Hvad indeholder den?<\/h2>\n\n\n\n<p>Relixen Oil er en <em>formulering, der skiller sig ud ved sin unikke sammens\u00e6tning<\/em>, baseret p\u00e5 omhyggeligt udvalgte naturlige ingredienser. Formlen er specielt designet til at underst\u00f8tte \u00f8rets <em>sundhed<\/em> og samtidig lindre ubehag. De vigtigste komponenter i Relixen Oil er:<\/p>\n\n\n\n<ul class=\"wp-block-list\">\n<li>Arganolie<\/li>\n\n\n\n<li>Kokosolie<\/li>\n\n\n\n<li>Mandelolie<\/li>\n\n\n\n<li>Planteekstrakter, herunder myrra- og troldhasselekstrakter<\/li>\n\n\n\n<li>Nellikeolie<\/li>\n\n\n\n<li>Citrongr\u00e6solie<\/li>\n\n\n\n<li>Macadamiaolie<\/li>\n\n\n\n<li>Solsikkeolie<\/li>\n\n\n\n<li>Ekstrakt af tahitianske gardeniablomster<\/li>\n\n\n\n<li>Ekstrakt af tormentilrod<\/li>\n<\/ul>\n\n\n\n<p>Hver af disse <em>naturlige ingredienser<\/em> er udvalgt p\u00e5 grund af deres regenererende og beroligende egenskaber, hvilket g\u00f8r Relixen Oil til en effektiv l\u00f8sning til at fjerne smerter og fremskynde v\u00e6vets genopbygning. Brug af denne olie giver ikke kun forbedret komfort, men underst\u00f8tter ogs\u00e5 \u00f8rernes generelle <em>sundhed.<\/em> <\/p>\n\n\n\n<h2 class=\"wp-block-heading\">Hvor kan man k\u00f8be Relixen Oil &#8211; pris<\/h2>\n\n\n\n<p>Relixen Oil er kun tilg\u00e6ngelig fra <em>den officielle producents<\/em> hjemmeside. Det er tilr\u00e5deligt at undg\u00e5 at k\u00f8be fra auktionssider for ikke at risikere at k\u00f8be forfalskede produkter. Ved at v\u00e6lge <em>en officiel producent<\/em> kan kunderne v\u00e6re sikre p\u00e5, at de modtager et produkt af h\u00f8j kvalitet, der har best\u00e5et de relevante tests og opfylder sikkerhedsstandarderne.<\/p>\n\n\n\n<ul class=\"wp-block-list\">\n<li><em>Relixen Oil<\/em> er et produkt, der er udviklet til at lindre muskel- og ledsmerter.<\/li>\n\n\n\n<li><b>Prisen<\/b> p\u00e5 olien kan variere afh\u00e6ngigt af aktuelle tilbud fra <em>den officielle producent.<\/em><\/li>\n\n\n\n<li>Bestillinger kan nemt og bekvemt afgives online.<\/li>\n<\/ul>\n\n\n\n<p>Regelm\u00e6ssige kampagner fra producenten giver dig mulighed for at f\u00e5 <em>Relixen Oil<\/em> til en fordelagtig pris. Det er v\u00e6rd at tjekke de tilg\u00e6ngelige tilbud, s\u00e5 du ikke g\u00e5r glip af en k\u00f8bsmulighed.<\/p>\n\n\n\n<h2 class=\"wp-block-heading\">Relixen Oil &#8211; Bivirkninger og kontraindikationer &#8211; Sikkerhed ved brug<\/h2>\n\n\n\n<p>Brugen af Relixen Oil er sikker i de fleste tilf\u00e6lde, men det er vigtigt for <b>brugerne<\/b> at v\u00e6re opm\u00e6rksomme p\u00e5 potentielle bivirkninger. Blandt disse kan der forekomme lejlighedsvis hudirritation, hvilket kan v\u00e6re s\u00e6rligt vigtigt for dem med f\u00f8lsom hud eller hud, der er udsat for allergi. Det er derfor tilr\u00e5deligt at konsultere en l\u00e6ge, f\u00f8r behandlingen p\u00e5begyndes, is\u00e6r hvis du tidligere har v\u00e6ret allergisk over for oliens ingredienser.<\/p>\n\n\n\n<p><b>Kontraindikationer<\/b> for brugen af Relixen Oil omfatter graviditet, amning og autoimmune sygdomme. Personer, der tager blodfortyndende medicin, b\u00f8r ogs\u00e5 udvise forsigtighed. Det anbefales altid at f\u00f8lge den anbefalede dosis for at maksimere <b>sikkerheden<\/b> og minimere risikoen for mulige bivirkninger.<\/p>\n\n\n\n<p>Konklusionen er, at Relixen Oil kan v\u00e6re en v\u00e6rdifuld st\u00f8tte i den daglige pleje, n\u00e5r man tager <b>bivirkninger<\/b> og <b>kontraindikationer<\/b> i betragtning. F\u00f8r du begynder at bruge det, er det dog tilr\u00e5deligt at analysere din tilstand n\u00f8je og konsultere din l\u00e6ge for effektivt at undg\u00e5 bivirkninger og h\u00f8ste de fulde fordele ved dette produkt.<\/p>\n","protected":false},"excerpt":{"rendered":"<p><strong><span style=\"vertical-align: inherit;\"><span style=\"vertical-align: inherit;\">[date_countdown]<\/span><\/span><\/strong><\/p>\n<p><img decoding=\"async\" class=\"alignnone wp-image-4422\" src=\"https:\/\/www.vaisenhus-apotek.dk\/farmaci\/wp-content\/uploads\/2024\/10\/SAFE-PAY-300x88.png\" alt=\"SAFE PAY\" width=\"198\" height=\"58\" srcset=\"https:\/\/www.vaisenhus-apotek.dk\/farmaci\/wp-content\/uploads\/2024\/10\/SAFE-PAY-300x88.png 300w, https:\/\/www.vaisenhus-apotek.dk\/farmaci\/wp-content\/uploads\/2024\/10\/SAFE-PAY-1024x302.png 1024w, https:\/\/www.vaisenhus-apotek.dk\/farmaci\/wp-content\/uploads\/2024\/10\/SAFE-PAY-768x226.png 768w, https:\/\/www.vaisenhus-apotek.dk\/farmaci\/wp-content\/uploads\/2024\/10\/SAFE-PAY-600x177.png 600w, https:\/\/www.vaisenhus-apotek.dk\/farmaci\/wp-content\/uploads\/2024\/10\/SAFE-PAY.png 1038w\" sizes=\"(max-width: 198px) 100vw, 198px\" \/><\/p>\n","protected":false},"featured_media":3845,"comment_status":"open","ping_status":"closed","template":"","meta":{"neve_meta_sidebar":"","neve_meta_container":"","neve_meta_enable_content_width":"","neve_meta_content_width":0,"neve_meta_title_alignment":"","neve_meta_author_avatar":"","neve_post_elements_order":"","neve_meta_disable_header":"","neve_meta_disable_footer":"","neve_meta_disable_title":"","neve_meta_reading_time":""},"product_brand":[],"product_cat":[18],"product_tag":[],"class_list":{"0":"post-4312","1":"product","2":"type-product","3":"status-publish","4":"has-post-thumbnail","6":"product_cat-sundhed","8":"first","9":"instock","10":"sale","11":"shipping-taxable","12":"product-type-external"},"yoast_head":"<!-- This site is optimized with the Yoast SEO plugin v27.4 - https:\/\/yoast.com\/product\/yoast-seo-wordpress\/ -->\n<title>Relixen Oil - Anmeldelse, Forum, Apotek, Pris, Effekter | -50%<\/title>\n<meta name=\"robots\" content=\"index, follow, max-snippet:-1, max-image-preview:large, max-video-preview:-1\" \/>\n<link rel=\"canonical\" href=\"https:\/\/www.vaisenhus-apotek.dk\/farmaci\/supp\/relixen-oil\/\" \/>\n<meta property=\"og:locale\" content=\"da_DK\" \/>\n<meta property=\"og:type\" content=\"article\" \/>\n<meta property=\"og:title\" content=\"Relixen Oil - Anmeldelse, Forum, Apotek, Pris, Effekter | -50%\" \/>\n<meta property=\"og:url\" content=\"https:\/\/www.vaisenhus-apotek.dk\/farmaci\/supp\/relixen-oil\/\" \/>\n<meta property=\"og:site_name\" content=\"Vaisenhus-Apotek\" \/>\n<meta property=\"article:modified_time\" content=\"2024-10-12T16:22:17+00:00\" \/>\n<meta property=\"og:image\" content=\"https:\/\/www.vaisenhus-apotek.dk\/farmaci\/wp-content\/uploads\/2024\/10\/Relixen-Oil.jpg\" \/>\n\t<meta property=\"og:image:width\" content=\"768\" \/>\n\t<meta property=\"og:image:height\" content=\"768\" \/>\n\t<meta property=\"og:image:type\" content=\"image\/jpeg\" \/>\n<meta name=\"twitter:card\" content=\"summary_large_image\" \/>\n<meta name=\"twitter:description\" content=\"[date_countdown]\" \/>\n<meta name=\"twitter:label1\" content=\"Estimeret l\u00e6setid\" \/>\n\t<meta name=\"twitter:data1\" content=\"1 minut\" \/>\n<script type=\"application\/ld+json\" class=\"yoast-schema-graph\">{\"@context\":\"https:\\\/\\\/schema.org\",\"@graph\":[{\"@type\":\"WebPage\",\"@id\":\"https:\\\/\\\/www.vaisenhus-apotek.dk\\\/farmaci\\\/supp\\\/relixen-oil\\\/\",\"url\":\"https:\\\/\\\/www.vaisenhus-apotek.dk\\\/farmaci\\\/supp\\\/relixen-oil\\\/\",\"name\":\"Relixen Oil - Anmeldelse, Forum, Apotek, Pris, Effekter | -50%\",\"isPartOf\":{\"@id\":\"https:\\\/\\\/www.vaisenhus-apotek.dk\\\/farmaci\\\/#website\"},\"primaryImageOfPage\":{\"@id\":\"https:\\\/\\\/www.vaisenhus-apotek.dk\\\/farmaci\\\/supp\\\/relixen-oil\\\/#primaryimage\"},\"image\":{\"@id\":\"https:\\\/\\\/www.vaisenhus-apotek.dk\\\/farmaci\\\/supp\\\/relixen-oil\\\/#primaryimage\"},\"thumbnailUrl\":\"https:\\\/\\\/www.vaisenhus-apotek.dk\\\/farmaci\\\/wp-content\\\/uploads\\\/2024\\\/10\\\/Relixen-Oil.jpg\",\"datePublished\":\"2024-10-10T20:31:53+00:00\",\"dateModified\":\"2024-10-12T16:22:17+00:00\",\"breadcrumb\":{\"@id\":\"https:\\\/\\\/www.vaisenhus-apotek.dk\\\/farmaci\\\/supp\\\/relixen-oil\\\/#breadcrumb\"},\"inLanguage\":\"da-DK\",\"potentialAction\":[{\"@type\":\"ReadAction\",\"target\":[\"https:\\\/\\\/www.vaisenhus-apotek.dk\\\/farmaci\\\/supp\\\/relixen-oil\\\/\"]}]},{\"@type\":\"ImageObject\",\"inLanguage\":\"da-DK\",\"@id\":\"https:\\\/\\\/www.vaisenhus-apotek.dk\\\/farmaci\\\/supp\\\/relixen-oil\\\/#primaryimage\",\"url\":\"https:\\\/\\\/www.vaisenhus-apotek.dk\\\/farmaci\\\/wp-content\\\/uploads\\\/2024\\\/10\\\/Relixen-Oil.jpg\",\"contentUrl\":\"https:\\\/\\\/www.vaisenhus-apotek.dk\\\/farmaci\\\/wp-content\\\/uploads\\\/2024\\\/10\\\/Relixen-Oil.jpg\",\"width\":768,\"height\":768},{\"@type\":\"BreadcrumbList\",\"@id\":\"https:\\\/\\\/www.vaisenhus-apotek.dk\\\/farmaci\\\/supp\\\/relixen-oil\\\/#breadcrumb\",\"itemListElement\":[{\"@type\":\"ListItem\",\"position\":1,\"name\":\"Strona g\u0142\u00f3wna\",\"item\":\"https:\\\/\\\/www.vaisenhus-apotek.dk\\\/farmaci\\\/\"},{\"@type\":\"ListItem\",\"position\":2,\"name\":\"farmaci\",\"item\":\"https:\\\/\\\/www.vaisenhus-apotek.dk\\\/farmaci\\\/\"},{\"@type\":\"ListItem\",\"position\":3,\"name\":\"Relixen Oil\"}]},{\"@type\":\"WebSite\",\"@id\":\"https:\\\/\\\/www.vaisenhus-apotek.dk\\\/farmaci\\\/#website\",\"url\":\"https:\\\/\\\/www.vaisenhus-apotek.dk\\\/farmaci\\\/\",\"name\":\"vaisenhus-apotek.dk\",\"description\":\"\",\"potentialAction\":[{\"@type\":\"SearchAction\",\"target\":{\"@type\":\"EntryPoint\",\"urlTemplate\":\"https:\\\/\\\/www.vaisenhus-apotek.dk\\\/farmaci\\\/?s={search_term_string}\"},\"query-input\":{\"@type\":\"PropertyValueSpecification\",\"valueRequired\":true,\"valueName\":\"search_term_string\"}}],\"inLanguage\":\"da-DK\"}]}<\/script>\n<!-- \/ Yoast SEO plugin. -->","yoast_head_json":{"title":"Relixen Oil - Anmeldelse, Forum, Apotek, Pris, Effekter | -50%","robots":{"index":"index","follow":"follow","max-snippet":"max-snippet:-1","max-image-preview":"max-image-preview:large","max-video-preview":"max-video-preview:-1"},"canonical":"https:\/\/www.vaisenhus-apotek.dk\/farmaci\/supp\/relixen-oil\/","og_locale":"da_DK","og_type":"article","og_title":"Relixen Oil - Anmeldelse, Forum, Apotek, Pris, Effekter | -50%","og_url":"https:\/\/www.vaisenhus-apotek.dk\/farmaci\/supp\/relixen-oil\/","og_site_name":"Vaisenhus-Apotek","article_modified_time":"2024-10-12T16:22:17+00:00","og_image":[{"width":768,"height":768,"url":"https:\/\/www.vaisenhus-apotek.dk\/farmaci\/wp-content\/uploads\/2024\/10\/Relixen-Oil.jpg","type":"image\/jpeg"}],"twitter_card":"summary_large_image","twitter_description":"[date_countdown]","twitter_misc":{"Estimeret l\u00e6setid":"1 minut"},"schema":{"@context":"https:\/\/schema.org","@graph":[{"@type":"WebPage","@id":"https:\/\/www.vaisenhus-apotek.dk\/farmaci\/supp\/relixen-oil\/","url":"https:\/\/www.vaisenhus-apotek.dk\/farmaci\/supp\/relixen-oil\/","name":"Relixen Oil - Anmeldelse, Forum, Apotek, Pris, Effekter | -50%","isPartOf":{"@id":"https:\/\/www.vaisenhus-apotek.dk\/farmaci\/#website"},"primaryImageOfPage":{"@id":"https:\/\/www.vaisenhus-apotek.dk\/farmaci\/supp\/relixen-oil\/#primaryimage"},"image":{"@id":"https:\/\/www.vaisenhus-apotek.dk\/farmaci\/supp\/relixen-oil\/#primaryimage"},"thumbnailUrl":"https:\/\/www.vaisenhus-apotek.dk\/farmaci\/wp-content\/uploads\/2024\/10\/Relixen-Oil.jpg","datePublished":"2024-10-10T20:31:53+00:00","dateModified":"2024-10-12T16:22:17+00:00","breadcrumb":{"@id":"https:\/\/www.vaisenhus-apotek.dk\/farmaci\/supp\/relixen-oil\/#breadcrumb"},"inLanguage":"da-DK","potentialAction":[{"@type":"ReadAction","target":["https:\/\/www.vaisenhus-apotek.dk\/farmaci\/supp\/relixen-oil\/"]}]},{"@type":"ImageObject","inLanguage":"da-DK","@id":"https:\/\/www.vaisenhus-apotek.dk\/farmaci\/supp\/relixen-oil\/#primaryimage","url":"https:\/\/www.vaisenhus-apotek.dk\/farmaci\/wp-content\/uploads\/2024\/10\/Relixen-Oil.jpg","contentUrl":"https:\/\/www.vaisenhus-apotek.dk\/farmaci\/wp-content\/uploads\/2024\/10\/Relixen-Oil.jpg","width":768,"height":768},{"@type":"BreadcrumbList","@id":"https:\/\/www.vaisenhus-apotek.dk\/farmaci\/supp\/relixen-oil\/#breadcrumb","itemListElement":[{"@type":"ListItem","position":1,"name":"Strona g\u0142\u00f3wna","item":"https:\/\/www.vaisenhus-apotek.dk\/farmaci\/"},{"@type":"ListItem","position":2,"name":"farmaci","item":"https:\/\/www.vaisenhus-apotek.dk\/farmaci\/"},{"@type":"ListItem","position":3,"name":"Relixen Oil"}]},{"@type":"WebSite","@id":"https:\/\/www.vaisenhus-apotek.dk\/farmaci\/#website","url":"https:\/\/www.vaisenhus-apotek.dk\/farmaci\/","name":"vaisenhus-apotek.dk","description":"","potentialAction":[{"@type":"SearchAction","target":{"@type":"EntryPoint","urlTemplate":"https:\/\/www.vaisenhus-apotek.dk\/farmaci\/?s={search_term_string}"},"query-input":{"@type":"PropertyValueSpecification","valueRequired":true,"valueName":"search_term_string"}}],"inLanguage":"da-DK"}]}},"_links":{"self":[{"href":"https:\/\/www.vaisenhus-apotek.dk\/farmaci\/wp-json\/wp\/v2\/product\/4312","targetHints":{"allow":["GET"]}}],"collection":[{"href":"https:\/\/www.vaisenhus-apotek.dk\/farmaci\/wp-json\/wp\/v2\/product"}],"about":[{"href":"https:\/\/www.vaisenhus-apotek.dk\/farmaci\/wp-json\/wp\/v2\/types\/product"}],"replies":[{"embeddable":true,"href":"https:\/\/www.vaisenhus-apotek.dk\/farmaci\/wp-json\/wp\/v2\/comments?post=4312"}],"wp:featuredmedia":[{"embeddable":true,"href":"https:\/\/www.vaisenhus-apotek.dk\/farmaci\/wp-json\/wp\/v2\/media\/3845"}],"wp:attachment":[{"href":"https:\/\/www.vaisenhus-apotek.dk\/farmaci\/wp-json\/wp\/v2\/media?parent=4312"}],"wp:term":[{"taxonomy":"product_brand","embeddable":true,"href":"https:\/\/www.vaisenhus-apotek.dk\/farmaci\/wp-json\/wp\/v2\/product_brand?post=4312"},{"taxonomy":"product_cat","embeddable":true,"href":"https:\/\/www.vaisenhus-apotek.dk\/farmaci\/wp-json\/wp\/v2\/product_cat?post=4312"},{"taxonomy":"product_tag","embeddable":true,"href":"https:\/\/www.vaisenhus-apotek.dk\/farmaci\/wp-json\/wp\/v2\/product_tag?post=4312"}],"curies":[{"name":"wp","href":"https:\/\/api.w.org\/{rel}","templated":true}]}}