{"id":4310,"date":"2024-10-10T20:31:53","date_gmt":"2024-10-10T20:31:53","guid":{"rendered":"https:\/\/www.vaisenhus-apotek.dk\/farmaci\/?post_type=product&#038;p=4310"},"modified":"2024-10-12T16:17:44","modified_gmt":"2024-10-12T16:17:44","slug":"hemply-hair-fall-prevention-lotion","status":"publish","type":"product","link":"https:\/\/www.vaisenhus-apotek.dk\/farmaci\/supp\/hemply-hair-fall-prevention-lotion\/","title":{"rendered":"Hemply Hair Fall Prevention Lotion"},"content":{"rendered":"\n<h2 class=\"wp-block-heading\">Hvad er Hemply Hair Fall Prevention Lotion, og hvordan virker den?<\/h2>\n\n\n\n<p><b>Hemply Hair Fall Prevention Lotion<\/b> er et innovativt produkt designet til mennesker, der k\u00e6mper med overdrevent h\u00e5rtab. Dens <em>virkning<\/em> er at forbedre cirkulationen i hovedbunden, hvilket fremmer tilf\u00f8rslen af vigtige n\u00e6ringsstoffer til h\u00e5rr\u00f8dderne. Lotionen <b>indeholder<\/b> naturlige ingredienser som Propanediol, hjulkrone, r\u00f8llike og kinabarkekstrakt. Takket v\u00e6re disse stoffer fremmer <b>Hemply Hair Fall Prevention Lotion<\/b> en sund h\u00e5rv\u00e6kst og forhindrer ogs\u00e5, at h\u00e5ret kn\u00e6kker.<\/p>\n\n\n\n<p>Produktets effektivitet bekr\u00e6ftes af kliniske unders\u00f8gelser og <b>brugerfeedback<\/b>, som viser en h\u00f8j grad af h\u00e5rs\u00e6ksaktivering og stimulering af h\u00e5rv\u00e6kst. Regelm\u00e6ssig <b>brug<\/b> er n\u00f8glen til at opn\u00e5 tilfredsstillende resultater. Allerede efter kort tid ses en forbedring af h\u00e5rets tilstand, og h\u00e5rtabet reduceres betydeligt.<\/p>\n\n\n\n<h2 class=\"wp-block-heading\">Hemply Hair Fall Prevention Lotion &#8211; effekter<\/h2>\n\n\n\n<p><b>Brugen<\/b> af <b>Hemply Hair Fall Prevention Lotion<\/b> giver imponerende <b>resultater<\/b>, som kan ses efter kun ca. 30 dage. Kunderne bem\u00e6rker en betydelig forbedring af h\u00e5rplejen, en reduktion af h\u00e5rtabsproblemer og en generel styrkelse af h\u00e5rstrukturen.<\/p>\n\n\n\n<p>Mange brugere deler positiv feedback om dette produkt, som resulterer i reduceret h\u00e5rtab samt intens hydrering og regenerering. Unders\u00f8gelser har vist, at hemply lotion giver op til 67% h\u00e5rv\u00e6kst, hvilket g\u00f8r det til en af de mest effektive muligheder for at bek\u00e6mpe forskellige typer h\u00e5rtab.<\/p>\n\n\n\n<p>Lotionformlen renser hovedbunden og regulerer udskillelsen af talg. <b>Brugerne<\/b> bem\u00e6rker, at <b>resultaterne<\/b> er synlige efter tre m\u00e5neders brug, uanset hvad der er \u00e5rsagen til problemet. Desuden oplever mange en h\u00e5rv\u00e6kst p\u00e5 op til 4 cm om m\u00e5neden, hvilket understreger produktets effektivitet.<\/p>\n\n\n\n<ul class=\"wp-block-list\">\n<li>Reducerer h\u00e5rtab<\/li>\n\n\n\n<li>Styrker h\u00e5ret fra roden<\/li>\n\n\n\n<li>N\u00e6rer og giver en sund gl\u00f8d<\/li>\n\n\n\n<li>Rensning af hovedbunden og regulering af sebum<\/li>\n\n\n\n<li>Lindring af bet\u00e6ndelse i hovedbunden<\/li>\n\n\n\n<li>Hurtigere h\u00e5rv\u00e6kst<\/li>\n<\/ul>\n\n\n\n<p><b>Anmeldelser af<\/b> Hemply Hair Fall Prevention Lotion bekr\u00e6fter dens h\u00f8je effektivitet, hvilket g\u00f8r dette produkt til et v\u00e6rdifuldt v\u00e6rkt\u00f8j inden for h\u00e5rpleje. Det opfordrer alle, der k\u00e6mper med hudproblemer eller overdrevent h\u00e5rtab, til at pr\u00f8ve det.<\/p>\n\n\n\n<h2 class=\"wp-block-heading\">S\u00e5dan bruger du Hemply Hair Fall Prevention Lotion &#8211; brugsanvisning og dosering<\/h2>\n\n\n\n<p>For at opn\u00e5 optimale resultater i kampen mod h\u00e5rtab er det vigtigt at f\u00f8lge <em>brugsanvisningen<\/em> til Hemply Hair Fall Prevention Lotion n\u00f8je. F\u00f8rst og fremmest skal du anvende en lille m\u00e6ngde lotion i v\u00e5dt h\u00e5r. Et vigtigt trin er at massere hovedbunden forsigtigt i mindst 6 minutter, hvilket \u00f8ger optagelsen af de aktive ingredienser betydeligt.<\/p>\n\n\n\n<p>Efter massagen lader du skummet virke i 5 minutter, f\u00f8r du skyller forsigtigt med varmt vand. Personer med f\u00f8lsom hovedbund b\u00f8r bruge produktet en gang om ugen. Ved mere intens fedtethed anbefales det at \u00f8ge hyppigheden til 2-3 gange om ugen og justere <em>doseringen<\/em>, s\u00e5 den passer til individuelle behov.<\/p>\n\n\n\n<figure class=\"wp-block-table\"><table class=\"has-fixed-layout\"><tbody><tr><th>Type af hovedbund<\/th><th>Brug af<\/th><th>Frekvens<\/th><\/tr><tr><td>F\u00f8lsom<\/td><td>En gang om ugen<\/td><td>1 gang<\/td><\/tr><tr><td>Normal<\/td><td>2-3 gange om ugen<\/td><td>2-3 gange<\/td><\/tr><\/tbody><\/table><\/figure>\n\n\n\n<p>Regelm\u00e6ssig <em>brug af<\/em> Hemply Hair Fall Prevention Lotion giver synlige resultater, s\u00e5som styrkelse af h\u00e5ret og forbedring af dets tilstand. Med en systematisk tilgang kan h\u00e5rtab stoppes effektivt, og sund h\u00e5rv\u00e6kst kan fremmes.<\/p>\n\n\n\n<h2 class=\"wp-block-heading\">Hemply Hair Fall Prevention Lotion &#8211; Anmeldelser og udtalelser &#8211; Hvad siger brugerne?<\/h2>\n\n\n\n<p><b>Brugeranmeldelser<\/b> af Hemply Hair Fall Prevention Lotion er overv\u00e6ldende positive, hvilket f\u00e5r en til at overveje, hvor effektivt dette produkt er til at bek\u00e6mpe h\u00e5rtab. Kunderne oplever en betydelig forbedring af h\u00e5rets og hovedbundens tilstand. Mange anmeldelser understreger, at effekten er synlig efter blot et par ugers brug.<\/p>\n\n\n\n<blockquote class=\"wp-block-quote is-layout-flow wp-block-quote-is-layout-flow\">\n<p>&#8220;Jeg har brugt mange h\u00e5rtabsprodukter, men Hemply virker virkelig, mine sk\u00e6l er v\u00e6k, og jeg kan se nyt h\u00e5r vokse ud igen.&#8221; &#8211; bruger<\/p>\n<\/blockquote>\n\n\n\n<p>Nogle <b>brugere<\/b> peger p\u00e5 de specifikke fordele ved regelm\u00e6ssig brug af lotionen. Ekstrakterne i formlen, s\u00e5som Climbazole, Triticum og soja, underst\u00f8tter en sund funktion af h\u00e5rs\u00e6kkene. Derudover regulerer produktet sebumsekretionen, hvilket bidrager til en forbedret hovedbundstilstand.<\/p>\n\n\n\n<ul class=\"wp-block-list\">\n<li><em>Kasia<\/em>: &#8220;Jeg har bem\u00e6rket, at mit h\u00e5r bliver langsommere fedtet, og efter en m\u00e5ned er det vokset med hele 4 cm! Et produkt, der er alle pengene v\u00e6rd.&#8221;<\/li>\n\n\n\n<li><em>Tom<\/em>: &#8220;Lotionen har ikke kun hjulpet mig med mit h\u00e5rtab, men har ogs\u00e5 fjernet mit sk\u00e6lproblem.&#8221;<\/li>\n\n\n\n<li><em>Ania<\/em>: &#8220;De hvide sk\u00e6l, jeg havde i hovedbunden, er blevet mindre, og mit h\u00e5r ser sundt og glansfuldt ud. Jeg vil helt sikkert k\u00f8be den igen!&#8221;<\/li>\n<\/ul>\n\n\n\n<p>Brugerne understreger, at regelm\u00e6ssig brug af Hemply resulterer i regenerering og ny h\u00e5rv\u00e6kst. Mange anmeldelser p\u00e5peger vigtigheden af at bruge produktet systematisk i mindst 30 dage. P\u00e5 denne m\u00e5de kan kunderne fuldt ud s\u00e6tte pris p\u00e5 dets <b>virkninger<\/b> og de fordele, det giver deres frisure og hovedbund.<\/p>\n\n\n\n<h2 class=\"wp-block-heading\">Sammens\u00e6tning af Hemply Hair Fall Prevention Lotion &#8211; Hvad indeholder den?<\/h2>\n\n\n\n<p>Hemply Hair Fall Prevention Lotion repr\u00e6senterer en innovativ tilgang til problemer med h\u00e5rtab. Dens <em>formulering<\/em> baseret p\u00e5 naturlige <em>aktive ingredienser<\/em> bek\u00e6mper effektivt <em>\u00e5rsagerne til h\u00e5rtab<\/em> og fremmer h\u00e5rv\u00e6kst. De vigtigste ingredienser er:<\/p>\n\n\n\n<ul class=\"wp-block-list\">\n<li><em>Capixyl<\/em> &#8211; en ingrediens, der h\u00e6mmer <b>h\u00e5rtab<\/b> og stimulerer h\u00e5rets regenerering.<\/li>\n\n\n\n<li><em>Baikal Thyroid-ekstrakt<\/em> &#8211; fugter hovedbunden og giver n\u00e6ring til h\u00e5rs\u00e6kkene.<\/li>\n\n\n\n<li><em>Arginin<\/em> &#8211; forbedrer blodcirkulationen, hvilket fremmer den anfaldsd\u00e6mpende <em>effekt.<\/em> <\/li>\n\n\n\n<li><em>Hyldeblomst-ekstrakt<\/em> &#8211; hj\u00e6lper med at bek\u00e6mpe hovedbundsproblemer som f.eks. overdreven talgproduktion.<\/li>\n\n\n\n<li><em>R\u00f8d\u00f8jet kinabark<\/em> &#8211; underst\u00f8tter regenerative processer.<\/li>\n<\/ul>\n\n\n\n<p>I unders\u00f8gelser har de aktive ingredienser vist sig at hj\u00e6lpe med at rense hovedbunden, \u00f8ge elasticiteten og reducere inflammation. Produktets vigtigste <em>virkning<\/em> er ogs\u00e5 at stimulere blodcirkulationen i hovedbunden, hvilket resulterer i sundere h\u00e5r.<\/p>\n\n\n\n<p>Brugernes feedback er utvetydig &#8211; Hemply Hair Fall Prevention Lotion bek\u00e6mper effektivt <em>\u00e5rsagerne til h\u00e5rtab<\/em> og forbedrer den generelle tilstand af b\u00e5de h\u00e5r og hovedbund. Takket v\u00e6re de omhyggeligt udvalgte <em>aktive ingredienser<\/em> bliver dette produkt stadig mere popul\u00e6rt og p\u00e5lideligt p\u00e5 det kosmetiske marked.<\/p>\n\n\n\n<h2 class=\"wp-block-heading\">Pris p\u00e5 Hemply Hair Fall Prevention Lotion &#8211; Hvor kan man k\u00f8be?<\/h2>\n\n\n\n<p>Hemply Hair Fall Prevention Lotion er kun tilg\u00e6ngelig for salg online, hvilket betyder, at du ikke finder det i traditionelle station\u00e6re apoteker. <em>Den officielle producent<\/em> tilbyder dette produkt p\u00e5 sin hjemmeside, hvilket sikrer \u00e6gthed, og at du kan drage fordel af fuld support, n\u00e5r du bruger det.<\/p>\n\n\n\n<p><b>Prisen p\u00e5<\/b> Hemply Hair Fall Prevention Lotion kan variere afh\u00e6ngigt af aktuelle <em>kampagner<\/em>. Online shopping tilbyder ofte forskellige <b>kampagner<\/b>, der kan p\u00e5virke den endelige pris. Det er vigtigt at tjekke producentens hjemmeside regelm\u00e6ssigt for at f\u00e5 det bedste tilbud.<\/p>\n\n\n\n<p>Det er vigtigt at vide, <em>hvor man kan k\u00f8be<\/em> produktet. Hvis du k\u00f8ber det direkte fra <em>den officielle producent,<\/em> minimerer du risikoen for at k\u00f8be forfalskninger. Det er ogs\u00e5 v\u00e6rd at l\u00e6se andre brugeres anmeldelser, som er tilg\u00e6ngelige p\u00e5 forskellige platforme, for at tr\u00e6ffe en informeret k\u00f8bsbeslutning.<\/p>\n\n\n\n<h2 class=\"wp-block-heading\">Hemply Hair Fall Prevention Lotion &#8211; Bivirkninger og kontraindikationer &#8211; Er det sikkert?<\/h2>\n\n\n\n<p>Hemply Hair Fall Prevention Lotion anses for at v\u00e6re et sikkert produkt, der er ideelt til daglig brug. Ikke desto mindre kan det som alle andre kosmetiske produkter give <b>bivirkninger<\/b>, is\u00e6r hos personer, der er f\u00f8lsomme over for bestemte ingredienser. Det anbefales derfor at l\u00e6se indl\u00e6gssedlen og foretage en allergitest, inden behandlingen p\u00e5begyndes, for at undg\u00e5 potentielle allergiske reaktioner.<\/p>\n\n\n\n<p>Den gennempr\u00f8vede <b>formulering af<\/b> Hemply Hair Fall Prevention Lotion, som ikke indeholder parabener eller sulfater, \u00f8ger <b>sikkerheden<\/b> yderligere og minimerer risikoen for bivirkninger. Ikke desto mindre er det v\u00e6rd at v\u00e6re opm\u00e6rksom p\u00e5 eventuelle symptomer, s\u00e5som kl\u00f8e eller irritation, som, selv om de er sj\u00e6ldne, kan forekomme. Personer med allergi b\u00f8r v\u00e6re s\u00e6rligt opm\u00e6rksomme p\u00e5 deres <b>kontraindikationer<\/b>, n\u00e5r de bruger et nyt produkt.<\/p>\n\n\n\n<p>Hvis der opst\u00e5r bivirkninger, anbefales det at stoppe brugen med det samme og konsultere en hudl\u00e6ge. Samlet set har Hemply Hair Fall Prevention Lotion et positivt brugeromd\u00f8mme og anses for at v\u00e6re et sikkert valg til bek\u00e6mpelse af h\u00e5rtab, forudsat at det bruges som anvist.<\/p>\n","protected":false},"excerpt":{"rendered":"<p><strong><span style=\"vertical-align: inherit;\"><span style=\"vertical-align: inherit;\">[date_countdown]<\/span><\/span><\/strong><\/p>\n<p><img decoding=\"async\" class=\"alignnone wp-image-4422\" src=\"https:\/\/www.vaisenhus-apotek.dk\/farmaci\/wp-content\/uploads\/2024\/10\/SAFE-PAY-300x88.png\" alt=\"SAFE PAY\" width=\"198\" height=\"58\" srcset=\"https:\/\/www.vaisenhus-apotek.dk\/farmaci\/wp-content\/uploads\/2024\/10\/SAFE-PAY-300x88.png 300w, https:\/\/www.vaisenhus-apotek.dk\/farmaci\/wp-content\/uploads\/2024\/10\/SAFE-PAY-1024x302.png 1024w, https:\/\/www.vaisenhus-apotek.dk\/farmaci\/wp-content\/uploads\/2024\/10\/SAFE-PAY-768x226.png 768w, https:\/\/www.vaisenhus-apotek.dk\/farmaci\/wp-content\/uploads\/2024\/10\/SAFE-PAY-600x177.png 600w, https:\/\/www.vaisenhus-apotek.dk\/farmaci\/wp-content\/uploads\/2024\/10\/SAFE-PAY.png 1038w\" sizes=\"(max-width: 198px) 100vw, 198px\" \/><\/p>\n","protected":false},"featured_media":3807,"comment_status":"open","ping_status":"closed","template":"","meta":{"neve_meta_sidebar":"","neve_meta_container":"","neve_meta_enable_content_width":"","neve_meta_content_width":0,"neve_meta_title_alignment":"","neve_meta_author_avatar":"","neve_post_elements_order":"","neve_meta_disable_header":"","neve_meta_disable_footer":"","neve_meta_disable_title":"","neve_meta_reading_time":""},"product_brand":[],"product_cat":[18],"product_tag":[],"class_list":{"0":"post-4310","1":"product","2":"type-product","3":"status-publish","4":"has-post-thumbnail","6":"product_cat-sundhed","8":"first","9":"instock","10":"sale","11":"shipping-taxable","12":"product-type-external"},"yoast_head":"<!-- This site is optimized with the Yoast SEO plugin v27.4 - https:\/\/yoast.com\/product\/yoast-seo-wordpress\/ -->\n<title>Hemply Hair Fall Prevention Lotion - Anmeldelse, Forum, Apotek, Pris, Effekter | -50%<\/title>\n<meta name=\"robots\" content=\"index, follow, max-snippet:-1, max-image-preview:large, max-video-preview:-1\" \/>\n<link rel=\"canonical\" href=\"https:\/\/www.vaisenhus-apotek.dk\/farmaci\/supp\/hemply-hair-fall-prevention-lotion\/\" \/>\n<meta property=\"og:locale\" content=\"da_DK\" \/>\n<meta property=\"og:type\" content=\"article\" \/>\n<meta property=\"og:title\" content=\"Hemply Hair Fall Prevention Lotion - Anmeldelse, Forum, Apotek, Pris, Effekter | -50%\" \/>\n<meta property=\"og:url\" content=\"https:\/\/www.vaisenhus-apotek.dk\/farmaci\/supp\/hemply-hair-fall-prevention-lotion\/\" \/>\n<meta property=\"og:site_name\" content=\"Vaisenhus-Apotek\" \/>\n<meta property=\"article:modified_time\" content=\"2024-10-12T16:17:44+00:00\" \/>\n<meta property=\"og:image\" content=\"https:\/\/www.vaisenhus-apotek.dk\/farmaci\/wp-content\/uploads\/2024\/10\/Hemply-Hair-Fall-Prevention-Lotion.jpg\" \/>\n\t<meta property=\"og:image:width\" content=\"768\" \/>\n\t<meta property=\"og:image:height\" content=\"768\" \/>\n\t<meta property=\"og:image:type\" content=\"image\/jpeg\" \/>\n<meta name=\"twitter:card\" content=\"summary_large_image\" \/>\n<meta name=\"twitter:description\" content=\"[date_countdown]\" \/>\n<meta name=\"twitter:label1\" content=\"Estimeret l\u00e6setid\" \/>\n\t<meta name=\"twitter:data1\" content=\"1 minut\" \/>\n<script type=\"application\/ld+json\" class=\"yoast-schema-graph\">{\"@context\":\"https:\\\/\\\/schema.org\",\"@graph\":[{\"@type\":\"WebPage\",\"@id\":\"https:\\\/\\\/www.vaisenhus-apotek.dk\\\/farmaci\\\/supp\\\/hemply-hair-fall-prevention-lotion\\\/\",\"url\":\"https:\\\/\\\/www.vaisenhus-apotek.dk\\\/farmaci\\\/supp\\\/hemply-hair-fall-prevention-lotion\\\/\",\"name\":\"Hemply Hair Fall Prevention Lotion - Anmeldelse, Forum, Apotek, Pris, Effekter | -50%\",\"isPartOf\":{\"@id\":\"https:\\\/\\\/www.vaisenhus-apotek.dk\\\/farmaci\\\/#website\"},\"primaryImageOfPage\":{\"@id\":\"https:\\\/\\\/www.vaisenhus-apotek.dk\\\/farmaci\\\/supp\\\/hemply-hair-fall-prevention-lotion\\\/#primaryimage\"},\"image\":{\"@id\":\"https:\\\/\\\/www.vaisenhus-apotek.dk\\\/farmaci\\\/supp\\\/hemply-hair-fall-prevention-lotion\\\/#primaryimage\"},\"thumbnailUrl\":\"https:\\\/\\\/www.vaisenhus-apotek.dk\\\/farmaci\\\/wp-content\\\/uploads\\\/2024\\\/10\\\/Hemply-Hair-Fall-Prevention-Lotion.jpg\",\"datePublished\":\"2024-10-10T20:31:53+00:00\",\"dateModified\":\"2024-10-12T16:17:44+00:00\",\"breadcrumb\":{\"@id\":\"https:\\\/\\\/www.vaisenhus-apotek.dk\\\/farmaci\\\/supp\\\/hemply-hair-fall-prevention-lotion\\\/#breadcrumb\"},\"inLanguage\":\"da-DK\",\"potentialAction\":[{\"@type\":\"ReadAction\",\"target\":[\"https:\\\/\\\/www.vaisenhus-apotek.dk\\\/farmaci\\\/supp\\\/hemply-hair-fall-prevention-lotion\\\/\"]}]},{\"@type\":\"ImageObject\",\"inLanguage\":\"da-DK\",\"@id\":\"https:\\\/\\\/www.vaisenhus-apotek.dk\\\/farmaci\\\/supp\\\/hemply-hair-fall-prevention-lotion\\\/#primaryimage\",\"url\":\"https:\\\/\\\/www.vaisenhus-apotek.dk\\\/farmaci\\\/wp-content\\\/uploads\\\/2024\\\/10\\\/Hemply-Hair-Fall-Prevention-Lotion.jpg\",\"contentUrl\":\"https:\\\/\\\/www.vaisenhus-apotek.dk\\\/farmaci\\\/wp-content\\\/uploads\\\/2024\\\/10\\\/Hemply-Hair-Fall-Prevention-Lotion.jpg\",\"width\":768,\"height\":768},{\"@type\":\"BreadcrumbList\",\"@id\":\"https:\\\/\\\/www.vaisenhus-apotek.dk\\\/farmaci\\\/supp\\\/hemply-hair-fall-prevention-lotion\\\/#breadcrumb\",\"itemListElement\":[{\"@type\":\"ListItem\",\"position\":1,\"name\":\"Strona g\u0142\u00f3wna\",\"item\":\"https:\\\/\\\/www.vaisenhus-apotek.dk\\\/farmaci\\\/\"},{\"@type\":\"ListItem\",\"position\":2,\"name\":\"farmaci\",\"item\":\"https:\\\/\\\/www.vaisenhus-apotek.dk\\\/farmaci\\\/\"},{\"@type\":\"ListItem\",\"position\":3,\"name\":\"Hemply Hair Fall Prevention Lotion\"}]},{\"@type\":\"WebSite\",\"@id\":\"https:\\\/\\\/www.vaisenhus-apotek.dk\\\/farmaci\\\/#website\",\"url\":\"https:\\\/\\\/www.vaisenhus-apotek.dk\\\/farmaci\\\/\",\"name\":\"vaisenhus-apotek.dk\",\"description\":\"\",\"potentialAction\":[{\"@type\":\"SearchAction\",\"target\":{\"@type\":\"EntryPoint\",\"urlTemplate\":\"https:\\\/\\\/www.vaisenhus-apotek.dk\\\/farmaci\\\/?s={search_term_string}\"},\"query-input\":{\"@type\":\"PropertyValueSpecification\",\"valueRequired\":true,\"valueName\":\"search_term_string\"}}],\"inLanguage\":\"da-DK\"}]}<\/script>\n<!-- \/ Yoast SEO plugin. -->","yoast_head_json":{"title":"Hemply Hair Fall Prevention Lotion - Anmeldelse, Forum, Apotek, Pris, Effekter | -50%","robots":{"index":"index","follow":"follow","max-snippet":"max-snippet:-1","max-image-preview":"max-image-preview:large","max-video-preview":"max-video-preview:-1"},"canonical":"https:\/\/www.vaisenhus-apotek.dk\/farmaci\/supp\/hemply-hair-fall-prevention-lotion\/","og_locale":"da_DK","og_type":"article","og_title":"Hemply Hair Fall Prevention Lotion - Anmeldelse, Forum, Apotek, Pris, Effekter | -50%","og_url":"https:\/\/www.vaisenhus-apotek.dk\/farmaci\/supp\/hemply-hair-fall-prevention-lotion\/","og_site_name":"Vaisenhus-Apotek","article_modified_time":"2024-10-12T16:17:44+00:00","og_image":[{"width":768,"height":768,"url":"https:\/\/www.vaisenhus-apotek.dk\/farmaci\/wp-content\/uploads\/2024\/10\/Hemply-Hair-Fall-Prevention-Lotion.jpg","type":"image\/jpeg"}],"twitter_card":"summary_large_image","twitter_description":"[date_countdown]","twitter_misc":{"Estimeret l\u00e6setid":"1 minut"},"schema":{"@context":"https:\/\/schema.org","@graph":[{"@type":"WebPage","@id":"https:\/\/www.vaisenhus-apotek.dk\/farmaci\/supp\/hemply-hair-fall-prevention-lotion\/","url":"https:\/\/www.vaisenhus-apotek.dk\/farmaci\/supp\/hemply-hair-fall-prevention-lotion\/","name":"Hemply Hair Fall Prevention Lotion - Anmeldelse, Forum, Apotek, Pris, Effekter | -50%","isPartOf":{"@id":"https:\/\/www.vaisenhus-apotek.dk\/farmaci\/#website"},"primaryImageOfPage":{"@id":"https:\/\/www.vaisenhus-apotek.dk\/farmaci\/supp\/hemply-hair-fall-prevention-lotion\/#primaryimage"},"image":{"@id":"https:\/\/www.vaisenhus-apotek.dk\/farmaci\/supp\/hemply-hair-fall-prevention-lotion\/#primaryimage"},"thumbnailUrl":"https:\/\/www.vaisenhus-apotek.dk\/farmaci\/wp-content\/uploads\/2024\/10\/Hemply-Hair-Fall-Prevention-Lotion.jpg","datePublished":"2024-10-10T20:31:53+00:00","dateModified":"2024-10-12T16:17:44+00:00","breadcrumb":{"@id":"https:\/\/www.vaisenhus-apotek.dk\/farmaci\/supp\/hemply-hair-fall-prevention-lotion\/#breadcrumb"},"inLanguage":"da-DK","potentialAction":[{"@type":"ReadAction","target":["https:\/\/www.vaisenhus-apotek.dk\/farmaci\/supp\/hemply-hair-fall-prevention-lotion\/"]}]},{"@type":"ImageObject","inLanguage":"da-DK","@id":"https:\/\/www.vaisenhus-apotek.dk\/farmaci\/supp\/hemply-hair-fall-prevention-lotion\/#primaryimage","url":"https:\/\/www.vaisenhus-apotek.dk\/farmaci\/wp-content\/uploads\/2024\/10\/Hemply-Hair-Fall-Prevention-Lotion.jpg","contentUrl":"https:\/\/www.vaisenhus-apotek.dk\/farmaci\/wp-content\/uploads\/2024\/10\/Hemply-Hair-Fall-Prevention-Lotion.jpg","width":768,"height":768},{"@type":"BreadcrumbList","@id":"https:\/\/www.vaisenhus-apotek.dk\/farmaci\/supp\/hemply-hair-fall-prevention-lotion\/#breadcrumb","itemListElement":[{"@type":"ListItem","position":1,"name":"Strona g\u0142\u00f3wna","item":"https:\/\/www.vaisenhus-apotek.dk\/farmaci\/"},{"@type":"ListItem","position":2,"name":"farmaci","item":"https:\/\/www.vaisenhus-apotek.dk\/farmaci\/"},{"@type":"ListItem","position":3,"name":"Hemply Hair Fall Prevention Lotion"}]},{"@type":"WebSite","@id":"https:\/\/www.vaisenhus-apotek.dk\/farmaci\/#website","url":"https:\/\/www.vaisenhus-apotek.dk\/farmaci\/","name":"vaisenhus-apotek.dk","description":"","potentialAction":[{"@type":"SearchAction","target":{"@type":"EntryPoint","urlTemplate":"https:\/\/www.vaisenhus-apotek.dk\/farmaci\/?s={search_term_string}"},"query-input":{"@type":"PropertyValueSpecification","valueRequired":true,"valueName":"search_term_string"}}],"inLanguage":"da-DK"}]}},"_links":{"self":[{"href":"https:\/\/www.vaisenhus-apotek.dk\/farmaci\/wp-json\/wp\/v2\/product\/4310","targetHints":{"allow":["GET"]}}],"collection":[{"href":"https:\/\/www.vaisenhus-apotek.dk\/farmaci\/wp-json\/wp\/v2\/product"}],"about":[{"href":"https:\/\/www.vaisenhus-apotek.dk\/farmaci\/wp-json\/wp\/v2\/types\/product"}],"replies":[{"embeddable":true,"href":"https:\/\/www.vaisenhus-apotek.dk\/farmaci\/wp-json\/wp\/v2\/comments?post=4310"}],"wp:featuredmedia":[{"embeddable":true,"href":"https:\/\/www.vaisenhus-apotek.dk\/farmaci\/wp-json\/wp\/v2\/media\/3807"}],"wp:attachment":[{"href":"https:\/\/www.vaisenhus-apotek.dk\/farmaci\/wp-json\/wp\/v2\/media?parent=4310"}],"wp:term":[{"taxonomy":"product_brand","embeddable":true,"href":"https:\/\/www.vaisenhus-apotek.dk\/farmaci\/wp-json\/wp\/v2\/product_brand?post=4310"},{"taxonomy":"product_cat","embeddable":true,"href":"https:\/\/www.vaisenhus-apotek.dk\/farmaci\/wp-json\/wp\/v2\/product_cat?post=4310"},{"taxonomy":"product_tag","embeddable":true,"href":"https:\/\/www.vaisenhus-apotek.dk\/farmaci\/wp-json\/wp\/v2\/product_tag?post=4310"}],"curies":[{"name":"wp","href":"https:\/\/api.w.org\/{rel}","templated":true}]}}