{"id":4306,"date":"2024-10-10T20:31:53","date_gmt":"2024-10-10T20:31:53","guid":{"rendered":"https:\/\/www.vaisenhus-apotek.dk\/farmaci\/?post_type=product&#038;p=4306"},"modified":"2024-10-12T16:15:04","modified_gmt":"2024-10-12T16:15:04","slug":"slimella-fit","status":"publish","type":"product","link":"https:\/\/www.vaisenhus-apotek.dk\/farmaci\/supp\/slimella-fit\/","title":{"rendered":"Slimella FIT"},"content":{"rendered":"\n<h2 class=\"wp-block-heading\">Hvad er Slimella FIT, og hvordan virker det?<\/h2>\n\n\n\n<p><b>Slimella FIT<\/b> er et <em>kosttilskud<\/em>, der er designet til at underst\u00f8tte <em>v\u00e6gttab<\/em> og \u00f8ge stofskiftet. Produktet er baseret p\u00e5 en innovativ formel, der fokuserer p\u00e5 effektiv fedtforbr\u00e6nding. Slimella FIT&#8217;s <b>virkning<\/b> skyldes dets evne til at \u00f8ge cAMP-niveauerne i kroppen, hvilket bidrager til en mere intensiv udnyttelse af fedtdepoterne.<\/p>\n\n\n\n<p>Tilskuddet indeholder aktive <b>n\u00f8gleingredienser<\/b> som gr\u00f8n te-ekstrakt, hydroxycitronsyre (HCA) og bitter appelsin-ekstrakt. Disse elementer er kendt for deres termogene egenskaber, hvilket betyder, at de er i stand til at h\u00e6ve kropstemperaturen og dermed \u00f8ge energiforbruget. Derudover hj\u00e6lper disse ingredienser med at undertrykke appetitten, hvilket kan v\u00e6re nyttigt i v\u00e6gttabsprocessen.<\/p>\n\n\n\n<p>Slimella FIT er gavnlig selv i situationer, hvor det ikke er muligt at begr\u00e6nse den fysiske aktivitet. Takket v\u00e6re de naturlige ingredienser, det indeholder, bliver dette produkt en st\u00f8tte i jagten p\u00e5 de \u00f8nskede resultater. Det er bem\u00e6rkelsesv\u00e6rdigt, at der ikke blev observeret nogen bivirkninger under unders\u00f8gelserne, med undtagelse af kontraindikationer for gravide og ammende kvinder, hvilket g\u00f8r Slimella FIT til en attraktiv mulighed for mange mennesker, der \u00f8nsker at reducere deres v\u00e6gt. Patienter i Europa planl\u00e6gger at bruge produktet, hvilket viser dets voksende popularitet p\u00e5 markedet.<\/p>\n\n\n\n<h2 class=\"wp-block-heading\">Slimella FIT &#8211; effekter af brug<\/h2>\n\n\n\n<p><b>Brugere<\/b> af Slimella FIT rapporterer regelm\u00e6ssigt om positive <em>resultater af at<\/em> bruge tilskuddet til at st\u00f8tte <em>v\u00e6gttab<\/em>. Takket v\u00e6re de n\u00f8je udvalgte ingredienser hj\u00e6lper produktet med at reducere v\u00e6gten og kropsfedtet. Unders\u00f8gelser viser, at man ved korrekt brug kan opn\u00e5 et v\u00e6gttab <em>p\u00e5<\/em> 4-6 kg p\u00e5 bare 4-6 uger. Nogle mennesker har endda opn\u00e5et et tab p\u00e5 21 kg p\u00e5 60 dage, hvilket bekr\u00e6fter dets effektivitet.<\/p>\n\n\n\n<p><b>Brugerne<\/b> bem\u00e6rker ogs\u00e5 gavnlige \u00e6ndringer i hum\u00f8ret og en stigning i energiniveauet. Derudover bidrager Slimella FIT til en naturlig reduktion af appetitten, hvilket fremmer bedre <em>v\u00e6gttabsresultater<\/em>. Her er et sammendrag af de vigtigste effekter:<\/p>\n\n\n\n<ul class=\"wp-block-list\">\n<li>V\u00e6gtreduktion<\/li>\n\n\n\n<li>Reduktion af kropsfedt<\/li>\n\n\n\n<li>Forbedring af det generelle velbefindende<\/li>\n\n\n\n<li>\u00d8get energiniveau<\/li>\n\n\n\n<li>Kontrol af appetit<\/li>\n<\/ul>\n\n\n\n<p>S\u00e5danne <b>resultater<\/b> g\u00f8r Slimella FIT til et effektivt v\u00e6rkt\u00f8j i jagten p\u00e5 en dr\u00f8mmefigur og et bedre helbred.<\/p>\n\n\n\n<figure class=\"wp-block-table\"><table class=\"has-fixed-layout\"><tbody><tr><th>Periode for anvendelse<\/th><th>Mulige effekter<\/th><th>V\u00e6gttab (kg)<\/th><\/tr><tr><td>4-6 uger<\/td><td>Reduktion af fedt<\/td><td>4-6<\/td><\/tr><tr><td>60 dage<\/td><td>Forbedring af trivsel<\/td><td>21<\/td><\/tr><\/tbody><\/table><\/figure>\n\n\n\n<h2 class=\"wp-block-heading\">S\u00e5dan bruger du Slimella FIT korrekt &#8211; Dosering<\/h2>\n\n\n\n<p><b>Brug af<\/b> Slimella FIT kr\u00e6ver regelm\u00e6ssighed for at opn\u00e5 de \u00f8nskede <b>resultater<\/b> med hensyn til v\u00e6gttab. Det anbefales at <b>tage<\/b> en kapsel f\u00f8r morgenmaden og en f\u00f8r frokosten. Denne <b>dosering<\/b> underst\u00f8tter <b>stofskiftet<\/b> og bidrager til optimale resultater.<\/p>\n\n\n\n<p>Dette <b>kosttilskud<\/b> giver, n\u00e5r det bruges korrekt, brugerne mulighed for at se en betydelig v\u00e6gtreduktion inden for 28 dage. Ud over korrekt dosering er det ogs\u00e5 vigtigt at f\u00f8lge en sund livsstil for at st\u00f8tte v\u00e6gttabet.<\/p>\n\n\n\n<figure class=\"wp-block-table\"><table class=\"has-fixed-layout\"><tbody><tr><th>Dosering<\/th><th>F\u00f8r m\u00e5ltider<\/th><th>Kommentarer<\/th><\/tr><tr><td>En kapsel<\/td><td>Morgenmad<\/td><td>Drik vand<\/td><\/tr><tr><td>En kapsel<\/td><td>Middag<\/td><td>M\u00e5 ikke kombineres med alkohol<\/td><\/tr><\/tbody><\/table><\/figure>\n\n\n\n<p>Omhyggelig overholdelse af Slimella FIT-doseringsregimet og opm\u00e6rksomhed p\u00e5 fitness kan fremskynde opn\u00e5elsen af resultater betydeligt. Det er n\u00f8glen til succes, is\u00e6r i forbindelse med fedtreduktion og forbedret velbefindende.<\/p>\n\n\n\n<h2 class=\"wp-block-heading\">Slimella FIT &#8211; Anmeldelser og udtalelser &#8211; Hvad siger brugerne?<\/h2>\n\n\n\n<p>Slimella FIT <b>anmeldelser<\/b> er ekstremt positive. <b>Brugere<\/b> af dette till\u00e6g fremh\u00e6ver ofte dets effektivitet og sikkerheden ved dets anvendelse. Det er v\u00e6rd at se p\u00e5 nogle eksempler p\u00e5 anmeldelser, der illustrerer fordelene ved brugen.<\/p>\n\n\n\n<blockquote class=\"wp-block-quote is-layout-flow wp-block-quote-is-layout-flow\">\n<p><em>&#8220;Takket v\u00e6re Slimella FIT tabte jeg mig 21 kg p\u00e5 60 dage! Jeg kunne ikke tro, at jeg kunne tabe mig uden intens tr\u00e6ning. Dette er et produkt, der virkelig virker!&#8221;<\/em><br><br>&#8211; Fru Beata<\/p>\n<\/blockquote>\n\n\n\n<blockquote class=\"wp-block-quote is-layout-flow wp-block-quote-is-layout-flow\">\n<p><em>&#8220;Jeg har haft et problem med overv\u00e6gt i mange \u00e5r, men Slimella FIT hjalp mig med at tabe 25 kg. Min energi er steget, og min appetit er blevet mindre!&#8221;<\/em><br><br>&#8211; Joe<\/p>\n<\/blockquote>\n\n\n\n<blockquote class=\"wp-block-quote is-layout-flow wp-block-quote-is-layout-flow\">\n<p><em>&#8220;Efter at have f\u00e5et mit andet barn kunne jeg ikke tabe mig. Slimella FIT er min hemmelighed til succes! Jeg har tabt 10 kg og har det fantastisk!&#8221;<\/em><br><br>&#8211; Fru Maria<\/p>\n<\/blockquote>\n\n\n\n<p>Ud over den individuelle erfaring f\u00e5r Slimella FIT en h\u00f8j vurdering p\u00e5 4,91 ud af 5 stjerner, hvilket indikerer h\u00f8j tilfredshed blandt brugerne. Der er mindre end 10 pakker p\u00e5 lager, hvilket kan tyde p\u00e5, at produktet er meget popul\u00e6rt.<\/p>\n\n\n\n<p>Den gennemsnitlige afgiftningseffekt af den f\u00f8rste fase af Slimella FIT-brug er et tab p\u00e5 2 til 3 kg, mens fedtforbr\u00e6ndingsfasen, der varer 4 til 6 uger, kan resultere i et yderligere tab p\u00e5 4 til 6 kg. <b>Anmeldelser fra<\/b> ern\u00e6ringseksperter og personlige tr\u00e6nere understreger, at Slimella FIT hj\u00e6lper med at reducere v\u00e6gten uden behov for intensiv tr\u00e6ning, hvilket v\u00e6rds\u00e6ttes af brugere med forskellige professionelle profiler.<\/p>\n\n\n\n<figure class=\"wp-block-table\"><table class=\"has-fixed-layout\"><tbody><tr><th>Kategorier<\/th><th>Gennemsnitligt v\u00e6gttab (kg)<\/th><th>Varighed af etape<\/th><\/tr><tr><td>Afgiftning<\/td><td>2-3<\/td><td>1 uge<\/td><\/tr><tr><td>Fedtforbr\u00e6nding<\/td><td>4-6<\/td><td>4-6 uger<\/td><\/tr><tr><td>Vedligeholdelse af v\u00e6gt<\/td><td>0<\/td><td>&#8211;<\/td><\/tr><\/tbody><\/table><\/figure>\n\n\n\n<p><b>Brugerfeedback<\/b> og <b>ekspertanmeldelser<\/b> bekr\u00e6fter effektiviteten af Slimella FIT som st\u00f8tte til v\u00e6gttab og forbedring af helbredet. Det er et supplement, der er v\u00e6rd at overveje, is\u00e6r for dem, der foretager livsstils\u00e6ndringer. \u00d8get energi og reduceret appetit er blot nogle af de fordele, som brugerne oplever.<\/p>\n\n\n\n<h2 class=\"wp-block-heading\">Slimella FIT &#8211; Sammens\u00e6tning<\/h2>\n\n\n\n<p>Slimella FIT er kendetegnet ved sin unikke <em>sammens\u00e6tning<\/em>, som er baseret p\u00e5 <em>naturlige ingredienser<\/em>, der er kendt for deres sundhedsfremmende egenskaber. Produktet <b>indeholder<\/b> ekstrakter fra planter som gr\u00f8n te, indisk br\u00e6nden\u00e6lde, Garcinia Cambogia og pomerans. Hver af disse ingredienser underst\u00f8tter <em>d handling<\/em> af v\u00e6gttabsprocessen p\u00e5 forskellige stadier.<\/p>\n\n\n\n<ul class=\"wp-block-list\">\n<li><strong>Gr\u00f8n te:<\/strong> Accelererer <b>stofskiftet<\/b> og fremmer fedtforbr\u00e6ndingen.<\/li>\n\n\n\n<li><strong>Indianern\u00e6lde:<\/strong> Har en afgiftende effekt og st\u00f8tter opretholdelsen af vandbalancen i kroppen.<\/li>\n\n\n\n<li><strong>Garcinia Cambogia:<\/strong> Reducerer appetitten, hvilket g\u00f8r det lettere at kontrollere v\u00e6gten.<\/li>\n\n\n\n<li><strong>Bitter appelsin:<\/strong> Indeholder aktive ingredienser, der \u00f8ger fedtforbr\u00e6ndingen.<\/li>\n<\/ul>\n\n\n\n<p>Tilstedev\u00e6relsen af koffein i Slimella FIT \u00f8ger effektiviteten yderligere. Koffein er kendt for sine appetitneds\u00e6ttende og <em>stofskifteaccelererende<\/em> egenskaber. Derfor kan dette produkt v\u00e6re en ideel st\u00f8tte for dem, der \u00f8nsker at reducere v\u00e6gten p\u00e5 en naturlig og effektiv m\u00e5de.<\/p>\n\n\n\n<p>Formen af gelkapsler g\u00f8r Slimella FIT praktisk og enkel at <b>bruge<\/b>, hvilket tilskynder til regelm\u00e6ssighed i tilskuddet. Den h\u00f8je kvalitet af de <em>naturlige ingredienser<\/em> og den gennemt\u00e6nkte <em>sammens\u00e6tning<\/em> g\u00f8r dette kosttilskud bem\u00e6rkelsesv\u00e6rdigt blandt de <b>v\u00e6gttabsl\u00f8sninger<\/b>, der findes p\u00e5 markedet.<\/p>\n\n\n\n<h2 class=\"wp-block-heading\">Hvor kan man k\u00f8be Slimella FIT &#8211; pris<\/h2>\n\n\n\n<p>Slimella FIT kan <em>kun k\u00f8bes fra producentens officielle hjemmeside<\/em>. Det tilr\u00e5des at v\u00e6re forsigtig, n\u00e5r man k\u00f8ber andre steder for at undg\u00e5 risikoen for at k\u00f8be forfalskninger. Det anbefales kraftigt, at kunderne bruger p\u00e5lidelige kilder for at sikre den h\u00f8jeste kvalitet og effektivitet af dette kosttilskud.<\/p>\n\n\n\n<p><b>Prisen p\u00e5<\/b> Slimella FIT kan variere afh\u00e6ngigt af aktuelle kampagner, der tilbydes af <b>den officielle producent.<\/b> Regelm\u00e6ssige tilbud kan g\u00f8re dit k\u00f8b mere \u00f8konomisk attraktivt. Det er v\u00e6rd at holde \u00f8je med pris\u00e6ndringer og drage fordel af tilg\u00e6ngelige rabatter, hvilket kan resultere i yderligere besparelser.<\/p>\n\n\n\n<p>For at finde ud af pr\u00e6cis, hvad <em>prisen<\/em> og de tilg\u00e6ngelige tilbud er, skal du bes\u00f8ge producentens hjemmeside. P\u00e5 den m\u00e5de kan kunderne v\u00e6re sikre p\u00e5, at de f\u00e5r et autentisk produkt.<\/p>\n\n\n\n<h2 class=\"wp-block-heading\">Slimella FIT &#8211; Potentielle bivirkninger og kontraindikationer for brug<\/h2>\n\n\n\n<p>Slimella FIT anses for at v\u00e6re et sikkert <b>kosttilskud<\/b> til at underst\u00f8tte v\u00e6gttab og stofskifte. Men som med alle andre kosttilskud er det vigtigt at s\u00e6tte sig ind i de potentielle bivirkninger og kontraindikationer. Selvom de fleste brugere ikke rapporterer om nogen bivirkninger, anbefales det, at personer med kroniske sygdomme konsulterer deres l\u00e6ge, f\u00f8r de begynder at tage tilskud.<\/p>\n\n\n\n<p>Det er is\u00e6r vigtigt, at gravide og ammende undg\u00e5r at bruge Slimella FIT. Desuden b\u00f8r personer, der tager blodtrykss\u00e6nkende medicin eller antidepressiva, v\u00e6re forsigtige. Disse <b>kontraindikationer<\/b> skyldes muligheden for interaktioner, der kan p\u00e5virke behandlingens effektivitet eller f\u00f8re til bivirkninger.<\/p>\n\n\n\n<p>Regelm\u00e6ssig <b>brug af<\/b> Slimella FIT i henhold til producentens anbefalinger minimerer risikoen for bivirkninger. Det er v\u00e6rd at observere kroppens reaktion og om n\u00f8dvendigt justere <b>doseringen<\/b> eller afbryde tilskuddet for at sikre sikkerhed og optimal effektivitet af behandlingen.<\/p>\n","protected":false},"excerpt":{"rendered":"<p><strong><span style=\"vertical-align: inherit;\"><span style=\"vertical-align: inherit;\">[date_countdown]<\/span><\/span><\/strong><\/p>\n<p><img decoding=\"async\" class=\"alignnone wp-image-4422\" src=\"https:\/\/www.vaisenhus-apotek.dk\/farmaci\/wp-content\/uploads\/2024\/10\/SAFE-PAY-300x88.png\" alt=\"SAFE PAY\" width=\"198\" height=\"58\" srcset=\"https:\/\/www.vaisenhus-apotek.dk\/farmaci\/wp-content\/uploads\/2024\/10\/SAFE-PAY-300x88.png 300w, https:\/\/www.vaisenhus-apotek.dk\/farmaci\/wp-content\/uploads\/2024\/10\/SAFE-PAY-1024x302.png 1024w, https:\/\/www.vaisenhus-apotek.dk\/farmaci\/wp-content\/uploads\/2024\/10\/SAFE-PAY-768x226.png 768w, https:\/\/www.vaisenhus-apotek.dk\/farmaci\/wp-content\/uploads\/2024\/10\/SAFE-PAY-600x177.png 600w, https:\/\/www.vaisenhus-apotek.dk\/farmaci\/wp-content\/uploads\/2024\/10\/SAFE-PAY.png 1038w\" sizes=\"(max-width: 198px) 100vw, 198px\" \/><\/p>\n","protected":false},"featured_media":3800,"comment_status":"open","ping_status":"closed","template":"","meta":{"neve_meta_sidebar":"","neve_meta_container":"","neve_meta_enable_content_width":"","neve_meta_content_width":0,"neve_meta_title_alignment":"","neve_meta_author_avatar":"","neve_post_elements_order":"","neve_meta_disable_header":"","neve_meta_disable_footer":"","neve_meta_disable_title":"","neve_meta_reading_time":""},"product_brand":[],"product_cat":[18],"product_tag":[],"class_list":{"0":"post-4306","1":"product","2":"type-product","3":"status-publish","4":"has-post-thumbnail","6":"product_cat-sundhed","8":"first","9":"instock","10":"sale","11":"shipping-taxable","12":"product-type-external"},"yoast_head":"<!-- This site is optimized with the Yoast SEO plugin v27.4 - https:\/\/yoast.com\/product\/yoast-seo-wordpress\/ -->\n<title>Slimella FIT - Anmeldelse, Forum, Apotek, Pris, Effekter | -50%<\/title>\n<meta name=\"robots\" content=\"index, follow, max-snippet:-1, max-image-preview:large, max-video-preview:-1\" \/>\n<link rel=\"canonical\" href=\"https:\/\/www.vaisenhus-apotek.dk\/farmaci\/supp\/slimella-fit\/\" \/>\n<meta property=\"og:locale\" content=\"da_DK\" \/>\n<meta property=\"og:type\" content=\"article\" \/>\n<meta property=\"og:title\" content=\"Slimella FIT - Anmeldelse, Forum, Apotek, Pris, Effekter | -50%\" \/>\n<meta property=\"og:url\" content=\"https:\/\/www.vaisenhus-apotek.dk\/farmaci\/supp\/slimella-fit\/\" \/>\n<meta property=\"og:site_name\" content=\"Vaisenhus-Apotek\" \/>\n<meta property=\"article:modified_time\" content=\"2024-10-12T16:15:04+00:00\" \/>\n<meta property=\"og:image\" content=\"https:\/\/www.vaisenhus-apotek.dk\/farmaci\/wp-content\/uploads\/2024\/10\/Slimella-Fit.jpg\" \/>\n\t<meta property=\"og:image:width\" content=\"768\" \/>\n\t<meta property=\"og:image:height\" content=\"768\" \/>\n\t<meta property=\"og:image:type\" content=\"image\/jpeg\" \/>\n<meta name=\"twitter:card\" content=\"summary_large_image\" \/>\n<meta name=\"twitter:description\" content=\"[date_countdown]\" \/>\n<meta name=\"twitter:label1\" content=\"Estimeret l\u00e6setid\" \/>\n\t<meta name=\"twitter:data1\" content=\"7 minutter\" \/>\n<script type=\"application\/ld+json\" class=\"yoast-schema-graph\">{\"@context\":\"https:\\\/\\\/schema.org\",\"@graph\":[{\"@type\":\"WebPage\",\"@id\":\"https:\\\/\\\/www.vaisenhus-apotek.dk\\\/farmaci\\\/supp\\\/slimella-fit\\\/\",\"url\":\"https:\\\/\\\/www.vaisenhus-apotek.dk\\\/farmaci\\\/supp\\\/slimella-fit\\\/\",\"name\":\"Slimella FIT - Anmeldelse, Forum, Apotek, Pris, Effekter | -50%\",\"isPartOf\":{\"@id\":\"https:\\\/\\\/www.vaisenhus-apotek.dk\\\/farmaci\\\/#website\"},\"primaryImageOfPage\":{\"@id\":\"https:\\\/\\\/www.vaisenhus-apotek.dk\\\/farmaci\\\/supp\\\/slimella-fit\\\/#primaryimage\"},\"image\":{\"@id\":\"https:\\\/\\\/www.vaisenhus-apotek.dk\\\/farmaci\\\/supp\\\/slimella-fit\\\/#primaryimage\"},\"thumbnailUrl\":\"https:\\\/\\\/www.vaisenhus-apotek.dk\\\/farmaci\\\/wp-content\\\/uploads\\\/2024\\\/10\\\/Slimella-Fit.jpg\",\"datePublished\":\"2024-10-10T20:31:53+00:00\",\"dateModified\":\"2024-10-12T16:15:04+00:00\",\"breadcrumb\":{\"@id\":\"https:\\\/\\\/www.vaisenhus-apotek.dk\\\/farmaci\\\/supp\\\/slimella-fit\\\/#breadcrumb\"},\"inLanguage\":\"da-DK\",\"potentialAction\":[{\"@type\":\"ReadAction\",\"target\":[\"https:\\\/\\\/www.vaisenhus-apotek.dk\\\/farmaci\\\/supp\\\/slimella-fit\\\/\"]}]},{\"@type\":\"ImageObject\",\"inLanguage\":\"da-DK\",\"@id\":\"https:\\\/\\\/www.vaisenhus-apotek.dk\\\/farmaci\\\/supp\\\/slimella-fit\\\/#primaryimage\",\"url\":\"https:\\\/\\\/www.vaisenhus-apotek.dk\\\/farmaci\\\/wp-content\\\/uploads\\\/2024\\\/10\\\/Slimella-Fit.jpg\",\"contentUrl\":\"https:\\\/\\\/www.vaisenhus-apotek.dk\\\/farmaci\\\/wp-content\\\/uploads\\\/2024\\\/10\\\/Slimella-Fit.jpg\",\"width\":768,\"height\":768},{\"@type\":\"BreadcrumbList\",\"@id\":\"https:\\\/\\\/www.vaisenhus-apotek.dk\\\/farmaci\\\/supp\\\/slimella-fit\\\/#breadcrumb\",\"itemListElement\":[{\"@type\":\"ListItem\",\"position\":1,\"name\":\"Strona g\u0142\u00f3wna\",\"item\":\"https:\\\/\\\/www.vaisenhus-apotek.dk\\\/farmaci\\\/\"},{\"@type\":\"ListItem\",\"position\":2,\"name\":\"farmaci\",\"item\":\"https:\\\/\\\/www.vaisenhus-apotek.dk\\\/farmaci\\\/\"},{\"@type\":\"ListItem\",\"position\":3,\"name\":\"Slimella FIT\"}]},{\"@type\":\"WebSite\",\"@id\":\"https:\\\/\\\/www.vaisenhus-apotek.dk\\\/farmaci\\\/#website\",\"url\":\"https:\\\/\\\/www.vaisenhus-apotek.dk\\\/farmaci\\\/\",\"name\":\"vaisenhus-apotek.dk\",\"description\":\"\",\"potentialAction\":[{\"@type\":\"SearchAction\",\"target\":{\"@type\":\"EntryPoint\",\"urlTemplate\":\"https:\\\/\\\/www.vaisenhus-apotek.dk\\\/farmaci\\\/?s={search_term_string}\"},\"query-input\":{\"@type\":\"PropertyValueSpecification\",\"valueRequired\":true,\"valueName\":\"search_term_string\"}}],\"inLanguage\":\"da-DK\"}]}<\/script>\n<!-- \/ Yoast SEO plugin. -->","yoast_head_json":{"title":"Slimella FIT - Anmeldelse, Forum, Apotek, Pris, Effekter | -50%","robots":{"index":"index","follow":"follow","max-snippet":"max-snippet:-1","max-image-preview":"max-image-preview:large","max-video-preview":"max-video-preview:-1"},"canonical":"https:\/\/www.vaisenhus-apotek.dk\/farmaci\/supp\/slimella-fit\/","og_locale":"da_DK","og_type":"article","og_title":"Slimella FIT - Anmeldelse, Forum, Apotek, Pris, Effekter | -50%","og_url":"https:\/\/www.vaisenhus-apotek.dk\/farmaci\/supp\/slimella-fit\/","og_site_name":"Vaisenhus-Apotek","article_modified_time":"2024-10-12T16:15:04+00:00","og_image":[{"width":768,"height":768,"url":"https:\/\/www.vaisenhus-apotek.dk\/farmaci\/wp-content\/uploads\/2024\/10\/Slimella-Fit.jpg","type":"image\/jpeg"}],"twitter_card":"summary_large_image","twitter_description":"[date_countdown]","twitter_misc":{"Estimeret l\u00e6setid":"7 minutter"},"schema":{"@context":"https:\/\/schema.org","@graph":[{"@type":"WebPage","@id":"https:\/\/www.vaisenhus-apotek.dk\/farmaci\/supp\/slimella-fit\/","url":"https:\/\/www.vaisenhus-apotek.dk\/farmaci\/supp\/slimella-fit\/","name":"Slimella FIT - Anmeldelse, Forum, Apotek, Pris, Effekter | -50%","isPartOf":{"@id":"https:\/\/www.vaisenhus-apotek.dk\/farmaci\/#website"},"primaryImageOfPage":{"@id":"https:\/\/www.vaisenhus-apotek.dk\/farmaci\/supp\/slimella-fit\/#primaryimage"},"image":{"@id":"https:\/\/www.vaisenhus-apotek.dk\/farmaci\/supp\/slimella-fit\/#primaryimage"},"thumbnailUrl":"https:\/\/www.vaisenhus-apotek.dk\/farmaci\/wp-content\/uploads\/2024\/10\/Slimella-Fit.jpg","datePublished":"2024-10-10T20:31:53+00:00","dateModified":"2024-10-12T16:15:04+00:00","breadcrumb":{"@id":"https:\/\/www.vaisenhus-apotek.dk\/farmaci\/supp\/slimella-fit\/#breadcrumb"},"inLanguage":"da-DK","potentialAction":[{"@type":"ReadAction","target":["https:\/\/www.vaisenhus-apotek.dk\/farmaci\/supp\/slimella-fit\/"]}]},{"@type":"ImageObject","inLanguage":"da-DK","@id":"https:\/\/www.vaisenhus-apotek.dk\/farmaci\/supp\/slimella-fit\/#primaryimage","url":"https:\/\/www.vaisenhus-apotek.dk\/farmaci\/wp-content\/uploads\/2024\/10\/Slimella-Fit.jpg","contentUrl":"https:\/\/www.vaisenhus-apotek.dk\/farmaci\/wp-content\/uploads\/2024\/10\/Slimella-Fit.jpg","width":768,"height":768},{"@type":"BreadcrumbList","@id":"https:\/\/www.vaisenhus-apotek.dk\/farmaci\/supp\/slimella-fit\/#breadcrumb","itemListElement":[{"@type":"ListItem","position":1,"name":"Strona g\u0142\u00f3wna","item":"https:\/\/www.vaisenhus-apotek.dk\/farmaci\/"},{"@type":"ListItem","position":2,"name":"farmaci","item":"https:\/\/www.vaisenhus-apotek.dk\/farmaci\/"},{"@type":"ListItem","position":3,"name":"Slimella FIT"}]},{"@type":"WebSite","@id":"https:\/\/www.vaisenhus-apotek.dk\/farmaci\/#website","url":"https:\/\/www.vaisenhus-apotek.dk\/farmaci\/","name":"vaisenhus-apotek.dk","description":"","potentialAction":[{"@type":"SearchAction","target":{"@type":"EntryPoint","urlTemplate":"https:\/\/www.vaisenhus-apotek.dk\/farmaci\/?s={search_term_string}"},"query-input":{"@type":"PropertyValueSpecification","valueRequired":true,"valueName":"search_term_string"}}],"inLanguage":"da-DK"}]}},"_links":{"self":[{"href":"https:\/\/www.vaisenhus-apotek.dk\/farmaci\/wp-json\/wp\/v2\/product\/4306","targetHints":{"allow":["GET"]}}],"collection":[{"href":"https:\/\/www.vaisenhus-apotek.dk\/farmaci\/wp-json\/wp\/v2\/product"}],"about":[{"href":"https:\/\/www.vaisenhus-apotek.dk\/farmaci\/wp-json\/wp\/v2\/types\/product"}],"replies":[{"embeddable":true,"href":"https:\/\/www.vaisenhus-apotek.dk\/farmaci\/wp-json\/wp\/v2\/comments?post=4306"}],"wp:featuredmedia":[{"embeddable":true,"href":"https:\/\/www.vaisenhus-apotek.dk\/farmaci\/wp-json\/wp\/v2\/media\/3800"}],"wp:attachment":[{"href":"https:\/\/www.vaisenhus-apotek.dk\/farmaci\/wp-json\/wp\/v2\/media?parent=4306"}],"wp:term":[{"taxonomy":"product_brand","embeddable":true,"href":"https:\/\/www.vaisenhus-apotek.dk\/farmaci\/wp-json\/wp\/v2\/product_brand?post=4306"},{"taxonomy":"product_cat","embeddable":true,"href":"https:\/\/www.vaisenhus-apotek.dk\/farmaci\/wp-json\/wp\/v2\/product_cat?post=4306"},{"taxonomy":"product_tag","embeddable":true,"href":"https:\/\/www.vaisenhus-apotek.dk\/farmaci\/wp-json\/wp\/v2\/product_tag?post=4306"}],"curies":[{"name":"wp","href":"https:\/\/api.w.org\/{rel}","templated":true}]}}