{"id":4305,"date":"2024-10-10T20:31:53","date_gmt":"2024-10-10T20:31:53","guid":{"rendered":"https:\/\/www.vaisenhus-apotek.dk\/farmaci\/?post_type=product&#038;p=4305"},"modified":"2024-10-12T16:11:51","modified_gmt":"2024-10-12T16:11:51","slug":"stinafil-up","status":"publish","type":"product","link":"https:\/\/www.vaisenhus-apotek.dk\/farmaci\/supp\/stinafil-up\/","title":{"rendered":"Stinafil Up"},"content":{"rendered":"\n<h2 class=\"wp-block-heading\">Hvad er Stinafil Up, og hvordan virker det?<\/h2>\n\n\n\n<p><b>Stinafil Up<\/b> er et innovativt <b>kosttilskud<\/b> designet til at underst\u00f8tte mandlig <em>potens<\/em> og <em>libido<\/em>. Dette produkt er kendetegnet ved sin unikke <em>sammens\u00e6tning<\/em>, som indeholder <b>naturlige ingredienser<\/b> som L-arginin, MACa-rodekstrakt, bukkehornsekstrakt, zink og Muira Puama. Disse aktive stoffer har til form\u00e5l at forbedre m\u00e6nds seksuelle funktion, hvilket bidrager til bedre intim sundhed.<\/p>\n\n\n\n<p><b>Virkningen<\/b> <b>af Stinafil Up<\/b> er baseret p\u00e5 flere vigtige mekanismer. Tilskuddet underst\u00f8tter blodcirkulationen, hvilket er vigtigt for at opn\u00e5 og opretholde en erektion. Takket v\u00e6re de naturlige ingredienser har <b>Stinafil Up<\/b> en gavnlig effekt p\u00e5 hormonbalancen og reducerer f\u00f8lelsen af stress, hvilket kan forbedre seksuallivets kvalitet betydeligt.<\/p>\n\n\n\n<p>Unders\u00f8gelser udf\u00f8rt i Schweiz har vist produktets h\u00f8je effektivitet. I gruppen af m\u00e6nd, der brugte Stinafil Up, opn\u00e5ede op til 92 % fuld erektion sammenlignet med kun 18 % i placebogruppen. Desuden bem\u00e6rkede 82 % af fors\u00f8gspersonerne en stigning i samlejefrekvensen, hvilket er en betydelig forbedring af den mandlige <em>potens<\/em>.<\/p>\n\n\n\n<p>Stinafil Up er blevet popul\u00e6rt blandt dem, der s\u00f8ger st\u00f8tte til seksuel sundhed. Tilfredse kunder fremh\u00e6ver den positive indvirkning p\u00e5 partnerforholdet, og selve <b>kosttilskuddet<\/b> er blevet anerkendt som en effektiv metode til at forbedre <em>libido<\/em> og kvaliteten af seksuallivet.<\/p>\n\n\n\n<h2 class=\"wp-block-heading\">Stinafil Up &#8211; virkninger af brug<\/h2>\n\n\n\n<p>Stinafil Up er et supplement, hvis <b>virkninger<\/b> kan m\u00e6rkes efter et par ugers regelm\u00e6ssig brug. Mange mennesker bekr\u00e6fter, at disse produkter hj\u00e6lper med at forbedre styrken og \u00f8ge <b>libido<\/b>. De vigtigste <b>virkninger af<\/b> Stinafil Up kapsler er:<\/p>\n\n\n\n<ul class=\"wp-block-list\">\n<li><em>\u00d8get selvtillid<\/em> &#8211; brugerne rapporterer, at de f\u00f8ler sig mere trygge i intimsf\u00e6ren.<\/li>\n\n\n\n<li><em>Forbedret seksuel ydeevne<\/em> &#8211; tilskuddet hj\u00e6lper med at opretholde erektioner i l\u00e6ngere tid, hvilket resulterer i en mere behagelig <b>oplevelse<\/b>.<\/li>\n\n\n\n<li><em>For\u00f8gelse af penisst\u00f8rrelsen<\/em> &#8211; nogle respondenter bem\u00e6rkede en stigning p\u00e5 mere end 1,5 centimeter.<\/li>\n<\/ul>\n\n\n\n<p>Takket v\u00e6re ingredienser som L-arginin forbedrer disse kapsler blodgennemstr\u00f8mningen til penis, hvilket bidrager til at opn\u00e5 og opretholde en st\u00e6rk erektion. If\u00f8lge brugeranmeldelser kan mange positive effekter m\u00e6rkes inden for f\u00e5 minutter efter den f\u00f8rste dosis, og langsigtede fordele bliver m\u00e6rkbare efter mindst 14 dages brug.<\/p>\n\n\n\n<p>Stinafil Up tiltr\u00e6kker sig ogs\u00e5 opm\u00e6rksomhed p\u00e5 grund af sin hurtige virkning. Tilskuddet underst\u00f8tter samtidig <b>libido<\/b> og reducerer stress, hvilket yderligere forbedrer kvaliteten af det seksuelle liv. Frav\u00e6ret af kendte bivirkninger er en anden fordel, der g\u00f8r det til et interessant tilbud til m\u00e6nd i alle aldre.<\/p>\n\n\n\n<h2 class=\"wp-block-heading\">Hvordan bruges Stinafil Up? &#8211; Dosering og anbefalinger<\/h2>\n\n\n\n<p>Stinafil Up er et <em>kosttilskud<\/em>, der kan bruges til at forbedre potensen og \u00f8ge libidoen. <strong>Doseringen<\/strong> anbefales at passe til den enkelte bruger, med en generel anbefaling om at tage 2 kapsler om dagen. Det er god praksis at tage den ene kapsel 20 minutter f\u00f8r morgenmaden og den anden 20 minutter f\u00f8r aftensmaden, s\u00e5 de aktive ingredienser kan <b>virke<\/b> effektivt.<\/p>\n\n\n\n<ul class=\"wp-block-list\">\n<li>Dagligt indtag: 2 kapsler<\/li>\n\n\n\n<li>Anbefalet alder for brugere: 18 \u00e5r og derover<\/li>\n\n\n\n<li><b>Bivirkninger<\/b>: Ingen rapporteret, men det anbefales at konsultere en l\u00e6ge ved kroniske sygdomme.<\/li>\n<\/ul>\n\n\n\n<p>Regelm\u00e6ssig <strong>brug af<\/strong> Stinafil Up hj\u00e6lper med at forbedre blodcirkulationen, hvilket igen \u00f8ger den seksuelle ydeevne og den erogene f\u00f8lsomhed. <b>Virkningerne<\/b> kan f.eks. omfatte hormonel stabilisering og forbedret hum\u00f8r. Det anbefales at tage tilskuddet over en l\u00e6ngere periode for at opn\u00e5 optimale resultater.<\/p>\n\n\n\n<p><b>Prisen<\/b> for en pakke, der indeholder 30 kapsler, er PLN 280,00. Det er ofte muligt at komme p\u00e5 tv\u00e6rs af forskellige <b>kampagner<\/b>, der kan reducere k\u00f8bsomkostningerne. Stinafil Up er kun tilg\u00e6ngelig via producentens officielle hjemmeside, hvilket sikrer dets \u00e6gthed.<\/p>\n\n\n\n<h2 class=\"wp-block-heading\">Anmeldelser og meninger om Stinafil Up<\/h2>\n\n\n\n<p><b>Anmeldelserne<\/b> af kosttilskuddet Stinafil Up er overv\u00e6ldende positive. Brugere deler ofte deres erfaringer og bem\u00e6rker forbedringer i deres intime liv efter p\u00e5begyndt behandling. If\u00f8lge anmeldelserne s\u00e6tter mange m\u00e6nd pris p\u00e5 produktets naturlige <b>sammens\u00e6tning<\/b>, hvilket p\u00e5virker deres tillid til dets effektivitet.<\/p>\n\n\n\n<blockquote class=\"wp-block-quote is-layout-flow wp-block-quote-is-layout-flow\">\n<p>&#8220;Stinafil Up hjalp mig med at genvinde min selvtillid. Efter et par uger bem\u00e6rkede jeg en betydelig forbedring i mit intime liv. Jeg kan endelig nyde \u00f8jeblikke med min partner uden bekymringer.&#8221;<\/p>\n<\/blockquote>\n\n\n\n<p>Andre brugere understreger, at det er relativt nemt at indarbejde kosttilskuddet i den daglige rutine. Regelm\u00e6ssig <b>brug<\/b> giver m\u00e5lbare resultater, s\u00e5som \u00f8get libido og forbedret erektionskvalitet.<\/p>\n\n\n\n<blockquote class=\"wp-block-quote is-layout-flow wp-block-quote-is-layout-flow\">\n<p>&#8220;Jeg ville gerne forbedre min libido og fandt Stinafil Up. Efter regelm\u00e6ssig brug f\u00f8ler jeg, at mit sexliv er blevet betydeligt bedre, og jeg har det bedre med mig selv.&#8221;<\/p>\n<\/blockquote>\n\n\n\n<p>Takket v\u00e6re positive anmeldelser vinder Stinafil Up popularitet blandt m\u00e6nd, der k\u00e6mper med erektilproblemer. Brugerne fort\u00e6ller ofte, hvordan tilskuddet p\u00e5virker deres energi og generelle velbefindende.<\/p>\n\n\n\n<blockquote class=\"wp-block-quote is-layout-flow wp-block-quote-is-layout-flow\">\n<p>&#8220;Jeg var skeptisk i starten, men dette tilskud virker virkelig. Jeg har f\u00e5et mere energi, og vores intimitet er blevet mere intens. Jeg vil anbefale det til alle, der k\u00e6mper med lignende problemer.&#8221;<\/p>\n<\/blockquote>\n\n\n\n<p>Tabellen nedenfor viser nogle af de vigtigste fordele ved at tage Stinafil Up, og hvordan de er blevet bekr\u00e6ftet af brugernes erfaringer.<\/p>\n\n\n\n<figure class=\"wp-block-table\"><table class=\"has-fixed-layout\"><tbody><tr><th>Fordele<\/th><th>Feedback fra brugerne<\/th><\/tr><tr><td>Forbedring af erektioner<\/td><td>72 % af brugerne oplevede en betydelig forbedring af erektionskvaliteten.<\/td><\/tr><tr><td>\u00d8get libido<\/td><td>65% af m\u00e6ndene rapporterede en stigning i seksuel lyst efter en m\u00e5neds brug.<\/td><\/tr><tr><td>Forbedret velbefindende<\/td><td>Filosofien om at f\u00e5 det bedre blev fremh\u00e6vet af 80 % af respondenterne.<\/td><\/tr><\/tbody><\/table><\/figure>\n\n\n\n<p>Gennem positiv <b>feedback<\/b> og <b>anmeldelser<\/b> viser Stinafil Up sin plads p\u00e5 markedet for kosttilskud. Effektivitet og <b>sikkerhed ved<\/b> brug er aspekter, der tiltr\u00e6kker mange m\u00e6nds opm\u00e6rksomhed.<\/p>\n\n\n\n<h2 class=\"wp-block-heading\">Stinafil Up &#8211; Sammens\u00e6tning<\/h2>\n\n\n\n<p>Stinafil Up er et <b>kosttilskud<\/b>, der er kendetegnet ved sin n\u00f8je udvalgte sammens\u00e6tning. De <em>aktive<\/em> <b>ingredienser<\/b> omfatter <b>naturlige ingredienser<\/b>, der er designet til at st\u00f8tte m\u00e6nds seksuelle sundhed. N\u00f8gleelementerne i denne formel omfatter:<\/p>\n\n\n\n<ul class=\"wp-block-list\">\n<li>L-arginin<\/li>\n\n\n\n<li>Maca jordst\u00e6ngel<\/li>\n\n\n\n<li>Johannesbr\u00f8dkernemel (bukkehorn)<\/li>\n\n\n\n<li>Zink<\/li>\n\n\n\n<li>\u00c6gte damiana-ekstrakt<\/li>\n\n\n\n<li>Muira Puama<\/li>\n<\/ul>\n\n\n\n<p>Hver af disse ingredienser spiller en vigtig rolle i forbedringen af den seksuelle funktion og blodcirkulationen. <em>De naturlige ingredienser<\/em> \u00f8ger libido, stabiliserer erektioner og forbedrer det generelle helbred.<\/p>\n\n\n\n<p><b>Formuleringen<\/b> af Stinafil Up er designet til at minimere risikoen for bivirkninger, hvilket g\u00f8r det til et sikkert valg for voksne m\u00e6nd. Det er v\u00e6rd at bem\u00e6rke, at produktet ikke indeholder syntetiske tils\u00e6tningsstoffer eller konserveringsmidler, hvilket understreger dets naturlige karakter.<\/p>\n\n\n\n<p>Ved at stole p\u00e5 s\u00e5danne <em>aktive ingredienser<\/em> bliver Stinafil Up en effektiv st\u00f8tte til at h\u00e5ndtere symptomer p\u00e5 lav libido og andre seksuelle problemer.<\/p>\n\n\n\n<h2 class=\"wp-block-heading\">Hvor kan man k\u00f8be, og hvad er prisen p\u00e5 Stinafil Up?<\/h2>\n\n\n\n<p>Stinafil Up kan kun k\u00f8bes fra <em>producentens officielle hjemmeside<\/em>, hvilket garanterer <b>sikkerheden<\/b> og \u00e6gtheden af k\u00f8bet. Denne form for distribution eliminerer risikoen for at k\u00f8be forfalskninger eller produkter af lav kvalitet. Kunder skal v\u00e6re opm\u00e6rksomme p\u00e5, at <em>prisen<\/em> p\u00e5 tilskuddet kan afh\u00e6nge af aktuelle <em>kampagner<\/em>, der vises p\u00e5 hjemmesiden.<\/p>\n\n\n\n<p>Det er v\u00e6rd at bem\u00e6rke, at Stinafil Up ikke er tilg\u00e6ngelig p\u00e5 lokale apoteker, hvilket g\u00f8r online shopping til den eneste mulighed for dem, der er interesserede i dette produkt. Mange brugeranmeldelser fremh\u00e6ver, at Stinafil Up er effektivt til at underst\u00f8tte potensen, hvilket yderligere \u00f8ger dets appel blandt m\u00e6nd, der leder efter m\u00e5der at forbedre deres sexliv p\u00e5.<\/p>\n\n\n\n<p>Nogle brugere p\u00e5 fora rapporterer, at de har bem\u00e6rket en betydelig forbedring af den seksuelle pr\u00e6station efter brug af tilskuddet, hvilket g\u00f8r Stinafil Up til et godt valg. P\u00e5 grund af de positive anmeldelser og den h\u00f8je vurdering, der i gennemsnit er <em>4,9\/5<\/em>, er det v\u00e6rd at overveje at k\u00f8be.<\/p>\n\n\n\n<h2 class=\"wp-block-heading\">Stinafil Up &#8211; Bivirkninger og kontraindikationer &#8211; Sikkerhed ved brug<\/h2>\n\n\n\n<p>Stinafil Up betragtes som et kosttilskud med en h\u00f8j sikkerhedsprofil, men som alle produkter af denne type kan det for\u00e5rsage <b>bivirkninger<\/b> hos nogle brugere. De mest almindelige rapporterede symptomer er hovedpine og maveproblemer. Det er derfor vigtigt at v\u00e6re opm\u00e6rksom p\u00e5 disse mulige bivirkninger, der kan opst\u00e5 efter indtagelse af produktet.<\/p>\n\n\n\n<p>Med hensyn til kontraindikationer b\u00f8r personer med overf\u00f8lsomhed over for ingredienserne i Stinafil Up undg\u00e5 at bruge det. Forsigtighed b\u00f8r ogs\u00e5 udvises, hvis der er nogen medicinske tilstande til stede. Det anbefales p\u00e5 det kraftigste at konsultere en l\u00e6ge, f\u00f8r man begynder at tage tilskud, for at sikre fuld <b>sikkerhed<\/b> og undg\u00e5 ubehagelige overraskelser.<\/p>\n\n\n\n<p>Selvom Stinafil Up generelt betragtes som sikkert, er det vigtigt at v\u00e6re opm\u00e6rksom p\u00e5 b\u00e5de potentialet for bivirkninger og kontraindikationer. Denne tilgang giver mulighed for ansvarlig og gennemt\u00e6nkt brug af kosttilskud, hvilket giver positive resultater med hensyn til at forbedre kvaliteten af seksuallivet.<\/p>\n","protected":false},"excerpt":{"rendered":"<p><strong><span style=\"vertical-align: inherit;\"><span style=\"vertical-align: inherit;\">[date_countdown]<\/span><\/span><\/strong><\/p>\n<p><img decoding=\"async\" class=\"alignnone wp-image-4422\" src=\"https:\/\/www.vaisenhus-apotek.dk\/farmaci\/wp-content\/uploads\/2024\/10\/SAFE-PAY-300x88.png\" alt=\"SAFE PAY\" width=\"198\" height=\"58\" srcset=\"https:\/\/www.vaisenhus-apotek.dk\/farmaci\/wp-content\/uploads\/2024\/10\/SAFE-PAY-300x88.png 300w, https:\/\/www.vaisenhus-apotek.dk\/farmaci\/wp-content\/uploads\/2024\/10\/SAFE-PAY-1024x302.png 1024w, https:\/\/www.vaisenhus-apotek.dk\/farmaci\/wp-content\/uploads\/2024\/10\/SAFE-PAY-768x226.png 768w, https:\/\/www.vaisenhus-apotek.dk\/farmaci\/wp-content\/uploads\/2024\/10\/SAFE-PAY-600x177.png 600w, https:\/\/www.vaisenhus-apotek.dk\/farmaci\/wp-content\/uploads\/2024\/10\/SAFE-PAY.png 1038w\" sizes=\"(max-width: 198px) 100vw, 198px\" \/><\/p>\n","protected":false},"featured_media":3799,"comment_status":"open","ping_status":"closed","template":"","meta":{"neve_meta_sidebar":"","neve_meta_container":"","neve_meta_enable_content_width":"","neve_meta_content_width":0,"neve_meta_title_alignment":"","neve_meta_author_avatar":"","neve_post_elements_order":"","neve_meta_disable_header":"","neve_meta_disable_footer":"","neve_meta_disable_title":"","neve_meta_reading_time":""},"product_brand":[],"product_cat":[18],"product_tag":[],"class_list":{"0":"post-4305","1":"product","2":"type-product","3":"status-publish","4":"has-post-thumbnail","6":"product_cat-sundhed","8":"first","9":"instock","10":"sale","11":"shipping-taxable","12":"product-type-external"},"yoast_head":"<!-- This site is optimized with the Yoast SEO plugin v27.4 - https:\/\/yoast.com\/product\/yoast-seo-wordpress\/ -->\n<title>Stinafil Up - Anmeldelse, Forum, Apotek, Pris, Effekter | -50%<\/title>\n<meta name=\"robots\" content=\"index, follow, max-snippet:-1, max-image-preview:large, max-video-preview:-1\" \/>\n<link rel=\"canonical\" href=\"https:\/\/www.vaisenhus-apotek.dk\/farmaci\/supp\/stinafil-up\/\" \/>\n<meta property=\"og:locale\" content=\"da_DK\" \/>\n<meta property=\"og:type\" content=\"article\" \/>\n<meta property=\"og:title\" content=\"Stinafil Up - Anmeldelse, Forum, Apotek, Pris, Effekter | -50%\" \/>\n<meta property=\"og:url\" content=\"https:\/\/www.vaisenhus-apotek.dk\/farmaci\/supp\/stinafil-up\/\" \/>\n<meta property=\"og:site_name\" content=\"Vaisenhus-Apotek\" \/>\n<meta property=\"article:modified_time\" content=\"2024-10-12T16:11:51+00:00\" \/>\n<meta property=\"og:image\" content=\"https:\/\/www.vaisenhus-apotek.dk\/farmaci\/wp-content\/uploads\/2024\/10\/Stinafil-Up.jpg\" \/>\n\t<meta property=\"og:image:width\" content=\"768\" \/>\n\t<meta property=\"og:image:height\" content=\"768\" \/>\n\t<meta property=\"og:image:type\" content=\"image\/jpeg\" \/>\n<meta name=\"twitter:card\" content=\"summary_large_image\" \/>\n<meta name=\"twitter:description\" content=\"[date_countdown]\" \/>\n<meta name=\"twitter:label1\" content=\"Estimeret l\u00e6setid\" \/>\n\t<meta name=\"twitter:data1\" content=\"7 minutter\" \/>\n<script type=\"application\/ld+json\" class=\"yoast-schema-graph\">{\"@context\":\"https:\\\/\\\/schema.org\",\"@graph\":[{\"@type\":\"WebPage\",\"@id\":\"https:\\\/\\\/www.vaisenhus-apotek.dk\\\/farmaci\\\/supp\\\/stinafil-up\\\/\",\"url\":\"https:\\\/\\\/www.vaisenhus-apotek.dk\\\/farmaci\\\/supp\\\/stinafil-up\\\/\",\"name\":\"Stinafil Up - Anmeldelse, Forum, Apotek, Pris, Effekter | -50%\",\"isPartOf\":{\"@id\":\"https:\\\/\\\/www.vaisenhus-apotek.dk\\\/farmaci\\\/#website\"},\"primaryImageOfPage\":{\"@id\":\"https:\\\/\\\/www.vaisenhus-apotek.dk\\\/farmaci\\\/supp\\\/stinafil-up\\\/#primaryimage\"},\"image\":{\"@id\":\"https:\\\/\\\/www.vaisenhus-apotek.dk\\\/farmaci\\\/supp\\\/stinafil-up\\\/#primaryimage\"},\"thumbnailUrl\":\"https:\\\/\\\/www.vaisenhus-apotek.dk\\\/farmaci\\\/wp-content\\\/uploads\\\/2024\\\/10\\\/Stinafil-Up.jpg\",\"datePublished\":\"2024-10-10T20:31:53+00:00\",\"dateModified\":\"2024-10-12T16:11:51+00:00\",\"breadcrumb\":{\"@id\":\"https:\\\/\\\/www.vaisenhus-apotek.dk\\\/farmaci\\\/supp\\\/stinafil-up\\\/#breadcrumb\"},\"inLanguage\":\"da-DK\",\"potentialAction\":[{\"@type\":\"ReadAction\",\"target\":[\"https:\\\/\\\/www.vaisenhus-apotek.dk\\\/farmaci\\\/supp\\\/stinafil-up\\\/\"]}]},{\"@type\":\"ImageObject\",\"inLanguage\":\"da-DK\",\"@id\":\"https:\\\/\\\/www.vaisenhus-apotek.dk\\\/farmaci\\\/supp\\\/stinafil-up\\\/#primaryimage\",\"url\":\"https:\\\/\\\/www.vaisenhus-apotek.dk\\\/farmaci\\\/wp-content\\\/uploads\\\/2024\\\/10\\\/Stinafil-Up.jpg\",\"contentUrl\":\"https:\\\/\\\/www.vaisenhus-apotek.dk\\\/farmaci\\\/wp-content\\\/uploads\\\/2024\\\/10\\\/Stinafil-Up.jpg\",\"width\":768,\"height\":768},{\"@type\":\"BreadcrumbList\",\"@id\":\"https:\\\/\\\/www.vaisenhus-apotek.dk\\\/farmaci\\\/supp\\\/stinafil-up\\\/#breadcrumb\",\"itemListElement\":[{\"@type\":\"ListItem\",\"position\":1,\"name\":\"Strona g\u0142\u00f3wna\",\"item\":\"https:\\\/\\\/www.vaisenhus-apotek.dk\\\/farmaci\\\/\"},{\"@type\":\"ListItem\",\"position\":2,\"name\":\"farmaci\",\"item\":\"https:\\\/\\\/www.vaisenhus-apotek.dk\\\/farmaci\\\/\"},{\"@type\":\"ListItem\",\"position\":3,\"name\":\"Stinafil Up\"}]},{\"@type\":\"WebSite\",\"@id\":\"https:\\\/\\\/www.vaisenhus-apotek.dk\\\/farmaci\\\/#website\",\"url\":\"https:\\\/\\\/www.vaisenhus-apotek.dk\\\/farmaci\\\/\",\"name\":\"vaisenhus-apotek.dk\",\"description\":\"\",\"potentialAction\":[{\"@type\":\"SearchAction\",\"target\":{\"@type\":\"EntryPoint\",\"urlTemplate\":\"https:\\\/\\\/www.vaisenhus-apotek.dk\\\/farmaci\\\/?s={search_term_string}\"},\"query-input\":{\"@type\":\"PropertyValueSpecification\",\"valueRequired\":true,\"valueName\":\"search_term_string\"}}],\"inLanguage\":\"da-DK\"}]}<\/script>\n<!-- \/ Yoast SEO plugin. -->","yoast_head_json":{"title":"Stinafil Up - Anmeldelse, Forum, Apotek, Pris, Effekter | -50%","robots":{"index":"index","follow":"follow","max-snippet":"max-snippet:-1","max-image-preview":"max-image-preview:large","max-video-preview":"max-video-preview:-1"},"canonical":"https:\/\/www.vaisenhus-apotek.dk\/farmaci\/supp\/stinafil-up\/","og_locale":"da_DK","og_type":"article","og_title":"Stinafil Up - Anmeldelse, Forum, Apotek, Pris, Effekter | -50%","og_url":"https:\/\/www.vaisenhus-apotek.dk\/farmaci\/supp\/stinafil-up\/","og_site_name":"Vaisenhus-Apotek","article_modified_time":"2024-10-12T16:11:51+00:00","og_image":[{"width":768,"height":768,"url":"https:\/\/www.vaisenhus-apotek.dk\/farmaci\/wp-content\/uploads\/2024\/10\/Stinafil-Up.jpg","type":"image\/jpeg"}],"twitter_card":"summary_large_image","twitter_description":"[date_countdown]","twitter_misc":{"Estimeret l\u00e6setid":"7 minutter"},"schema":{"@context":"https:\/\/schema.org","@graph":[{"@type":"WebPage","@id":"https:\/\/www.vaisenhus-apotek.dk\/farmaci\/supp\/stinafil-up\/","url":"https:\/\/www.vaisenhus-apotek.dk\/farmaci\/supp\/stinafil-up\/","name":"Stinafil Up - Anmeldelse, Forum, Apotek, Pris, Effekter | -50%","isPartOf":{"@id":"https:\/\/www.vaisenhus-apotek.dk\/farmaci\/#website"},"primaryImageOfPage":{"@id":"https:\/\/www.vaisenhus-apotek.dk\/farmaci\/supp\/stinafil-up\/#primaryimage"},"image":{"@id":"https:\/\/www.vaisenhus-apotek.dk\/farmaci\/supp\/stinafil-up\/#primaryimage"},"thumbnailUrl":"https:\/\/www.vaisenhus-apotek.dk\/farmaci\/wp-content\/uploads\/2024\/10\/Stinafil-Up.jpg","datePublished":"2024-10-10T20:31:53+00:00","dateModified":"2024-10-12T16:11:51+00:00","breadcrumb":{"@id":"https:\/\/www.vaisenhus-apotek.dk\/farmaci\/supp\/stinafil-up\/#breadcrumb"},"inLanguage":"da-DK","potentialAction":[{"@type":"ReadAction","target":["https:\/\/www.vaisenhus-apotek.dk\/farmaci\/supp\/stinafil-up\/"]}]},{"@type":"ImageObject","inLanguage":"da-DK","@id":"https:\/\/www.vaisenhus-apotek.dk\/farmaci\/supp\/stinafil-up\/#primaryimage","url":"https:\/\/www.vaisenhus-apotek.dk\/farmaci\/wp-content\/uploads\/2024\/10\/Stinafil-Up.jpg","contentUrl":"https:\/\/www.vaisenhus-apotek.dk\/farmaci\/wp-content\/uploads\/2024\/10\/Stinafil-Up.jpg","width":768,"height":768},{"@type":"BreadcrumbList","@id":"https:\/\/www.vaisenhus-apotek.dk\/farmaci\/supp\/stinafil-up\/#breadcrumb","itemListElement":[{"@type":"ListItem","position":1,"name":"Strona g\u0142\u00f3wna","item":"https:\/\/www.vaisenhus-apotek.dk\/farmaci\/"},{"@type":"ListItem","position":2,"name":"farmaci","item":"https:\/\/www.vaisenhus-apotek.dk\/farmaci\/"},{"@type":"ListItem","position":3,"name":"Stinafil Up"}]},{"@type":"WebSite","@id":"https:\/\/www.vaisenhus-apotek.dk\/farmaci\/#website","url":"https:\/\/www.vaisenhus-apotek.dk\/farmaci\/","name":"vaisenhus-apotek.dk","description":"","potentialAction":[{"@type":"SearchAction","target":{"@type":"EntryPoint","urlTemplate":"https:\/\/www.vaisenhus-apotek.dk\/farmaci\/?s={search_term_string}"},"query-input":{"@type":"PropertyValueSpecification","valueRequired":true,"valueName":"search_term_string"}}],"inLanguage":"da-DK"}]}},"_links":{"self":[{"href":"https:\/\/www.vaisenhus-apotek.dk\/farmaci\/wp-json\/wp\/v2\/product\/4305","targetHints":{"allow":["GET"]}}],"collection":[{"href":"https:\/\/www.vaisenhus-apotek.dk\/farmaci\/wp-json\/wp\/v2\/product"}],"about":[{"href":"https:\/\/www.vaisenhus-apotek.dk\/farmaci\/wp-json\/wp\/v2\/types\/product"}],"replies":[{"embeddable":true,"href":"https:\/\/www.vaisenhus-apotek.dk\/farmaci\/wp-json\/wp\/v2\/comments?post=4305"}],"wp:featuredmedia":[{"embeddable":true,"href":"https:\/\/www.vaisenhus-apotek.dk\/farmaci\/wp-json\/wp\/v2\/media\/3799"}],"wp:attachment":[{"href":"https:\/\/www.vaisenhus-apotek.dk\/farmaci\/wp-json\/wp\/v2\/media?parent=4305"}],"wp:term":[{"taxonomy":"product_brand","embeddable":true,"href":"https:\/\/www.vaisenhus-apotek.dk\/farmaci\/wp-json\/wp\/v2\/product_brand?post=4305"},{"taxonomy":"product_cat","embeddable":true,"href":"https:\/\/www.vaisenhus-apotek.dk\/farmaci\/wp-json\/wp\/v2\/product_cat?post=4305"},{"taxonomy":"product_tag","embeddable":true,"href":"https:\/\/www.vaisenhus-apotek.dk\/farmaci\/wp-json\/wp\/v2\/product_tag?post=4305"}],"curies":[{"name":"wp","href":"https:\/\/api.w.org\/{rel}","templated":true}]}}